{"id":1272,"date":"2020-11-06T00:40:54","date_gmt":"2020-11-05T22:40:54","guid":{"rendered":"https:\/\/edublog.educastur.es\/ixuxu\/?page_id=1272"},"modified":"2023-03-05T19:04:19","modified_gmt":"2023-03-05T17:04:19","slug":"cuentos","status":"publish","type":"page","link":"https:\/\/edublog.educastur.es\/ixuxu\/cuentos\/","title":{"rendered":"CUENTOS"},"content":{"rendered":"<p style=\"text-align: center\"><span class=\"voc-prev-title\"><a href=\"https:\/\/canales.elcomercio.es\/circulu-maxicu\/\"><strong>ENLLAZ<\/strong><\/a>. Cuentos como ferramienta pa educar. <\/span><\/p>\n<p style=\"text-align: center\"><span style=\"font-size: 20px\"><a class=\"\" title=\"C\u00edrculu M\u00e1xicu: cuentos n'asturianu pa ne\u00f1os\" href=\"https:\/\/canales.elcomercio.es\/circulu-maxicu\/\" target=\"_blank\" rel=\"noopener\">C\u00edrculu M\u00e1xicu: cuentos n&#8217;asturianu pa ne\u00f1os <\/a><\/span><\/p>\n<p><img loading=\"lazy\" decoding=\"async\" class=\"size-full aligncenter\" src=\"https:\/\/static3.elcomercio.es\/www\/multimedia\/202209\/01\/media\/circulu-maxicu-kXaC--228x142@El%20Comercio.jpg\" width=\"228\" height=\"142\" \/><\/p>\n<div class=\"voc-radar__grid voc-grid voc-grid--4-cols\">\n<div class=\"voc-grid__col\">\n<div class=\"voc-article-container\">\n<article class=\"voc-article voc-article--s-radar voc-article--photo-top voc-article--photo-top--left-xs \">\n<div class=\"voc-info-container__wrapper\">\n<ul>\n<li class=\"voc-title\"><a href=\"https:\/\/canales.elcomercio.es\/circulu-maxicu\/lena-en-pueblu.html\">Lena en pueblu<\/a><\/li>\n<\/ul>\n<\/div>\n<\/article>\n<\/div>\n<\/div>\n<\/div>\n<div class=\"voc-grid__col\">\n<div class=\"voc-article-container\">\n<article class=\"voc-article voc-article--s-radar voc-article--photo-top voc-article--photo-top--left-xs \">\n<div class=\"voc-info-container__wrapper\">\n<ul>\n<li class=\"voc-title\"><a href=\"https:\/\/canales.elcomercio.es\/circulu-maxicu\/vaya-manana-de-xareu.html\">\u00a1Vaya ma\u00f1ana de xar\u00e9u!<\/a><\/li>\n<\/ul>\n<\/div>\n<\/article>\n<\/div>\n<\/div>\n<div class=\"voc-grid__col\">\n<div class=\"voc-article-container\">\n<article class=\"voc-article voc-article--s-radar voc-article--photo-top voc-article--photo-top--left-xs \">\n<div class=\"voc-info-container\">\n<div class=\"voc-info-container__wrapper\">\n<ul>\n<li class=\"voc-title\"><a href=\"https:\/\/canales.elcomercio.es\/circulu-maxicu\/isidru.html\">Isidru<\/a><\/li>\n<\/ul>\n<\/div>\n<\/div>\n<\/article>\n<\/div>\n<\/div>\n<div class=\"voc-grid__col\">\n<div class=\"voc-article-container\">\n<article class=\"voc-article voc-article--s-radar voc-article--photo-top voc-article--photo-top--left-xs \">\n<div class=\"voc-info-container\">\n<div class=\"voc-info-container__wrapper\">\n<ul>\n<li class=\"voc-title\"><a href=\"https:\/\/canales.elcomercio.es\/circulu-maxicu\/xuanin-so-perru-starski.html\">Xuan\u00edn y el so perru Starski<\/a><\/li>\n<\/ul>\n<\/div>\n<\/div>\n<\/article>\n<\/div>\n<\/div>\n<div class=\"voc-grid__col\">\n<div class=\"voc-article-container\">\n<article class=\"voc-article voc-article--s-radar voc-article--photo-top voc-article--photo-top--left-xs \">\n<div class=\"voc-info-container\">\n<div class=\"voc-info-container__wrapper\">\n<ul>\n<li class=\"voc-title\"><a href=\"https:\/\/canales.elcomercio.es\/circulu-maxicu\/los-nomades-de-la-mar.html\">Los n\u00f3mades de la mar<\/a><\/li>\n<\/ul>\n<\/div>\n<\/div>\n<\/article>\n<\/div>\n<\/div>\n<div class=\"voc-grid__col\">\n<div class=\"voc-article-container\">\n<article class=\"voc-article voc-article--s-radar voc-article--photo-top voc-article--photo-top--left-xs \">\n<div class=\"voc-info-container__wrapper\">\n<ul>\n<li class=\"voc-title\"><a href=\"https:\/\/canales.elcomercio.es\/circulu-maxicu\/sali-y-el-mundo-de-colores.html\">Sali y el mundu de colores<\/a><a class=\" voc-horizontal voc-img-icon-link\" href=\"https:\/\/canales.elcomercio.es\/circulu-maxicu\/rosa-quier-otra-cosa.html\">\u00a0<\/a><\/li>\n<\/ul>\n<\/div>\n<\/article>\n<\/div>\n<\/div>\n<div class=\"voc-grid__col\">\n<div class=\"voc-article-container\">\n<article class=\"voc-article voc-article--s-radar voc-article--photo-top voc-article--photo-top--left-xs \">\n<div class=\"voc-info-container\">\n<div class=\"voc-info-container__wrapper\">\n<ul>\n<li class=\"voc-title\"><a href=\"https:\/\/canales.elcomercio.es\/circulu-maxicu\/rosa-quier-otra-cosa.html\">Rosa quier otra cosa<\/a><\/li>\n<\/ul>\n<\/div>\n<\/div>\n<\/article>\n<\/div>\n<\/div>\n<div class=\"voc-grid__col\">\n<div class=\"voc-article-container\">\n<article class=\"voc-article voc-article--s-radar voc-article--photo-top voc-article--photo-top--left-xs \">\n<div class=\"voc-info-container\">\n<div class=\"voc-info-container__wrapper\">\n<ul>\n<li class=\"voc-title\"><a href=\"https:\/\/canales.elcomercio.es\/circulu-maxicu\/pa-que-val-una-bufanda.html\">\u00bfPa qu\u00e9 val una bufanda?<\/a><\/li>\n<\/ul>\n<\/div>\n<\/div>\n<\/article>\n<\/div>\n<\/div>\n<div class=\"voc-grid__col\">\n<div class=\"voc-article-container\">\n<article class=\"voc-article voc-article--s-radar voc-article--photo-top voc-article--photo-top--left-xs \">\n<div class=\"voc-info-container\">\n<div class=\"voc-info-container__wrapper\">\n<ul>\n<li class=\"voc-title\"><a href=\"https:\/\/canales.elcomercio.es\/circulu-maxicu\/celin-y-el-trabayu-escolar.html\">Cel\u00edn y el trabayu escolar<\/a><\/li>\n<\/ul>\n<\/div>\n<\/div>\n<\/article>\n<\/div>\n<\/div>\n<div class=\"voc-grid__col\">\n<div class=\"voc-article-container\">\n<article class=\"voc-article voc-article--s-radar voc-article--photo-top voc-article--photo-top--left-xs \">\n<div class=\"voc-info-container\">\n<div class=\"voc-info-container__wrapper\">\n<ul>\n<li class=\"voc-title\"><a href=\"https:\/\/canales.elcomercio.es\/circulu-maxicu\/nun-yos-tengas-perceguera.html\">Nun-yos tengas perceguera<\/a><\/li>\n<\/ul>\n<p class=\"voc-paragraph\"><img loading=\"lazy\" decoding=\"async\" class=\"alignnone \" src=\"https:\/\/encrypted-tbn0.gstatic.com\/images?q=tbn:ANd9GcTR28kVyfgd3qwCkn2ICP6JNBpKea-RZS3fF5sLEuFyAkmWuml3Qyn-alg-FidZmJD8Ug&amp;usqp=CAU\" width=\"291\" height=\"31\" \/><\/p>\n<\/div>\n<\/div>\n<\/article>\n<\/div>\n<\/div>\n<ul>\n<li>\n<h1 class=\"title style-scope ytd-video-primary-info-renderer\"><a href=\"https:\/\/www.youtube.com\/embed\/7eKDxUkOzTc\"><span style=\"font-size: 20px\">EL RATON FREDERICK. \u00abEl mur poeta\u00bb<\/span><\/a><\/h1>\n<\/li>\n<\/ul>\n<p style=\"text-align: center\">\n<!-- iframe plugin v.6.0 wordpress.org\/plugins\/iframe\/ -->\n<iframe loading=\"lazy\" width=\"100%\" height=\"364\" src=\"https:\/\/www.youtube.com\/embed\/7eKDxUkOzTc\" scrolling=\"yes\" class=\"iframe-class\" frameborder=\"0\"><\/iframe>\n<\/p>\n<hr \/>\n<p style=\"text-align: center\">\n<!-- iframe plugin v.6.0 wordpress.org\/plugins\/iframe\/ -->\n<iframe loading=\"lazy\" width=\"100%\" height=\"364\" src=\"https:\/\/www.youtube.com\/embed\/XXXXXX\" scrolling=\"yes\" class=\"iframe-class\" frameborder=\"0\"><\/iframe>\n<\/p>\n<p style=\"text-align: center\">\n","protected":false},"excerpt":{"rendered":"<p>ENLLAZ. Cuentos como ferramienta pa educar. C\u00edrculu M\u00e1xicu: cuentos n&#8217;asturianu pa ne\u00f1os Lena en pueblu \u00a1Vaya ma\u00f1ana de xar\u00e9u! Isidru Xuan\u00edn y el so perru Starski Los n\u00f3mades de la mar Sali y el mundu de colores\u00a0 Rosa quier otra cosa \u00bfPa qu\u00e9 val una bufanda? Cel\u00edn y el trabayu escolar Nun-yos tengas perceguera EL [&hellip;]<\/p>\n","protected":false},"author":117,"featured_media":0,"parent":0,"menu_order":0,"comment_status":"closed","ping_status":"closed","template":"","meta":{"footnotes":""},"class_list":["post-1272","page","type-page","status-publish","hentry"],"_links":{"self":[{"href":"https:\/\/edublog.educastur.es\/ixuxu\/wp-json\/wp\/v2\/pages\/1272","targetHints":{"allow":["GET"]}}],"collection":[{"href":"https:\/\/edublog.educastur.es\/ixuxu\/wp-json\/wp\/v2\/pages"}],"about":[{"href":"https:\/\/edublog.educastur.es\/ixuxu\/wp-json\/wp\/v2\/types\/page"}],"author":[{"embeddable":true,"href":"https:\/\/edublog.educastur.es\/ixuxu\/wp-json\/wp\/v2\/users\/117"}],"replies":[{"embeddable":true,"href":"https:\/\/edublog.educastur.es\/ixuxu\/wp-json\/wp\/v2\/comments?post=1272"}],"version-history":[{"count":5,"href":"https:\/\/edublog.educastur.es\/ixuxu\/wp-json\/wp\/v2\/pages\/1272\/revisions"}],"predecessor-version":[{"id":17102,"href":"https:\/\/edublog.educastur.es\/ixuxu\/wp-json\/wp\/v2\/pages\/1272\/revisions\/17102"}],"wp:attachment":[{"href":"https:\/\/edublog.educastur.es\/ixuxu\/wp-json\/wp\/v2\/media?parent=1272"}],"curies":[{"name":"wp","href":"https:\/\/api.w.org\/{rel}","templated":true}]}}