{"id":1287,"date":"2020-11-06T00:53:29","date_gmt":"2020-11-05T22:53:29","guid":{"rendered":"https:\/\/edublog.educastur.es\/ixuxu\/?page_id=1287"},"modified":"2024-10-08T00:16:59","modified_gmt":"2024-10-07T22:16:59","slug":"reciella","status":"publish","type":"page","link":"https:\/\/edublog.educastur.es\/ixuxu\/musica\/reciella\/","title":{"rendered":"Reciella"},"content":{"rendered":"<p><img loading=\"lazy\" decoding=\"async\" class=\"alignnone wp-image-682\" src=\"http:\/\/edublog.educastur.es\/ixuxullingua\/files\/2020\/08\/reciella.jpg\" alt=\"\" width=\"381\" height=\"270\" \/><\/p>\n<ul>\n<li><a href=\"https:\/\/www.facebook.com\/reciella.asturies\" target=\"_blank\" rel=\"noopener noreferrer\"><strong><em>Ver en Youtube<\/em><\/strong><\/a><\/li>\n<li><a href=\"https:\/\/youtu.be\/Loaja715NJk\" target=\"_blank\" rel=\"noopener noreferrer\">2017: <strong><em>N\u00b4asturianu sumes<\/em><\/strong><br \/>\n<\/a><\/li>\n<\/ul>\n\n<!-- iframe plugin v.6.0 wordpress.org\/plugins\/iframe\/ -->\n<iframe loading=\"lazy\" width=\"588\" height=\"331\" src=\"https:\/\/www.youtube.com\/embed\/Loaja715NJk\" scrolling=\"yes\" class=\"iframe-class\" frameborder=\"0\"><\/iframe>\n\n<hr \/>\n<ul>\n<li><a href=\"https:\/\/youtu.be\/VDfx8NCwHmw\" target=\"_blank\" rel=\"noopener noreferrer\">2018:<strong><em> \u201cEspoxiga\u201d <\/em><\/strong><br \/>\n<\/a><\/li>\n<\/ul>\n\n<!-- iframe plugin v.6.0 wordpress.org\/plugins\/iframe\/ -->\n<iframe loading=\"lazy\" width=\"588\" height=\"331\" src=\"https:\/\/www.youtube.com\/embed\/VDfx8NCwHmw\" scrolling=\"yes\" class=\"iframe-class\" frameborder=\"0\"><\/iframe>\n\n<hr \/>\n<ul>\n<li><a href=\"https:\/\/youtu.be\/_q6_NtRyZ58\" target=\"_blank\" rel=\"noopener noreferrer\">2019:<strong><em> \u201cPr\u00e9stame pola vida\u2026\u201d <\/em><\/strong><br \/>\n<\/a><\/li>\n<\/ul>\n\n<!-- iframe plugin v.6.0 wordpress.org\/plugins\/iframe\/ -->\n<iframe loading=\"lazy\" width=\"588\" height=\"331\" src=\"https:\/\/www.youtube.com\/embed\/_q6_NtRyZ58\" scrolling=\"yes\" class=\"iframe-class\" frameborder=\"0\"><\/iframe>\n\n<hr \/>\n<ul>\n<li dir=\"auto\"><a href=\"https:\/\/www.youtube.com\/watch?v=oofAOOXdS_k&amp;fbclid=IwY2xjawFpLulleHRuA2FlbQIxMQABHY5-9KpxUq-u-G1T9XRnUSqjCegpx1sJPLSRlCT_pvRtoXRU19e2g9FBSw_aem_gqOue0PiuWBp3Pmd1Jiilg\">XI D\u00cdA DE LA RECIELLA<\/a> \/<a href=\"https:\/\/external-bcn1-1.xx.fbcdn.net\/emg1\/v\/t13\/6548149768562250698?url=https%3A%2F%2Fi.ytimg.com%2Fvi%2FoofAOOXdS_k%2Fmaxresdefault.jpg&amp;fb_obo=1&amp;utld=ytimg.com&amp;stp=c0.5000x0.5000f_dst-jpg_flffffff_p500x261_q75&amp;ccb=13-1&amp;oh=06_Q399hMxp1yPgTLKtje9Uh1S9uHYkEjG48RJpft0kNMiDvKo&amp;oe=66FE1421&amp;_nc_sid=e17101\"> Imaxe discu<\/a><\/li>\n<li dir=\"auto\"><span class=\"yt-core-attributed-string yt-core-attributed-string--white-space-pre-wrap\" dir=\"auto\" role=\"text\"><span class=\"yt-core-attributed-string--link-inherit-color\" dir=\"auto\"><a href=\"https:\/\/www.youtube.com\/watch?v=TnIqzVSPHZI\"><strong> Col asturianu xugamos n&#8217;equipu \u00b7 Mostru l&#8217;Horru<\/strong> <\/a>\u00b7 Francisco M\u00e9ndez<\/span><\/span><\/li>\n<\/ul>\n<div dir=\"auto\"><\/div>\n<div dir=\"auto\">\n<!-- iframe plugin v.6.0 wordpress.org\/plugins\/iframe\/ -->\n<iframe loading=\"lazy\" width=\"100%\" height=\"395\" src=\"https:\/\/www.youtube.com\/embed\/TnIqzVSPHZI\" title=\"Col asturianu xugamos n&#039;equipu\" frameborder=\"0\" allow=\"accelerometer; autoplay; clipboard-write; encrypted-media; gyroscope; picture-in-picture; web-share\" referrerpolicy=\"strict-origin-when-cross-origin\" 0=\"allowfullscreen\" 1=\"\/iframe\" scrolling=\"yes\" class=\"iframe-class\"><\/iframe>\n<\/div>\n<div dir=\"auto\"><\/div>\n<div dir=\"auto\">\n<!-- iframe plugin v.6.0 wordpress.org\/plugins\/iframe\/ -->\n<iframe loading=\"lazy\" src=\"https:\/\/drive.google.com\/file\/d\/1fE_MgVODhy3m-Gy4hWjW6wTGL4kmGwUZ\/preview\" width=\"640\" height=\"960\" allow=\"autoplay\" 0=\"\/iframe\" scrolling=\"yes\" class=\"iframe-class\" frameborder=\"0\"><\/iframe>\n<\/div>\n<p><a href=\"https:\/\/www.youtube.com\/watch?v=TnIqzVSPHZI\"><img loading=\"lazy\" decoding=\"async\" class=\"aligncenter size-full\" src=\"https:\/\/lh3.googleusercontent.com\/QcNkqxHXdgjm_qvgOhu9_wJQwJ7w6wOHUqhUp5HxB3YLyE8W2Yj5T9l20uDwME8MN1bD1gX9rVsvng6k9g\" width=\"512\" height=\"512\" \/><\/a><\/p>\n<div class=\"html-div xdj266r x11i5rnm xat24cr x1mh8g0r xexx8yu x4uap5 x18d9i69 xkhd6sd\" dir=\"auto\">\n<div id=\":ri:\" class=\"x1l90r2v x1pi30zi x1swvt13 x1iorvi4\" data-ad-comet-preview=\"message\" data-ad-preview=\"message\">\n<div class=\"x78zum5 xdt5ytf xz62fqu x16ldp7u\">\n<div class=\"xu06os2 x1ok221b\">\n<div class=\"xdj266r x11i5rnm xat24cr x1mh8g0r x1vvkbs x126k92a\">\n<div dir=\"auto\">El tema ye <strong>&#8216;Xugando n&#8217;equipu&#8217;<\/strong>, con lletra y m\u00fasica del grand\u00edsimu <span class=\"html-span xdj266r x11i5rnm xat24cr x1mh8g0r xexx8yu x4uap5 x18d9i69 xkhd6sd x1hl2dhg x16tdsg8 x1vvkbs\"><a class=\"x1i10hfl xjbqb8w x1ejq31n xd10rxx x1sy0etr x17r0tee x972fbf xcfux6l x1qhh985 xm0m39n x9f619 x1ypdohk xt0psk2 xe8uvvx xdj266r x11i5rnm xat24cr x1mh8g0r xexx8yu x4uap5 x18d9i69 xkhd6sd x16tdsg8 x1hl2dhg xggy1nq x1a2a7pz x1sur9pj xkrqix3 x1fey0fg x1s688f\" role=\"link\" href=\"https:\/\/www.facebook.com\/mostrulhorru?__cft__[0]=AZX-M2QiXgl2J4vq6gxYFUJD9haQMtFmA-ZNco3hz_0yG9qLqHLJQHemQM3-MlQyuZy_GLnbe65lbB5rCwTkn_3CmTsObU9os2o2j8e5aarS1l4dvQXLlZta6BvGOu_4liiXm_7vXweui_iaJeTG-cwEQ4eh6OMoKsbYgsh4X5MLbSxaX0Ym68Mn2Y_5EqzXdrBNgonkjl_NhQRyYjPyQFLv&amp;__tn__=-]K-R\"><span class=\"xt0psk2\">Mostru l&#8217;Horru<\/span><\/a><\/span>, que garro al vuelu la idea y el retu, y fixo un tem\u00f3n que ya g\u00fcel a cl\u00e1sicu y que ta grab\u00e1u, mestu y masteriz\u00e1u en ZL Audio. \u00a1Equi tamos Fran, pa lo que faiga falta!<\/div>\n<div dir=\"auto\"><\/div>\n<div dir=\"auto\">\n<!-- iframe plugin v.6.0 wordpress.org\/plugins\/iframe\/ -->\n<iframe loading=\"lazy\" src=\"https:\/\/www.instagram.com\/reel\/Cifkxxosbo1\/embed\" width=\"480\" height=\"600\" 0=\"\/iframe\" scrolling=\"yes\" class=\"iframe-class\" frameborder=\"0\"><\/iframe>\n<\/div>\n<div dir=\"auto\"><\/div>\n<div dir=\"auto\">El v\u00eddeo ta dirix\u00edu por <span class=\"html-span xdj266r x11i5rnm xat24cr x1mh8g0r xexx8yu x4uap5 x18d9i69 xkhd6sd x1hl2dhg x16tdsg8 x1vvkbs\"><a class=\"x1i10hfl xjbqb8w x1ejq31n xd10rxx x1sy0etr x17r0tee x972fbf xcfux6l x1qhh985 xm0m39n x9f619 x1ypdohk xt0psk2 xe8uvvx xdj266r x11i5rnm xat24cr x1mh8g0r xexx8yu x4uap5 x18d9i69 xkhd6sd x16tdsg8 x1hl2dhg xggy1nq x1a2a7pz x1sur9pj xkrqix3 x1fey0fg x1s688f\" role=\"link\" href=\"https:\/\/www.facebook.com\/Skancia?__cft__[0]=AZX-M2QiXgl2J4vq6gxYFUJD9haQMtFmA-ZNco3hz_0yG9qLqHLJQHemQM3-MlQyuZy_GLnbe65lbB5rCwTkn_3CmTsObU9os2o2j8e5aarS1l4dvQXLlZta6BvGOu_4liiXm_7vXweui_iaJeTG-cwEQ4eh6OMoKsbYgsh4X5MLbSxaX0Ym68Mn2Y_5EqzXdrBNgonkjl_NhQRyYjPyQFLv&amp;__tn__=-]K-R\"><span class=\"xt0psk2\">Pablo A. Quiroga Prendes<\/span><\/a><\/span>, que siempre ta eh\u00ed xenerosa y militantemente pa echanos un gabitu (\u00a1milenta gabitos!) y produc\u00edu por <a href=\"https:\/\/www.algamarproducciones.com\/\"><strong>Algamar Producciones<\/strong><\/a> con Chusa Rodr\u00edgo y <span class=\"html-span xdj266r x11i5rnm xat24cr x1mh8g0r xexx8yu x4uap5 x18d9i69 xkhd6sd x1hl2dhg x16tdsg8 x1vvkbs\"><a class=\"x1i10hfl xjbqb8w x1ejq31n xd10rxx x1sy0etr x17r0tee x972fbf xcfux6l x1qhh985 xm0m39n x9f619 x1ypdohk xt0psk2 xe8uvvx xdj266r x11i5rnm xat24cr x1mh8g0r xexx8yu x4uap5 x18d9i69 xkhd6sd x16tdsg8 x1hl2dhg xggy1nq x1a2a7pz x1sur9pj xkrqix3 x1fey0fg x1s688f\" role=\"link\" href=\"https:\/\/www.facebook.com\/sofia.castanon.7?__cft__[0]=AZX-M2QiXgl2J4vq6gxYFUJD9haQMtFmA-ZNco3hz_0yG9qLqHLJQHemQM3-MlQyuZy_GLnbe65lbB5rCwTkn_3CmTsObU9os2o2j8e5aarS1l4dvQXLlZta6BvGOu_4liiXm_7vXweui_iaJeTG-cwEQ4eh6OMoKsbYgsh4X5MLbSxaX0Ym68Mn2Y_5EqzXdrBNgonkjl_NhQRyYjPyQFLv&amp;__tn__=-]K-R\"><span class=\"xt0psk2\">Sof\u00eda Casta\u00f1\u00f3n<\/span><\/a><\/span>, con <a href=\"https:\/\/www.instagram.com\/alejandronafria\/\"><strong>Alejandro Nafria<\/strong><\/a> a la c\u00e1mara y la collaboraci\u00f3n de <span class=\"html-span xdj266r x11i5rnm xat24cr x1mh8g0r xexx8yu x4uap5 x18d9i69 xkhd6sd x1hl2dhg x16tdsg8 x1vvkbs\"><a class=\"x1i10hfl xjbqb8w x1ejq31n xd10rxx x1sy0etr x17r0tee x972fbf xcfux6l x1qhh985 xm0m39n x9f619 x1ypdohk xt0psk2 xe8uvvx xdj266r x11i5rnm xat24cr x1mh8g0r xexx8yu x4uap5 x18d9i69 xkhd6sd x16tdsg8 x1hl2dhg xggy1nq x1a2a7pz x1sur9pj xkrqix3 x1fey0fg x1s688f\" role=\"link\" href=\"https:\/\/www.facebook.com\/CuatroGotes?__cft__[0]=AZX-M2QiXgl2J4vq6gxYFUJD9haQMtFmA-ZNco3hz_0yG9qLqHLJQHemQM3-MlQyuZy_GLnbe65lbB5rCwTkn_3CmTsObU9os2o2j8e5aarS1l4dvQXLlZta6BvGOu_4liiXm_7vXweui_iaJeTG-cwEQ4eh6OMoKsbYgsh4X5MLbSxaX0Ym68Mn2Y_5EqzXdrBNgonkjl_NhQRyYjPyQFLv&amp;__tn__=-]K-R\"><span class=\"xt0psk2\">Cuatro Gotes Producciones<\/span><\/a><\/span>. \u00a1Gracies a toos y toes pol vuestru tiempu y trabayu!<\/div>\n<div dir=\"auto\"><\/div>\n<\/div>\n<div class=\"x11i5rnm xat24cr x1mh8g0r x1vvkbs xtlvy1s x126k92a\">\n<div dir=\"auto\">Am\u00e1s collaboraron tolos equipos y empreses que pod\u00e9is ver nel v\u00eddeo y milenta ne\u00f1os y ne\u00f1es: <span class=\"html-span xdj266r x11i5rnm xat24cr x1mh8g0r xexx8yu x4uap5 x18d9i69 xkhd6sd x1hl2dhg x16tdsg8 x1vvkbs\"><a class=\"x1i10hfl xjbqb8w x1ejq31n xd10rxx x1sy0etr x17r0tee x972fbf xcfux6l x1qhh985 xm0m39n x9f619 x1ypdohk xt0psk2 xe8uvvx xdj266r x11i5rnm xat24cr x1mh8g0r xexx8yu x4uap5 x18d9i69 xkhd6sd x16tdsg8 x1hl2dhg xggy1nq x1a2a7pz x1sur9pj xkrqix3 x1fey0fg x1s688f\" role=\"link\" href=\"https:\/\/www.facebook.com\/ucceares?__cft__[0]=AZX-M2QiXgl2J4vq6gxYFUJD9haQMtFmA-ZNco3hz_0yG9qLqHLJQHemQM3-MlQyuZy_GLnbe65lbB5rCwTkn_3CmTsObU9os2o2j8e5aarS1l4dvQXLlZta6BvGOu_4liiXm_7vXweui_iaJeTG-cwEQ4eh6OMoKsbYgsh4X5MLbSxaX0Ym68Mn2Y_5EqzXdrBNgonkjl_NhQRyYjPyQFLv&amp;__tn__=-]K-R\"><span class=\"xt0psk2\">Uni\u00f3n Club Ceares<\/span><\/a><\/span>, Veri\u00f1a, Gij\u00f3n Femenino, C\u00edrculo Gij\u00f3n Noega Baloncesto, Club Escuela de Ciclismo Las Mestas, BMG Balonmano Gij\u00f3n, Gij\u00f3n Solimar Hockey Club, <span class=\"html-span xdj266r x11i5rnm xat24cr x1mh8g0r xexx8yu x4uap5 x18d9i69 xkhd6sd x1hl2dhg x16tdsg8 x1vvkbs\"><a class=\"x1i10hfl xjbqb8w x1ejq31n xd10rxx x1sy0etr x17r0tee x972fbf xcfux6l x1qhh985 xm0m39n x9f619 x1ypdohk xt0psk2 xe8uvvx xdj266r x11i5rnm xat24cr x1mh8g0r xexx8yu x4uap5 x18d9i69 xkhd6sd x16tdsg8 x1hl2dhg xggy1nq x1a2a7pz x1sur9pj xkrqix3 x1fey0fg x1s688f\" role=\"link\" href=\"https:\/\/www.facebook.com\/Guajeskates?__cft__[0]=AZX-M2QiXgl2J4vq6gxYFUJD9haQMtFmA-ZNco3hz_0yG9qLqHLJQHemQM3-MlQyuZy_GLnbe65lbB5rCwTkn_3CmTsObU9os2o2j8e5aarS1l4dvQXLlZta6BvGOu_4liiXm_7vXweui_iaJeTG-cwEQ4eh6OMoKsbYgsh4X5MLbSxaX0Ym68Mn2Y_5EqzXdrBNgonkjl_NhQRyYjPyQFLv&amp;__tn__=-]K-R\"><span class=\"xt0psk2\">Guaje Skates<\/span><\/a><\/span>, La G\u00fcestia Roller Derby, Rugby Llanes.<\/div>\n<div dir=\"auto\"><\/div>\n<div dir=\"auto\"><\/div>\n<div dir=\"auto\" style=\"text-align: center\">\n<!-- iframe plugin v.6.0 wordpress.org\/plugins\/iframe\/ -->\n<iframe loading=\"lazy\" src=\"https:\/\/www.facebook.com\/plugins\/post.php?href=https%3A%2F%2Fwww.facebook.com%2FSamuelEstherTrabe%2Fposts%2Fpfbid02Kh1z5gdQpeWJCPKguk1hiZkou7DCa8VPtuFnx69PmaQdByFieXpVWmkcPrTBwGDfl&#038;show_text=false&#038;width=500\" width=\"500\" height=\"497\" style=\"border:none;overflow:hidden\" scrolling=\"no\" frameborder=\"0\" allowfullscreen=\"true\" allow=\"autoplay; clipboard-write; encrypted-media; picture-in-picture; web-share\" 0=\"\/iframe\" class=\"iframe-class\"><\/iframe>\n<\/div>\n<div dir=\"auto\"><\/div>\n<div dir=\"auto\">\n<!-- iframe plugin v.6.0 wordpress.org\/plugins\/iframe\/ -->\n<iframe loading=\"lazy\" src=\"https:\/\/drive.google.com\/file\/d\/1a7KHLy5jwL1Dpzml1pjojccYfLDEIUmh\/preview\" width=\"640\" height=\"960\" allow=\"autoplay\" 0=\"\/iframe\" scrolling=\"yes\" class=\"iframe-class\" frameborder=\"0\"><\/iframe>\n<\/div>\n<\/div>\n<\/div>\n<\/div>\n<\/div>\n<\/div>\n","protected":false},"excerpt":{"rendered":"<p>Ver en Youtube 2017: N\u00b4asturianu sumes 2018: \u201cEspoxiga\u201d 2019: \u201cPr\u00e9stame pola vida\u2026\u201d XI D\u00cdA DE LA RECIELLA \/ Imaxe discu Col asturianu xugamos n&#8217;equipu \u00b7 Mostru l&#8217;Horru \u00b7 Francisco M\u00e9ndez El tema ye &#8216;Xugando n&#8217;equipu&#8217;, con lletra y m\u00fasica del grand\u00edsimu Mostru l&#8217;Horru, que garro al vuelu la idea y el retu, y fixo un [&hellip;]<\/p>\n","protected":false},"author":117,"featured_media":0,"parent":153,"menu_order":0,"comment_status":"closed","ping_status":"closed","template":"","meta":{"footnotes":""},"class_list":["post-1287","page","type-page","status-publish","hentry"],"_links":{"self":[{"href":"https:\/\/edublog.educastur.es\/ixuxu\/wp-json\/wp\/v2\/pages\/1287","targetHints":{"allow":["GET"]}}],"collection":[{"href":"https:\/\/edublog.educastur.es\/ixuxu\/wp-json\/wp\/v2\/pages"}],"about":[{"href":"https:\/\/edublog.educastur.es\/ixuxu\/wp-json\/wp\/v2\/types\/page"}],"author":[{"embeddable":true,"href":"https:\/\/edublog.educastur.es\/ixuxu\/wp-json\/wp\/v2\/users\/117"}],"replies":[{"embeddable":true,"href":"https:\/\/edublog.educastur.es\/ixuxu\/wp-json\/wp\/v2\/comments?post=1287"}],"version-history":[{"count":3,"href":"https:\/\/edublog.educastur.es\/ixuxu\/wp-json\/wp\/v2\/pages\/1287\/revisions"}],"predecessor-version":[{"id":32423,"href":"https:\/\/edublog.educastur.es\/ixuxu\/wp-json\/wp\/v2\/pages\/1287\/revisions\/32423"}],"up":[{"embeddable":true,"href":"https:\/\/edublog.educastur.es\/ixuxu\/wp-json\/wp\/v2\/pages\/153"}],"wp:attachment":[{"href":"https:\/\/edublog.educastur.es\/ixuxu\/wp-json\/wp\/v2\/media?parent=1287"}],"curies":[{"name":"wp","href":"https:\/\/api.w.org\/{rel}","templated":true}]}}