{"id":13092,"date":"2022-01-29T14:44:02","date_gmt":"2022-01-29T12:44:02","guid":{"rendered":"https:\/\/edublog.educastur.es\/ixuxu\/?page_id=13092"},"modified":"2022-01-29T14:44:02","modified_gmt":"2022-01-29T12:44:02","slug":"nacho-vegas-y-texon","status":"publish","type":"page","link":"https:\/\/edublog.educastur.es\/ixuxu\/poesia-2\/nacho-vegas-y-texon\/","title":{"rendered":"Nacho Vegas y Tex\u00f3n"},"content":{"rendered":"<p style=\"text-align: center\"><a href=\"https:\/\/tinypix.top\/images\/2022\/01\/29\/enJIh.jpg\"><img loading=\"lazy\" decoding=\"async\" class=\"alignnone\" src=\"https:\/\/tinypix.top\/images\/2022\/01\/29\/enJIh.jpg\" alt=\"\" width=\"1380\" height=\"2048\" \/><\/a><\/p>\n<p>&nbsp;<\/p>\n<p><span class=\"d2edcug0 hpfvmrgz qv66sw1b c1et5uql lr9zc1uh a8c37x1j fe6kdd0r mau55g9w c8b282yb keod5gw0 nxhoafnm aigsh9s9 d3f4x2em iv3no6db gfeo3gy3 a3bd9o3v b1v8xokw oo9gr5id hzawbc8m\" dir=\"auto\">Esta ye la mio segunda collaboraci\u00f3n con Nacho Vegas. \u00abUn principiu de crueld\u00e1\u00bb, que zarra\u2019l so discu MUNDOS INM\u00d3VILES DERRUMB\u00c1NDOSE.<\/span><\/p>\n<p style=\"text-align: center\"><a href=\"https:\/\/www.facebook.com\/photo\/?fbid=10159014033818229&amp;set=a.10150656144663229\">Pablo Tex\u00f3n<\/a><\/p>\n","protected":false},"excerpt":{"rendered":"<p>&nbsp; Esta ye la mio segunda collaboraci\u00f3n con Nacho Vegas. \u00abUn principiu de crueld\u00e1\u00bb, que zarra\u2019l so discu MUNDOS INM\u00d3VILES DERRUMB\u00c1NDOSE. Pablo Tex\u00f3n<\/p>\n","protected":false},"author":117,"featured_media":0,"parent":221,"menu_order":0,"comment_status":"closed","ping_status":"closed","template":"","meta":{"footnotes":""},"class_list":["post-13092","page","type-page","status-publish","hentry"],"_links":{"self":[{"href":"https:\/\/edublog.educastur.es\/ixuxu\/wp-json\/wp\/v2\/pages\/13092","targetHints":{"allow":["GET"]}}],"collection":[{"href":"https:\/\/edublog.educastur.es\/ixuxu\/wp-json\/wp\/v2\/pages"}],"about":[{"href":"https:\/\/edublog.educastur.es\/ixuxu\/wp-json\/wp\/v2\/types\/page"}],"author":[{"embeddable":true,"href":"https:\/\/edublog.educastur.es\/ixuxu\/wp-json\/wp\/v2\/users\/117"}],"replies":[{"embeddable":true,"href":"https:\/\/edublog.educastur.es\/ixuxu\/wp-json\/wp\/v2\/comments?post=13092"}],"version-history":[{"count":2,"href":"https:\/\/edublog.educastur.es\/ixuxu\/wp-json\/wp\/v2\/pages\/13092\/revisions"}],"predecessor-version":[{"id":13094,"href":"https:\/\/edublog.educastur.es\/ixuxu\/wp-json\/wp\/v2\/pages\/13092\/revisions\/13094"}],"up":[{"embeddable":true,"href":"https:\/\/edublog.educastur.es\/ixuxu\/wp-json\/wp\/v2\/pages\/221"}],"wp:attachment":[{"href":"https:\/\/edublog.educastur.es\/ixuxu\/wp-json\/wp\/v2\/media?parent=13092"}],"curies":[{"name":"wp","href":"https:\/\/api.w.org\/{rel}","templated":true}]}}