{"id":13238,"date":"2022-02-01T23:23:08","date_gmt":"2022-02-01T21:23:08","guid":{"rendered":"https:\/\/edublog.educastur.es\/ixuxu\/?page_id=13238"},"modified":"2022-04-02T13:08:26","modified_gmt":"2022-04-02T11:08:26","slug":"guertu-y-verdures","status":"publish","type":"page","link":"https:\/\/edublog.educastur.es\/ixuxu\/pallabreros\/guertu-y-verdures\/","title":{"rendered":"G\u00fcertu y verdures"},"content":{"rendered":"<div class=\"dati1w0a hv4rvrfc osnr6wyh\">\n<div class=\"btwxx1t3 j83agx80 cwj9ozl2\">\n<div class=\"j83agx80 cbu4d94t ew0dbk1b irj2b8pg\">\n<div class=\"qzhwtbm6 knvmm38d\">\n<p><a href=\"http:\/\/www.tinypix.top\/images\/2022\/01\/22\/e8eYo.jpg\"><img loading=\"lazy\" decoding=\"async\" class=\"aligncenter\" src=\"https:\/\/politicallinguistica.asturias.es\/documents\/71052\/123180\/Portada+AST+%282%29.jpg\/0dd6df60-7f1e-6daa-2a09-b4b140d7aa27?t=1642678780221\" alt=\"\" width=\"340\" height=\"146\" \/><\/a><\/p>\n<p><span class=\"pq6dq46d tbxw36s4 knj5qynh kvgmc6g5 ditlmg2l oygrvhab nvdbi5me sf5mxxl7 gl3lb2sf hhz5lgdu\"><img loading=\"lazy\" decoding=\"async\" src=\"https:\/\/static.xx.fbcdn.net\/images\/emoji.php\/v9\/tfe\/1\/16\/1f96c.png\" alt=\"?\" width=\"16\" height=\"16\" \/><\/span><span class=\"pq6dq46d tbxw36s4 knj5qynh kvgmc6g5 ditlmg2l oygrvhab nvdbi5me sf5mxxl7 gl3lb2sf hhz5lgdu\"><img loading=\"lazy\" decoding=\"async\" src=\"https:\/\/static.xx.fbcdn.net\/images\/emoji.php\/v9\/tae\/1\/16\/1f952.png\" alt=\"?\" width=\"16\" height=\"16\" \/><\/span><span class=\"pq6dq46d tbxw36s4 knj5qynh kvgmc6g5 ditlmg2l oygrvhab nvdbi5me sf5mxxl7 gl3lb2sf hhz5lgdu\"><img loading=\"lazy\" decoding=\"async\" src=\"https:\/\/static.xx.fbcdn.net\/images\/emoji.php\/v9\/t42\/1\/16\/1f9c4.png\" alt=\"?\" width=\"16\" height=\"16\" \/><\/span><span class=\"pq6dq46d tbxw36s4 knj5qynh kvgmc6g5 ditlmg2l oygrvhab nvdbi5me sf5mxxl7 gl3lb2sf hhz5lgdu\"><img loading=\"lazy\" decoding=\"async\" src=\"https:\/\/static.xx.fbcdn.net\/images\/emoji.php\/v9\/tc3\/1\/16\/1f9c5.png\" alt=\"?\" width=\"16\" height=\"16\" \/><\/span> El director xeneral de Pol\u00edtica Lling\u00fc\u00edstica, Ant\u00f3n Garc\u00eda, present\u00f3 hoi nel colexu Jes\u00fas Neira de La Pola (\u1e36\u1e37ena) la publicaci\u00f3n qu&#8217;edita la Conseyer\u00eda de Cultura, Pol\u00edtica Lling\u00fc\u00edstica y Turismu ??????? ??? ?\u00fc???? ?????\u0301???? ?&#8217;???????? , un manual orientativu y informativu sobre les plantes de g\u00fcerta, el calendariu de sema, qu\u00e9 nos aporten, problemes y remedios y hasta refranes. <a href=\"https:\/\/drive.google.com\/file\/d\/1ZPSxesxCqHuFHKrlknzzuRAHpgKplkwk\/\">VER PDF<\/a><\/p>\n<\/div>\n<\/div>\n<\/div>\n<\/div>\n<div class=\"\" dir=\"auto\">\n<div class=\"\" dir=\"auto\">\n<div class=\"ecm0bbzt hv4rvrfc ihqw7lf3 dati1w0a\" data-ad-comet-preview=\"message\" data-ad-preview=\"message\">\n<div class=\"j83agx80 cbu4d94t ew0dbk1b irj2b8pg\">\n<div class=\"qzhwtbm6 knvmm38d\">\n<div class=\"kvgmc6g5 cxmmr5t8 oygrvhab hcukyx3x c1et5uql ii04i59q\">\n<ul>\n<li><a href=\"https:\/\/politicallinguistica.asturias.es\/-\/pol-c3-adtica-lling-c3-bc-c3-adstica-la-rede-de-normalizaci-c3-b3n-y-el-copae-presenten-un-manual-de-cultivu-ecol-c3-b3xicu-n-asturianu-y-eonaviegu?redirect=%2F&amp;fbclid=IwAR08kBgESLMQUobYXVTeSrWzZ65bEGLKU0iRvpjHvsnq4MKRueiO5BXlr28\">Fonte: Pol\u00edtica Lling\u00fc\u00edstica<\/a><\/li>\n<li><a href=\"https:\/\/politicallinguistica.asturias.es\/documents\/35940\/36696\/Cultivu+del+g%C3%BCertu+ecol%C3%B3xicu+n%27Asturies.pdf\/e0c54a74-c37b-2e19-b248-778590a1cd34?t=1642676874573\">Gu\u00eda n&#8217;asturiano<\/a> \/<a href=\"https:\/\/politicallinguistica.asturias.es\/documents\/35940\/36696\/Cultivo+del+horto+ecol%C3%B3xico+en+Asturias.pdf\/8a5dfd02-8b9b-926a-c3c2-836bf584e122?t=1642676890353\"> Gu\u00eda eonaviego.<\/a><\/li>\n<\/ul>\n<\/div>\n<div class=\"cxmmr5t8 oygrvhab hcukyx3x c1et5uql o9v6fnle ii04i59q\">\n<div dir=\"auto\">\n<p><a href=\"https:\/\/www.asturias.es\/ast\/detalle-noticia\/-\/categories\/572315?p_r_p_categoryId=572315&amp;_com_liferay_asset_categories_navigation_web_portlet_AssetCategoriesNavigationPortlet_articleId=1395267&amp;articleId=1395267&amp;title=Pol%C3%ADtica+Lling%C3%BC%C3%ADstica%2C+la+Rede+de+Normalizaci%C3%B3n+y+el+Copae+presenten+un+manual+de...&amp;redirect=https%3A%2F%2Fwww.asturias.es%2Fast%2Finicio%3Fp_p_id%3Dcom_liferay_asset_publisher_web_portlet_AssetPublisherPortlet_INSTANCE_nZPib2vYnWt4%26p_p_lifecycle%3D0%26p_p_state%3Dnormal%26p_p_mode%3Dview%26p_r_p_resetCur%3Dtruehttps%3A%2F%2Fcutt.ly%2FZIPQV3j&amp;fbclid=IwAR1IygtfvbxrCLx6dZnpk0_NWivNStRV6DR2CyuMgwgVfUdoysWNv9tjDvE\">El proyectu surdi\u00f3 pa sorrayar la rellaci\u00f3n ente les lling\u00fces propies d\u2019Asturies y l\u2019autocultivu sostenible d\u2019alimentos.<\/a><\/p>\n<p><em>Cultivu del g\u00fcertu ecol\u00f3xicu n\u2019Asturies<\/em>\u00a0\/\u00a0<em>Cultivo del horto ecol\u00f3xico en Asturias<\/em>\u00a0ye un manual de 24 p\u00e1xines onde se recueye la informaci\u00f3n pr\u00e1ctica necesaria pa toa persona que quiera cultivar un g\u00fcertu ecol\u00f3xicu. La publicaci\u00f3n incluye un calendariu pa semar, rotaciones de cultivos, plantes acompa\u00f1antes y una ficha completa de ca\u00fan de los cultivos m\u00e1s comunes y afayadizos pal territoriu asturianu: pataca, cebolla, ma\u00edz, calabac\u00edn, etc. Am\u00e1s, cada ficha incluye un refr\u00e1n asturianu sobre estos cultivos, el clima o sobre los llabores na tierra en xeneral.<\/p>\n\n<!-- iframe plugin v.6.0 wordpress.org\/plugins\/iframe\/ -->\n<iframe loading=\"lazy\" src=\"https:\/\/drive.google.com\/file\/d\/1ZPSxesxCqHuFHKrlknzzuRAHpgKplkwk\/preview\" width=\"640\" height=\"800\" allow=\"autoplay\" 0=\"\/iframe\" scrolling=\"yes\" class=\"iframe-class\" frameborder=\"0\"><\/iframe>\n\n<p><span class=\"pq6dq46d tbxw36s4 knj5qynh kvgmc6g5 ditlmg2l oygrvhab nvdbi5me sf5mxxl7 gl3lb2sf hhz5lgdu\"><img loading=\"lazy\" decoding=\"async\" src=\"https:\/\/static.xx.fbcdn.net\/images\/emoji.php\/v9\/t8e\/1\/16\/2139.png\" alt=\"\u2139\" width=\"16\" height=\"16\" \/><\/span>M\u00e1s Informaci\u00f3n y descarga de les publicaciones: <a class=\"oajrlxb2 g5ia77u1 qu0x051f esr5mh6w e9989ue4 r7d6kgcz rq0escxv nhd2j8a9 nc684nl6 p7hjln8o kvgmc6g5 cxmmr5t8 oygrvhab hcukyx3x jb3vyjys rz4wbd8a qt6c0cv9 a8nywdso i1ao9s8h esuyzwwr f1sip0of lzcic4wl gpro0wi8 py34i1dx\" role=\"link\" href=\"https:\/\/l.facebook.com\/l.php?u=https%3A%2F%2Ftinyurl.com%2Fyc7mpmzs%3Ffbclid%3DIwAR08kBgESLMQUobYXVTeSrWzZ65bEGLKU0iRvpjHvsnq4MKRueiO5BXlr28&amp;h=AT0xsH844qDOxh4gP4RcS78iyDK1lZSfIdlaL_1tEbKZpdbPCtqc2SxBhB0_-MEAJyfOeM5h9aocCwSLNr1N-ftTaHESVVeXoUd_ZwGMi6Yth9F_puz0_K0MSYoD-mYAuw&amp;__tn__=-UK-y-R&amp;c[0]=AT0T2FdQKA8zs2Vs6PXNcQdm3BIo8e_n7LN6jEz1nhUqkQH-ihG-R6RYLSHYy7wszOOlUy-2hiXL7eeLX-4ajENQq-OghXQCVLVWD4lXMInT9PRsFTJplyFMFfFm3JX696mPyMq-u6i_nxEsecCbtInn_dzVViYWBBOlUcGFugIhxaAMGpfovvoz0puLQdigEGXnCSc6\" target=\"_blank\" rel=\"nofollow noopener\">tinyurl.com\/yc7mpmzs<\/a><\/p>\n<hr \/>\n<\/div>\n<\/div>\n<\/div>\n<\/div>\n<\/div>\n<\/div>\n<\/div>\n<ul>\n<li style=\"text-align: center\"><a href=\"https:\/\/asturias.isf.es\/\">https:\/\/asturias.isf.es\/<\/a><\/li>\n<li style=\"text-align: center\"><a href=\"https:\/\/asturias.isf.es\/que-hacemos\/calendarios-las-verduras-temporada-asturias\/\">Calendarios de les verdures de temporada n\u2019Asturies<\/a><\/li>\n<\/ul>\n<h2>Calendario en tabla<\/h2>\n<figure class=\"wp-block-table\">\n<table>\n<tbody>\n<tr>\n<td><\/td>\n<td><\/td>\n<td>Enero \/ Xineru<\/td>\n<td>Febrero\/\u00a0 Febreru<\/td>\n<td>Marzo \/ Marzu<\/td>\n<td>Abril\/ Abril<\/td>\n<td>Mayo \/ Mayu<\/td>\n<td>Junio \/ Xunu<\/td>\n<td>Julio \/ Xunetu<\/td>\n<td>Agosto \/ Agostu<\/td>\n<td>Septiembre\/ Setiembre<\/td>\n<td>Octubre \/ Ochobre<\/td>\n<td>Noviembre\/ Payares<\/td>\n<td>Diciembre\/ Avientu<\/td>\n<\/tr>\n<tr>\n<td>Acelga<\/td>\n<td>Acelga<\/td>\n<td>x<\/td>\n<td>x<\/td>\n<td>x<\/td>\n<td>x<\/td>\n<td>x<\/td>\n<td>x<\/td>\n<td>x<\/td>\n<td>x<\/td>\n<td>x<\/td>\n<td>x<\/td>\n<td>x<\/td>\n<td>x<\/td>\n<\/tr>\n<tr>\n<td>Ajo Puerro \/ Puerro<\/td>\n<td>Ayos Puerros \/ Puerru<\/td>\n<td>x<\/td>\n<td>x<\/td>\n<td>x<\/td>\n<td>x<\/td>\n<td>x<\/td>\n<td>x<\/td>\n<td>x<\/td>\n<td>x<\/td>\n<td>x<\/td>\n<td>x<\/td>\n<td>x<\/td>\n<td>x<\/td>\n<\/tr>\n<tr>\n<td>Alcachofa<\/td>\n<td>Alcachofa<\/td>\n<td><\/td>\n<td><\/td>\n<td><\/td>\n<td>x<\/td>\n<td>x<\/td>\n<td>x<\/td>\n<td>x<\/td>\n<td><\/td>\n<td><\/td>\n<td><\/td>\n<td><\/td>\n<td><\/td>\n<\/tr>\n<tr>\n<td>Berenjena<\/td>\n<td>Berenxena<\/td>\n<td><\/td>\n<td><\/td>\n<td><\/td>\n<td><\/td>\n<td><\/td>\n<td>x<\/td>\n<td>x<\/td>\n<td>x<\/td>\n<td>x<\/td>\n<td>x<\/td>\n<td><\/td>\n<td><\/td>\n<\/tr>\n<tr>\n<td>Berzas<\/td>\n<td>Berces<\/td>\n<td>x<\/td>\n<td>x<\/td>\n<td>x<\/td>\n<td>x<\/td>\n<td>x<\/td>\n<td>x<\/td>\n<td>x<\/td>\n<td>x<\/td>\n<td>x<\/td>\n<td>x<\/td>\n<td>x<\/td>\n<td>x<\/td>\n<\/tr>\n<tr>\n<td>Br\u00f3coli<\/td>\n<td>Br\u00f3coli<\/td>\n<td>x<\/td>\n<td>x<\/td>\n<td>x<\/td>\n<td>x<\/td>\n<td>x<\/td>\n<td>x<\/td>\n<td>x<\/td>\n<td><\/td>\n<td><\/td>\n<td><\/td>\n<td>x<\/td>\n<td>x<\/td>\n<\/tr>\n<tr>\n<td>Calabac\u00edn<\/td>\n<td>Calabac\u00edn<\/td>\n<td><\/td>\n<td><\/td>\n<td><\/td>\n<td><\/td>\n<td><\/td>\n<td>x<\/td>\n<td>x<\/td>\n<td>x<\/td>\n<td>x<\/td>\n<td>x<\/td>\n<td><\/td>\n<td><\/td>\n<\/tr>\n<tr>\n<td>Cebolleta<\/td>\n<td>Cebolleta<\/td>\n<td><\/td>\n<td><\/td>\n<td><\/td>\n<td>x<\/td>\n<td>x<\/td>\n<td>x<\/td>\n<td><\/td>\n<td><\/td>\n<td><\/td>\n<td><\/td>\n<td><\/td>\n<td><\/td>\n<\/tr>\n<tr>\n<td>Coles de bruselas<\/td>\n<td>Coles de bruselas<\/td>\n<td>x<\/td>\n<td>x<\/td>\n<td>x<\/td>\n<td>x<\/td>\n<td><\/td>\n<td><\/td>\n<td><\/td>\n<td><\/td>\n<td><\/td>\n<td><\/td>\n<td>x<\/td>\n<td>x<\/td>\n<\/tr>\n<tr>\n<td>Coliflor<\/td>\n<td>Coliflor<\/td>\n<td>x<\/td>\n<td>x<\/td>\n<td>x<\/td>\n<td>x<\/td>\n<td>x<\/td>\n<td>x<\/td>\n<td>x<\/td>\n<td>x<\/td>\n<td>x<\/td>\n<td>x<\/td>\n<td>x<\/td>\n<td>x<\/td>\n<\/tr>\n<tr>\n<td>Escarola<\/td>\n<td>Escarola<\/td>\n<td>x<\/td>\n<td>x<\/td>\n<td>x<\/td>\n<td>x<\/td>\n<td><\/td>\n<td><\/td>\n<td><\/td>\n<td><\/td>\n<td><\/td>\n<td>x<\/td>\n<td>x<\/td>\n<td>x<\/td>\n<\/tr>\n<tr>\n<td>Espinaca<\/td>\n<td>Espinaca<\/td>\n<td>x<\/td>\n<td>x<\/td>\n<td>x<\/td>\n<td>x<\/td>\n<td>x<\/td>\n<td>x<\/td>\n<td>x<\/td>\n<td><\/td>\n<td><\/td>\n<td><\/td>\n<td>x<\/td>\n<td>x<\/td>\n<\/tr>\n<tr>\n<td>Fr\u00e9joles \/ Vainas<\/td>\n<td>Fr\u00e9xoles\/vaines<\/td>\n<td><\/td>\n<td><\/td>\n<td><\/td>\n<td><\/td>\n<td><\/td>\n<td>x<\/td>\n<td>x<\/td>\n<td>x<\/td>\n<td>x<\/td>\n<td>x<\/td>\n<td><\/td>\n<td><\/td>\n<\/tr>\n<tr>\n<td>Guisantes<\/td>\n<td>Arbeyos<\/td>\n<td><\/td>\n<td><\/td>\n<td>x<\/td>\n<td>x<\/td>\n<td>x<\/td>\n<td>x<\/td>\n<td>x<\/td>\n<td>x<\/td>\n<td><\/td>\n<td><\/td>\n<td><\/td>\n<td><\/td>\n<\/tr>\n<tr>\n<td>Habas de mayo<\/td>\n<td>Fabes de mayu<\/td>\n<td><\/td>\n<td><\/td>\n<td><\/td>\n<td>x<\/td>\n<td>x<\/td>\n<td>x<\/td>\n<td><\/td>\n<td><\/td>\n<td><\/td>\n<td><\/td>\n<td><\/td>\n<td><\/td>\n<\/tr>\n<tr>\n<td>Lechuga<\/td>\n<td>Lechuga\/Llechuga<\/td>\n<td>x<\/td>\n<td>x<\/td>\n<td>x<\/td>\n<td>x<\/td>\n<td>x<\/td>\n<td>x<\/td>\n<td>x<\/td>\n<td>x<\/td>\n<td>x<\/td>\n<td>x<\/td>\n<td>x<\/td>\n<td>x<\/td>\n<\/tr>\n<tr>\n<td>Lombarda<\/td>\n<td>Lombarda\/Llombarda<\/td>\n<td><\/td>\n<td><\/td>\n<td>x<\/td>\n<td>x<\/td>\n<td>x<\/td>\n<td><\/td>\n<td>x<\/td>\n<td>x<\/td>\n<td>x<\/td>\n<td>x<\/td>\n<td>x<\/td>\n<td>x<\/td>\n<\/tr>\n<tr>\n<td>Nabos<\/td>\n<td>Nabos<\/td>\n<td>x<\/td>\n<td>x<\/td>\n<td>x<\/td>\n<td><\/td>\n<td><\/td>\n<td><\/td>\n<td><\/td>\n<td><\/td>\n<td><\/td>\n<td><\/td>\n<td>x<\/td>\n<td>x<\/td>\n<\/tr>\n<tr>\n<td>Pepino<\/td>\n<td>Pepinu<\/td>\n<td><\/td>\n<td><\/td>\n<td><\/td>\n<td><\/td>\n<td><\/td>\n<td><\/td>\n<td>x<\/td>\n<td>x<\/td>\n<td>x<\/td>\n<td>x<\/td>\n<td><\/td>\n<td><\/td>\n<\/tr>\n<tr>\n<td>Pimiento<\/td>\n<td>Pimientu<\/td>\n<td><\/td>\n<td><\/td>\n<td><\/td>\n<td><\/td>\n<td><\/td>\n<td>x<\/td>\n<td>x<\/td>\n<td>x<\/td>\n<td>x<\/td>\n<td>x<\/td>\n<td>x<\/td>\n<td><\/td>\n<\/tr>\n<tr>\n<td>Rabanitos<\/td>\n<td>Rabanitos<\/td>\n<td><\/td>\n<td><\/td>\n<td><\/td>\n<td>x<\/td>\n<td>x<\/td>\n<td>x<\/td>\n<td>x<\/td>\n<td>x<\/td>\n<td>x<\/td>\n<td>x<\/td>\n<td><\/td>\n<td><\/td>\n<\/tr>\n<tr>\n<td>Remolacha<\/td>\n<td>Remolacha<\/td>\n<td>x<\/td>\n<td>x<\/td>\n<td>x<\/td>\n<td><\/td>\n<td><\/td>\n<td><\/td>\n<td>x<\/td>\n<td>x<\/td>\n<td>x<\/td>\n<td>x<\/td>\n<td>x<\/td>\n<td>x<\/td>\n<\/tr>\n<tr>\n<td>Repollo<\/td>\n<td>Repollu<\/td>\n<td>x<\/td>\n<td>x<\/td>\n<td>x<\/td>\n<td>x<\/td>\n<td>x<\/td>\n<td>x<\/td>\n<td>x<\/td>\n<td>x<\/td>\n<td>x<\/td>\n<td>x<\/td>\n<td>x<\/td>\n<td>x<\/td>\n<\/tr>\n<tr>\n<td>Tomate<\/td>\n<td>Tomate<\/td>\n<td><\/td>\n<td><\/td>\n<td><\/td>\n<td><\/td>\n<td><\/td>\n<td><\/td>\n<td>x<\/td>\n<td>x<\/td>\n<td>x<\/td>\n<td>x<\/td>\n<td>x<\/td>\n<td><\/td>\n<\/tr>\n<tr>\n<td>Zanahoria<\/td>\n<td>Cenahoria<\/td>\n<td>x<\/td>\n<td>x<\/td>\n<td>x<\/td>\n<td><\/td>\n<td><\/td>\n<td>x<\/td>\n<td>x<\/td>\n<td>x<\/td>\n<td>x<\/td>\n<td>x<\/td>\n<td>x<\/td>\n<td>x<\/td>\n<\/tr>\n<\/tbody>\n<\/table>\n<\/figure>\n","protected":false},"excerpt":{"rendered":"<p>El director xeneral de Pol\u00edtica Lling\u00fc\u00edstica, Ant\u00f3n Garc\u00eda, present\u00f3 hoi nel colexu Jes\u00fas Neira de La Pola (\u1e36\u1e37ena) la publicaci\u00f3n qu&#8217;edita la Conseyer\u00eda de Cultura, Pol\u00edtica Lling\u00fc\u00edstica y Turismu ??????? ??? ?\u00fc???? ?????\u0301???? ?&#8217;???????? , un manual orientativu y informativu sobre les plantes de g\u00fcerta, el calendariu de sema, qu\u00e9 nos aporten, problemes y remedios [&hellip;]<\/p>\n","protected":false},"author":117,"featured_media":0,"parent":2118,"menu_order":0,"comment_status":"closed","ping_status":"closed","template":"","meta":{"footnotes":""},"class_list":["post-13238","page","type-page","status-publish","hentry"],"_links":{"self":[{"href":"https:\/\/edublog.educastur.es\/ixuxu\/wp-json\/wp\/v2\/pages\/13238","targetHints":{"allow":["GET"]}}],"collection":[{"href":"https:\/\/edublog.educastur.es\/ixuxu\/wp-json\/wp\/v2\/pages"}],"about":[{"href":"https:\/\/edublog.educastur.es\/ixuxu\/wp-json\/wp\/v2\/types\/page"}],"author":[{"embeddable":true,"href":"https:\/\/edublog.educastur.es\/ixuxu\/wp-json\/wp\/v2\/users\/117"}],"replies":[{"embeddable":true,"href":"https:\/\/edublog.educastur.es\/ixuxu\/wp-json\/wp\/v2\/comments?post=13238"}],"version-history":[{"count":3,"href":"https:\/\/edublog.educastur.es\/ixuxu\/wp-json\/wp\/v2\/pages\/13238\/revisions"}],"predecessor-version":[{"id":13856,"href":"https:\/\/edublog.educastur.es\/ixuxu\/wp-json\/wp\/v2\/pages\/13238\/revisions\/13856"}],"up":[{"embeddable":true,"href":"https:\/\/edublog.educastur.es\/ixuxu\/wp-json\/wp\/v2\/pages\/2118"}],"wp:attachment":[{"href":"https:\/\/edublog.educastur.es\/ixuxu\/wp-json\/wp\/v2\/media?parent=13238"}],"curies":[{"name":"wp","href":"https:\/\/api.w.org\/{rel}","templated":true}]}}