{"id":14716,"date":"2022-10-12T11:32:22","date_gmt":"2022-10-12T09:32:22","guid":{"rendered":"https:\/\/edublog.educastur.es\/ixuxu\/?page_id=14716"},"modified":"2022-10-12T12:00:11","modified_gmt":"2022-10-12T10:00:11","slug":"circulu-maxicu-cuentos-nasturianu","status":"publish","type":"page","link":"https:\/\/edublog.educastur.es\/ixuxu\/cuentos\/circulu-maxicu-cuentos-nasturianu\/","title":{"rendered":"C\u00edrculu M\u00e1xicu: cuentos n&#8217;asturianu"},"content":{"rendered":"<div class=\"voc-radar__s-hero\">\n<div class=\"voc-container\">\n<div class=\"voc-article-container\">\n<article class=\"voc-article voc-article--s-radar-primary voc-article--photo-left\">\n<div class=\"voc-img-container\">\n<div class=\"voc-horizontal voc-img-icon-link\"><img loading=\"lazy\" decoding=\"async\" class=\"lazy aligncenter\" src=\"https:\/\/canales.elcomercio.es\/circulu-maxicu\/imagenes\/circulu-maxicu.jpg\" alt=\"C\u00edrculu M\u00e1xicu\" width=\"425\" height=\"425\" data-original=\"imagenes\/circulu-maxicu.jpg\" \/><\/div>\n<\/div>\n<div class=\"voc-info-container\">\n<h2 class=\"voc-sub-title\">Un cuentu ye una ferramienta escepcional pa educar. Los ne\u00f1os pueden sintise dientro la hestoria y desenvuelve la so imaxinaci\u00f3n.<\/h2>\n<p class=\"voc-paragraph\">EL COMERCIO prop\u00f3n esta serie de &#8216;podcasts&#8217; pa la reciella n&#8217;asturianu como ferramienta educativa. Un formatu d&#8217;audio mirau a compartir cuentos y\u00e1 fechos por autores asturianos y completaos con actividaes de comprensi\u00f3n qu&#8217;ayuden a los rapacinos y rapacines a interiorizar la hestoria del cuentu y de la llingua asturiana.<\/p>\n<header class=\"voc-radar__header\">\n<h2 class=\"voc-radar__header-title\"><a href=\"https:\/\/edublog.educastur.es\/ixuxu\/cuentos\/circulu-maxicu-cuentos-nasturianu\">Los cuentos<\/a><\/h2>\n<\/header>\n<div class=\"voc-radar__grid voc-grid voc-grid--4-cols\">\n<div class=\"voc-grid__col\">\n<div class=\"voc-article-container\">\n<article class=\"voc-article voc-article--s-radar voc-article--photo-top voc-article--photo-top--left-xs \">\n<div class=\"voc-img-container \"><a class=\" voc-horizontal voc-img-icon-link\" href=\"https:\/\/canales.elcomercio.es\/circulu-maxicu\/lena-en-pueblu.html\"> <img decoding=\"async\" class=\"lazy\" src=\"https:\/\/canales.elcomercio.es\/circulu-maxicu\/imagenes\/icon\/lena-en-pueblu.png\" alt=\"Lena en pueblu\" data-original=\"imagenes\/icon\/lena-en-pueblu.png\" \/> <\/a><\/div>\n<div class=\"voc-info-container\">\n<div class=\"voc-info-container__wrapper\">\n<p><span class=\"voc-prev-title\">Cuentu 1<\/span><\/p>\n<h3 class=\"voc-title\"><a href=\"https:\/\/canales.elcomercio.es\/circulu-maxicu\/lena-en-pueblu.html\">Lena en pueblu<\/a><\/h3>\n<p class=\"voc-paragraph\">Esta vez Lena, colos padres, va facer un viaxe a Quintana, a ver los g\u00fcelos, l&#8217;horru, les vaques y el Pastor, esi perru grande que tanto la quier<\/p>\n<\/div>\n<\/div>\n<\/article>\n<\/div>\n<\/div>\n<\/div>\n<div class=\"voc-grid__col\">\n<div class=\"voc-article-container\">\n<article class=\"voc-article voc-article--s-radar voc-article--photo-top voc-article--photo-top--left-xs \">\n<div class=\"voc-img-container \"><a class=\" voc-horizontal voc-img-icon-link\" href=\"https:\/\/canales.elcomercio.es\/circulu-maxicu\/vaya-manana-de-xareu.html\"> <img decoding=\"async\" class=\"lazy\" src=\"https:\/\/canales.elcomercio.es\/circulu-maxicu\/imagenes\/icon\/vaya-manana-de-xareu.png\" alt=\"alternative text\" data-original=\"imagenes\/icon\/vaya-manana-de-xareu.png\" \/> <\/a><\/div>\n<div class=\"voc-info-container\">\n<div class=\"voc-info-container__wrapper\">\n<p><span class=\"voc-prev-title\">Cuentu 2<\/span><\/p>\n<h3 class=\"voc-title\"><a href=\"https:\/\/canales.elcomercio.es\/circulu-maxicu\/vaya-manana-de-xareu.html\">\u00a1Vaya ma\u00f1ana de xar\u00e9u!<\/a><\/h3>\n<p class=\"voc-paragraph\">Pelayu tien muncha imaxinaci\u00f3n y esti ye un talentu que lu pue sacar de munchos apuros. Por exemplu, pa xustificar el llegar tarde a clase<\/p>\n<\/div>\n<\/div>\n<\/article>\n<\/div>\n<\/div>\n<div class=\"voc-grid__col\">\n<div class=\"voc-article-container\">\n<article class=\"voc-article voc-article--s-radar voc-article--photo-top voc-article--photo-top--left-xs \">\n<div class=\"voc-img-container \"><a class=\" voc-horizontal voc-img-icon-link\" href=\"https:\/\/canales.elcomercio.es\/circulu-maxicu\/isidru.html\"> <img decoding=\"async\" class=\"lazy\" src=\"https:\/\/canales.elcomercio.es\/circulu-maxicu\/imagenes\/icon\/isidru.png\" alt=\"alternative text\" data-original=\"imagenes\/icon\/isidru.png\" \/> <\/a><\/div>\n<div class=\"voc-info-container\">\n<div class=\"voc-info-container__wrapper\">\n<p><span class=\"voc-prev-title\">Cuentu 3<\/span><\/p>\n<h3 class=\"voc-title\"><a href=\"https:\/\/canales.elcomercio.es\/circulu-maxicu\/isidru.html\">Isidru<\/a><\/h3>\n<p class=\"voc-paragraph\">Falten pocos d\u00edes pa celebrar Les Comedies y Isidru ta atristay\u00e1u, \u00bfqu\u00e9 sedr\u00e1 lo que-y pasa?<\/p>\n<\/div>\n<\/div>\n<\/article>\n<\/div>\n<\/div>\n<div class=\"voc-grid__col\">\n<div class=\"voc-article-container\">\n<article class=\"voc-article voc-article--s-radar voc-article--photo-top voc-article--photo-top--left-xs \">\n<div class=\"voc-img-container \"><a class=\" voc-horizontal voc-img-icon-link\" href=\"https:\/\/canales.elcomercio.es\/circulu-maxicu\/xuanin-so-perru-starski.html\"> <img decoding=\"async\" class=\"lazy\" src=\"https:\/\/canales.elcomercio.es\/circulu-maxicu\/imagenes\/icon\/xuanin-so-perru-starski.png\" alt=\"alternative text\" data-original=\"imagenes\/icon\/xuanin-so-perru-starski.png\" \/> <\/a><\/div>\n<div class=\"voc-info-container\">\n<div class=\"voc-info-container__wrapper\">\n<p><span class=\"voc-prev-title\">Cuentu 4<\/span><\/p>\n<h3 class=\"voc-title\"><a href=\"https:\/\/canales.elcomercio.es\/circulu-maxicu\/xuanin-so-perru-starski.html\">Xuan\u00edn y el so perru Starski<\/a><\/h3>\n<p class=\"voc-paragraph\">Cuando un d\u00eda&#8217;l p\u00e1 de Xuan\u00edn lleg\u00f3 a casa col perru Starski, a la madre nun-y prest\u00f3 gota, porque am\u00e1s el perru yera un tanto sinverg\u00fcenza<\/p>\n<\/div>\n<\/div>\n<\/article>\n<\/div>\n<\/div>\n<div class=\"voc-grid__col\">\n<div class=\"voc-article-container\">\n<article class=\"voc-article voc-article--s-radar voc-article--photo-top voc-article--photo-top--left-xs \">\n<div class=\"voc-img-container \"><a class=\" voc-horizontal voc-img-icon-link\" href=\"https:\/\/canales.elcomercio.es\/circulu-maxicu\/los-nomades-de-la-mar.html\"> <img decoding=\"async\" class=\"lazy\" src=\"https:\/\/canales.elcomercio.es\/circulu-maxicu\/imagenes\/icon\/los-nomades-de-la-mar.png\" alt=\"alternative text\" data-original=\"imagenes\/icon\/los-nomades-de-la-mar.png\" \/> <\/a><\/div>\n<div class=\"voc-info-container\">\n<div class=\"voc-info-container__wrapper\">\n<p><span class=\"voc-prev-title\">Cuentu 5<\/span><\/p>\n<h3 class=\"voc-title\"><a href=\"https:\/\/canales.elcomercio.es\/circulu-maxicu\/los-nomades-de-la-mar.html\">Los n\u00f3mades de la mar<\/a><\/h3>\n<p class=\"voc-paragraph\">Los rayos del Sol manquen a la Princesa de los Oc\u00e9anos y a los sos amigos, Pexe Caparina y los dem\u00e1s<\/p>\n<\/div>\n<\/div>\n<\/article>\n<\/div>\n<\/div>\n<div class=\"voc-grid__col\">\n<div class=\"voc-article-container\">\n<article class=\"voc-article voc-article--s-radar voc-article--photo-top voc-article--photo-top--left-xs \">\n<div class=\"voc-img-container \"><a class=\" voc-horizontal voc-img-icon-link\" href=\"https:\/\/canales.elcomercio.es\/circulu-maxicu\/sali-y-el-mundo-de-colores.html\"> <img decoding=\"async\" class=\"lazy\" src=\"https:\/\/canales.elcomercio.es\/circulu-maxicu\/imagenes\/icon\/sali-y-el-mundo-de-colores.png\" alt=\"alternative text\" data-original=\"imagenes\/icon\/sali-y-el-mundo-de-colores.png\" \/> <\/a><\/div>\n<div class=\"voc-info-container\">\n<div class=\"voc-info-container__wrapper\">\n<p><span class=\"voc-prev-title\">Cuentu 6<\/span><\/p>\n<h3 class=\"voc-title\"><a href=\"https:\/\/canales.elcomercio.es\/circulu-maxicu\/sali-y-el-mundo-de-colores.html\">Sali y el mundu de colores<\/a><\/h3>\n<p class=\"voc-paragraph\">Un \u00e1lbum ilustr\u00e1u qu\u2019abre les ventanes del mundu de par en par pa qu\u2019entren n\u00e9l los colores de l\u2019allegr\u00eda y la diversid\u00e1 y que va ser a entretener a grandes y peque\u00f1os<\/p>\n<\/div>\n<\/div>\n<\/article>\n<\/div>\n<\/div>\n<div class=\"voc-grid__col\">\n<div class=\"voc-article-container\">\n<article class=\"voc-article voc-article--s-radar voc-article--photo-top voc-article--photo-top--left-xs \">\n<div class=\"voc-img-container \"><a class=\" voc-horizontal voc-img-icon-link\" href=\"https:\/\/canales.elcomercio.es\/circulu-maxicu\/rosa-quier-otra-cosa.html\"> <img decoding=\"async\" class=\"lazy\" src=\"https:\/\/canales.elcomercio.es\/circulu-maxicu\/imagenes\/icon\/rosa-quier-otra-cosa.png\" alt=\"alternative text\" data-original=\"imagenes\/icon\/rosa-quier-otra-cosa.png\" \/> <\/a><\/div>\n<div class=\"voc-info-container\">\n<div class=\"voc-info-container__wrapper\">\n<p><span class=\"voc-prev-title\">Cuentu 7<\/span><\/p>\n<h3 class=\"voc-title\"><a href=\"https:\/\/canales.elcomercio.es\/circulu-maxicu\/rosa-quier-otra-cosa.html\">Rosa quier otra cosa<\/a><\/h3>\n<p class=\"voc-paragraph\">Ll\u00e1mome Rosa y ent\u00e1 nun cumpl\u00ed los tres a\u00f1os. Toos dicen que soi \u00abespecial\u00bb. Creo que ye porque nun me gusten les mo\u00f1eques<\/p>\n<\/div>\n<\/div>\n<\/article>\n<\/div>\n<\/div>\n<div class=\"voc-grid__col\">\n<div class=\"voc-article-container\">\n<article class=\"voc-article voc-article--s-radar voc-article--photo-top voc-article--photo-top--left-xs \">\n<div class=\"voc-img-container \"><a class=\" voc-horizontal voc-img-icon-link\" href=\"https:\/\/canales.elcomercio.es\/circulu-maxicu\/pa-que-val-una-bufanda.html\"> <img decoding=\"async\" class=\"lazy\" src=\"https:\/\/canales.elcomercio.es\/circulu-maxicu\/imagenes\/icon\/pa-que-val-una-bufanda.png\" alt=\"alternative text\" data-original=\"imagenes\/icon\/pa-que-val-una-bufanda.png\" \/> <\/a><\/div>\n<div class=\"voc-info-container\">\n<div class=\"voc-info-container__wrapper\">\n<p><span class=\"voc-prev-title\">Cuentu 8<\/span><\/p>\n<h3 class=\"voc-title\"><a href=\"https:\/\/canales.elcomercio.es\/circulu-maxicu\/pa-que-val-una-bufanda.html\">\u00bfPa qu\u00e9 val una bufanda?<\/a><\/h3>\n<p class=\"voc-paragraph\">Esti llibru tien como oxetivu, en palabres del autor, \u00abque los ne\u00f1os dexen volar la imaxinaci\u00f3n. Tr\u00e1tase de ver los distintos usos de los oxetos cotidianos<\/p>\n<\/div>\n<\/div>\n<\/article>\n<\/div>\n<\/div>\n<div class=\"voc-grid__col\">\n<div class=\"voc-article-container\">\n<article class=\"voc-article voc-article--s-radar voc-article--photo-top voc-article--photo-top--left-xs \">\n<div class=\"voc-img-container \"><a class=\" voc-horizontal voc-img-icon-link\" href=\"https:\/\/canales.elcomercio.es\/circulu-maxicu\/celin-y-el-trabayu-escolar.html\"> <img decoding=\"async\" class=\"lazy\" src=\"https:\/\/canales.elcomercio.es\/circulu-maxicu\/imagenes\/icon\/celin-y-el-trabayu-escolar.png\" alt=\"alternative text\" data-original=\"imagenes\/icon\/celin-y-el-trabayu-escolar.png\" \/> <\/a><\/div>\n<div class=\"voc-info-container\">\n<div class=\"voc-info-container__wrapper\">\n<p><span class=\"voc-prev-title\">Cuentu 9<\/span><\/p>\n<h3 class=\"voc-title\"><a href=\"https:\/\/canales.elcomercio.es\/circulu-maxicu\/celin-y-el-trabayu-escolar.html\">Cel\u00edn y el trabayu escolar<\/a><\/h3>\n<p class=\"voc-paragraph\">Cel\u00edn ye un rapac\u00edn m\u00e1s trastu que\u00b4l degorriu. Vuelve agora a poner tarumbes a los g\u00fcelos y al vecindariu del pueblu d&#8217;estos<\/p>\n<\/div>\n<\/div>\n<\/article>\n<\/div>\n<\/div>\n<div class=\"voc-grid__col\">\n<div class=\"voc-article-container\">\n<article class=\"voc-article voc-article--s-radar voc-article--photo-top voc-article--photo-top--left-xs \">\n<div class=\"voc-img-container \"><a class=\" voc-horizontal voc-img-icon-link\" href=\"https:\/\/canales.elcomercio.es\/circulu-maxicu\/nun-yos-tengas-perceguera.html\"> <img decoding=\"async\" class=\"lazy\" src=\"https:\/\/canales.elcomercio.es\/circulu-maxicu\/imagenes\/icon\/nun-yos-tengas-perceguera.png\" alt=\"alternative text\" data-original=\"imagenes\/icon\/nun-yos-tengas-perceguera.png\" \/> <\/a><\/div>\n<div class=\"voc-info-container\">\n<div class=\"voc-info-container__wrapper\">\n<p><span class=\"voc-prev-title\">Cuentu 10<\/span><\/p>\n<h3 class=\"voc-title\"><a href=\"https:\/\/canales.elcomercio.es\/circulu-maxicu\/nun-yos-tengas-perceguera.html\">Nun-yos tengas perceguera<\/a><\/h3>\n<p class=\"voc-paragraph\">Nun mundu cada vuelta m\u00e1s urbanu nel que los nenos malapenes saben que la lleche dalo la vaca , paez mui atractivu y apropi\u00e1u esti llibru<\/p>\n<\/div>\n<\/div>\n<\/article>\n<\/div>\n<\/div>\n<\/div>\n<\/article>\n<\/div>\n<\/div>\n<\/div>\n","protected":false},"excerpt":{"rendered":"<p>Un cuentu ye una ferramienta escepcional pa educar. Los ne\u00f1os pueden sintise dientro la hestoria y desenvuelve la so imaxinaci\u00f3n. EL COMERCIO prop\u00f3n esta serie de &#8216;podcasts&#8217; pa la reciella n&#8217;asturianu como ferramienta educativa. Un formatu d&#8217;audio mirau a compartir cuentos y\u00e1 fechos por autores asturianos y completaos con actividaes de comprensi\u00f3n qu&#8217;ayuden a los [&hellip;]<\/p>\n","protected":false},"author":117,"featured_media":0,"parent":1272,"menu_order":0,"comment_status":"closed","ping_status":"closed","template":"","meta":{"footnotes":""},"class_list":["post-14716","page","type-page","status-publish","hentry"],"_links":{"self":[{"href":"https:\/\/edublog.educastur.es\/ixuxu\/wp-json\/wp\/v2\/pages\/14716","targetHints":{"allow":["GET"]}}],"collection":[{"href":"https:\/\/edublog.educastur.es\/ixuxu\/wp-json\/wp\/v2\/pages"}],"about":[{"href":"https:\/\/edublog.educastur.es\/ixuxu\/wp-json\/wp\/v2\/types\/page"}],"author":[{"embeddable":true,"href":"https:\/\/edublog.educastur.es\/ixuxu\/wp-json\/wp\/v2\/users\/117"}],"replies":[{"embeddable":true,"href":"https:\/\/edublog.educastur.es\/ixuxu\/wp-json\/wp\/v2\/comments?post=14716"}],"version-history":[{"count":5,"href":"https:\/\/edublog.educastur.es\/ixuxu\/wp-json\/wp\/v2\/pages\/14716\/revisions"}],"predecessor-version":[{"id":14723,"href":"https:\/\/edublog.educastur.es\/ixuxu\/wp-json\/wp\/v2\/pages\/14716\/revisions\/14723"}],"up":[{"embeddable":true,"href":"https:\/\/edublog.educastur.es\/ixuxu\/wp-json\/wp\/v2\/pages\/1272"}],"wp:attachment":[{"href":"https:\/\/edublog.educastur.es\/ixuxu\/wp-json\/wp\/v2\/media?parent=14716"}],"curies":[{"name":"wp","href":"https:\/\/api.w.org\/{rel}","templated":true}]}}