{"id":15727,"date":"2023-01-13T18:05:50","date_gmt":"2023-01-13T16:05:50","guid":{"rendered":"https:\/\/edublog.educastur.es\/ixuxu\/?page_id=15727"},"modified":"2025-01-21T15:40:53","modified_gmt":"2025-01-21T13:40:53","slug":"calendariu","status":"publish","type":"page","link":"https:\/\/edublog.educastur.es\/ixuxu\/calendariu\/","title":{"rendered":"Calendariu"},"content":{"rendered":"<ul>\n<li><span style=\"color: #008080;font-size: 20px\"><strong><em><a style=\"color: #008080\" href=\"https:\/\/www.calendarr.com\/espana\/dias-festivos-2025\/\">D\u00edes de&#8230; 2025<\/a><\/em><\/strong><\/span><\/li>\n<\/ul>\n<p style=\"text-align: center\"><strong><span style=\"font-size: 28px;color: #008080\">2024-2025<\/span><\/strong><\/p>\n<p><a href=\"https:\/\/www.educastur.es\/calendario-escolar\">Educastur\u00a0<\/a><\/p>\n<p style=\"text-align: center\"><a href=\"https:\/\/s3.ppllstatics.com\/elcomercio\/www\/multimedia\/2024\/09\/04\/calendario-escolar-asturias-2024-2025.jpg\"><img loading=\"lazy\" decoding=\"async\" class=\"aligncenter size-full\" src=\"https:\/\/s3.ppllstatics.com\/elcomercio\/www\/multimedia\/2024\/09\/04\/calendario-escolar-asturias-2024-2025.jpg\" width=\"1290\" height=\"911\" \/><\/a><\/p>\n<p><a href=\"https:\/\/www.educastur.es\/documents\/34868\/39577\/2024-05-calendario-24-25-vertical.pdf\/ed55a85a-8396-e2dd-9816-2bd59b191a0a?t=1717073055862\" target=\"_blank\" rel=\"noopener\">Calendario 2024-2025. Formato vertical<\/a>\u00a0(pdf)<br \/>\n<a href=\"https:\/\/www.educastur.es\/documents\/34868\/39577\/2024-05-calendario-24-25-cuadernillo.pdf\/f50a0cf5-632c-c8c7-ef2e-9ac627f81ab6?t=1717073081134\" target=\"_blank\" rel=\"noopener\">Calendario 2024-2025. Cuadernillo<\/a>\u00a0(pdf)<br \/>\n<a href=\"https:\/\/www.educastur.es\/documents\/34868\/39577\/2024-05-calendario-24-25-apaisado.pdf\/1e622f08-2a14-cd7b-f477-96325b159571?t=1717073097114\" target=\"_blank\" rel=\"noopener\">Calendario 2024-2025. Formato apaisado<\/a>\u00a0(pdf)<\/p>\n<p><img loading=\"lazy\" decoding=\"async\" class=\"size-full aligncenter\" src=\"https:\/\/encrypted-tbn0.gstatic.com\/images?q=tbn:ANd9GcRUEMsdW0uGPaNaTBfoOxo3MMUR5oVnLAW0AazoSvZ2uO2Wp2WhVZLdK4y_s2ZbFW7FH-U&amp;usqp=CAU\" width=\"275\" height=\"183\" \/><\/p>\n<header class=\"entry-header\">\n<h1><\/h1>\n<h1><\/h1>\n<h1><\/h1>\n<h1 class=\"entry-title\" style=\"text-align: center\"><span style=\"color: #008080\">2023-2024<\/span><\/h1>\n<div class=\"entry-meta\"><span class=\"posted-on\">Publicado el <a href=\"https:\/\/edublog.educastur.es\/ixuxu\/2023\/05\/calendariu-escolar-2023-2024\/\" rel=\"bookmark\">28\/05\/2023<\/a><\/span> <span class=\"edit-link\"><span class=\"sep\">\u2022<\/span><a class=\"post-edit-link\" href=\"https:\/\/edublog.educastur.es\/ixuxu\/wp-admin\/post.php?post=20237&amp;action=edit&amp;classic-editor\">Editar <span class=\"screen-reader-text\">\u00abCalendariu Escolar 2023-2024\u00bb<\/span><\/a><\/span><\/div>\n<\/header>\n<div class=\"entry-content\">\n<ul>\n<li><a class=\"pdf\" title=\"2023_04_27 NP Calendario escolar 2023-2024.pdf. Abre una nueva ventana\" href=\"https:\/\/actualidad.asturias.es\/documents\/533407\/0\/2023_04_27+NP+Calendario+escolar+2023-2024.pdf\/7ef29e1a-f6e7-eb1e-ff9a-89fbc6e7fcab?t=1682591024993\" target=\"_blank\" rel=\"noopener\"> 2023_04_27 NP Calendario escolar 2023-2024.pdf <\/a><\/li>\n<li><a class=\"pdf\" title=\"2023_04_27 CALENDARIO ESCOLAR 2023-2024.pdf. Abre una nueva ventana\" href=\"https:\/\/actualidad.asturias.es\/documents\/533407\/0\/2023_04_27+CALENDARIO+ESCOLAR+2023-2024.pdf\/291d5001-7b25-5025-a3e4-c74476e2eda8?t=1682591035043\" target=\"_blank\" rel=\"noopener\"> 2023_04_27 CALENDARIO ESCOLAR 2023-2024.pdf <\/a><\/li>\n<\/ul>\n<p>La Conseyer\u00eda d\u2019Educaci\u00f3n aprob\u00f3 g\u00fcei el calendariu escolar para\u2019l pr\u00f3ximu cursu 2023-2024. La principal noved\u00e1 ye que se contemplen periodos de respiru en tolos trimestres: dos nel primeru, que ye\u2019l m\u00e1s llargu, y una parada nos otros dos. El nuevu cursu va empezar el 11 de setiembre y va rematar el 21 de xunu de 2024.<\/p>\n<ul>\n<li>Fonte: <a href=\"https:\/\/www.educastur.es\/-\/calendario-escolar-2023-2024?inheritRedirect=true&amp;redirect=https%3A%2F%2Fwww.educastur.es%2Fbusqueda%3Fp_p_id%3Dcom_liferay_portal_search_web_portlet_SearchPortlet%26p_p_lifecycle%3D0%26p_p_state%3Dmaximized%26p_p_mode%3Dview%26_com_liferay_portal_search_web_portlet_SearchPortlet_redirect%3D%252Fbusqueda%26_com_liferay_portal_search_web_portlet_SearchPortlet_mvcPath%3D%252Fsearch.jsp%26_com_liferay_portal_search_web_portlet_SearchPortlet_keywords%3Dcalendario\">Educastur<\/a> \/<\/li>\n<li><a href=\"https:\/\/sede.asturias.es\/bopa\/2023\/05\/10\/2023-03661.pdf\" target=\"_blank\" rel=\"noopener\">Calendario escolar 2023-2024. Resoluci\u00f3n<\/a>. BOPA 10-05-2023 (pdf)<\/li>\n<li><a href=\"https:\/\/www.educastur.es\/documents\/34868\/39577\/2023-05-calendario-23-24-vertical.pdf\/70efa031-4f03-c9c2-d9de-698a8423a68f?t=1683812872328\" target=\"_blank\" rel=\"noopener\">Calendario 2023-2024. Formato vertical<\/a> (pdf)<\/li>\n<li><a href=\"https:\/\/www.educastur.es\/documents\/34868\/39577\/2023-05-calendario-23-24-cuadernillo.pdf\/5718a05f-c897-1b9d-32ce-18e575be6b84?t=1683812872098\" target=\"_blank\" rel=\"noopener\">Calendario 2023-2024. Cuadernillo<\/a> (pdf)<\/li>\n<li><a href=\"https:\/\/www.educastur.es\/documents\/34868\/39577\/2023-05-calendario-23-24-apaisado.pdf\/7b6d1233-97ac-0344-8ab4-19f8b7bc17de?t=1683812871571\" target=\"_blank\" rel=\"noopener\">Calendario 2023-2024. Formato apaisado<\/a>\u00a0(pdf)<\/li>\n<\/ul>\n<p>Establez un total de 177 d\u00edes lectivos \u2013distribuy\u00edos en 68, 53 y 56 por trimestre-, a los qu\u2019hai que descontar les dos xornaes ensin activid\u00e1 escolar qu\u2019establez cada conceyu coincidiendo coles sos festividaes locales.<\/p>\n<p>Les vacaciones de Navid\u00e1 suman 16 d\u00edes (del 23 d\u2019avientu al 7 de xineru) y les de Selmana Santa, 10 (del 23 de marzu al 1 d\u2019abril).<\/p>\n<p><img loading=\"lazy\" decoding=\"async\" class=\"aligncenter\" src=\"https:\/\/encrypted-tbn0.gstatic.com\/images?q=tbn:ANd9GcTR28kVyfgd3qwCkn2ICP6JNBpKea-RZS3fF5sLEuFyAkmWuml3Qyn-alg-FidZmJD8Ug&amp;usqp=CAU\" width=\"347\" height=\"37\" \/><\/p>\n<\/div>\n<ul>\n<li>\n<h2 class=\"entry-title\"><strong><span style=\"font-size: 24px\"><a href=\"https:\/\/edublog.educastur.es\/ixuxu\/2022\/12\/2023-calendariu-llaboral-nespana\/\" rel=\"bookmark\">2023: Calendariu llaboral n\u2019Espa\u00f1a<\/a><\/span><\/strong><\/h2>\n<\/li>\n<li><strong><span style=\"font-size: 24px\"><a href=\"https:\/\/edublog.educastur.es\/ixuxu\/calendariu\/cientificu\">Cienf\u00edficu<\/a><\/span><\/strong><\/li>\n<\/ul>\n<p><img loading=\"lazy\" decoding=\"async\" class=\"aligncenter\" src=\"https:\/\/encrypted-tbn0.gstatic.com\/images?q=tbn:ANd9GcTR28kVyfgd3qwCkn2ICP6JNBpKea-RZS3fF5sLEuFyAkmWuml3Qyn-alg-FidZmJD8Ug&amp;usqp=CAU\" width=\"347\" height=\"37\" \/><\/p>\n<p style=\"text-align: center\"><strong><span style=\"font-size: 24px;color: #008080\">\u00a02022<\/span><\/strong><\/p>\n<ul>\n<li><strong><span style=\"font-size: 20px\"><a href=\"https:\/\/ecoosfera.com\/calendario-astronomico-2022-eventos-cosmos\/\">Calendariu astron\u00f3micu 2022<\/a><\/span><\/strong><\/li>\n<li>\n<h2 class=\"entry-title\"><strong><span style=\"font-size: 20px\"><a href=\"https:\/\/edublog.educastur.es\/ixuxu\/2022\/01\/el-calendariu-cientificu-escolar-2022-del-csic-nasturianu\/\" rel=\"bookmark\">El \u2018Calendariu Cient\u00edficu Escolar 2022\u2019 del CSIC n\u2019asturianu<\/a><\/span><\/strong><\/h2>\n<\/li>\n<li><strong><span style=\"font-size: 20px\">Cient\u00edficu <a href=\"https:\/\/digital.csic.es\/bitstream\/10261\/256426\/3\/2022-AST-Calendariu-cientificu-escolar-guia-didautica.pdf\">Gu\u00eda<\/a>.pdf \/ <a href=\"https:\/\/digital.csic.es\/bitstream\/10261\/256426\/7\/2022-AST-Calendariu-cientificu-escolar-impresion-A4.pdf\">A4<\/a> \/ <a href=\"https:\/\/digital.csic.es\/bitstream\/10261\/256426\/6\/2022-AST-Calendariu-cientificu-escolar-impresion-A3-folleto.pdf\">A3<\/a> \/ <a href=\"https:\/\/drive.google.com\/file\/d\/1a3laH5iw7ljCuUXE5WBxYd7JSIhx3GX1\/preview\">VER PDF<\/a><\/span><\/strong><\/li>\n<li>\n<h2 class=\"entry-title\"><strong><span style=\"font-size: 20px\"><a href=\"https:\/\/edublog.educastur.es\/ixuxu\/2022\/01\/calendariu-2022-2\/\" rel=\"bookmark\">Calendariu 2022<\/a><\/span><\/strong><\/h2>\n<\/li>\n<li>\n<h2 class=\"entry-title\"><a href=\"https:\/\/edublog.educastur.es\/ixuxu\/2021\/12\/calendario-2020-muyeres-esenciales\/\" rel=\"bookmark\"><strong><span style=\"font-size: 20px\">Calendariu: \u00abMuyeres esenciales\u00bb<\/span><\/strong><\/a><\/h2>\n<\/li>\n<\/ul>\n<p><span style=\"font-size: 20px\"><img loading=\"lazy\" decoding=\"async\" class=\"aligncenter\" src=\"https:\/\/encrypted-tbn0.gstatic.com\/images?q=tbn:ANd9GcTR28kVyfgd3qwCkn2ICP6JNBpKea-RZS3fF5sLEuFyAkmWuml3Qyn-alg-FidZmJD8Ug&amp;usqp=CAU\" width=\"347\" height=\"37\" \/><\/span><\/p>\n<ul>\n<li class=\"entry-title\"><span style=\"font-size: 20px\"><a href=\"https:\/\/edublog.educastur.es\/ixuxu\/2021\/06\/7362\/\" rel=\"bookmark\">Calendariu de la g\u00fcerta n\u00b4Asturies<\/a><\/span><\/li>\n<li class=\"entry-title\"><span style=\"font-size: 20px\"><a href=\"https:\/\/edublog.educastur.es\/ixuxu\/2021\/02\/calendariu-astronomicu-marzu-2021-averase-la-enerxia-del-equinocciu-de-primavera\/\" rel=\"bookmark\">Calendariu astron\u00f3micu marzu 2021: av\u00e9rase la enerx\u00eda del equinocciu de primavera<\/a><\/span><\/li>\n<li>\n<h2 class=\"entry-title\"><span style=\"font-size: 20px\"><a href=\"https:\/\/edublog.educastur.es\/ixuxu\/2021\/01\/calendariu-cientificu-escolar-2021\/\" rel=\"bookmark\">Calendariu cient\u00edficu escolar 2021<\/a><\/span><\/h2>\n<\/li>\n<li>\n<h2 class=\"entry-title\"><span style=\"font-size: 20px\"><a href=\"https:\/\/edublog.educastur.es\/ixuxu\/2021\/01\/xixon-anos-60-calendariu-de-2021\/\" rel=\"bookmark\">\u00abXix\u00f3n. A\u00f1os 60\u00bb: calendariu de 2021<\/a><\/span><\/h2>\n<\/li>\n<li>\n<h2 class=\"entry-title\"><span style=\"font-size: 20px\"><a href=\"https:\/\/edublog.educastur.es\/ixuxu\/2021\/01\/calendariu-la-kadarma\/\" rel=\"bookmark\">Calendariu \u00abLa Kadarma\u00bb<\/a><\/span><\/h2>\n<\/li>\n<li>\n<h2 class=\"entry-title\"><span style=\"font-size: 20px\"><a href=\"https:\/\/edublog.educastur.es\/ixuxu\/2021\/01\/lespectacular-calendariu-2021-dedicau-al-camin-de-santiago-primitivu-dasturies\/\" rel=\"bookmark\">L\u2019espectacular calendariu 2021 dedic\u00e1u al Cam\u00edn de Santiago Primitivu d\u2019Asturies<\/a><\/span><\/h2>\n<\/li>\n<li>\n<h2 class=\"entry-title\"><span style=\"font-size: 20px\"><a href=\"https:\/\/edublog.educastur.es\/ixuxu\/2021\/01\/calendariu-2022\/\" rel=\"bookmark\">Calendariu 2022 \u00abEl Xix\u00f3n de los 70\u00bb<\/a><\/span><\/h2>\n<\/li>\n<li>\n<h2 class=\"entry-title\"><a href=\"https:\/\/edublog.educastur.es\/ixuxu\/2020\/12\/calendariu-coeducativu-tiempu-de-muyeres-muyeres-nel-tiempu-2021\/\" rel=\"bookmark\"><span style=\"font-size: 20px\">Calendariu Coeducativu: Tiempu de Muyeres, Muyeres nel Tiempu 2021<\/span><\/a><\/h2>\n<\/li>\n<li><a href=\"https:\/\/diamundial.es\">https:\/\/diamundial.es<\/a><\/li>\n<\/ul>\n","protected":false},"excerpt":{"rendered":"<p>D\u00edes de&#8230; 2025 2024-2025 Educastur\u00a0 Calendario 2024-2025. Formato vertical\u00a0(pdf) Calendario 2024-2025. Cuadernillo\u00a0(pdf) Calendario 2024-2025. Formato apaisado\u00a0(pdf) 2023-2024 Publicado el 28\/05\/2023 \u2022Editar \u00abCalendariu Escolar 2023-2024\u00bb 2023_04_27 NP Calendario escolar 2023-2024.pdf 2023_04_27 CALENDARIO ESCOLAR 2023-2024.pdf La Conseyer\u00eda d\u2019Educaci\u00f3n aprob\u00f3 g\u00fcei el calendariu escolar para\u2019l pr\u00f3ximu cursu 2023-2024. La principal noved\u00e1 ye que se contemplen periodos de respiru [&hellip;]<\/p>\n","protected":false},"author":117,"featured_media":0,"parent":0,"menu_order":0,"comment_status":"closed","ping_status":"closed","template":"","meta":{"footnotes":""},"class_list":["post-15727","page","type-page","status-publish","hentry"],"_links":{"self":[{"href":"https:\/\/edublog.educastur.es\/ixuxu\/wp-json\/wp\/v2\/pages\/15727","targetHints":{"allow":["GET"]}}],"collection":[{"href":"https:\/\/edublog.educastur.es\/ixuxu\/wp-json\/wp\/v2\/pages"}],"about":[{"href":"https:\/\/edublog.educastur.es\/ixuxu\/wp-json\/wp\/v2\/types\/page"}],"author":[{"embeddable":true,"href":"https:\/\/edublog.educastur.es\/ixuxu\/wp-json\/wp\/v2\/users\/117"}],"replies":[{"embeddable":true,"href":"https:\/\/edublog.educastur.es\/ixuxu\/wp-json\/wp\/v2\/comments?post=15727"}],"version-history":[{"count":12,"href":"https:\/\/edublog.educastur.es\/ixuxu\/wp-json\/wp\/v2\/pages\/15727\/revisions"}],"predecessor-version":[{"id":40585,"href":"https:\/\/edublog.educastur.es\/ixuxu\/wp-json\/wp\/v2\/pages\/15727\/revisions\/40585"}],"wp:attachment":[{"href":"https:\/\/edublog.educastur.es\/ixuxu\/wp-json\/wp\/v2\/media?parent=15727"}],"curies":[{"name":"wp","href":"https:\/\/api.w.org\/{rel}","templated":true}]}}