{"id":1605,"date":"2020-12-05T17:20:29","date_gmt":"2020-12-05T15:20:29","guid":{"rendered":"https:\/\/edublog.educastur.es\/ixuxu\/?page_id=1605"},"modified":"2020-12-17T22:31:59","modified_gmt":"2020-12-17T20:31:59","slug":"llee","status":"publish","type":"page","link":"https:\/\/edublog.educastur.es\/ixuxu\/llee\/","title":{"rendered":"LLEE"},"content":{"rendered":"<p style=\"text-align: center\"><span style=\"color: #008080;font-size: 24px\"><em><a href=\"https:\/\/www.pintar-pintar.com\/p8058649-tarifa-plana-flipbooks-pintar-pintar.html?fbclid=IwAR1z5DZ2tnv-X-NYOnZrV0loDGzre3siOuPulrVRzfvt_ndWYTTQzyHWe70\"><img loading=\"lazy\" decoding=\"async\" class=\"alignnone \" src=\"https:\/\/edublog.educastur.es\/ixuxu\/files\/2020\/12\/Pintar-Pintar-300x300.jpg\" width=\"96\" height=\"96\" \/><\/a>\u00a0 \/ <a href=\"https:\/\/www.pintar-pintar.com\/c159600-llibros-nasturianu.html\"><img loading=\"lazy\" decoding=\"async\" class=\"alignnone \" src=\"https:\/\/imgbox.es\/images\/2020\/05\/03\/pintar9a6ec12265d1a7dd.jpg\" width=\"174\" height=\"97\" \/><\/a> \u00a0 <a href=\"https:\/\/www.pintar-pintar.com\/\"><img loading=\"lazy\" decoding=\"async\" class=\"alignnone \" src=\"https:\/\/imgbox.es\/images\/2020\/04\/06\/edipintard3a0b559a8f2a175.jpg\" width=\"257\" height=\"74\" \/><\/a><br \/>\n<span style=\"font-size: 28px\">\u00a0<span style=\"font-size: 20px\"> Lleer presta!\u00a0<\/span><\/span><br \/>\n<\/em><\/span><\/p>\n<hr \/>\n<h5><span style=\"font-size: 20px\"><span style=\"font-size: 14px\"><span style=\"font-size: 16px\">Dende<\/span> <a href=\"https:\/\/www.pintar-pintar.com\/\"><span style=\"color: #008080\"><strong><em>Pintar-Pintar Editorial<\/em> <\/strong><\/span><\/a>ufi\u00e9rtan la posibilid\u00e1 d\u00b4acceder a la fant\u00e1stica<span style=\"color: #008080\"><strong><em> NUBETECA <\/em><\/strong><\/span>que tienen con una interesante <a href=\"https:\/\/www.pintar-pintar.com\/p8058649-tarifa-plana-flipbooks-pintar-pintar.html?fbclid=IwAR1z5DZ2tnv-X-NYOnZrV0loDGzre3siOuPulrVRzfvt_ndWYTTQzyHWe70\"><span style=\"color: #008080\"><strong><em>tarifa Plana anual<\/em><\/strong> <\/span><\/a>pa que los ne\u00f1os y ne\u00f1es llean y esfruten con la <em><strong>llectura de los sos llibros, tantu n\u00b4asturianu como en castell\u00e1n<\/strong><\/em>. D\u00e1mos-yos les gracies por esti fant\u00e1sticu serviciu qu\u00b4ayuda a promocionar la llectura y los llibros, am\u00e1s de conocer les novedaes que van apareciendo&#8230; <a href=\"https:\/\/www.pintar-pintar.com\/p8058649-tarifa-plana-flipbooks-pintar-pintar.html?fbclid=IwAR1z5DZ2tnv-X-NYOnZrV0loDGzre3siOuPulrVRzfvt_ndWYTTQzyHWe70\"><span style=\"color: #008080\"><strong>Pod\u00e9is mercar una suscripci\u00f3n a\u00f1al (por un a\u00f1u) nesti enllaz.<\/strong><\/span><\/a><\/span><br \/>\n<\/span><\/h5>\n<p><a href=\"http:\/\/www.digital.pintar-pintar.com\/bookcase\/eimza\"><img loading=\"lazy\" decoding=\"async\" class=\"alignnone \" src=\"https:\/\/cdn.palbin.com\/users\/11282\/upload\/images\/acceso-nubeteca-asturiano-1.jpg\" width=\"305\" height=\"160\" \/><\/a> \/ <a href=\"http:\/\/www.digital.pintar-pintar.com\/bookcase\/exvve\"><img loading=\"lazy\" decoding=\"async\" class=\"alignnone \" src=\"https:\/\/cdn.palbin.com\/users\/11282\/upload\/images\/acceso-nubeteca-castellano-1.jpg\" width=\"305\" height=\"160\" \/><\/a><\/p>\n<p><img loading=\"lazy\" decoding=\"async\" class=\"aligncenter\" src=\"https:\/\/edublog.educastur.es\/ixuxu\/files\/2020\/08\/Consejos-para-convertir-a-un-ni%C3%B1o-en-un-gran-lector.jpg\" width=\"397\" height=\"223\" \/><\/p>\n<h2 class=\"widget-title\" style=\"text-align: center\"><span style=\"color: #008080\"><em>\u00abLos llibros son les abeyes que lleven el polen d\u2019una intelixencia a otra\u00bb <span style=\"font-size: 20px;color: #808080\">James R. Lowell<\/span><\/em><\/span><\/h2>\n<hr \/>\n<p><a href=\"https:\/\/edublog.educastur.es\/ixuxu\/\"><img loading=\"lazy\" decoding=\"async\" class=\"aligncenter\" src=\"https:\/\/edublog.educastur.es\/ixuxu\/files\/2020\/08\/libro-corazon.jpg\" width=\"302\" height=\"201\" \/><\/a><\/p>\n<ul>\n<li style=\"text-align: center\"><a href=\"https:\/\/edublog.educastur.es\/ixuxu\/\"><span style=\"font-size: 20px\">Blogue de <strong>Llectures n\u00b4asturianu<\/strong> pa la reciella:<span style=\"color: #008080\"><strong> Ixuxu<\/strong><\/span><\/span><\/a><\/li>\n<\/ul>\n<p style=\"text-align: center\"><a href=\"https:\/\/imgbox.es\/images\/2020\/11\/21\/blogue_IXUXUbfc896bd8a1628ac.jpg\"><img loading=\"lazy\" decoding=\"async\" class=\"alignnone \" src=\"https:\/\/imgbox.es\/images\/2020\/11\/21\/blogue_IXUXUbfc896bd8a1628ac.jpg\" width=\"434\" height=\"296\" \/><\/a><\/p>\n<p style=\"text-align: center\"><a href=\"https:\/\/edublog.educastur.es\/ixuxullingua\/\"><img loading=\"lazy\" decoding=\"async\" class=\"aligncenter wp-image-337\" src=\"http:\/\/edublog.educastur.es\/ixuxu\/files\/2020\/08\/aulaiSAb.jpg\" alt=\"\" width=\"315\" height=\"124\" srcset=\"https:\/\/edublog.educastur.es\/ixuxu\/files\/2020\/08\/aulaiSAb.jpg 1150w, https:\/\/edublog.educastur.es\/ixuxu\/files\/2020\/08\/aulaiSAb-300x118.jpg 300w, https:\/\/edublog.educastur.es\/ixuxu\/files\/2020\/08\/aulaiSAb-1024x403.jpg 1024w, https:\/\/edublog.educastur.es\/ixuxu\/files\/2020\/08\/aulaiSAb-768x303.jpg 768w, https:\/\/edublog.educastur.es\/ixuxu\/files\/2020\/08\/aulaiSAb-1000x394.jpg 1000w, https:\/\/edublog.educastur.es\/ixuxu\/files\/2020\/08\/aulaiSAb-762x300.jpg 762w\" sizes=\"auto, (max-width: 315px) 100vw, 315px\" \/><\/a><\/p>\n<ul>\n<li style=\"text-align: center\"><a href=\"https:\/\/edublog.educastur.es\/ixuxullingua\/\"><span style=\"font-size: 20px\">Blogue del<strong> Aula de Llingua<\/strong> d\u00b4Isa:<strong><span style=\"color: #008080\"> IxuxuLlingua<\/span><\/strong><\/span><\/a><\/li>\n<\/ul>\n<p style=\"text-align: center\"><img loading=\"lazy\" decoding=\"async\" class=\"alignnone \" src=\"https:\/\/imgbox.es\/images\/2020\/03\/23\/escolinosb036bb45ff6984d3.jpg\" width=\"167\" height=\"209\" \/><\/p>\n<ul>\n<li style=\"text-align: center\"><span style=\"font-size: 20px\"><a href=\"https:\/\/edublog.educastur.es\/llingua\/\">Blogue de <strong>Teor\u00eda <\/strong>(Gram\u00e1tica y Ortograf\u00eda)<strong> de Llingua A.<\/strong><\/a><\/span><\/li>\n<\/ul>\n<hr \/>\n<p style=\"text-align: center\"><span style=\"font-size: 20px\"><strong><em><span style=\"color: #008080\">Consultes:<\/span> <\/em><\/strong><\/span><br \/>\n<a href=\"https:\/\/imgbox.es\/images\/2020\/04\/08\/email_ISAd6ef186845740bb6.jpg\"><img loading=\"lazy\" decoding=\"async\" class=\"alignnone \" src=\"https:\/\/imgbox.es\/images\/2020\/04\/08\/email_ISAd6ef186845740bb6.jpg\" width=\"185\" height=\"47\" \/><\/a><\/p>\n<p><a href=\"https:\/\/imgbox.es\/images\/2020\/03\/23\/imagenAST809e8da9e1331552.png\"><img loading=\"lazy\" decoding=\"async\" class=\"aligncenter\" src=\"https:\/\/imgbox.es\/images\/2020\/03\/23\/imagenAST809e8da9e1331552.png\" width=\"127\" height=\"115\" \/><\/a><\/p>\n","protected":false},"excerpt":{"rendered":"<p>\u00a0 \/ \u00a0 \u00a0 Lleer presta!\u00a0 Dende Pintar-Pintar Editorial ufi\u00e9rtan la posibilid\u00e1 d\u00b4acceder a la fant\u00e1stica NUBETECA que tienen con una interesante tarifa Plana anual pa que los ne\u00f1os y ne\u00f1es llean y esfruten con la llectura de los sos llibros, tantu n\u00b4asturianu como en castell\u00e1n. D\u00e1mos-yos les gracies por esti fant\u00e1sticu serviciu qu\u00b4ayuda a [&hellip;]<\/p>\n","protected":false},"author":117,"featured_media":0,"parent":0,"menu_order":0,"comment_status":"closed","ping_status":"closed","template":"","meta":{"footnotes":""},"class_list":["post-1605","page","type-page","status-publish","hentry"],"_links":{"self":[{"href":"https:\/\/edublog.educastur.es\/ixuxu\/wp-json\/wp\/v2\/pages\/1605","targetHints":{"allow":["GET"]}}],"collection":[{"href":"https:\/\/edublog.educastur.es\/ixuxu\/wp-json\/wp\/v2\/pages"}],"about":[{"href":"https:\/\/edublog.educastur.es\/ixuxu\/wp-json\/wp\/v2\/types\/page"}],"author":[{"embeddable":true,"href":"https:\/\/edublog.educastur.es\/ixuxu\/wp-json\/wp\/v2\/users\/117"}],"replies":[{"embeddable":true,"href":"https:\/\/edublog.educastur.es\/ixuxu\/wp-json\/wp\/v2\/comments?post=1605"}],"version-history":[{"count":21,"href":"https:\/\/edublog.educastur.es\/ixuxu\/wp-json\/wp\/v2\/pages\/1605\/revisions"}],"predecessor-version":[{"id":1642,"href":"https:\/\/edublog.educastur.es\/ixuxu\/wp-json\/wp\/v2\/pages\/1605\/revisions\/1642"}],"wp:attachment":[{"href":"https:\/\/edublog.educastur.es\/ixuxu\/wp-json\/wp\/v2\/media?parent=1605"}],"curies":[{"name":"wp","href":"https:\/\/api.w.org\/{rel}","templated":true}]}}