{"id":19272,"date":"2023-05-05T09:21:00","date_gmt":"2023-05-05T07:21:00","guid":{"rendered":"https:\/\/edublog.educastur.es\/ixuxu\/?page_id=19272"},"modified":"2025-10-30T12:19:27","modified_gmt":"2025-10-30T10:19:27","slug":"diccionarios","status":"publish","type":"page","link":"https:\/\/edublog.educastur.es\/ixuxu\/asturiano\/diccionarios\/","title":{"rendered":"Diccionarios"},"content":{"rendered":"<p><a href=\"https:\/\/diccionariu.alladixital.org\/\"><img loading=\"lazy\" decoding=\"async\" class=\"aligncenter \" src=\"https:\/\/diccionariu.alladixital.org\/img\/logo.jpg\" width=\"325\" height=\"98\" \/><\/a><\/p>\n<ul>\n<li style=\"text-align: left\"><a href=\"https:\/\/diccionariu.alladixital.org\/\">Diccionariu (alladixital.org)<\/a><\/li>\n<li><a href=\"https:\/\/www.diccionariu.alladixital.org\/\">Diccionariu DALLA cenciella<\/a><\/li>\n<li><a href=\"https:\/\/www.diccionariu.alladixital.org\/\">Diccionariu per pallabres<\/a><\/li>\n<li><a href=\"https:\/\/www.diccionariu.alladixital.org\/\">B\u00fasqueda per definici\u00f3n<\/a><\/li>\n<\/ul>\n<p><img loading=\"lazy\" decoding=\"async\" class=\"aligncenter\" src=\"https:\/\/encrypted-tbn0.gstatic.com\/images?q=tbn:ANd9GcTR28kVyfgd3qwCkn2ICP6JNBpKea-RZS3fF5sLEuFyAkmWuml3Qyn-alg-FidZmJD8Ug&amp;usqp=CAU\" width=\"188\" height=\"20\" \/><\/p>\n<p><a href=\"https:\/\/eslema.it.uniovi.es\/comun\/diccionario.php\"><img loading=\"lazy\" decoding=\"async\" class=\"aligncenter\" src=\"https:\/\/tinypix.top\/images\/2021\/07\/30\/iVdfi.jpg\" alt=\"\" width=\"254\" height=\"73\" \/><\/a><\/p>\n<p><img loading=\"lazy\" decoding=\"async\" class=\"aligncenter\" src=\"https:\/\/encrypted-tbn0.gstatic.com\/images?q=tbn:ANd9GcTR28kVyfgd3qwCkn2ICP6JNBpKea-RZS3fF5sLEuFyAkmWuml3Qyn-alg-FidZmJD8Ug&amp;usqp=CAU\" width=\"188\" height=\"20\" \/><\/p>\n<ul>\n<li><a href=\"https:\/\/mas.lne.es\/diccionario\/\"><strong>Diccionariu LaNuevaEspa\u00f1a<\/strong><\/a><\/li>\n<\/ul>\n<p><a href=\"https:\/\/mas.lne.es\/diccionario\/\"><img loading=\"lazy\" decoding=\"async\" class=\"aligncenter wp-image-692\" src=\"http:\/\/edublog.educastur.es\/llingua\/files\/2021\/09\/diccionario.jpg\" alt=\"\" width=\"252\" height=\"142\" \/><\/a><\/p>\n<p><img loading=\"lazy\" decoding=\"async\" class=\"aligncenter\" src=\"https:\/\/encrypted-tbn0.gstatic.com\/images?q=tbn:ANd9GcTR28kVyfgd3qwCkn2ICP6JNBpKea-RZS3fF5sLEuFyAkmWuml3Qyn-alg-FidZmJD8Ug&amp;usqp=CAU\" width=\"188\" height=\"20\" \/><\/p>\n<ul>\n<li><a href=\"https:\/\/eslema.it.uniovi.es\/comun\/traductor_avanzado.php?texto_textarea=Componga,%20copie%20o%20pegue%20aqu%C3%AD%20el%20texto%20que%20desea%20traducir.&amp;output_ant=\">Traductor avanz\u00e1u ESLEMA<\/a><\/li>\n<\/ul>\n<p>&nbsp;<\/p>\n<p><a href=\"https:\/\/eslema.it.uniovi.es\/comun\/traductor_avanzado.php?texto_textarea=Componga,%20copie%20o%20pegue%20aqu%C3%AD%20el%20texto%20que%20desea%20traducir.&amp;output_ant=\"><img loading=\"lazy\" decoding=\"async\" class=\"aligncenter\" src=\"https:\/\/tinypix.top\/images\/2021\/08\/21\/vBYsI.jpg\" alt=\"\" width=\"239\" height=\"69\" \/><\/a><\/p>\n<p><a href=\"https:\/\/es.glosbe.com\/\"><img loading=\"lazy\" decoding=\"async\" class=\"alignnone\" src=\"https:\/\/es.glosbe.com\/assets\/images\/glosbe-logo-bird-2.svg\" alt=\"\" width=\"73\" height=\"67\" \/><\/a><a href=\"https:\/\/es.glosbe.com\/\">Glosbe Castellan-Asturianu<\/a><\/p>\n<p><img loading=\"lazy\" decoding=\"async\" class=\"aligncenter\" src=\"https:\/\/encrypted-tbn0.gstatic.com\/images?q=tbn:ANd9GcTR28kVyfgd3qwCkn2ICP6JNBpKea-RZS3fF5sLEuFyAkmWuml3Qyn-alg-FidZmJD8Ug&amp;usqp=CAU\" width=\"206\" height=\"22\" \/><\/p>\n<p><span style=\"color: #008080\"><strong>Diccionario etimol\u00f3gico asturiano<\/strong><\/span><\/p>\n<p><iframe loading=\"lazy\" title=\"Diccionario Etimol\u00f3gico Asturiano\" class=\"scribd_iframe_embed\" src=\"https:\/\/www.scribd.com\/embeds\/389344238\/content\" data-aspect-ratio=\"0.7068965517241379\" scrolling=\"no\" id=\"389344238\" width=\"840\" height=\"1000\" frameborder=\"0\"><\/iframe><script type=\"text\/javascript\">          (function() { var scribd = document.createElement(\"script\"); scribd.type = \"text\/javascript\"; scribd.async = true; scribd.src = \"https:\/\/www.scribd.com\/javascripts\/embed_code\/inject.js\"; var s = document.getElementsByTagName(\"script\")[0]; s.parentNode.insertBefore(scribd, s); })()        <\/script><\/p>\n\n<!-- iframe plugin v.6.0 wordpress.org\/plugins\/iframe\/ -->\n<iframe loading=\"lazy\" class=\"scribd_iframe_embed\" title=\"Diccionario Etimol\u00f3gico Asturiano\" src=\"https:\/\/www.scribd.com\/embeds\/389344238\/content?start_page=1&#038;view_mode=scroll&#038;access_key=key-4pjkUUdUoSe5OTeeIYDQ\" tabindex=\"0\" data-auto-height=\"true\" data-aspect-ratio=\"0.7068965517241379\" scrolling=\"no\" width=\"100%\" height=\"600\" frameborder=\"0\" 0=\"\/iframe\"><\/iframe>\n\n<p><img loading=\"lazy\" decoding=\"async\" class=\"aligncenter\" src=\"https:\/\/encrypted-tbn0.gstatic.com\/images?q=tbn:ANd9GcTR28kVyfgd3qwCkn2ICP6JNBpKea-RZS3fF5sLEuFyAkmWuml3Qyn-alg-FidZmJD8Ug&amp;usqp=CAU\" width=\"188\" height=\"20\" \/><\/p>\n<p>&nbsp;<\/p>\n<p><img loading=\"lazy\" decoding=\"async\" class=\"aligncenter\" src=\"https:\/\/encrypted-tbn0.gstatic.com\/images?q=tbn:ANd9GcTR28kVyfgd3qwCkn2ICP6JNBpKea-RZS3fF5sLEuFyAkmWuml3Qyn-alg-FidZmJD8Ug&amp;usqp=CAU\" width=\"188\" height=\"20\" \/><\/p>\n<p>&nbsp;<\/p>\n<p><img loading=\"lazy\" decoding=\"async\" class=\"aligncenter\" src=\"https:\/\/encrypted-tbn0.gstatic.com\/images?q=tbn:ANd9GcTR28kVyfgd3qwCkn2ICP6JNBpKea-RZS3fF5sLEuFyAkmWuml3Qyn-alg-FidZmJD8Ug&amp;usqp=CAU\" width=\"188\" height=\"20\" \/><\/p>\n<p>&nbsp;<\/p>\n<p><img loading=\"lazy\" decoding=\"async\" class=\"aligncenter\" src=\"https:\/\/encrypted-tbn0.gstatic.com\/images?q=tbn:ANd9GcTR28kVyfgd3qwCkn2ICP6JNBpKea-RZS3fF5sLEuFyAkmWuml3Qyn-alg-FidZmJD8Ug&amp;usqp=CAU\" width=\"188\" height=\"20\" \/><\/p>\n<p>&nbsp;<\/p>\n<hr \/>\n<ul>\n<li><a href=\"https:\/\/www.scribd.com\/document\/329032059\/ASTURIANO-DICCIONARIO\">La Xuntura: Primer diccionariu encicl\u00f3pedicu de la llingua asturiana<\/a><\/li>\n<\/ul>\n<p style=\"text-align: center\">\n<!-- iframe plugin v.6.0 wordpress.org\/plugins\/iframe\/ -->\n<iframe loading=\"lazy\" class=\"scribd_iframe_embed\" title=\"ASTURIANO DICCIONARIO\" src=\"https:\/\/www.scribd.com\/embeds\/329032059\/content?start_page=1&#038;view_mode=scroll&#038;access_key=key-SCsJDO1Xctf3jcYEvLoU\" tabindex=\"0\" data-auto-height=\"false\" data-aspect-ratio=\"0.7068965517241379\" scrolling=\"no\" width=\"600\" height=\"800\" frameborder=\"0\" 0=\"\/iframe\"><\/iframe>\n<\/p>\n<p><iframe loading=\"lazy\" title=\"ASTURIANO DICCIONARIO\" class=\"scribd_iframe_embed\" src=\"https:\/\/www.scribd.com\/embeds\/329032059\/content\" data-aspect-ratio=\"0.7068965517241379\" scrolling=\"no\" id=\"329032059\" width=\"840\" height=\"1000\" frameborder=\"0\"><\/iframe><script type=\"text\/javascript\">          (function() { var scribd = document.createElement(\"script\"); scribd.type = \"text\/javascript\"; scribd.async = true; scribd.src = \"https:\/\/www.scribd.com\/javascripts\/embed_code\/inject.js\"; var s = document.getElementsByTagName(\"script\")[0]; s.parentNode.insertBefore(scribd, s); })()        <\/script><\/p>\n<p><img loading=\"lazy\" decoding=\"async\" class=\"aligncenter\" src=\"https:\/\/encrypted-tbn0.gstatic.com\/images?q=tbn:ANd9GcTR28kVyfgd3qwCkn2ICP6JNBpKea-RZS3fF5sLEuFyAkmWuml3Qyn-alg-FidZmJD8Ug&amp;usqp=CAU\" width=\"188\" height=\"20\" \/><\/p>\n<p style=\"text-align: center\">\n<!-- iframe plugin v.6.0 wordpress.org\/plugins\/iframe\/ -->\n<iframe loading=\"lazy\" class=\"scribd_iframe_embed\" title=\"ASTURIANO DICCIONARIO\" src=\"https:\/\/www.scribd.com\/embeds\/329032059\/content?start_page=1&#038;view_mode=scroll&#038;access_key=key-SCsJDO1Xctf3jcYEvLoU\" tabindex=\"0\" data-auto-height=\"true\" data-aspect-ratio=\"0.7068965517241379\" scrolling=\"no\" width=\"100%\" height=\"600\" frameborder=\"0\" 0=\"\/iframe\"><\/iframe>\n<\/p>\n","protected":false},"excerpt":{"rendered":"<p>Diccionariu (alladixital.org) Diccionariu DALLA cenciella Diccionariu per pallabres B\u00fasqueda per definici\u00f3n Diccionariu LaNuevaEspa\u00f1a Traductor avanz\u00e1u ESLEMA &nbsp; Glosbe Castellan-Asturianu Diccionario etimol\u00f3gico asturiano &nbsp; &nbsp; &nbsp; &nbsp; La Xuntura: Primer diccionariu encicl\u00f3pedicu de la llingua asturiana<\/p>\n","protected":false},"author":117,"featured_media":0,"parent":6599,"menu_order":0,"comment_status":"closed","ping_status":"closed","template":"","meta":{"footnotes":""},"class_list":["post-19272","page","type-page","status-publish","hentry"],"_links":{"self":[{"href":"https:\/\/edublog.educastur.es\/ixuxu\/wp-json\/wp\/v2\/pages\/19272","targetHints":{"allow":["GET"]}}],"collection":[{"href":"https:\/\/edublog.educastur.es\/ixuxu\/wp-json\/wp\/v2\/pages"}],"about":[{"href":"https:\/\/edublog.educastur.es\/ixuxu\/wp-json\/wp\/v2\/types\/page"}],"author":[{"embeddable":true,"href":"https:\/\/edublog.educastur.es\/ixuxu\/wp-json\/wp\/v2\/users\/117"}],"replies":[{"embeddable":true,"href":"https:\/\/edublog.educastur.es\/ixuxu\/wp-json\/wp\/v2\/comments?post=19272"}],"version-history":[{"count":7,"href":"https:\/\/edublog.educastur.es\/ixuxu\/wp-json\/wp\/v2\/pages\/19272\/revisions"}],"predecessor-version":[{"id":60727,"href":"https:\/\/edublog.educastur.es\/ixuxu\/wp-json\/wp\/v2\/pages\/19272\/revisions\/60727"}],"up":[{"embeddable":true,"href":"https:\/\/edublog.educastur.es\/ixuxu\/wp-json\/wp\/v2\/pages\/6599"}],"wp:attachment":[{"href":"https:\/\/edublog.educastur.es\/ixuxu\/wp-json\/wp\/v2\/media?parent=19272"}],"curies":[{"name":"wp","href":"https:\/\/api.w.org\/{rel}","templated":true}]}}