{"id":20,"date":"2020-07-08T12:06:07","date_gmt":"2020-07-08T12:06:07","guid":{"rendered":"https:\/\/edublog.educastur.es\/ixuxu\/?page_id=20"},"modified":"2020-08-24T21:42:49","modified_gmt":"2020-08-24T21:42:49","slug":"natura","status":"publish","type":"page","link":"https:\/\/edublog.educastur.es\/ixuxu\/natura\/","title":{"rendered":"Natura"},"content":{"rendered":"<p align=\"center\"><a href=\"http:\/\/blog.educastur.es\/ixuxullingua\/noticies\/natura\/\" target=\"_parent\" rel=\"noopener noreferrer\"><img loading=\"lazy\" decoding=\"async\" class=\"\" src=\"https:\/\/imgbox.es\/images\/2020\/04\/10\/NATURAea8d1fe30e484b29.jpg\" width=\"317\" height=\"91\" border=\"1\" \/><\/a><\/p>\n<blockquote>\n<p align=\"center\"><em>\u00abCuando tas demasi\u00e1u allo\u00f1\u00e1u de la naturaleza, el to esp\u00edritu ens\u00fagase y muerre, porque foi violentamente dixebr\u00e1u de so raiga\u00f1u\u00bb (Anthony de Mello)<\/em><\/p>\n<\/blockquote>\n<hr \/>\n<p><img loading=\"lazy\" decoding=\"async\" src=\"https:\/\/imgbox.es\/images\/2020\/04\/08\/natura_def9ed56e7f62f23aa8.jpg\" width=\"140\" height=\"137\" \/><span style=\"font-size: 20px\"><span style=\"color: #008000\"><strong><em>Nesta p\u00e1xina atopar\u00e1s notici<\/em><\/strong><\/span><span style=\"color: #008000\"><strong><em>es sobro\u00b4l Mediu Ambiente, naturaleza, fauna y flora.<\/em><\/strong><\/span><\/span><\/p>\n<p><img loading=\"lazy\" decoding=\"async\" class=\"\" src=\"https:\/\/imgbox.es\/images\/2020\/03\/23\/separadora4a37c028d732afc.jpg\" alt=\"\" width=\"400\" height=\"32\" \/><\/p>\n<ul>\n<li>\n<h4><em><a title=\"Leer Encamiento la serie \u201cOne strange rock\u201d\" href=\"http:\/\/blog.educastur.es\/ixuxullingua\/2020\/04\/01\/serie-recomendada-en-disney\/\" rel=\"bookmark\">Encamiento la serie \u201cOne strange rock\u201d<\/a><\/em><\/h4>\n<\/li>\n<\/ul>\n<p><em><img loading=\"lazy\" decoding=\"async\" src=\"https:\/\/1.bp.blogspot.com\/-El63HK0WTcw\/XQKOKoRC6sI\/AAAAAAAADvc\/RRL5-mncpbojj_cm_5BaN4Jw5L0H8W7KQCLcBGAs\/w1200-h630-p-k-no-nu\/one-strange-rock-review.jpg\" width=\"444\" height=\"233\" \/><\/em><\/p>\n<p><em>Encamiento ver la serie<strong> \u201c<span style=\"color: #333399\">One strange rock<\/span>\u201c<\/strong> presentada <\/em><em>por Will Smith, ufiertada por <strong>National Geographic<\/strong>, <\/em><em>canal de <strong>Disney + <\/strong>y tami\u00e9n en<strong> Netflix.<\/strong><\/em><\/p>\n<ul>\n<li><em><a href=\"https:\/\/www.youtube.com\/watch?v=AvhozbcL2AQ\" target=\"_blank\" rel=\"noopener noreferrer\">Ver trailer en castellano<br \/>\n<\/a><\/em><em>10 cap\u00edtulos<\/em><\/li>\n<li><em>\u00a0<a href=\"https:\/\/laderasur.com\/mas\/one-strange-rock-la-historia-de-un-planeta-cuidadosamente-interconectado\/\" target=\"_blank\" rel=\"noopener noreferrer\">Ver art\u00edculo en Ladera Sur<\/a><\/em><\/li>\n<li><em><a href=\"https:\/\/youtu.be\/AvhozbcL2AQ\">Ver videu<\/a><\/em><\/li>\n<\/ul>\n\n<!-- iframe plugin v.6.0 wordpress.org\/plugins\/iframe\/ -->\n<iframe loading=\"lazy\" width=\"588\" height=\"331\" src=\"https:\/\/www.youtube.com\/embed\/AvhozbcL2AQ\" scrolling=\"yes\" class=\"iframe-class\" frameborder=\"0\"><\/iframe>\n\n<p><em>Narra los m\u00e1xicos xiros del dest\u00edn que dexaron qu\u2019haya vida solo na Tierra. Una hestoria estraordinaria puesta en perspectiva gracies a los astronautes, los \u00fanicos que salieron d\u2019ella. \u00dan d\u00b4ellos, <a href=\"https:\/\/es.wikipedia.org\/wiki\/Chris_Hadfield\" target=\"_blank\" rel=\"noopener noreferrer\"><u><strong>Chris Hadfield<\/strong><\/u><\/a>, <a href=\"https:\/\/www.youtube.com\/watch?v=QI6Guxt2Nsg\" target=\"_blank\" rel=\"noopener noreferrer\">cant\u00f3 esti preciosu canciu de David Bowie: <strong>\u201cSpace Oddity\u201d<\/strong>pa dispidise de l\u00b4Estaci\u00f3n Espacial Internacional.<\/a><\/em><\/p>\n<ul>\n<li><em><a href=\"https:\/\/youtu.be\/QI6Guxt2Nsg\">Ver videu<\/a><\/em><\/li>\n<\/ul>\n\n<!-- iframe plugin v.6.0 wordpress.org\/plugins\/iframe\/ -->\n<iframe loading=\"lazy\" width=\"588\" height=\"331\" src=\"https:\/\/www.youtube.com\/embed\/QI6Guxt2Nsg\" scrolling=\"yes\" class=\"iframe-class\" frameborder=\"0\"><\/iframe>\n\n<p><em>Na so propia<a href=\"https:\/\/www.youtube.com\/channel\/UCV922V5VB4_264e_O0jMaJg\" target=\"_blank\" rel=\"noopener noreferrer\"> canal de Youtube<\/a>, Chris <a href=\"https:\/\/www.youtube.com\/watch?time_continue=8&amp;v=4uL5sqe5Uk8&amp;feature=emb_logo\" target=\"_blank\" rel=\"noopener noreferrer\">xubi\u00f3 un v\u00eddeu nel qu\u2019aconseya a la socied\u00e1 c\u00f3mo faer m\u00e1s llevadera la cuarentena na qu\u2019atopamos.<\/a> Nel v\u00eddeu, fala de dalguna de les sos esperiencies pasaes y de la importancia de ser conscientes del riesgu real qu\u2019una pandemia supon am\u00e1s de qu\u2019informemos de fontes fiables y non de too lo que podamos lleer.<\/em><\/p>\n<p><em>La meyor manera de llevar el tiempu ye marcase pequenes metes y llogros personales que queremos consiguir siempres dientro de la nuesa llimitaci\u00f3n actual, asina como entamar una activid\u00e1 nueva, como tocar un pres\u00e9u o aprender un idioma.<\/em><\/p>\n<hr \/>\n","protected":false},"excerpt":{"rendered":"<p>\u00abCuando tas demasi\u00e1u allo\u00f1\u00e1u de la naturaleza, el to esp\u00edritu ens\u00fagase y muerre, porque foi violentamente dixebr\u00e1u de so raiga\u00f1u\u00bb (Anthony de Mello) Nesta p\u00e1xina atopar\u00e1s noticies sobro\u00b4l Mediu Ambiente, naturaleza, fauna y flora. Encamiento la serie \u201cOne strange rock\u201d Encamiento ver la serie \u201cOne strange rock\u201c presentada por Will Smith, ufiertada por National Geographic, [&hellip;]<\/p>\n","protected":false},"author":117,"featured_media":0,"parent":0,"menu_order":0,"comment_status":"closed","ping_status":"closed","template":"","meta":{"footnotes":""},"class_list":["post-20","page","type-page","status-publish","hentry"],"_links":{"self":[{"href":"https:\/\/edublog.educastur.es\/ixuxu\/wp-json\/wp\/v2\/pages\/20","targetHints":{"allow":["GET"]}}],"collection":[{"href":"https:\/\/edublog.educastur.es\/ixuxu\/wp-json\/wp\/v2\/pages"}],"about":[{"href":"https:\/\/edublog.educastur.es\/ixuxu\/wp-json\/wp\/v2\/types\/page"}],"author":[{"embeddable":true,"href":"https:\/\/edublog.educastur.es\/ixuxu\/wp-json\/wp\/v2\/users\/117"}],"replies":[{"embeddable":true,"href":"https:\/\/edublog.educastur.es\/ixuxu\/wp-json\/wp\/v2\/comments?post=20"}],"version-history":[{"count":8,"href":"https:\/\/edublog.educastur.es\/ixuxu\/wp-json\/wp\/v2\/pages\/20\/revisions"}],"predecessor-version":[{"id":645,"href":"https:\/\/edublog.educastur.es\/ixuxu\/wp-json\/wp\/v2\/pages\/20\/revisions\/645"}],"wp:attachment":[{"href":"https:\/\/edublog.educastur.es\/ixuxu\/wp-json\/wp\/v2\/media?parent=20"}],"curies":[{"name":"wp","href":"https:\/\/api.w.org\/{rel}","templated":true}]}}