{"id":2118,"date":"2020-12-27T13:47:34","date_gmt":"2020-12-27T11:47:34","guid":{"rendered":"https:\/\/edublog.educastur.es\/ixuxu\/?page_id=2118"},"modified":"2024-10-30T17:56:50","modified_gmt":"2024-10-30T15:56:50","slug":"pallabreros","status":"publish","type":"page","link":"https:\/\/edublog.educastur.es\/ixuxu\/pallabreros\/","title":{"rendered":"PALLABREROS"},"content":{"rendered":"<p>&nbsp;<\/p>\n<ul>\n<li><a href=\"https:\/\/books.google.co.cr\/books?id=-xbeqMxKHZ4C&amp;printsec=frontcover#v=onepage&amp;q&amp;f=false\">Books Google (alguna p\u00e1xina)<\/a><\/li>\n<\/ul>\n<p>&nbsp;<\/p>\n<p>&nbsp;<\/p>\n<hr \/>\n<p style=\"text-align: center\"><a href=\"https:\/\/www.rae.es\/dhle\/\"><img loading=\"lazy\" decoding=\"async\" class=\"aligncenter size-large\" src=\"https:\/\/www.rae.es\/dhle\/img\/logo_dhle.png\" width=\"240\" height=\"240\" \/><\/a><\/p>\n<p style=\"text-align: left\"><a href=\"https:\/\/www.rae.es\/dhle\/\">https:\/\/www.rae.es\/dhle\/<\/a><\/p>\n<p>El Diccionariu hist\u00f3ricu de la llingua espa\u00f1ola (DHLE) ye un diccionariu nativu dixital qu&#8217;escuerre describir na so integrid\u00e1 (na exa diat\u00f3pico, diastr\u00e1tico y cronol\u00f3xicu) la hestoria del l\u00e9xicu de la llingua espa\u00f1ola.<\/p>\n","protected":false},"excerpt":{"rendered":"<p>&nbsp; Books Google (alguna p\u00e1xina) &nbsp; &nbsp; https:\/\/www.rae.es\/dhle\/ El Diccionariu hist\u00f3ricu de la llingua espa\u00f1ola (DHLE) ye un diccionariu nativu dixital qu&#8217;escuerre describir na so integrid\u00e1 (na exa diat\u00f3pico, diastr\u00e1tico y cronol\u00f3xicu) la hestoria del l\u00e9xicu de la llingua espa\u00f1ola.<\/p>\n","protected":false},"author":117,"featured_media":0,"parent":0,"menu_order":0,"comment_status":"closed","ping_status":"closed","template":"","meta":{"footnotes":""},"class_list":["post-2118","page","type-page","status-publish","hentry"],"_links":{"self":[{"href":"https:\/\/edublog.educastur.es\/ixuxu\/wp-json\/wp\/v2\/pages\/2118","targetHints":{"allow":["GET"]}}],"collection":[{"href":"https:\/\/edublog.educastur.es\/ixuxu\/wp-json\/wp\/v2\/pages"}],"about":[{"href":"https:\/\/edublog.educastur.es\/ixuxu\/wp-json\/wp\/v2\/types\/page"}],"author":[{"embeddable":true,"href":"https:\/\/edublog.educastur.es\/ixuxu\/wp-json\/wp\/v2\/users\/117"}],"replies":[{"embeddable":true,"href":"https:\/\/edublog.educastur.es\/ixuxu\/wp-json\/wp\/v2\/comments?post=2118"}],"version-history":[{"count":7,"href":"https:\/\/edublog.educastur.es\/ixuxu\/wp-json\/wp\/v2\/pages\/2118\/revisions"}],"predecessor-version":[{"id":34011,"href":"https:\/\/edublog.educastur.es\/ixuxu\/wp-json\/wp\/v2\/pages\/2118\/revisions\/34011"}],"wp:attachment":[{"href":"https:\/\/edublog.educastur.es\/ixuxu\/wp-json\/wp\/v2\/media?parent=2118"}],"curies":[{"name":"wp","href":"https:\/\/api.w.org\/{rel}","templated":true}]}}