{"id":212,"date":"2020-08-10T10:55:45","date_gmt":"2020-08-10T10:55:45","guid":{"rendered":"https:\/\/edublog.educastur.es\/ixuxu\/?page_id=212"},"modified":"2020-08-10T10:57:26","modified_gmt":"2020-08-10T10:57:26","slug":"la-reciella-en-casa","status":"publish","type":"page","link":"https:\/\/edublog.educastur.es\/ixuxu\/videu\/la-reciella-en-casa\/","title":{"rendered":"La reciella en casa"},"content":{"rendered":"<div id=\"post-293\" class=\"post\">\n<h2><img loading=\"lazy\" decoding=\"async\" class=\"\" src=\"http:\/\/llinguaviles.com\/wp-content\/uploads\/2018\/04\/Positivo_CMYK_Horizontal2-copia.png\" width=\"506\" height=\"85\" \/><\/h2>\n<div class=\"entry\"><strong><span style=\"color: #800080\"><em>\u201cLa reciella en casa: \u00a1La cuarentena presta!\u201d<\/em><\/span><\/strong>Un ciclu entam\u00e1u pola <u><em>Estaya de la Llingua del Conceyu d\u2019Avil\u00e9s<\/em><\/u> pa que los ne\u00f1os y les ne\u00f1es tengan cada d\u00eda una activid\u00e1 pa pasar el tiempu zarraos en casa pero entrenten\u00edos. Nun faltes cada d\u00eda a les 12 la ma\u00f1ana a la cita con esti ciclu.<\/p>\n<ul>\n<li><a href=\"https:\/\/youtu.be\/scEOJx1zOU0\" target=\"_blank\" rel=\"noopener noreferrer\">Cap. La ne\u00f1a con ales (Borja Roces) <\/a><\/li>\n<\/ul>\n\n<!-- iframe plugin v.6.0 wordpress.org\/plugins\/iframe\/ -->\n<iframe loading=\"lazy\" width=\"560\" height=\"315\" src=\"https:\/\/www.youtube.com\/embed\/scEOJx1zOU0\" scrolling=\"yes\" class=\"iframe-class\" frameborder=\"0\"><\/iframe>\n\n<p>&nbsp;<\/p>\n<ul>\n<li><a href=\"https:\/\/youtu.be\/ZjnkgWehBsA\" target=\"_blank\" rel=\"noopener noreferrer\"><em>Cap. La cuayarapa Martina (Ana Mor\u00e1n)<br \/>\n<\/em><\/a><\/li>\n<\/ul>\n\n<!-- iframe plugin v.6.0 wordpress.org\/plugins\/iframe\/ -->\n<iframe loading=\"lazy\" width=\"560\" height=\"315\" src=\"https:\/\/www.youtube.com\/embed\/ZjnkgWehBsA\" scrolling=\"yes\" class=\"iframe-class\" frameborder=\"0\"><\/iframe>\n\n<p>&nbsp;<\/p>\n<ul>\n<li><a href=\"https:\/\/youtu.be\/I3jCpEZ7rF0\" target=\"_blank\" rel=\"noopener noreferrer\"><em>Conciert\u00edn de David Varela<br \/>\n<\/em><\/a><\/li>\n<\/ul>\n\n<!-- iframe plugin v.6.0 wordpress.org\/plugins\/iframe\/ -->\n<iframe loading=\"lazy\" width=\"560\" height=\"315\" src=\"https:\/\/www.youtube.com\/embed\/I3jCpEZ7rF0\" scrolling=\"yes\" class=\"iframe-class\" frameborder=\"0\"><\/iframe>\n\n<p>&nbsp;<\/p>\n<ul>\n<li><a href=\"https:\/\/youtu.be\/jpRaZ1T7mqw?list=PLhtoo519UiZbrBDvPUt3x-ZAd1Xfq3OSV\" target=\"_blank\" rel=\"noopener noreferrer\">Cap. <u><em>Faciendo un llibru<br \/>\n<\/em><\/u><\/a><\/li>\n<\/ul>\n\n<!-- iframe plugin v.6.0 wordpress.org\/plugins\/iframe\/ -->\n<iframe loading=\"lazy\" width=\"560\" height=\"315\" src=\"https:\/\/www.youtube.com\/embed\/jpRaZ1T7mqw\" scrolling=\"yes\" class=\"iframe-class\" frameborder=\"0\"><\/iframe>\n\n<p>&nbsp;<\/p>\n<ul>\n<li><a href=\"https:\/\/youtu.be\/eOzmRKWUJR0?list=PLhtoo519UiZbrBDvPUt3x-ZAd1Xfq3OSV\" target=\"_blank\" rel=\"noopener noreferrer\"><em>Taller C\u00f3mic con Ruma Barbero<br \/>\n<\/em><\/a><\/li>\n<\/ul>\n\n<!-- iframe plugin v.6.0 wordpress.org\/plugins\/iframe\/ -->\n<iframe loading=\"lazy\" width=\"560\" height=\"315\" src=\"https:\/\/www.youtube.com\/embed\/eOzmRKWUJR0\" scrolling=\"yes\" class=\"iframe-class\" frameborder=\"0\"><\/iframe>\n\n<p>&nbsp;<\/p>\n<ul>\n<li><a href=\"https:\/\/youtu.be\/DkLnYyEQi9E?list=PLhtoo519UiZbrBDvPUt3x-ZAd1Xfq3OSV\" target=\"_blank\" rel=\"noopener noreferrer\"><em>Taller C\u00f3mic II con Ruma Barbero<br \/>\n<\/em><\/a><\/li>\n<\/ul>\n\n<!-- iframe plugin v.6.0 wordpress.org\/plugins\/iframe\/ -->\n<iframe loading=\"lazy\" width=\"560\" height=\"315\" src=\"https:\/\/www.youtube.com\/embed\/DkLnYyEQi9E\" scrolling=\"yes\" class=\"iframe-class\" frameborder=\"0\"><\/iframe>\n\n<p>&nbsp;<\/p>\n<ul>\n<li><a href=\"https:\/\/youtu.be\/-rm8ZwSYUoA?list=PLhtoo519UiZbrBDvPUt3x-ZAd1Xfq3OSV\" target=\"_blank\" rel=\"noopener noreferrer\"><em>Cap. Risines (Ana Mor\u00e1n)<br \/>\n<\/em><\/a><\/li>\n<\/ul>\n\n<!-- iframe plugin v.6.0 wordpress.org\/plugins\/iframe\/ -->\n<iframe loading=\"lazy\" width=\"560\" height=\"315\" src=\"https:\/\/www.youtube.com\/embed\/-rm8ZwSYUoA\" scrolling=\"yes\" class=\"iframe-class\" frameborder=\"0\"><\/iframe>\n\n<p>&nbsp;<\/p>\n<ul>\n<li><a href=\"https:\/\/youtu.be\/pmx_Ty3pZg0?list=PLhtoo519UiZbrBDvPUt3x-ZAd1Xfq3OSV\" target=\"_blank\" rel=\"noopener noreferrer\"><em>Taller Ropa Tradicional\u00a0 (Susana Sela)<\/em><\/a><\/li>\n<\/ul>\n\n<!-- iframe plugin v.6.0 wordpress.org\/plugins\/iframe\/ -->\n<iframe loading=\"lazy\" width=\"560\" height=\"315\" src=\"https:\/\/www.youtube.com\/embed\/pmx_Ty3pZg0\" scrolling=\"yes\" class=\"iframe-class\" frameborder=\"0\"><\/iframe>\n\n<p>&nbsp;<\/p>\n<ul>\n<li><a href=\"https:\/\/www.facebook.com\/reciella.asturies\/videos\/1599434760204934\/\" target=\"_blank\" rel=\"noopener noreferrer\">Taller de pompones de lana <\/a><\/li>\n<li><a href=\"https:\/\/www.facebook.com\/reciella.asturies\/videos\/680791989352677\/\" target=\"_blank\" rel=\"noopener noreferrer\">Macarrones caldosos con costielles<\/a><\/li>\n<\/ul>\n<ul>\n<li><a href=\"https:\/\/youtu.be\/jpRaZ1T7mqw?list=PLhtoo519UiZbrBDvPUt3x-ZAd1Xfq3OSV\" target=\"_blank\" rel=\"noopener noreferrer\"><em><span style=\"color: #0000ff\">Taller Faciendo un llibru (Susana Sela)<\/span><\/em><\/a><\/li>\n<\/ul>\n\n<!-- iframe plugin v.6.0 wordpress.org\/plugins\/iframe\/ -->\n<iframe loading=\"lazy\" width=\"560\" height=\"315\" src=\"https:\/\/www.youtube.com\/embed\/jpRaZ1T7mqw\" scrolling=\"yes\" class=\"iframe-class\" frameborder=\"0\"><\/iframe>\n\n<\/div>\n<p>&nbsp;<\/p>\n<\/div>\n<h3 id=\"respond\"><\/h3>\n","protected":false},"excerpt":{"rendered":"<p>\u201cLa reciella en casa: \u00a1La cuarentena presta!\u201dUn ciclu entam\u00e1u pola Estaya de la Llingua del Conceyu d\u2019Avil\u00e9s pa que los ne\u00f1os y les ne\u00f1es tengan cada d\u00eda una activid\u00e1 pa pasar el tiempu zarraos en casa pero entrenten\u00edos. Nun faltes cada d\u00eda a les 12 la ma\u00f1ana a la cita con esti ciclu. Cap. La [&hellip;]<\/p>\n","protected":false},"author":117,"featured_media":214,"parent":117,"menu_order":0,"comment_status":"closed","ping_status":"closed","template":"","meta":{"footnotes":""},"class_list":["post-212","page","type-page","status-publish","has-post-thumbnail","hentry"],"_links":{"self":[{"href":"https:\/\/edublog.educastur.es\/ixuxu\/wp-json\/wp\/v2\/pages\/212","targetHints":{"allow":["GET"]}}],"collection":[{"href":"https:\/\/edublog.educastur.es\/ixuxu\/wp-json\/wp\/v2\/pages"}],"about":[{"href":"https:\/\/edublog.educastur.es\/ixuxu\/wp-json\/wp\/v2\/types\/page"}],"author":[{"embeddable":true,"href":"https:\/\/edublog.educastur.es\/ixuxu\/wp-json\/wp\/v2\/users\/117"}],"replies":[{"embeddable":true,"href":"https:\/\/edublog.educastur.es\/ixuxu\/wp-json\/wp\/v2\/comments?post=212"}],"version-history":[{"count":2,"href":"https:\/\/edublog.educastur.es\/ixuxu\/wp-json\/wp\/v2\/pages\/212\/revisions"}],"predecessor-version":[{"id":215,"href":"https:\/\/edublog.educastur.es\/ixuxu\/wp-json\/wp\/v2\/pages\/212\/revisions\/215"}],"up":[{"embeddable":true,"href":"https:\/\/edublog.educastur.es\/ixuxu\/wp-json\/wp\/v2\/pages\/117"}],"wp:featuredmedia":[{"embeddable":true,"href":"https:\/\/edublog.educastur.es\/ixuxu\/wp-json\/wp\/v2\/media\/214"}],"wp:attachment":[{"href":"https:\/\/edublog.educastur.es\/ixuxu\/wp-json\/wp\/v2\/media?parent=212"}],"curies":[{"name":"wp","href":"https:\/\/api.w.org\/{rel}","templated":true}]}}