{"id":2133,"date":"2020-12-27T14:00:01","date_gmt":"2020-12-27T12:00:01","guid":{"rendered":"https:\/\/edublog.educastur.es\/ixuxu\/?page_id=2133"},"modified":"2020-12-27T14:27:32","modified_gmt":"2020-12-27T12:27:32","slug":"quesos","status":"publish","type":"page","link":"https:\/\/edublog.educastur.es\/ixuxu\/pallabreros\/gastronomicu\/quesos\/","title":{"rendered":"Quesos"},"content":{"rendered":"<p>&nbsp;<\/p>\n<ul>\n<li><a href=\"http:\/\/llinguanelaula.blogspot.com\/2014\/05\/asturies-tierra-de-40-quesos-pa.html\"><strong>http:\/\/llinguanelaula.blogspot.com<\/strong>\/2014\/05\/asturies-tierra-de-40-quesos-pa.html<\/a><\/li>\n<\/ul>\n<h1 class=\"stposttitle\"><span style=\"font-size: 24px\"><em><span style=\"color: #008080\">Asturies, m\u00e1s de 40 quesos pa saborear y deprender xeograf\u00eda<\/span><\/em><\/span><\/h1>\n<div class=\"separator\"><a href=\"https:\/\/images-blogger-opensocial.googleusercontent.com\/gadgets\/proxy?url=http%3A%2F%2F2.bp.blogspot.com%2F-5DH4vyBJ6WQ%2FU4T7iOnDjoI%2FAAAAAAAACkU%2FCt0T5E6w9GU%2Fs1600%2Fimages%2B(2).jpg&amp;container=blogger&amp;gadget=a&amp;rewriteMime=image%2F*\"><img decoding=\"async\" title=\"images+(2)\" src=\"http:\/\/2.bp.blogspot.com\/-5DH4vyBJ6WQ\/U4T7iOnDjoI\/AAAAAAAACkU\/Ct0T5E6w9GU\/s1600\/images+(2).jpg\" alt=\"images+(2)\" border=\"0\" \/><\/a><\/div>\n<div>Asturies tien muncha tradici\u00f3n quesera. Alcontramos <b>m\u00e1s de 42 variedaes<\/b>, convirti\u00e9ndonos nel mayor territoriu europ\u00e9u con m\u00e1s tipos de quesu aut\u00f3ctonu.<\/div>\n<div><\/div>\n<div>Por tola xeograf\u00eda asturiana, la fabricaci\u00f3n de quesos n&#8217;otros tiempos yera bayurosa y formaba parte de la caser\u00eda y de la vida diaria. Cada llugar ten\u00eda&#8217;l so quesu, polo que <b>fueron y son un productu b\u00e1sicu dientro de la gastronom\u00eda asturiana.<\/b> Munchos d&#8217;ellos tan desapaec\u00edos o arrequexaos na vida dom\u00e9stica de algunes cases, por dellos motivos:<br \/>\n<a name=\"more\"><\/a><\/div>\n<div><\/div>\n<ol>\n<li>El cambiu de trabayu de la xente, dexando l&#8217;agricultura y la ganader\u00eda pa trabayar na industria o nel sector servicios<\/li>\n<li>La marcha de los pueblos a les villes y ciudaes<\/li>\n<li>La decadencia del sector llecheru (Hai que recordar qu&#8217;Asturies, a prinicipos del sieglu XX foi la primer productora llechera n&#8217;Espa\u00f1a)<\/li>\n<li>La dificult\u00e1 na comercializaci\u00f3n del mesmu pola poca producci\u00f3n<\/li>\n<\/ol>\n<div>\n<div>L&#8217;\u00fanicu quesu que se mantuvo foi&#8217;l Cabrales anque col pasu de los a\u00f1os se fueron \u00a0y se van recuperando munchos y angua\u00f1o, son una pr\u00e1ctica artesanal n&#8217;aumentu, pol puxu cultural d&#8217;esti productu t\u00e1n grande.<\/div>\n<\/div>\n<p>Vamos ver dalgunos d&#8217;ellos:<\/p>\n<div>&#8211; Quesos con D<b>enominaci\u00f3n d&#8217;Orixe Protex\u00eda (D.O.P.)<\/b>:<\/div>\n<p><a href=\"http:\/\/www.quesocabrales.org\/\" target=\"_blank\" rel=\"noopener\">QUESU CABRALES<\/a><b>\u00a0<\/b>(D.O.P.1981. Cabrales y Pe\u00f1amellera Alta)<br \/>\n<b><a href=\"http:\/\/www.quesogamonedo.com\/\" target=\"_blank\" rel=\"noopener\">QUESU CAMON\u00c9U<\/a>\u00a0<\/b>(D.O.P. 2003. On\u00eds y Cangues d&#8217;On\u00eds)<br \/>\n<b><a href=\"http:\/\/www.doafuegalpitu.com\/\" target=\"_blank\" rel=\"noopener\">QUESU AFUEGA&#8217;L PITU<\/a>\u00a0<\/b>(D.O.P. 2003. Morc\u00edn, Riosa, Gr\u00e1u, Tameza y Salas)<br \/>\n<b><a href=\"http:\/\/www.dopquesocasin.es\/\" target=\"_blank\" rel=\"noopener\">QUESU CAS\u00cdN<\/a>\u00a0<\/b>(D.O.P.2008. Casu, Sobrescobiu y Pilo\u00f1a)<\/p>\n<div><i>\u00bfQu\u00e9 ye la Denominaci\u00f3n d&#8217;Orixe Protex\u00eda.?<\/i><br \/>\n<i>La D.O.P. ti\u00e9nenla los productos que cumplen con:<\/i><\/p>\n<div>\n<ul>\n<li><i>Tener un llugar determin\u00e1u de procedencia (Asturies, Cabrales&#8230;)<\/i><\/li>\n<li><i>Pola so calid\u00e1 y caracter\u00edstiques que tien el productu, fundamentalemte o esclusivamente por mor de que pertenez a un mediu xeogr\u00e1ficu particular, colos factores naturales y humanos qu&#8217;hia nesi llugar.<\/i><\/li>\n<li><i>Porque les fases de producci\u00f3n acontecen en la so totalid\u00e1 nesa zona xeogr\u00e1fica determinada.<\/i><\/li>\n<\/ul>\n<\/div>\n<\/div>\n<div>&#8211; En procesu de D.O.P., ye dicir, agora ta cola Indicaci\u00f3n Xeogr\u00e1fica Protex\u00eda (I.X.P), pasu previu a la D.O.P.<br \/>\n<b><a href=\"http:\/\/www.saboresmitologicos.es\/productos\/beyos\/index.htm\" target=\"_blank\" rel=\"noopener\">QUESU DE LOS BEYOS<\/a>\u00a0<\/b>(Ponga y Amieva)<i>\u00bfQu\u00e9 ye&#8217;l Indicaci\u00f3n Xeogr\u00e1fica Protex\u00eda?<\/i><br \/>\n<i><\/i><\/p>\n<div><i>La I.X.P. ye&#8217;l pasu previu a la regulaci\u00f3n d&#8217;un productu como D.O.P. y ti\u00e9nenla los que cumplem:<\/i><\/div>\n<div>\n<ul>\n<li><i>Un llugar determin\u00e1u<\/i><\/li>\n<li><i>Tien que tener una cualid\u00e1 determinada, una reputaci\u00f3n u otra caracter\u00edstica que puea esencialmente atribuise al so orixe xeogr\u00e1ficu<\/i><\/li>\n<li><i>De toles fases de producci\u00f3n, al menos una tien que tener llugar na zona xeogr\u00e1fica a la que pertenez<\/i><\/li>\n<\/ul>\n<div><b>QUESOS D&#8217;ASTURIES POR CONCEYOS:<\/b><\/div>\n<\/div>\n<div class=\"separator\"><a href=\"http:\/\/3.bp.blogspot.com\/-qyCXSZfVeK0\/U4TY44poj4I\/AAAAAAAACjM\/OLnwaRblEl4\/s1600\/Quesos+oriente.jpg\"><img loading=\"lazy\" decoding=\"async\" title=\"Quesos+oriente\" src=\"http:\/\/3.bp.blogspot.com\/-qyCXSZfVeK0\/U4TY44poj4I\/AAAAAAAACjM\/OLnwaRblEl4\/s1600\/Quesos+oriente.jpg\" alt=\"Quesos+oriente\" width=\"400\" height=\"162\" border=\"0\" \/><\/a><\/div>\n<div class=\"separator\"><b>PARRES:\u00a0q<\/b>uesu de Pe\u00f1a T\u00fa<\/div>\n<\/div>\n<div>\n<div><b>LLANES:<\/b>\u00a0quesu de piedra, quesu de Carriles o inxestu, <a href=\"http:\/\/www.mundoquesos.com\/2008\/06\/porra.html\" target=\"_blank\" rel=\"noopener\">quesu de Porr\u00faa<\/a>, <a href=\"http:\/\/www.mundoquesos.com\/2008\/07\/ahumado-de-pra.html\" target=\"_blank\" rel=\"noopener\">quesu de Pr\u00eda<\/a>,<a href=\"http:\/\/www.queseriapicurriellu.com\/\" target=\"_blank\" rel=\"noopener\"> quesu Urriellu<\/a>, <a href=\"http:\/\/www.mundoquesos.com\/2008\/06\/vidiago.html\" target=\"_blank\" rel=\"noopener\">quesu de Vidiago<\/a>, <a href=\"http:\/\/www.el-caminoreal.com\/quesos\/quesosCUEVAS%201.htm\" target=\"_blank\" rel=\"noopener\">quesu de Cuevas del Mar<\/a>, quesu San Roque del Acebal.<\/div>\n<p><b>PE\u00d1AMELLERA BAXA:\u00a0<\/b><a href=\"http:\/\/www.mundoquesos.com\/2011\/03\/monje.html\" target=\"_blank\" rel=\"noopener\">quesu de Monje<\/a>,\u00a0<a href=\"http:\/\/www.mundoquesos.com\/2011\/02\/monje-picon.html\" target=\"_blank\" rel=\"noopener\">Monje Pic\u00f3 (varied\u00e1 del Monje)<\/a>,\u00a0<a href=\"http:\/\/www.mundoquesos.com\/2008\/06\/buelles.html\" target=\"_blank\" rel=\"noopener\">quesu de La Chivita<\/a>, quesu de Canal de Ciercos<\/p>\n<div><b>PE\u00d1AMELLERA ALTA:\u00a0<\/b><a href=\"http:\/\/www.el-caminoreal.com\/quesos\/quesopenamellera.htm\" target=\"_blank\" rel=\"noopener\">quesu de Pe\u00f1amellera<\/a>, , quesu de Rozag\u00e1s, <a href=\"http:\/\/www.mundoquesos.com\/2011\/02\/cueva-de-llonin.html\" target=\"_blank\" rel=\"noopener\">quesu la Cueva de Llon\u00edn<\/a><\/div>\n<div>\n<div><b>CABRALES:<\/b>\u00a0quesu d&#8217;Arangas,\u00a0<a href=\"http:\/\/www.quesocabrales.org\/\" target=\"_blank\" rel=\"noopener\">quesu Cabrales<\/a>,\u00a0quesu Sierra del Cuera,\u00a0Berodia, <a href=\"http:\/\/www.mundoquesos.com\/2011\/12\/caxigon.html\" target=\"_blank\" rel=\"noopener\">quesu Caxig\u00f3n<\/a><\/div>\n<div><\/div>\n<\/div>\n<div><b>ON\u00cdS<\/b>\u00a0y\u00a0<b>CANGUES d&#8217;ON\u00cdS:<\/b>\u00a0<a href=\"http:\/\/www.quesogamonedo.com\/\" target=\"_blank\" rel=\"noopener\">quesu de Gamonedo\/Gamon\u00e9u\/Camone\u00fa<\/a><\/div>\n<p><b>AMIEVA:<\/b>\u00a0quesu La Collada. <a href=\"http:\/\/www.saboresmitologicos.es\/productos\/beyos\/index.htm\" target=\"_blank\" rel=\"noopener\">quesu de Los Beyos<\/a>, Vega de Sebarga. quesu oveyeru,<\/p>\n<\/div>\n<div>\n<p><b>PONGA:<\/b>\u00a0<a href=\"http:\/\/www.saboresmitologicos.es\/productos\/beyos\/index.htm\" target=\"_blank\" rel=\"noopener\">quesu de Los Beyos<\/a><\/p>\n<div class=\"separator\"><a href=\"http:\/\/1.bp.blogspot.com\/-HPJCHvo5ws0\/U4dxiMnzLqI\/AAAAAAAACp0\/FxLhfQj3XFE\/s1600\/Quesos+Centru.jpg\"><img loading=\"lazy\" decoding=\"async\" title=\"Quesos+Centru\" src=\"http:\/\/1.bp.blogspot.com\/-HPJCHvo5ws0\/U4dxiMnzLqI\/AAAAAAAACp0\/FxLhfQj3XFE\/s1600\/Quesos+Centru.jpg\" alt=\"Quesos+Centru\" width=\"400\" height=\"193\" border=\"0\" \/><\/a><\/div>\n<\/div>\n<div>\n<div class=\"separator\"><\/div>\n<div><b>PRAVIA: <\/b><a href=\"http:\/\/www.doafuegalpitu.com\/\">quesu afuega&#8217;l pitu<\/a>, <a href=\"http:\/\/www.reysilo.es\/\">quesu Rey Silo<\/a><\/div>\n<div><b>AVIL\u00c9S:<\/b> quesu de Miranda Monje<\/div>\n<div><b>ILLAS:<\/b> <a href=\"http:\/\/www.mundoquesos.com\/2008\/06\/la-peral.html\">quesu La Peral<\/a>, quesu gorfoli (artesanu), quesu de Pe\u00f1aceo<\/div>\n<div><b>LES REGUERES:<\/b> <a href=\"http:\/\/www.quesoslazana.com\/\">quesu lazana<\/a><\/div>\n<div><b>SIERO:<\/b> <a href=\"http:\/\/www.quesosdevare.com\/\">quesu de var\u00e9<\/a>, quesu casta\u00f1eru<\/div>\n<div><b>MORC\u00cdN<\/b>,\u00a0<b>RIOSA<\/b>,<b>\u00a0GR\u00c1U<\/b>\u00a0y\u00a0<b>TAMEZA:<\/b>\u00a0<a href=\"http:\/\/www.doafuegalpitu.com\/\">quesu afuega&#8217;l pitu<\/a><br \/>\n<b>SARIEGU:<\/b> <a href=\"http:\/\/www.lasaregana.es\/\">quesu el duernu<\/a><\/div>\n<div><b>NAVA: <\/b><a href=\"http:\/\/www.quesuovin.com\/\">quesu Ov\u00edn<\/a><\/div>\n<div><b>PILO\u00d1A:<\/b> quesu de Madelva,\u00a0<a href=\"http:\/\/www.doafuegalpitu.com\/\">quesu afuega&#8217;l pitu<\/a><\/div>\n<div><b>CASU,<\/b> <b>SOBRESCOBIU:<\/b> <a href=\"http:\/\/www.dopquesocasin.es\/\">quesu cas\u00edn<\/a><\/div>\n<div><b>LLAVIANA:<\/b> quesu d&#8217;El Borxal<\/div>\n<div><b>SAMART\u00cdN DEL REI AURELIO:<\/b> <a href=\"http:\/\/www.el-caminoreal.com\/quesos\/quesoslapena1.htm\">quesu de La Pe\u00f1a<\/a>, quesu el g\u00fcelu<\/div>\n<div><b>LLANGR\u00c9U: <\/b>quesu el g\u00fcelu<\/div>\n<div><b>AYER:<\/b> quesu podre (artesanal, fechu polos pastores y vaqueros ayeranos)<\/div>\n<div><b>L.LENA:<\/b> quisu de vixiga (ellabor\u00e1u nuna vixiga de gochu), <a href=\"http:\/\/www.mundoquesos.com\/2011\/07\/queso-de-fuente.html\">quesu de fuente<\/a><\/div>\n<div><b>MIERES:<\/b> <a href=\"http:\/\/www.mundoquesos.com\/2011\/02\/urbies.html\">quesu d&#8217;Urbi\u00e9s<\/a><\/div>\n<div><b>QUIR\u00d3S: <\/b>queisu de bota<\/div>\n<div><b>PROAZA:<\/b> <a href=\"http:\/\/www.mundoquesos.com\/2011\/07\/queso-de-fuente.html\">quesu de fuente<\/a><\/div>\n<\/div>\n<div>\n<div><\/div>\n<div class=\"separator\"><a href=\"http:\/\/2.bp.blogspot.com\/-UHfrpUzJSa4\/U4TyuT0tODI\/AAAAAAAACkE\/cAI5KYifUx4\/s1600\/Quesos+occidente.jpg\"><img loading=\"lazy\" decoding=\"async\" title=\"Quesos+occidente\" src=\"http:\/\/2.bp.blogspot.com\/-UHfrpUzJSa4\/U4TyuT0tODI\/AAAAAAAACkE\/cAI5KYifUx4\/s1600\/Quesos+occidente.jpg\" alt=\"Quesos+occidente\" width=\"400\" height=\"175\" border=\"0\" \/><\/a><\/div>\n<div><b>SALAS:\u00a0<\/b><a href=\"http:\/\/www.doafuegalpitu.com\/\" target=\"_blank\" rel=\"noopener\">quesu afuega&#8217;l pitu<\/a>, quesu de Castillo de Salas,\u00a0<a href=\"http:\/\/www.mundoquesos.com\/2011\/06\/valle-del-narcea_11.html\" target=\"_blank\" rel=\"noopener\">quesu Valle del Narcea<\/a><\/div>\n<div>\n<div><b>VALD\u00c9S:<\/b>\u00a0quesu valdesano<\/div>\n<div><b>CUA\u00d1A:<\/b> <a href=\"http:\/\/www.mundoquesos.com\/2011\/02\/abredo.html\" target=\"_blank\" rel=\"noopener\">quesu d&#8217;Abredo<\/a><\/div>\n<\/div>\n<div><b>TARAMUNDI:<\/b> <a href=\"http:\/\/www.mundoquesos.com\/2008\/06\/taramundi.html\" target=\"_blank\" rel=\"noopener\">quesu carbayo (varied\u00e1 de nuez y ablanes)<\/a><\/div>\n<div>\n<div><b>GRANDAS:<\/b>\u00a0<a href=\"http:\/\/www.mundoquesos.com\/2011\/02\/oscos.html\" target=\"_blank\" rel=\"noopener\">quesu d&#8217;Ozcos<\/a><\/div>\n<div>\n<div><\/div>\n<\/div>\n<\/div>\n<div>\n<p><b>CANGAS DEL NARCEA:<\/b> <a href=\"http:\/\/www.mundoquesos.com\/2011\/02\/genestoso-xinestoso.html\" target=\"_blank\" rel=\"noopener\">quesu xinestoso<\/a><\/p>\n<p><b>LA ELLABORACI\u00d3N DEL QUESU:<\/b><\/p>\n<div class=\"separator\"><\/div>\n<div class=\"separator\"><a href=\"http:\/\/1.bp.blogspot.com\/-ISz_970VI5E\/U4dq5tQKwRI\/AAAAAAAACpY\/metHDUHeNHQ\/s1600\/faciendo+quesu.jpg\"><img loading=\"lazy\" decoding=\"async\" title=\"faciendo+quesu\" src=\"http:\/\/1.bp.blogspot.com\/-ISz_970VI5E\/U4dq5tQKwRI\/AAAAAAAACpY\/metHDUHeNHQ\/s1600\/faciendo+quesu.jpg\" alt=\"faciendo+quesu\" width=\"400\" height=\"291\" border=\"0\" \/><\/a><\/div>\n<div>\n<div><b>ACTIVIDAES<\/b><\/div>\n<div><b>1.\u00a0\u00a0Xune cada conceyu cola so cabecera y el so quesu :<\/b><\/div>\n<\/div>\n<\/div>\n<div>\n<div class=\"separator\"><\/div>\n<div class=\"separator\"><a href=\"http:\/\/1.bp.blogspot.com\/-ZUei9ciAiV4\/U4dqotM3k3I\/AAAAAAAACpA\/r5jZeewFyM0\/s1600\/OCCIDENTE.jpg\"><img loading=\"lazy\" decoding=\"async\" title=\"OCCIDENTE\" src=\"http:\/\/1.bp.blogspot.com\/-ZUei9ciAiV4\/U4dqotM3k3I\/AAAAAAAACpA\/r5jZeewFyM0\/s1600\/OCCIDENTE.jpg\" alt=\"OCCIDENTE\" width=\"400\" height=\"137\" border=\"0\" \/><\/a><\/div>\n<div class=\"separator\"><\/div>\n<div class=\"separator\"><a href=\"http:\/\/1.bp.blogspot.com\/-c96fPI4zQ1w\/U4dqosImJoI\/AAAAAAAACpE\/pnwH-E9Epj0\/s1600\/quesos+centru.jpg\"><img loading=\"lazy\" decoding=\"async\" title=\"quesos+centru\" src=\"http:\/\/1.bp.blogspot.com\/-c96fPI4zQ1w\/U4dqosImJoI\/AAAAAAAACpE\/pnwH-E9Epj0\/s1600\/quesos+centru.jpg\" alt=\"quesos+centru\" width=\"400\" height=\"290\" border=\"0\" \/><\/a><\/div>\n<div class=\"separator\"><\/div>\n<div class=\"separator\"><a href=\"http:\/\/2.bp.blogspot.com\/-0qIaiGlqJE8\/U4dqons-VII\/AAAAAAAACpM\/xkC7iWhcx9A\/s1600\/Oriente.jpg\"><img loading=\"lazy\" decoding=\"async\" title=\"Oriente\" src=\"http:\/\/2.bp.blogspot.com\/-0qIaiGlqJE8\/U4dqons-VII\/AAAAAAAACpM\/xkC7iWhcx9A\/s1600\/Oriente.jpg\" alt=\"Oriente\" width=\"400\" height=\"158\" border=\"0\" \/><\/a><\/div>\n<div><\/div>\n<div class=\"separator\"><\/div>\n<div class=\"separator\"><b>2.\u00a0A ver si yes quien a facer nesti mapa-puzzle tolos conceyos queseros d&#8217;Asturies<\/b><\/div>\n<table class=\"tr-caption-container\" cellspacing=\"0\" cellpadding=\"0\" align=\"center\">\n<tbody>\n<tr>\n<td><a href=\"http:\/\/mapasinteractivos.didactalia.net\/comunidad\/mapasflashinteractivos\/recurso\/conceyos-dasturies-puzzle\/48797f1d-864f-4493-89a5-9be11f45b112\" target=\"_blank\" rel=\"noopener\"><img loading=\"lazy\" decoding=\"async\" title=\"d7d3f72e-d4c5-ccbe-446a-2dbd79768c79\" src=\"http:\/\/2.bp.blogspot.com\/-qgQ4_TFkomw\/U4d5Cl1ByuI\/AAAAAAAACqE\/PTRRv1aQcFI\/s1600\/d7d3f72e-d4c5-ccbe-446a-2dbd79768c79.jpg\" alt=\"d7d3f72e-d4c5-ccbe-446a-2dbd79768c79\" width=\"320\" height=\"219\" border=\"0\" \/><\/a><\/td>\n<\/tr>\n<tr>\n<td class=\"tr-caption\">Calca na imaxe pa xugar<\/td>\n<\/tr>\n<\/tbody>\n<\/table>\n<p><b>3. Contstamos ya investigamos:<\/b><br \/>\n\u00bfG\u00fastate&#8217;l quesu?<br \/>\n\u00bfCu\u00e1los comiste o probasti dalguna vez?<br \/>\n\u00bfCu\u00e1l ye&#8217;l to quesu favoritu?<br \/>\nCuando vayas al merc\u00e1u, mira a ver si se vienden quesos d&#8217;Asturies y apunta cu\u00e1los y d&#8217;onde vienen. Pues pregunt\u00e1i al queseru. Mira a ver si nes etiquetes usen la llingua asturiana.<\/p>\n<p><b>Visites recomendaes:<\/b><\/p>\n<\/div>\n<\/div>\n<div><a href=\"http:\/\/www.fundacioncabrales.com\/\" target=\"_blank\" rel=\"noopener\">Mus\u00e9u Cueva Esposici\u00f3n del Quesu (Cabrales)<\/a><br \/>\n<a href=\"http:\/\/www.queseros.com\/museo-etnografico-de-la-lecheria-en-morcin-asturias\/\" target=\"_blank\" rel=\"noopener\">Mus\u00e9u Etnogr\u00e1ficu de la Llecher\u00eda (Morc\u00edn)<\/a><b>M\u00e1s info:<\/b><br \/>\n<a href=\"http:\/\/ast.wikipedia.org\/wiki\/Quesos_d'Asturies\" target=\"_blank\" rel=\"noopener\">Quesos d&#8217;asturies<\/a><\/p>\n<div>\n<p><b><a title=\"Quesos artesanales asturianos\" href=\"https:\/\/www.slideshare.net\/lamolinera\/quesos-artesanales-asturianos\" target=\"_blank\" rel=\"noopener\">Quesos artesanales asturianos<\/a><\/b><\/p>\n<div><b>\u00a0<\/b><\/div>\n<div><b>Art\u00edculos perguapos:<\/b><\/div>\n<\/div>\n<p><a href=\"http:\/\/gastronomia.productosdeasturias.com\/tienda-online-carnes-de-asturias-quesos-de-asturias\/portada\/quesos-asturianos-en-el-olvido_340_27_382_0_1_in.html\" target=\"_blank\" rel=\"noopener\">Quesos asturianos nel olvidu<\/a><br \/>\n<a href=\"http:\/\/servicios.elcomercio.es\/gastronomia\/articulos\/090305.htm\" target=\"_blank\" rel=\"noopener\">Cuarenta del paraiso<\/a><br \/>\n<a href=\"http:\/\/elviajero.elpais.com\/elviajero\/2014\/02\/21\/actualidad\/1392986135_160171.html\" target=\"_blank\" rel=\"noopener\">Llocos pol quesu asturianu<\/a><\/p>\n<\/div>\n","protected":false},"excerpt":{"rendered":"<p>&nbsp; http:\/\/llinguanelaula.blogspot.com\/2014\/05\/asturies-tierra-de-40-quesos-pa.html Asturies, m\u00e1s de 40 quesos pa saborear y deprender xeograf\u00eda Asturies tien muncha tradici\u00f3n quesera. Alcontramos m\u00e1s de 42 variedaes, convirti\u00e9ndonos nel mayor territoriu europ\u00e9u con m\u00e1s tipos de quesu aut\u00f3ctonu. Por tola xeograf\u00eda asturiana, la fabricaci\u00f3n de quesos n&#8217;otros tiempos yera bayurosa y formaba parte de la caser\u00eda y de la vida [&hellip;]<\/p>\n","protected":false},"author":117,"featured_media":0,"parent":2141,"menu_order":0,"comment_status":"closed","ping_status":"closed","template":"","meta":{"footnotes":""},"class_list":["post-2133","page","type-page","status-publish","hentry"],"_links":{"self":[{"href":"https:\/\/edublog.educastur.es\/ixuxu\/wp-json\/wp\/v2\/pages\/2133","targetHints":{"allow":["GET"]}}],"collection":[{"href":"https:\/\/edublog.educastur.es\/ixuxu\/wp-json\/wp\/v2\/pages"}],"about":[{"href":"https:\/\/edublog.educastur.es\/ixuxu\/wp-json\/wp\/v2\/types\/page"}],"author":[{"embeddable":true,"href":"https:\/\/edublog.educastur.es\/ixuxu\/wp-json\/wp\/v2\/users\/117"}],"replies":[{"embeddable":true,"href":"https:\/\/edublog.educastur.es\/ixuxu\/wp-json\/wp\/v2\/comments?post=2133"}],"version-history":[{"count":4,"href":"https:\/\/edublog.educastur.es\/ixuxu\/wp-json\/wp\/v2\/pages\/2133\/revisions"}],"predecessor-version":[{"id":2137,"href":"https:\/\/edublog.educastur.es\/ixuxu\/wp-json\/wp\/v2\/pages\/2133\/revisions\/2137"}],"up":[{"embeddable":true,"href":"https:\/\/edublog.educastur.es\/ixuxu\/wp-json\/wp\/v2\/pages\/2141"}],"wp:attachment":[{"href":"https:\/\/edublog.educastur.es\/ixuxu\/wp-json\/wp\/v2\/media?parent=2133"}],"curies":[{"name":"wp","href":"https:\/\/api.w.org\/{rel}","templated":true}]}}