{"id":21339,"date":"2023-08-11T14:01:54","date_gmt":"2023-08-11T12:01:54","guid":{"rendered":"https:\/\/edublog.educastur.es\/ixuxu\/?page_id=21339"},"modified":"2023-08-11T14:46:46","modified_gmt":"2023-08-11T12:46:46","slug":"campana-2023-24","status":"publish","type":"page","link":"https:\/\/edublog.educastur.es\/ixuxu\/asturiano\/campanes\/campana-2023-24\/","title":{"rendered":"Campa\u00f1a 2023-24"},"content":{"rendered":"<p>&nbsp;<\/p>\n<p><a href=\"https:\/\/www.educastur.es\/\"><img loading=\"lazy\" decoding=\"async\" class=\"aligncenter\" src=\"https:\/\/pbs.twimg.com\/media\/FsfF7K4WcAA3K1C?format=jpg&amp;name=large\" alt=\"\" width=\"414\" height=\"385\" \/><\/a><\/p>\n<ul>\n<li><a href=\"https:\/\/edublog.educastur.es\/ixuxu\/2023\/04\/nun-y-deas-mas-vueltes\">Entrada blogue<\/a> \/ <strong><a href=\"http:\/\/nunydeasmasvueltes.es\">web<\/a><\/strong> \/<\/li>\n<\/ul>\n<p>Campa\u00f1a matriculaci\u00f3n en Llingua A.<\/p>\n<ul>\n<li>Solicit\u00fa: <strong>del 24 d&#8217;abril al 5 de mayu.<\/strong><\/li>\n<li>Matr\u00edcula EP: <strong>del 20 al 27 de xunu.<\/strong><\/li>\n<\/ul>\n<p style=\"text-align: center\">\n<!-- iframe plugin v.6.0 wordpress.org\/plugins\/iframe\/ -->\n<iframe loading=\"lazy\" width=\"100%\" height=\"330\" src=\"https:\/\/www.youtube.com\/embed\/TED-43rQMdI?list=PLElSZyS9qT_4tPJQcEwaVsdNl6aDgPfkn\" 0=\"\/iframe\" scrolling=\"yes\" class=\"iframe-class\" frameborder=\"0\"><\/iframe>\n<\/p>\n<p style=\"text-align: center\">\n<!-- iframe plugin v.6.0 wordpress.org\/plugins\/iframe\/ -->\n<iframe loading=\"lazy\" width=\"100%\" height=\"330\" src=\"https:\/\/www.youtube.com\/embed\/zJY-p7eg0Sg\" 0=\"\/iframe\" scrolling=\"yes\" class=\"iframe-class\" frameborder=\"0\"><\/iframe>\n<\/p>\n<p style=\"text-align: center\">\n<!-- iframe plugin v.6.0 wordpress.org\/plugins\/iframe\/ -->\n<iframe loading=\"lazy\" width=\"100%\" height=\"330\" src=\"https:\/\/www.youtube.com\/embed\/hLIozncINGQ\" 0=\"\/iframe\" scrolling=\"yes\" class=\"iframe-class\" frameborder=\"0\"><\/iframe>\n<\/p>\n<p>&nbsp;<\/p>\n<p>&nbsp;<\/p>\n","protected":false},"excerpt":{"rendered":"<p>&nbsp; Entrada blogue \/ web \/ Campa\u00f1a matriculaci\u00f3n en Llingua A. Solicit\u00fa: del 24 d&#8217;abril al 5 de mayu. Matr\u00edcula EP: del 20 al 27 de xunu. &nbsp; &nbsp;<\/p>\n","protected":false},"author":117,"featured_media":0,"parent":142,"menu_order":0,"comment_status":"closed","ping_status":"closed","template":"","meta":{"footnotes":""},"class_list":["post-21339","page","type-page","status-publish","hentry"],"_links":{"self":[{"href":"https:\/\/edublog.educastur.es\/ixuxu\/wp-json\/wp\/v2\/pages\/21339","targetHints":{"allow":["GET"]}}],"collection":[{"href":"https:\/\/edublog.educastur.es\/ixuxu\/wp-json\/wp\/v2\/pages"}],"about":[{"href":"https:\/\/edublog.educastur.es\/ixuxu\/wp-json\/wp\/v2\/types\/page"}],"author":[{"embeddable":true,"href":"https:\/\/edublog.educastur.es\/ixuxu\/wp-json\/wp\/v2\/users\/117"}],"replies":[{"embeddable":true,"href":"https:\/\/edublog.educastur.es\/ixuxu\/wp-json\/wp\/v2\/comments?post=21339"}],"version-history":[{"count":3,"href":"https:\/\/edublog.educastur.es\/ixuxu\/wp-json\/wp\/v2\/pages\/21339\/revisions"}],"predecessor-version":[{"id":21342,"href":"https:\/\/edublog.educastur.es\/ixuxu\/wp-json\/wp\/v2\/pages\/21339\/revisions\/21342"}],"up":[{"embeddable":true,"href":"https:\/\/edublog.educastur.es\/ixuxu\/wp-json\/wp\/v2\/pages\/142"}],"wp:attachment":[{"href":"https:\/\/edublog.educastur.es\/ixuxu\/wp-json\/wp\/v2\/media?parent=21339"}],"curies":[{"name":"wp","href":"https:\/\/api.w.org\/{rel}","templated":true}]}}