{"id":2153,"date":"2020-12-27T15:08:22","date_gmt":"2020-12-27T13:08:22","guid":{"rendered":"https:\/\/edublog.educastur.es\/ixuxu\/?page_id=2153"},"modified":"2020-12-27T15:08:22","modified_gmt":"2020-12-27T13:08:22","slug":"pallabres-prestoses","status":"publish","type":"page","link":"https:\/\/edublog.educastur.es\/ixuxu\/pallabreros\/mas\/pallabres-prestoses\/","title":{"rendered":"Pallabres prestoses"},"content":{"rendered":"<header id=\"entry-header\" class=\"entry__header yr-entry-header\" data-rapid-sec=\"{&quot;entry-header&quot;:&quot;entry-header&quot;}\">\n<div class=\"headline\">\n<h1 class=\"headline__title\"><span style=\"font-size: 24px;color: #008080\"><em>Nueve palabras que deber\u00edamos importar del asturiano<\/em><\/span><\/h1>\n<\/div>\n<div class=\"share-bar share-bar--sticky yr-share share-bar_skin_life sticky\" data-rapid-subsec=\"share\">\n<div class=\"author-card__details\"><span class=\"author-card__details-container\"> Fonte: <a href=\"https:\/\/www.huffingtonpost.es\/2016\/05\/19\/palabras-asturianas-_n_10019692.html\">Ana Aldea <\/a><\/span> <span class=\"author-card__microbio\">El Huffington Post<\/span><\/div>\n<\/div>\n<div class=\"author-byline yr-byline\" data-rapid-subsec=\"byline\"><\/div>\n<\/header>\n<div class=\"page__content__row row--no-border\">\n<div class=\"col col--body-center\">\n<div class=\"entry__below-entry\">\n<div class=\"entry__content  js-entry-content\">\n<div class=\"entry__body\" data-part=\"contents\">\n<div id=\"entry-text\" class=\"post-contents yr-entry-text\" data-rapid-sec=\"{&quot;entry-text&quot;:&quot;entry-text&quot;}\">\n<div class=\"content-list-component text\">\n<p>En Asturias se habla asturiano. Y aunque <a href=\"http:\/\/dle.rae.es\/?id=471VmTw\" target=\"_blank\" rel=\"noopener\" data-rapid-elm=\"context_link\" data-ylk=\"elm:context_link;itc:0\" data-rapid-sec=\"{&quot;entry-text&quot;:&quot;entry-text&quot;}\" data-rapid-itc=\"0\" data-rapid_p=\"1\" data-v9y=\"1\">el bable<\/a> no ha adquirido a\u00fan el rango de lengua oficial, s\u00ed est\u00e1 lleno de vocablos y palabras que bien merecer\u00edan salir del Principado y exportarse al resto de Espa\u00f1a.<\/p>\n<p>En <em>El Huffington Post<\/em> hemos hecho una selecci\u00f3n de nueve t\u00e9rminos que deber\u00edamos empezar a utilizar ya mismo, independientemente de si vivimos en Madrid, Murcia, Tenerife o justo enfrente de las Cuevas de Covadonga.<\/p>\n<h1><span style=\"color: #008080\"><em>1. Presta<\/em><\/span><\/h1>\n<p><strong>Significado:<\/strong> Gustar, molar, encantar.<\/p>\n<p><strong>Uso:<\/strong> Se utiliza en lugar de gustar\/encantar. \u00ab\u00bfTe presta este pastel?\u00bb, \u00abMe prest\u00f3 mucho la pel\u00edcula\u00bb&#8230;<\/p>\n<p><strong>Por qu\u00e9 nos encanta:<\/strong> S\u00f3lo por poder decir \u00abme presta por la vida\u00bb (me apetece todo) ya ser\u00eda suficiente raz\u00f3n para inaugurar este post.<\/p>\n<\/div>\n<div class=\"content-list-component text\">\n<h1><span style=\"color: #008080\"><em>2. Tajal\u00e1piz<\/em><\/span><\/h1>\n<p><strong>Significado:<\/strong> Sacapuntas.<\/p>\n<p><strong>Uso:<\/strong> \u00ab\u00bfTienes un tajal\u00e1piz\u00bb<\/p>\n<p><strong>Por qu\u00e9 nos encanta:<\/strong> Recon\u00f3celo, te has imaginado pegando hachazos a la punta del l\u00e1piz.<\/p>\n<\/div>\n<div class=\"content-list-component text\">\n<h1><span style=\"color: #008080\"><em>3. Gochu<\/em><\/span><\/h1>\n<p><strong>Significado:<\/strong> Sucio, malhablado, indecente.<\/p>\n<p><strong>Uso:<\/strong> \u00abVino muy gochu del campo\u00bb, \u00abRoberto es muy gochu, no le gusta el agua\u00bb&#8230;<\/p>\n<p><strong>Por qu\u00e9 nos encanta:<\/strong> Es mucho m\u00e1s descriptivo que sucio. En gochu parece que hay restos de suciedad en las esquinas de las letras.<\/p>\n<\/div>\n<div class=\"content-list-component text\">\n<h1><em><span style=\"color: #008080\">4. Ye<\/span><\/em><\/h1>\n<p><strong>Significado:<\/strong> Es.<\/p>\n<p><strong>Uso:<\/strong> \u00abYe as\u00ed\u00bb<\/p>\n<p><strong>Por qu\u00e9 nos encanta:<\/strong> Porque \u00abye\u00bb asturiano 100%.<\/p>\n<\/div>\n<div class=\"content-list-component text\">\n<h1><em><span style=\"color: #008080\">5. Ho<\/span><\/em><\/h1>\n<p><strong>Significado:<\/strong> Deriva de home, hombre.<\/p>\n<p><strong>Uso:<\/strong> Se usa sobre todo en frases exclamativas y algunas son las tan famosas como \u00abCalla, ho!\u00bb Es s\u00f3lo un ejemplo porque se puede usar al final de cientos de frases como \u00abQu\u00e9 pasa, ho\u00bb, \u00abOnde vas, ho\u00bb, \u00abQu\u00e9 faes, ho\u00bb&#8230;<\/p>\n<p><strong>Por qu\u00e9 nos encanta:<\/strong> Prueba a decirla con la O muy larga \u00abCalla hooooooooo!\u00bb<\/p>\n<\/div>\n<div class=\"content-list-component text\">\n<h1><em><span style=\"color: #008080\">6. Guaje\/a<\/span><\/em><\/h1>\n<p><strong>Significado:<\/strong> Ni\u00f1o\/a.<a href=\"http:\/\/dle.rae.es\/?w=huaje&amp;origen=REDLE\" target=\"_blank\" rel=\"noopener\" data-rapid-elm=\"context_link\" data-ylk=\"elm:context_link;itc:0\" data-rapid-sec=\"{&quot;entry-text&quot;:&quot;entry-text&quot;}\" data-rapid-itc=\"0\" data-rapid_p=\"3\" data-v9y=\"1\"> Aceptada por la RAE como localismo de Asturias y Le\u00f3n.<\/a><\/p>\n<p><strong>Uso:<\/strong> \u00abAndan los guajes jugando en el jard\u00edn\u00bb.<\/p>\n<p><strong>Por qu\u00e9 nos encanta:<\/strong> Porque es \u00abtiern\u00edn\u00bb llamar as\u00ed a los nenus (vale, hemos colado otra).<\/p>\n<\/div>\n<div class=\"content-list-component text\">\n<h1><em><span style=\"color: #008080\">7. Espicha<\/span><\/em><\/h1>\n<p><strong>Significado:<\/strong> Nombre de las fiestas asturianas que se celebran en torno a la sidra. Tiene su origen en el nombre de los tapones de los barriles de sidra.<\/p>\n<p><strong>Uso: <\/strong>\u00abCelebraron una espicha para su boda\u00bb.<\/p>\n<p><strong>Por qu\u00e9 nos encanta:<\/strong> Bueno\u2026 \u00bfa qui\u00e9n no le apetece una buena fiesta con una buena sidra?<\/p>\n<\/div>\n<div class=\"content-list-component text\">\n<h1><em><span style=\"color: #008080\">8. Fame<\/span><\/em><\/h1>\n<p><strong>Significado: <\/strong>Hambre<\/p>\n<p><strong>Uso:<\/strong> \u00abTengo fame\u00bb.<\/p>\n<p><strong>Por qu\u00e9 nos encanta: <\/strong>Hambre es un palabra global, que nos recuerda el hambre en el mundo. Fame es otro asunto y los publicistas de McDonald&#8217;s tambi\u00e9n lo saben.<\/p>\n<\/div>\n<div class=\"content-list-component text\">\n<h1><em><span style=\"color: #008080\">9. Estrapallar<\/span><\/em><\/h1>\n<p><strong>Significado: <\/strong>Aplastar, espachurrar.<\/p>\n<p><strong>Uso: <\/strong>\u00abLo estrapall\u00f3 un coche\u00bb.<\/p>\n<p><strong>Por qu\u00e9 nos encanta: <\/strong>Es bastante onomatop\u00e9yica prueba a decir \u201cacabo de estrapallar una cucaracha\u201d y casi oir\u00e1s&#8230; ya, paramos.<\/p>\n<\/div>\n<\/div>\n<\/div>\n<\/div>\n<\/div>\n<\/div>\n<\/div>\n","protected":false},"excerpt":{"rendered":"<p>Nueve palabras que deber\u00edamos importar del asturiano Fonte: Ana Aldea El Huffington Post En Asturias se habla asturiano. Y aunque el bable no ha adquirido a\u00fan el rango de lengua oficial, s\u00ed est\u00e1 lleno de vocablos y palabras que bien merecer\u00edan salir del Principado y exportarse al resto de Espa\u00f1a. En El Huffington Post hemos [&hellip;]<\/p>\n","protected":false},"author":117,"featured_media":0,"parent":2144,"menu_order":0,"comment_status":"closed","ping_status":"closed","template":"","meta":{"footnotes":""},"class_list":["post-2153","page","type-page","status-publish","hentry"],"_links":{"self":[{"href":"https:\/\/edublog.educastur.es\/ixuxu\/wp-json\/wp\/v2\/pages\/2153","targetHints":{"allow":["GET"]}}],"collection":[{"href":"https:\/\/edublog.educastur.es\/ixuxu\/wp-json\/wp\/v2\/pages"}],"about":[{"href":"https:\/\/edublog.educastur.es\/ixuxu\/wp-json\/wp\/v2\/types\/page"}],"author":[{"embeddable":true,"href":"https:\/\/edublog.educastur.es\/ixuxu\/wp-json\/wp\/v2\/users\/117"}],"replies":[{"embeddable":true,"href":"https:\/\/edublog.educastur.es\/ixuxu\/wp-json\/wp\/v2\/comments?post=2153"}],"version-history":[{"count":1,"href":"https:\/\/edublog.educastur.es\/ixuxu\/wp-json\/wp\/v2\/pages\/2153\/revisions"}],"predecessor-version":[{"id":2154,"href":"https:\/\/edublog.educastur.es\/ixuxu\/wp-json\/wp\/v2\/pages\/2153\/revisions\/2154"}],"up":[{"embeddable":true,"href":"https:\/\/edublog.educastur.es\/ixuxu\/wp-json\/wp\/v2\/pages\/2144"}],"wp:attachment":[{"href":"https:\/\/edublog.educastur.es\/ixuxu\/wp-json\/wp\/v2\/media?parent=2153"}],"curies":[{"name":"wp","href":"https:\/\/api.w.org\/{rel}","templated":true}]}}