{"id":23615,"date":"2024-01-09T10:45:59","date_gmt":"2024-01-09T08:45:59","guid":{"rendered":"https:\/\/edublog.educastur.es\/ixuxu\/?page_id=23615"},"modified":"2024-01-09T10:45:59","modified_gmt":"2024-01-09T08:45:59","slug":"2024-2","status":"publish","type":"page","link":"https:\/\/edublog.educastur.es\/ixuxu\/radio\/sentir-asturies\/2024-2\/","title":{"rendered":"2024"},"content":{"rendered":"<p style=\"text-align: center\"><a href=\"https:\/\/www.rtpa.es\/fotos\/\/24\/01\/871704209450_cfakepathsentirasturies.png\"><img loading=\"lazy\" decoding=\"async\" class=\"aligncenter \" src=\"https:\/\/www.rtpa.es\/fotos\/\/24\/01\/871704209450_cfakepathsentirasturies.png\" width=\"493\" height=\"277\" \/><\/a><\/p>\n<p>Sentir Asturies vuelve a les ondes de la RPA nun programa present\u00e1u por Inaciu Gal\u00e1n na que va sentise la<strong> maxa de los Reis Magos y l&#8217;amor pol Nadal<\/strong> (o quiciabes non tanto). Pelayo Mart\u00ednez Ol\u00e1i, con El Sudu, cu\u00e9ntanos la hestoria del club de f\u00fatbol Ria\u00f1o, Lluci Miravalles analiza los traxes de los Reis Magos en Moderneces y Presumicios y Sergio Buelga representa un radioteatru mui navidiegu. Too eso y m\u00e1s, onde si non, en Sentir Asturies.<\/p>\n<ul>\n<li><a href=\"https:\/\/www.rtpa.es\/audio:Asturies%202024_1704483838.html?fbclid=IwAR2FrsW0A7KN04Pgt7GB9U9aXZlP8M6C5g47NrDoXSjhMYIxrQyINSspcZI\">RTPA<\/a> Calcar nel reproductor d&#8217;audio\/<\/li>\n<\/ul>\n","protected":false},"excerpt":{"rendered":"<p>Sentir Asturies vuelve a les ondes de la RPA nun programa present\u00e1u por Inaciu Gal\u00e1n na que va sentise la maxa de los Reis Magos y l&#8217;amor pol Nadal (o quiciabes non tanto). Pelayo Mart\u00ednez Ol\u00e1i, con El Sudu, cu\u00e9ntanos la hestoria del club de f\u00fatbol Ria\u00f1o, Lluci Miravalles analiza los traxes de los Reis [&hellip;]<\/p>\n","protected":false},"author":117,"featured_media":0,"parent":3830,"menu_order":0,"comment_status":"closed","ping_status":"closed","template":"","meta":{"footnotes":""},"class_list":["post-23615","page","type-page","status-publish","hentry"],"_links":{"self":[{"href":"https:\/\/edublog.educastur.es\/ixuxu\/wp-json\/wp\/v2\/pages\/23615","targetHints":{"allow":["GET"]}}],"collection":[{"href":"https:\/\/edublog.educastur.es\/ixuxu\/wp-json\/wp\/v2\/pages"}],"about":[{"href":"https:\/\/edublog.educastur.es\/ixuxu\/wp-json\/wp\/v2\/types\/page"}],"author":[{"embeddable":true,"href":"https:\/\/edublog.educastur.es\/ixuxu\/wp-json\/wp\/v2\/users\/117"}],"replies":[{"embeddable":true,"href":"https:\/\/edublog.educastur.es\/ixuxu\/wp-json\/wp\/v2\/comments?post=23615"}],"version-history":[{"count":1,"href":"https:\/\/edublog.educastur.es\/ixuxu\/wp-json\/wp\/v2\/pages\/23615\/revisions"}],"predecessor-version":[{"id":23616,"href":"https:\/\/edublog.educastur.es\/ixuxu\/wp-json\/wp\/v2\/pages\/23615\/revisions\/23616"}],"up":[{"embeddable":true,"href":"https:\/\/edublog.educastur.es\/ixuxu\/wp-json\/wp\/v2\/pages\/3830"}],"wp:attachment":[{"href":"https:\/\/edublog.educastur.es\/ixuxu\/wp-json\/wp\/v2\/media?parent=23615"}],"curies":[{"name":"wp","href":"https:\/\/api.w.org\/{rel}","templated":true}]}}