{"id":2676,"date":"2021-01-04T18:41:09","date_gmt":"2021-01-04T16:41:09","guid":{"rendered":"https:\/\/edublog.educastur.es\/ixuxu\/?page_id=2676"},"modified":"2021-01-04T18:48:29","modified_gmt":"2021-01-04T16:48:29","slug":"las-ayalgas","status":"publish","type":"page","link":"https:\/\/edublog.educastur.es\/ixuxu\/asturies\/museos\/las-ayalgas\/","title":{"rendered":"Las Ayalgas"},"content":{"rendered":"<p><img loading=\"lazy\" decoding=\"async\" class=\"alignnone \" src=\"http:\/\/lasayalgas.es\/wp-content\/uploads\/2019\/09\/Logo-Ayalgas-Todos-los-fondos.png\" width=\"168\" height=\"168\" \/><span style=\"color: #008080\"><em><strong>Belmone de Miranda<\/strong><\/em><\/span><\/p>\n<p>Nel <a href=\"http:\/\/lasayalgas.es\/\"><strong>MUS\u00c9U LES AYALGAS DE SILVIELLA<\/strong> <\/a>recreamos el pas\u00e1u m\u00e1s cercanu por aciu los oxetos que pueden vese na nuesa esposici\u00f3n. Asina, na sala dedicada a la cocina tradicional puede vese l&#8217;esca\u00f1u, les gamayeras, payetsas, fudres\/odres, tambores d&#8217;amagostar, molinucos de rabilar y toa clase d&#8217;instrumentos dom\u00e9sticos. Y al empar retratamos la realid\u00e1 m\u00e1s aut\u00e9ntica y xenuina de los nuesos pueblos na esposici\u00f3n <strong>Llabradores: la memoria de la tierra<\/strong>, como esta llariega fotografiada apocay\u00e1 en Francos (Tin\u00e9u \/ Tin\u00e9u) por Jes\u00fas Su\u00e1rez L\u00f3pez.<\/p>\n<ul>\n<li><span style=\"font-size: 20px\"><a href=\"http:\/\/pegadosalatierra.elcomercio.es\/museo-etnografico-de-las-ayalgas-belmonte-de-miranda\/?fbclid=IwAR1Y9c4LPxbsMgqpV1-jGvw5eEB7-WCA-L6tp9JLmg9DsoCDf1_3QzS1sW0#.XzpSt4Bh8ks.whatsapp\">Art\u00edculu <strong>El Comercio<\/strong> (ver fotos)<\/a><\/span><\/li>\n<\/ul>\n<p><img loading=\"lazy\" decoding=\"async\" class=\"alignnone size-full\" src=\"https:\/\/scontent.fmad7-1.fna.fbcdn.net\/v\/t1.0-9\/134559480_442421610465204_63584895280678591_n.jpg?_nc_cat=106&amp;ccb=2&amp;_nc_sid=730e14&amp;_nc_ohc=wxCRo_eqjjYAX_F1-1N&amp;_nc_ht=scontent.fmad7-1.fna&amp;oh=c1e2c358aa81590662d38817b039f75c&amp;oe=60177475\" width=\"909\" height=\"633\" \/><\/p>\n<p><img loading=\"lazy\" decoding=\"async\" class=\"alignnone size-full\" src=\"https:\/\/scontent.fmad7-1.fna.fbcdn.net\/v\/t1.0-9\/121633959_382022956505070_6926656640159018596_o.jpg?_nc_cat=110&amp;ccb=2&amp;_nc_sid=730e14&amp;_nc_ohc=M5T_RUG17T4AX9Ra9yE&amp;_nc_ht=scontent.fmad7-1.fna&amp;oh=e8fd0ec4c9e1cb4d45d5117db56d7690&amp;oe=6017B992\" width=\"1930\" height=\"1003\" \/><\/p>\n<p><img loading=\"lazy\" decoding=\"async\" class=\"alignnone size-full\" src=\"http:\/\/pegadosalatierra.elcomercio.es\/wp-content\/uploads\/sites\/17\/2020\/08\/museo-de-las-ayalgas-modelo-Narcea-fabricado-en-Gij%C3%B3n.jpg\" width=\"1374\" height=\"1031\" \/><\/p>\n<p><img loading=\"lazy\" decoding=\"async\" class=\"alignnone size-full\" src=\"http:\/\/pegadosalatierra.elcomercio.es\/wp-content\/uploads\/sites\/17\/2020\/08\/museo-de-las-ayalgas-carros-de-vendimia-asturianos-y-trineo-de-Somiedo.jpg\" width=\"1374\" height=\"1031\" \/><\/p>\n<p><img loading=\"lazy\" decoding=\"async\" class=\"alignnone size-full\" src=\"http:\/\/pegadosalatierra.elcomercio.es\/wp-content\/uploads\/sites\/17\/2020\/08\/Museo-de-las-Ayalgas-Aspiradores-y-publicidad-de-mediados-del-siglo-XX.jpg\" width=\"1374\" height=\"1031\" \/><\/p>\n<p>Calca nel logo de facebook \u00ab<strong>F<\/strong>\u00bb pa ver les semeyes&#8230;<\/p>\n\n<!-- iframe plugin v.6.0 wordpress.org\/plugins\/iframe\/ -->\n<iframe loading=\"lazy\" src=\"https:\/\/www.facebook.com\/plugins\/post.php?href=https%3A%2F%2Fwww.facebook.com%2Fayalgasdesilviella%2Fposts%2F442421937131838&#038;width=500&#038;show_text=true&#038;height=844&#038;appId\" width=\"500\" height=\"844\" style=\"border:none;overflow:hidden\" scrolling=\"no\" frameborder=\"0\" allowfullscreen=\"true\" 0=\"allow=&quot;autoplay;\" 1=\"clipboard-write;\" 2=\"encrypted-media;\" 3=\"picture-in-picture;\" 4=\"web-share&quot;\/iframe\" class=\"iframe-class\"><\/iframe>\n\n<ul>\n<li><a href=\"http:\/\/lasayalgas.es\/\">Web.<\/a><\/li>\n<li>CAFETERIA: de martes a domingu (DE 8.00 a 20.00).<br \/>\nMUS\u00c9U: vienres, s\u00e1badu y domingu (ma\u00f1anes 11.00 a 14.00 y tardes 15.00 a 20.00).<\/li>\n<\/ul>\n<p>Libro: <a href=\"https:\/\/l.facebook.com\/l.php?u=http%3A%2F%2Fs3.redmeda.com%2Fbiblioteca%2Fsuarez_2001_tesoros.pdf%3Ffbclid%3DIwAR3FWOE_NK9xFPNDTPD2HpQzw_y3RgaePAvJggEJVZiJCXuKX9XU5SGf3tU&amp;h=AT0sGjfko6Fo5pZEfGeYOsCgy1we0Z6ER4FA0OHjj-ka9SBLAF10YY_P2GD1kDEqODhK0Y4sM6iWHAWTF1Sj0RCYwoYOKpHoKfMHXnf8RqG5klyYzBwYmK95-T_EQ2nYQw&amp;__tn__=-UK-R&amp;c[0]=AT19mJVMIAlN9yCt-sci3M4x1VK1DGT2h0cHpyZmTp4SteC9vg4QYbwojvELlIbu7vfbXoD3FxfaZCB1LUzO_HTeNwg5TuzaGxOAI2yZHFhVPbP_Izezmd0oSqSREovtGgAeo6RwutelRhy5h5BswBQHhSw7zqpCRslj7slLmVYzqg\"><span class=\"d2edcug0 hpfvmrgz qv66sw1b c1et5uql rrkovp55 a8c37x1j keod5gw0 nxhoafnm aigsh9s9 d3f4x2em fe6kdd0r mau55g9w c8b282yb iv3no6db jq4qci2q a3bd9o3v knj5qynh oo9gr5id hzawbc8m\" dir=\"auto\"><span style=\"font-size: 20px\"><strong>\u201cTesoros, Ayalgas y Chalgueiros: la fiebre del oro en Asturias\u201d<\/strong><\/span>, que va sobre leyendas de tesoros ocultos y que pod\u00e9is descargar (gratuitamente y por cortes\u00eda de su autor, Jes\u00fas Su\u00e1rez L\u00f3pez)<\/span><\/a><\/p>\n<div class=\"\" dir=\"auto\">\n<div id=\"jsc_c_eb\" class=\"ecm0bbzt hv4rvrfc ihqw7lf3 dati1w0a\" data-ad-comet-preview=\"message\" data-ad-preview=\"message\">\n<div class=\"j83agx80 cbu4d94t ew0dbk1b irj2b8pg\">\n<div class=\"qzhwtbm6 knvmm38d\">\n<div class=\"kvgmc6g5 cxmmr5t8 oygrvhab hcukyx3x c1et5uql ii04i59q\">\n<div dir=\"auto\">En el MUSEO LAS AYALGAS DE SILVIELLA recreamos el pasado m\u00e1s cercano mediante los objetos que se pueden ver en nuestra exposici\u00f3n. As\u00ed, en la sala dedicada a la cocina tradicional se puede ver el esca\u00f1o, las gamayeras, payetsas, odres, tambores de asar casta\u00f1as, molinillos de rabilar y toda clase de utensilios dom\u00e9sticos. Y a la vez retratamos la realidad m\u00e1s aut\u00e9ntica y genuina de nuestros pueblos en la exposici\u00f3n \u00abCampesinas: la memoria de la tierra\u00bb, como esta llariega fotografiada recientemente en Francos (Tineo \/ Tin\u00e9u) por Jes\u00fas Su\u00e1rez L\u00f3pez.<\/div>\n<\/div>\n<div class=\"o9v6fnle cxmmr5t8 oygrvhab hcukyx3x c1et5uql ii04i59q\">\n<div dir=\"auto\">CAFETERIA: de martes a domingo (DE 8.00 a 20.00).<\/div>\n<div dir=\"auto\">MUSEO: viernes, s\u00e1bado y domingo (ma\u00f1anas 11.00 a 14.00 y tardes 15.00 a 20.00).<\/div>\n<\/div>\n<\/div>\n<\/div>\n<\/div>\n<\/div>\n","protected":false},"excerpt":{"rendered":"<p>Belmone de Miranda Nel MUS\u00c9U LES AYALGAS DE SILVIELLA recreamos el pas\u00e1u m\u00e1s cercanu por aciu los oxetos que pueden vese na nuesa esposici\u00f3n. Asina, na sala dedicada a la cocina tradicional puede vese l&#8217;esca\u00f1u, les gamayeras, payetsas, fudres\/odres, tambores d&#8217;amagostar, molinucos de rabilar y toa clase d&#8217;instrumentos dom\u00e9sticos. Y al empar retratamos la realid\u00e1 [&hellip;]<\/p>\n","protected":false},"author":117,"featured_media":0,"parent":161,"menu_order":0,"comment_status":"closed","ping_status":"closed","template":"","meta":{"footnotes":""},"class_list":["post-2676","page","type-page","status-publish","hentry"],"_links":{"self":[{"href":"https:\/\/edublog.educastur.es\/ixuxu\/wp-json\/wp\/v2\/pages\/2676","targetHints":{"allow":["GET"]}}],"collection":[{"href":"https:\/\/edublog.educastur.es\/ixuxu\/wp-json\/wp\/v2\/pages"}],"about":[{"href":"https:\/\/edublog.educastur.es\/ixuxu\/wp-json\/wp\/v2\/types\/page"}],"author":[{"embeddable":true,"href":"https:\/\/edublog.educastur.es\/ixuxu\/wp-json\/wp\/v2\/users\/117"}],"replies":[{"embeddable":true,"href":"https:\/\/edublog.educastur.es\/ixuxu\/wp-json\/wp\/v2\/comments?post=2676"}],"version-history":[{"count":6,"href":"https:\/\/edublog.educastur.es\/ixuxu\/wp-json\/wp\/v2\/pages\/2676\/revisions"}],"predecessor-version":[{"id":2678,"href":"https:\/\/edublog.educastur.es\/ixuxu\/wp-json\/wp\/v2\/pages\/2676\/revisions\/2678"}],"up":[{"embeddable":true,"href":"https:\/\/edublog.educastur.es\/ixuxu\/wp-json\/wp\/v2\/pages\/161"}],"wp:attachment":[{"href":"https:\/\/edublog.educastur.es\/ixuxu\/wp-json\/wp\/v2\/media?parent=2676"}],"curies":[{"name":"wp","href":"https:\/\/api.w.org\/{rel}","templated":true}]}}