{"id":2807,"date":"2021-01-06T23:14:00","date_gmt":"2021-01-06T21:14:00","guid":{"rendered":"https:\/\/edublog.educastur.es\/ixuxu\/?page_id=2807"},"modified":"2024-11-12T22:10:27","modified_gmt":"2024-11-12T20:10:27","slug":"chat","status":"publish","type":"page","link":"https:\/\/edublog.educastur.es\/ixuxu\/inicio\/chat\/","title":{"rendered":"CHAT con ISA"},"content":{"rendered":"<div id=\"content\">\n<p style=\"text-align: center\"><a href=\"https:\/\/www5.cbox.ws\/box\/?boxid=918743&amp;boxtag=ZfKPY3\"><img loading=\"lazy\" decoding=\"async\" class=\"alignnone \" src=\"https:\/\/w7.pngwing.com\/pngs\/805\/719\/png-transparent-computer-icons-computer-network-gateway-internet-others-computer-network-logo-online-chat.png\" width=\"151\" height=\"151\" \/><\/a><\/p>\n<p style=\"text-align: center\"><span style=\"color: #ffffff;font-size: 24px\"><span style=\"background-color: #003366;font-size: 20px\"><em>Pa comunicate con la mayestra, Isa, tienes dos opciones: <\/em><\/span><strong><span style=\"font-size: 20px\"><a style=\"color: #ffffff\" href=\"https:\/\/www5.cbox.ws\/box\/?boxid=918743&amp;boxtag=ZfKPY3\"><em><span style=\"background-color: #003366\">escribi equ\u00ed.<\/span><\/em><\/a><\/span><\/strong><\/span><\/p>\n<\/div>\n<p style=\"text-align: center\">\n<!-- iframe plugin v.6.0 wordpress.org\/plugins\/iframe\/ -->\n<iframe loading=\"lazy\" src=\"https:\/\/www5.cbox.ws\/box\/?boxid=918743&#038;boxtag=ZfKPY3\" width=\"100%\" height=\"200\" allowtransparency=\"yes\" allow=\"autoplay\" frameborder=\"0\" marginheight=\"0\" marginwidth=\"0\" 0=\"scrolling=&quot;auto&quot;\/iframe\" scrolling=\"yes\" class=\"iframe-class\"><\/iframe>\n<\/p>\n<p align=\"center\"><span style=\"font-size: 24px\"><em><span style=\"color: #ffffff;background-color: #003366\">EQU\u00cd EMBAXO, A la fin DEL CHAT PUEDES ESCRIBIR :<\/span><br \/>\nEL TO<strong><span style=\"color: #008080\"> NOME<\/span> <\/strong>(nombre)<br \/>\nY EL TO <span style=\"color: #008080\"><strong>MENSAXE<\/strong><\/span> (mensaje). <span style=\"text-decoration: underline;color: #008080\">Calca y llistu!<\/span><\/em><\/span><\/p>\n<p style=\"text-align: center\"><span style=\"font-size: 24px\"><em>Si pefieres unviame un corr\u00e9u,<br \/>\n<strong><a href=\"https:\/\/login.microsoftonline.com\/common\/oauth2\/authorize?client_id=4345a7b9-9a63-4910-a426-35363201d503&amp;redirect_uri=https%3A%2F%2Fwww.office.com%2Flanding&amp;response_type=code%20id_token&amp;scope=openid%20profile&amp;response_mode=form_post&amp;nonce=637326111737425262.NGJmYmNiY2EtZTI0ZS00M2NlLThhMGYtYThmNDY3MzUxZjIzOTk5ZGY5YjktN2ZmNy00YmIxLWE2ODEtOTkxZTJiYTA0NWFi&amp;ui_locales=ast&amp;mkt=ast&amp;client-request-id=12f18baa-d687-4d58-9f8b-1df67b96e389&amp;state=_yWryMlVy4S-NHH0CrtmUuL5DAmXVJ_hh7zvc6qHO7vJFjYZuayXm4EhuNdku_fmsEuRJhY3Od-QLI84lIbm9R5pa-J14LtVpAHtoANbjzoMW2y3HVKEtNa9rdXmI2gxHYiI8QXyjT6Dd8f2v44Cy81tev9VrpNdNgV6WLeJsny4FBu59o2YmNHOqpDPBZHXctdNPr1lxgpJmQI6wHLzSZXkdbegD04DdJWZ1dJ1ZwsXAdJaKNrawMWSF4MndlFZ6tGFmgpM77aBUGU2IU6gLkdXfXjHIp9s6xkZW11oPpY&amp;x-client-SKU=ID_NETSTANDARD2_0&amp;x-client-ver=6.6.0.0\"><span style=\"color: #008080\">entra na cuenta de Corr\u00e9u 365<\/span><\/a><br \/>\n<\/strong>usa les Credenciales d&#8217;Educastur<br \/>\n(<span style=\"color: #008080\"><strong>usuariu@educastur.es<\/strong><\/span> y <span style=\"color: #008080\"><strong>contrase\u00f1a<\/strong><\/span>)<\/em><\/span><\/p>\n<p>&nbsp;<\/p>\n<p align=\"center\"><span style=\"font-size: 24px\"><em>\u30c4 La mio direcci\u00f3n ye\u00a0 <\/em><\/span><span style=\"font-size: 24px\"><strong><em><span style=\"color: #800080\">isabellh@educastur.org<\/span><\/em><\/strong><\/span><\/p>\n<p align=\"center\">\n","protected":false},"excerpt":{"rendered":"<p>Pa comunicate con la mayestra, Isa, tienes dos opciones: escribi equ\u00ed. EQU\u00cd EMBAXO, A la fin DEL CHAT PUEDES ESCRIBIR : EL TO NOME (nombre) Y EL TO MENSAXE (mensaje). Calca y llistu! Si pefieres unviame un corr\u00e9u, entra na cuenta de Corr\u00e9u 365 usa les Credenciales d&#8217;Educastur (usuariu@educastur.es y contrase\u00f1a) &nbsp; \u30c4 La mio [&hellip;]<\/p>\n","protected":false},"author":117,"featured_media":0,"parent":91,"menu_order":0,"comment_status":"closed","ping_status":"closed","template":"","meta":{"footnotes":""},"class_list":["post-2807","page","type-page","status-publish","hentry"],"_links":{"self":[{"href":"https:\/\/edublog.educastur.es\/ixuxu\/wp-json\/wp\/v2\/pages\/2807","targetHints":{"allow":["GET"]}}],"collection":[{"href":"https:\/\/edublog.educastur.es\/ixuxu\/wp-json\/wp\/v2\/pages"}],"about":[{"href":"https:\/\/edublog.educastur.es\/ixuxu\/wp-json\/wp\/v2\/types\/page"}],"author":[{"embeddable":true,"href":"https:\/\/edublog.educastur.es\/ixuxu\/wp-json\/wp\/v2\/users\/117"}],"replies":[{"embeddable":true,"href":"https:\/\/edublog.educastur.es\/ixuxu\/wp-json\/wp\/v2\/comments?post=2807"}],"version-history":[{"count":8,"href":"https:\/\/edublog.educastur.es\/ixuxu\/wp-json\/wp\/v2\/pages\/2807\/revisions"}],"predecessor-version":[{"id":34985,"href":"https:\/\/edublog.educastur.es\/ixuxu\/wp-json\/wp\/v2\/pages\/2807\/revisions\/34985"}],"up":[{"embeddable":true,"href":"https:\/\/edublog.educastur.es\/ixuxu\/wp-json\/wp\/v2\/pages\/91"}],"wp:attachment":[{"href":"https:\/\/edublog.educastur.es\/ixuxu\/wp-json\/wp\/v2\/media?parent=2807"}],"curies":[{"name":"wp","href":"https:\/\/api.w.org\/{rel}","templated":true}]}}