{"id":32185,"date":"2024-10-02T18:56:03","date_gmt":"2024-10-02T16:56:03","guid":{"rendered":"https:\/\/edublog.educastur.es\/ixuxu\/?page_id=32185"},"modified":"2024-10-02T18:58:31","modified_gmt":"2024-10-02T16:58:31","slug":"cancioneru-popular-asturianu","status":"publish","type":"page","link":"https:\/\/edublog.educastur.es\/ixuxu\/musica\/cancioneru-popular-asturianu\/","title":{"rendered":"Cancioneru Popular Asturianu"},"content":{"rendered":"<p style=\"text-align: center\">Categor\u00eda:<a href=\"https:\/\/edublog.educastur.es\/ixuxu\/category\/canciones-populares\/\"><span style=\"color: #008080\"><em><span style=\"font-size: 32px\"> \u00abCanciones populares\u00bb<\/span><\/em><\/span><\/a><\/p>\n<hr \/>\n<p style=\"text-align: center\"><a href=\"https:\/\/efrendibuxos2.blogspot.com\/?fbclid=IwY2xjawFqV9xleHRuA2FlbQIxMAABHXfEy4XngMlQruVfL5r3KmDQ459FQFW6-ppP2VDHh-RZSrR_WKB0f9KV7w_aem_CE1H85pF6fjS_rjhz7m2dA\"><em>\/Cancioneru Torner nu. 146<\/em><\/a><strong><em><br \/>\n<\/em><\/strong><\/p>\n<p style=\"text-align: center\">Enllaz<a href=\"https:\/\/efrendibuxos2.blogspot.com\/?fbclid=IwY2xjawFqV9xleHRuA2FlbQIxMAABHXfEy4XngMlQruVfL5r3KmDQ459FQFW6-ppP2VDHh-RZSrR_WKB0f9KV7w_aem_CE1H85pF6fjS_rjhz7m2dA\"> blogue \u00abPa nun llorar\u00bb d&#8217;Efr\u00e9n d&#8217;Andr\u00e9s<\/a><\/p>\n<p><a href=\"http:\/\/www.geocities.ws\/iberiamidi\/mtorner1.htm\">M\u00e1s info en blogue<\/a> \/<\/p>\n<hr \/>\n<p style=\"text-align: center\"><a href=\"https:\/\/efrendibuxos2.blogspot.com\/2024\/09\/dime-paxarin-parleru.html\"><em><strong><span style=\"font-size: 24px\">Dime paxar\u00edn parleru<\/span><\/strong><\/em><\/a><\/p>\n<hr \/>\n<p>&nbsp;<\/p>\n","protected":false},"excerpt":{"rendered":"<p>Categor\u00eda: \u00abCanciones populares\u00bb \/Cancioneru Torner nu. 146 Enllaz blogue \u00abPa nun llorar\u00bb d&#8217;Efr\u00e9n d&#8217;Andr\u00e9s M\u00e1s info en blogue \/ Dime paxar\u00edn parleru &nbsp;<\/p>\n","protected":false},"author":117,"featured_media":0,"parent":153,"menu_order":0,"comment_status":"closed","ping_status":"closed","template":"","meta":{"footnotes":""},"class_list":["post-32185","page","type-page","status-publish","hentry"],"_links":{"self":[{"href":"https:\/\/edublog.educastur.es\/ixuxu\/wp-json\/wp\/v2\/pages\/32185","targetHints":{"allow":["GET"]}}],"collection":[{"href":"https:\/\/edublog.educastur.es\/ixuxu\/wp-json\/wp\/v2\/pages"}],"about":[{"href":"https:\/\/edublog.educastur.es\/ixuxu\/wp-json\/wp\/v2\/types\/page"}],"author":[{"embeddable":true,"href":"https:\/\/edublog.educastur.es\/ixuxu\/wp-json\/wp\/v2\/users\/117"}],"replies":[{"embeddable":true,"href":"https:\/\/edublog.educastur.es\/ixuxu\/wp-json\/wp\/v2\/comments?post=32185"}],"version-history":[{"count":3,"href":"https:\/\/edublog.educastur.es\/ixuxu\/wp-json\/wp\/v2\/pages\/32185\/revisions"}],"predecessor-version":[{"id":32188,"href":"https:\/\/edublog.educastur.es\/ixuxu\/wp-json\/wp\/v2\/pages\/32185\/revisions\/32188"}],"up":[{"embeddable":true,"href":"https:\/\/edublog.educastur.es\/ixuxu\/wp-json\/wp\/v2\/pages\/153"}],"wp:attachment":[{"href":"https:\/\/edublog.educastur.es\/ixuxu\/wp-json\/wp\/v2\/media?parent=32185"}],"curies":[{"name":"wp","href":"https:\/\/api.w.org\/{rel}","templated":true}]}}