{"id":33527,"date":"2024-10-23T14:25:32","date_gmt":"2024-10-23T12:25:32","guid":{"rendered":"https:\/\/edublog.educastur.es\/ixuxu\/?page_id=33527"},"modified":"2024-10-23T14:25:32","modified_gmt":"2024-10-23T12:25:32","slug":"los-berrones","status":"publish","type":"page","link":"https:\/\/edublog.educastur.es\/ixuxu\/musica\/los-berrones\/","title":{"rendered":"Los Berrones"},"content":{"rendered":"<div class=\"xdj266r x11i5rnm xat24cr x1mh8g0r x1vvkbs x126k92a\">\n<div dir=\"auto\">\n<h2 class=\"entry-title\"><a href=\"https:\/\/edublog.educastur.es\/ixuxu\/2024\/10\/los-berrones-el-mio-pueblu\/\" rel=\"bookmark\">\u00abEl mio pueblu\u00bb<\/a><\/h2>\n<\/div>\n<div dir=\"auto\"><\/div>\n<div dir=\"auto\"><em>El turullu de la mina<\/em><\/div>\n<div dir=\"auto\"><em>Nun despierta a nadie como ayer<\/em><\/div>\n<div dir=\"auto\"><em>G\u00fcey ya nun circula el tren<\/em><\/div>\n<div dir=\"auto\"><em>Nunca volver\u00e1&#8230;<\/em><\/div>\n<div dir=\"auto\"><em>Al pie la bocamina hay<\/em><\/div>\n<div dir=\"auto\"><em>S\u00f3lo un ortigal<\/em><\/div>\n<\/div>\n<div class=\"x11i5rnm xat24cr x1mh8g0r x1vvkbs xtlvy1s x126k92a\">\n<div dir=\"auto\"><em>En el chigre ya nun hay voces<\/em><\/div>\n<div dir=\"auto\"><em>Ni con qui\u00e9n xugar al domin\u00f3<\/em><\/div>\n<div dir=\"auto\"><em>Echando solitarios hay<\/em><\/div>\n<div dir=\"auto\"><em>Un vieyu nada m\u00e1s<\/em><\/div>\n<div dir=\"auto\"><em>\u00a1Qui\u00e9n sabe cu\u00e1ntes trampes fae!<\/em><\/div>\n<div dir=\"auto\"><\/div>\n<div dir=\"auto\"><em>Y nadie lu ve<\/em><\/div>\n<\/div>\n<div class=\"x11i5rnm xat24cr x1mh8g0r x1vvkbs xtlvy1s x126k92a\">\n<div dir=\"auto\"><em>S\u00f3lo se oye a los perros<br \/>\ncuando pasa alguien alguien<\/em><\/div>\n<div dir=\"auto\"><em>Y los gallos cuando canten al amanecer<\/em><\/div>\n<div dir=\"auto\"><em>En la plaza de la iglesia<\/em><\/div>\n<div dir=\"auto\"><em>Esperando ta el bal\u00f3n<\/em><\/div>\n<div dir=\"auto\"><em>Por si llega alg\u00fan nenu<\/em><\/div>\n<div dir=\"auto\"><em>Y pega una zapat\u00e1<\/em><\/div>\n<\/div>\n<div class=\"x11i5rnm xat24cr x1mh8g0r x1vvkbs xtlvy1s x126k92a\">\n<div dir=\"auto\"><em>De la historia del mio pueblu<\/em><\/div>\n<div dir=\"auto\"><em>Ye casi el cap\u00edtulo final<\/em><\/div>\n<div dir=\"auto\"><em>Nunca fue muy importante;<\/em><\/div>\n<div dir=\"auto\"><em>Y ahora nun ye caso n\u00e1&#8230;<\/em><\/div>\n<div dir=\"auto\"><em>Queremos llevantar la voz<\/em><\/div>\n<div dir=\"auto\"><em>Por otros que tan igual<\/em><\/div>\n<\/div>\n<div class=\"x11i5rnm xat24cr x1mh8g0r x1vvkbs xtlvy1s x126k92a\">\n<div dir=\"auto\"><em>Poco a poco van marchando,<br \/>\nya nun queda nadie<\/em><\/div>\n<div dir=\"auto\"><em>Y los pueblos van quedando casi abandonaos<\/em><\/div>\n<div dir=\"auto\"><em>Nun reniegues de to tierra<\/em><\/div>\n<div dir=\"auto\"><em>Nun reniegues de to m\u00e1<\/em><\/div>\n<div dir=\"auto\"><em>Ni te olvides de la casa<\/em><\/div>\n<div dir=\"auto\"><em>Que te vio nacer<\/em><\/div>\n<\/div>\n<div class=\"x11i5rnm xat24cr x1mh8g0r x1vvkbs xtlvy1s x126k92a\">\n<div dir=\"auto\"><em>Quiciaes ma\u00f1ana sea demasiao tarde<\/em><\/div>\n<div dir=\"auto\"><em>Y en estos pueblos ya nun quede nadie, nadie<\/em><\/div>\n<div dir=\"auto\"><em>Quiciaes ma\u00f1ana sea demasiao tarde<\/em><\/div>\n<div dir=\"auto\"><em>Pero en mi pueblu por lo menos quedo yo!<\/em><\/div>\n<\/div>\n<div class=\"x11i5rnm xat24cr x1mh8g0r x1vvkbs xtlvy1s x126k92a\"><\/div>\n<div class=\"x11i5rnm xat24cr x1mh8g0r x1vvkbs xtlvy1s x126k92a\">\n<div dir=\"auto\"><\/div>\n<ul>\n<li dir=\"auto\"><a href=\"https:\/\/www.youtube.com\/watch?v=HW7v-LTaETo\">Youtube<\/a> \/<\/li>\n<\/ul>\n<p style=\"text-align: center\">\n<!-- iframe plugin v.6.0 wordpress.org\/plugins\/iframe\/ -->\n<iframe loading=\"lazy\" width=\"640\" height=\"360\" src=\"https:\/\/www.youtube.com\/embed\/HW7v-LTaETo\" title=\"El Mio Pueblu (En Directo)\" frameborder=\"0\" allow=\"accelerometer; autoplay; clipboard-write; encrypted-media; gyroscope; picture-in-picture; web-share\" referrerpolicy=\"strict-origin-when-cross-origin\" 0=\"allowfullscreen\" 1=\"\/iframe\" scrolling=\"yes\" class=\"iframe-class\"><\/iframe>\n<\/p>\n<\/div>\n","protected":false},"excerpt":{"rendered":"<p>\u00abEl mio pueblu\u00bb El turullu de la mina Nun despierta a nadie como ayer G\u00fcey ya nun circula el tren Nunca volver\u00e1&#8230; Al pie la bocamina hay S\u00f3lo un ortigal En el chigre ya nun hay voces Ni con qui\u00e9n xugar al domin\u00f3 Echando solitarios hay Un vieyu nada m\u00e1s \u00a1Qui\u00e9n sabe cu\u00e1ntes trampes fae! [&hellip;]<\/p>\n","protected":false},"author":117,"featured_media":0,"parent":153,"menu_order":0,"comment_status":"closed","ping_status":"closed","template":"","meta":{"footnotes":""},"class_list":["post-33527","page","type-page","status-publish","hentry"],"_links":{"self":[{"href":"https:\/\/edublog.educastur.es\/ixuxu\/wp-json\/wp\/v2\/pages\/33527","targetHints":{"allow":["GET"]}}],"collection":[{"href":"https:\/\/edublog.educastur.es\/ixuxu\/wp-json\/wp\/v2\/pages"}],"about":[{"href":"https:\/\/edublog.educastur.es\/ixuxu\/wp-json\/wp\/v2\/types\/page"}],"author":[{"embeddable":true,"href":"https:\/\/edublog.educastur.es\/ixuxu\/wp-json\/wp\/v2\/users\/117"}],"replies":[{"embeddable":true,"href":"https:\/\/edublog.educastur.es\/ixuxu\/wp-json\/wp\/v2\/comments?post=33527"}],"version-history":[{"count":1,"href":"https:\/\/edublog.educastur.es\/ixuxu\/wp-json\/wp\/v2\/pages\/33527\/revisions"}],"predecessor-version":[{"id":33528,"href":"https:\/\/edublog.educastur.es\/ixuxu\/wp-json\/wp\/v2\/pages\/33527\/revisions\/33528"}],"up":[{"embeddable":true,"href":"https:\/\/edublog.educastur.es\/ixuxu\/wp-json\/wp\/v2\/pages\/153"}],"wp:attachment":[{"href":"https:\/\/edublog.educastur.es\/ixuxu\/wp-json\/wp\/v2\/media?parent=33527"}],"curies":[{"name":"wp","href":"https:\/\/api.w.org\/{rel}","templated":true}]}}