{"id":34295,"date":"2024-11-05T14:24:23","date_gmt":"2024-11-05T12:24:23","guid":{"rendered":"https:\/\/edublog.educastur.es\/ixuxu\/?page_id=34295"},"modified":"2024-11-05T14:33:15","modified_gmt":"2024-11-05T12:33:15","slug":"relax","status":"publish","type":"page","link":"https:\/\/edublog.educastur.es\/ixuxu\/musica\/relax\/","title":{"rendered":"Relax"},"content":{"rendered":"<ul>\n<li>M\u00fasica relaxante\u00a0<a href=\"https:\/\/www.youtube.com\/watch?v=GTqjSK0ulQQ\">Star Wars Lofi<\/a><\/li>\n<\/ul>\n<p><strong><span style=\"color: #008080\">Star Wars Lofi:<\/span><\/strong> m\u00fasica relaxante de baldre para estudiar, trabayar o amenorgar l&#8217;estr\u00e9s.<\/p>\n<p style=\"text-align: center\"><a href=\"https:\/\/cdn.computerhoy.com\/sites\/navi.axelspringer.es\/public\/media\/image\/2023\/05\/star-wars-lofi-musica-relajante-gratis-estudiar-trabajar-reducir-estres-3043912.jpg?tf=1920x\"><img loading=\"lazy\" decoding=\"async\" class=\"aligncenter \" src=\"https:\/\/cdn.computerhoy.com\/sites\/navi.axelspringer.es\/public\/media\/image\/2023\/05\/star-wars-lofi-musica-relajante-gratis-estudiar-trabajar-reducir-estres-3043912.jpg?tf=1920x\" width=\"354\" height=\"199\" \/><\/a><\/p>\n<p>La m\u00fasica Lofi ye una bona aliada si precises caltener el celebru centrao y relaxao. Y agora llega a Star Wars.<\/p>\n<p>La m\u00fasica Lofi ta de moda, y Lucasfilm quier apurrir el so gran\u00edn d&#8217;arena con Star Wars Lofi, una canal en streaming en YouTube de m\u00fasica Lofi gratis para relaxase, estudiar, trabayar, o amenorgar l&#8217;estr\u00e9s.<\/p>\n<p>\u00bfNun sabes lo que ye la m\u00fasica Lofi? Tratase de m\u00fasica instrumental basada nel hip hop o en chillout (anque en realid\u00e1 ye unu amiestu de x\u00e9neros) que se caracteriza por un tempo lentu, inferior a los 80 o 90 bpm.<\/p>\n<p>Esta m\u00fasica tien l&#8217;habilid\u00e1 de producir un efectu relaxante, por eso muncha xente \u00fasalo para dormise. El so ritmu lento y repetitivo consigue que&#8217;l celebru concentrase no que fai, amenorgando les distracciones. Asina que a muncha xente res\u00falta-y \u00fatil para estudiar o trabayar, evitando la tarrecida procrastinaci\u00f3n.<\/p>\n<p>Dende va unes selmanes, ye posible esfrutar de m\u00fasica Lofi basada en Star Wars, creada pola mesma Lucasfilm. Caltien na so canal de YouTube un streaming d&#8217;una hora que se reproduz costantemente.<\/p>\n<ul>\n<li><a href=\"https:\/\/www.youtube.com\/watch?v=lET5OZmJesA\">Star Wars Ambient<\/a>\u00a0\/<\/li>\n<\/ul>\n<p style=\"text-align: center\">\n<!-- iframe plugin v.6.0 wordpress.org\/plugins\/iframe\/ -->\n<iframe loading=\"lazy\" width=\"560\" height=\"395\" src=\"https:\/\/www.youtube.com\/embed\/wijVtkmjP-o\" title=\"4K Video (Ultra HD) : Unbelievable Beauty - Relaxing music along with beautiful nature videos #113\" frameborder=\"0\" allow=\"accelerometer; autoplay; clipboard-write; encrypted-media; gyroscope; picture-in-picture; web-share\" referrerpolicy=\"strict-origin-when-cross-origin\" 0=\"allowfullscreen\" 1=\"\/iframe\" scrolling=\"yes\" class=\"iframe-class\"><\/iframe>\n<\/p>\n<p><img loading=\"lazy\" decoding=\"async\" class=\" aligncenter\" src=\"https:\/\/encrypted-tbn0.gstatic.com\/images?q=tbn:ANd9GcTR28kVyfgd3qwCkn2ICP6JNBpKea-RZS3fF5sLEuFyAkmWuml3Qyn-alg-FidZmJD8Ug&amp;usqp=CAU\" width=\"227\" height=\"24\" \/><\/p>\n<p style=\"text-align: center\">\n<!-- iframe plugin v.6.0 wordpress.org\/plugins\/iframe\/ -->\n<iframe loading=\"lazy\" width=\"100%\" height=\"398\" src=\"https:\/\/www.youtube.com\/embed\/nDwTZESx_ro\" title=\"\u2705? Musica Relajante Curativa | 432Hz Binaural Ansiedad Estres Depresion Cuerpo y Mente | ASMR Arpa\" frameborder=\"0\" allow=\"accelerometer; autoplay; clipboard-write; encrypted-media; gyroscope; picture-in-picture; web-share\" referrerpolicy=\"strict-origin-when-cross-origin\" 0=\"allowfullscreen\" 1=\"\/iframe\" scrolling=\"yes\" class=\"iframe-class\"><\/iframe>\n<\/p>\n<p style=\"text-align: center\">\n<!-- iframe plugin v.6.0 wordpress.org\/plugins\/iframe\/ -->\n<iframe loading=\"lazy\" width=\"560\" height=\"395\" src=\"https:\/\/www.youtube.com\/embed\/C4ib-fUSgrg\" title=\"Enchanting Autumn Forests with Beautiful Piano Music?4K Autumn Ambience &amp;amp; Fall Foliage\" frameborder=\"0\" allow=\"accelerometer; autoplay; clipboard-write; encrypted-media; gyroscope; picture-in-picture; web-share\" referrerpolicy=\"strict-origin-when-cross-origin\" 0=\"allowfullscreen\" 1=\"\/iframe\" scrolling=\"yes\" class=\"iframe-class\"><\/iframe>\n<\/p>\n<p>&nbsp;<\/p>\n<p><strong>M\u00e1s cantares<\/strong><\/p>\n<p style=\"text-align: center\">\n<!-- iframe plugin v.6.0 wordpress.org\/plugins\/iframe\/ -->\n<iframe loading=\"lazy\" width=\"560\" height=\"395\" src=\"https:\/\/www.youtube.com\/embed\/ToQ5jVj1Ppo\" title=\"Shakira - Acr\u00f3stico (Solo Version - Official Lyric Video)\" frameborder=\"0\" allow=\"accelerometer; autoplay; clipboard-write; encrypted-media; gyroscope; picture-in-picture; web-share\" referrerpolicy=\"strict-origin-when-cross-origin\" 0=\"allowfullscreen\" 1=\"\/iframe\" scrolling=\"yes\" class=\"iframe-class\"><\/iframe>\n<\/p>\n<p>&nbsp;<\/p>\n<p style=\"text-align: center\">\n<!-- iframe plugin v.6.0 wordpress.org\/plugins\/iframe\/ -->\n<iframe loading=\"lazy\" width=\"560\" height=\"395\" src=\"https:\/\/www.youtube.com\/embed\/PWmJhh_qTSY\" title=\"Shakira - Acr\u00f3stico (Official Video)\" frameborder=\"0\" allow=\"accelerometer; autoplay; clipboard-write; encrypted-media; gyroscope; picture-in-picture; web-share\" referrerpolicy=\"strict-origin-when-cross-origin\" 0=\"allowfullscreen\" 1=\"\/iframe\" scrolling=\"yes\" class=\"iframe-class\"><\/iframe>\n<\/p>\n<p>&nbsp;<\/p>\n","protected":false},"excerpt":{"rendered":"<p>M\u00fasica relaxante\u00a0Star Wars Lofi Star Wars Lofi: m\u00fasica relaxante de baldre para estudiar, trabayar o amenorgar l&#8217;estr\u00e9s. La m\u00fasica Lofi ye una bona aliada si precises caltener el celebru centrao y relaxao. Y agora llega a Star Wars. La m\u00fasica Lofi ta de moda, y Lucasfilm quier apurrir el so gran\u00edn d&#8217;arena con Star Wars [&hellip;]<\/p>\n","protected":false},"author":117,"featured_media":0,"parent":153,"menu_order":0,"comment_status":"closed","ping_status":"closed","template":"","meta":{"footnotes":""},"class_list":["post-34295","page","type-page","status-publish","hentry"],"_links":{"self":[{"href":"https:\/\/edublog.educastur.es\/ixuxu\/wp-json\/wp\/v2\/pages\/34295","targetHints":{"allow":["GET"]}}],"collection":[{"href":"https:\/\/edublog.educastur.es\/ixuxu\/wp-json\/wp\/v2\/pages"}],"about":[{"href":"https:\/\/edublog.educastur.es\/ixuxu\/wp-json\/wp\/v2\/types\/page"}],"author":[{"embeddable":true,"href":"https:\/\/edublog.educastur.es\/ixuxu\/wp-json\/wp\/v2\/users\/117"}],"replies":[{"embeddable":true,"href":"https:\/\/edublog.educastur.es\/ixuxu\/wp-json\/wp\/v2\/comments?post=34295"}],"version-history":[{"count":5,"href":"https:\/\/edublog.educastur.es\/ixuxu\/wp-json\/wp\/v2\/pages\/34295\/revisions"}],"predecessor-version":[{"id":34300,"href":"https:\/\/edublog.educastur.es\/ixuxu\/wp-json\/wp\/v2\/pages\/34295\/revisions\/34300"}],"up":[{"embeddable":true,"href":"https:\/\/edublog.educastur.es\/ixuxu\/wp-json\/wp\/v2\/pages\/153"}],"wp:attachment":[{"href":"https:\/\/edublog.educastur.es\/ixuxu\/wp-json\/wp\/v2\/media?parent=34295"}],"curies":[{"name":"wp","href":"https:\/\/api.w.org\/{rel}","templated":true}]}}