{"id":34467,"date":"2024-11-07T13:42:34","date_gmt":"2024-11-07T11:42:34","guid":{"rendered":"https:\/\/edublog.educastur.es\/ixuxu\/?page_id=34467"},"modified":"2024-11-07T13:42:34","modified_gmt":"2024-11-07T11:42:34","slug":"aida-escudero","status":"publish","type":"page","link":"https:\/\/edublog.educastur.es\/ixuxu\/poesia-2\/aida-escudero\/","title":{"rendered":"Aida Escudero"},"content":{"rendered":"<p><em><strong>VISTES DE LA CIUD\u00c1<\/strong><\/em><\/p>\n<p><em>Soi la muyer que camina<\/em><br \/>\n<em>pela ciud\u00e1 desierta,<\/em><br \/>\n<em>la que busca y rebusca<\/em><br \/>\n<em>nes dunes la to ausencia;<\/em><br \/>\n<em>marchasti tan de ma\u00f1ana<\/em><br \/>\n<em>que nun tuvi tiempu<\/em><br \/>\n<em>d\u2019entrugar a\u00fa,<\/em><br \/>\n<em>nin siquiera ten\u00eda planchaes<\/em><br \/>\n<em>les pallabres de la despidida<\/em><br \/>\n<em>y y\u00e1 colares.<\/em><\/p>\n<p><em>Marchasti y nun qued\u00f3 naide equ\u00ed,<\/em><br \/>\n<em>nun hab\u00eda alma que pa\u00f1ara esti dolor,<\/em><br \/>\n<em>naide que pasara al mio llau<\/em><br \/>\n<em>a ufiertame otru ma\u00f1ana, otru sua\u00f1u,<\/em><br \/>\n<em>nin siquiera una ramina romeru.<\/em><br \/>\n<em>Nun hab\u00eda naide p\u2019amenorgar<\/em><br \/>\n<em>esti desconsuelu<\/em><br \/>\n<em>de saber que soi y voi ser<\/em><br \/>\n<em>firida abierta.\u00a0<\/em><\/p>\n<p><!--more--><\/p>\n<p>&nbsp;<\/p>\n","protected":false},"excerpt":{"rendered":"<p>VISTES DE LA CIUD\u00c1 Soi la muyer que camina pela ciud\u00e1 desierta, la que busca y rebusca nes dunes la to ausencia; marchasti tan de ma\u00f1ana que nun tuvi tiempu d\u2019entrugar a\u00fa, nin siquiera ten\u00eda planchaes les pallabres de la despidida y y\u00e1 colares. Marchasti y nun qued\u00f3 naide equ\u00ed, nun hab\u00eda alma que pa\u00f1ara [&hellip;]<\/p>\n","protected":false},"author":117,"featured_media":0,"parent":221,"menu_order":0,"comment_status":"closed","ping_status":"closed","template":"","meta":{"footnotes":""},"class_list":["post-34467","page","type-page","status-publish","hentry"],"_links":{"self":[{"href":"https:\/\/edublog.educastur.es\/ixuxu\/wp-json\/wp\/v2\/pages\/34467","targetHints":{"allow":["GET"]}}],"collection":[{"href":"https:\/\/edublog.educastur.es\/ixuxu\/wp-json\/wp\/v2\/pages"}],"about":[{"href":"https:\/\/edublog.educastur.es\/ixuxu\/wp-json\/wp\/v2\/types\/page"}],"author":[{"embeddable":true,"href":"https:\/\/edublog.educastur.es\/ixuxu\/wp-json\/wp\/v2\/users\/117"}],"replies":[{"embeddable":true,"href":"https:\/\/edublog.educastur.es\/ixuxu\/wp-json\/wp\/v2\/comments?post=34467"}],"version-history":[{"count":1,"href":"https:\/\/edublog.educastur.es\/ixuxu\/wp-json\/wp\/v2\/pages\/34467\/revisions"}],"predecessor-version":[{"id":34468,"href":"https:\/\/edublog.educastur.es\/ixuxu\/wp-json\/wp\/v2\/pages\/34467\/revisions\/34468"}],"up":[{"embeddable":true,"href":"https:\/\/edublog.educastur.es\/ixuxu\/wp-json\/wp\/v2\/pages\/221"}],"wp:attachment":[{"href":"https:\/\/edublog.educastur.es\/ixuxu\/wp-json\/wp\/v2\/media?parent=34467"}],"curies":[{"name":"wp","href":"https:\/\/api.w.org\/{rel}","templated":true}]}}