{"id":34469,"date":"2024-11-07T13:43:44","date_gmt":"2024-11-07T11:43:44","guid":{"rendered":"https:\/\/edublog.educastur.es\/ixuxu\/?page_id=34469"},"modified":"2024-11-07T13:43:44","modified_gmt":"2024-11-07T11:43:44","slug":"les-muyeres-de-surdiversu","status":"publish","type":"page","link":"https:\/\/edublog.educastur.es\/ixuxu\/poesia-2\/les-muyeres-de-surdiversu\/","title":{"rendered":"Les muyeres de Surdiversu"},"content":{"rendered":"<p>Les muyeres de Surdiversu <a href=\"https:\/\/verasturies.com\/wp-content\/uploads\/2024\/03\/REVISTA-VIAXAST-26-WEB.pdf\">Ver p\u00e1x 22 y 23\u00a0<\/a><\/p>\n<p>La lliteratura asturiana ye bien bayurosa dende\u2019l so aniciu. Prueba d\u2019ello ye\u2019l llabor pioneru de Xosefa Xovellanos, Teresa C\u00f3nsul o Enriqueta Gonz\u00e1lez Rub\u00edn. Na estaya po\u00e9tica destaquen tami\u00e9n los trabayos con nome de muyer, sobre manera na d\u00f3mina que va dende l\u2019empiezu del Surdimientu hasta angua\u00f1o.<\/p>\n<p>Y esi llabor bien granible tien el so bon reflexu na obra nueva Surdiversu, un llibru edit\u00e1u por Cuatro Gotes Ediciones con Berto Garc\u00eda como coordinador, nel que s\u2019amuesa una escoyeta de poemes de les obres ganadores de los premios de poes\u00eda n\u2019asturianu convocaos dende l\u2019a\u00f1u 1984 hasta esti 2024, mesmo que poetes d\u2019importancia crucial na lliteratura asturiana.<\/p>\n<p>D\u2019esta manera, los principales poemes con nome de muyer, t\u00e1n nes p\u00e1xines d\u2019esta edici\u00f3n cuidada que fai repasu a la lliteratura asturiana contempor\u00e1nea. Son 39 les poetes qu\u2019apaecen nesta edici\u00f3n, siendo Sabel de Fausta la m\u00e1s veterana na xera de la escritura y Lola del Gallego la m\u00e1s moza. Pel mediu, grandes nomes de la lliteratura reci\u00e9n, como Berta Pi\u00f1\u00e1n, Laura Marcos, Nen\u00e9 Losada, Taresa Lorences, Vanessa Guti\u00e9rrez, Aida Escudero, Rosa Cunqueira, Sof\u00eda Casta\u00f1\u00f3n o la Premiu Nacional de Lliteratura Asturiana, Lourdes \u00c1lvarez, ente munches otres.<\/p>\n<p>Les poetes asturianes contempor\u00e1nees aborden una varied\u00e1 de temes que van dende la naturaleza y la identid\u00e1 cultural hasta les cuestiones de x\u00e9neru, la pol\u00edtica y les emociones humanes. Les sos obres reflexen les realidaes sociales y los retos a los que s\u2019enfrenten les persones na socied\u00e1 asturiana actual, aportando una visi\u00f3n \u00fanica y personal d\u2019esta realid\u00e1.<\/p>\n<p>Nun panorama lliterariu onde les poetes asturianes caltienen una presencia destacada, ye evidente\u2019l so rol esencial na construcci\u00f3n d\u2019una tradici\u00f3n lliteraria viva y resiliente. La so creativid\u00e1 y compromisu colos valores y les est\u00e9tiques propies d\u2019Asturies contrib\u00fain a arriquecer la llingua asturiana y a dar voz a les esperiencies femenines y colectives. Asina, les poetes asturianes siguen siendo protagonistes indispensables nel mundu de la lliteratura contempor\u00e1nea, faciendo resonar la so voz ente la borrina d\u2019un mundu protagoniz\u00e1u por homes.<\/p>\n","protected":false},"excerpt":{"rendered":"<p>Les muyeres de Surdiversu Ver p\u00e1x 22 y 23\u00a0 La lliteratura asturiana ye bien bayurosa dende\u2019l so aniciu. Prueba d\u2019ello ye\u2019l llabor pioneru de Xosefa Xovellanos, Teresa C\u00f3nsul o Enriqueta Gonz\u00e1lez Rub\u00edn. Na estaya po\u00e9tica destaquen tami\u00e9n los trabayos con nome de muyer, sobre manera na d\u00f3mina que va dende l\u2019empiezu del Surdimientu hasta angua\u00f1o. [&hellip;]<\/p>\n","protected":false},"author":117,"featured_media":0,"parent":221,"menu_order":0,"comment_status":"closed","ping_status":"closed","template":"","meta":{"footnotes":""},"class_list":["post-34469","page","type-page","status-publish","hentry"],"_links":{"self":[{"href":"https:\/\/edublog.educastur.es\/ixuxu\/wp-json\/wp\/v2\/pages\/34469","targetHints":{"allow":["GET"]}}],"collection":[{"href":"https:\/\/edublog.educastur.es\/ixuxu\/wp-json\/wp\/v2\/pages"}],"about":[{"href":"https:\/\/edublog.educastur.es\/ixuxu\/wp-json\/wp\/v2\/types\/page"}],"author":[{"embeddable":true,"href":"https:\/\/edublog.educastur.es\/ixuxu\/wp-json\/wp\/v2\/users\/117"}],"replies":[{"embeddable":true,"href":"https:\/\/edublog.educastur.es\/ixuxu\/wp-json\/wp\/v2\/comments?post=34469"}],"version-history":[{"count":1,"href":"https:\/\/edublog.educastur.es\/ixuxu\/wp-json\/wp\/v2\/pages\/34469\/revisions"}],"predecessor-version":[{"id":34470,"href":"https:\/\/edublog.educastur.es\/ixuxu\/wp-json\/wp\/v2\/pages\/34469\/revisions\/34470"}],"up":[{"embeddable":true,"href":"https:\/\/edublog.educastur.es\/ixuxu\/wp-json\/wp\/v2\/pages\/221"}],"wp:attachment":[{"href":"https:\/\/edublog.educastur.es\/ixuxu\/wp-json\/wp\/v2\/media?parent=34469"}],"curies":[{"name":"wp","href":"https:\/\/api.w.org\/{rel}","templated":true}]}}