{"id":345,"date":"2020-08-17T08:25:27","date_gmt":"2020-08-17T08:25:27","guid":{"rendered":"https:\/\/edublog.educastur.es\/ixuxu\/?page_id=345"},"modified":"2020-09-12T19:22:54","modified_gmt":"2020-09-12T17:22:54","slug":"la-nueva-normalida","status":"publish","type":"page","link":"https:\/\/edublog.educastur.es\/ixuxu\/comics\/vinetes-defren-dandres\/la-nueva-normalida\/","title":{"rendered":"La nueva normalid\u00e1"},"content":{"rendered":"<div class=\"views-row views-row-1 views-row-odd views-row-first\">\n<div class=\"views-field views-field-field-semeya3\">\n<ul>\n<li><span style=\"font-size: 20px\"><strong><em><a href=\"http:\/\/efrendibuxos2.blogspot.com\/\">Blogue d\u00b4Efr\u00e9n<\/a><\/em><\/strong><\/span><\/li>\n<li class=\"field-content\"><span style=\"font-size: 20px\"><a href=\"https:\/\/asturies.com\/vi%C3%B1etes\/efren\"><em>Vi\u00f1etes<\/em><\/a><\/span><\/li>\n<li><em> <span class=\"views-field views-field-name\"><span class=\"field-content\"><a href=\"http:\/\/efrendibuxos2.blogspot.com.es\/\"><span style=\"font-size: 20px\">Efr\u00e9n d&#8217;Andr\u00e9s<\/span><\/a><\/span> <\/span><\/em><\/li>\n<\/ul>\n<div class=\"field-content\"><em><span style=\"font-size: 20px\"><a href=\"https:\/\/asturies.com\/sites\/default\/files\/la_nueva_normalida_2.jpg\"><img loading=\"lazy\" decoding=\"async\" class=\"\" title=\"La nueva normalid\u00e1 2\" src=\"https:\/\/asturies.com\/sites\/default\/files\/styles\/large\/public\/la_nueva_normalida_2.jpg?itok=D64LabzF\" alt=\"La nueva normalid\u00e1 2\" width=\"601\" height=\"400\" \/><\/a><\/span><\/em><\/div>\n<div>\n<div class=\"views-row views-row-2 views-row-even\">\n<div class=\"views-field views-field-field-semeya3\">\n<div class=\"field-content\"><\/div>\n<\/div>\n<\/div>\n<div class=\"views-row views-row-3 views-row-odd\">\n<div class=\"views-field views-field-title\"><em><span style=\"font-size: 20px\"><span class=\"field-content\">La nueva normalid\u00e1 (1\/16)<\/span><span class=\"views-field views-field-name\"><span class=\"field-content\"><a href=\"http:\/\/efrendibuxos2.blogspot.com.es\/\">Efr\u00e9n d&#8217;Andr\u00e9s<\/a><\/span>\u00a0<\/span><\/span><\/em><\/div>\n<\/div>\n<\/div>\n<div><\/div>\n<div><\/div>\n<div class=\"field-content\"><em><span style=\"font-size: 20px\"><a href=\"https:\/\/asturies.com\/sites\/default\/files\/la_nueva_normalida_3.jpg\"><img loading=\"lazy\" decoding=\"async\" class=\"\" title=\"La nueva normalid\u00e1 3\" src=\"https:\/\/asturies.com\/sites\/default\/files\/styles\/large\/public\/la_nueva_normalida_3.jpg?itok=BaYvYkw_\" alt=\"La nueva normalid\u00e1 3\" width=\"601\" height=\"400\" \/><\/a><\/span><\/em><\/div>\n<\/div>\n<\/div>\n<div class=\"views-row views-row-2 views-row-even\">\n<div class=\"views-field views-field-title\"><em><span style=\"font-size: 20px\"><span class=\"field-content\">La nueva normalid\u00e1 (2\/16)<\/span><span class=\"views-field views-field-name\"><span class=\"field-content\"><a href=\"http:\/\/efrendibuxos2.blogspot.com.es\/\"> Efr\u00e9n d&#8217;Andr\u00e9s<\/a><\/span><\/span>\u00a0<\/span><\/em><\/div>\n<\/div>\n<div class=\"views-field views-field-nothing\"><em><span style=\"font-size: 20px\"><a href=\"https:\/\/asturies.com\/sites\/default\/files\/la_nueva_normalida_4.jpg\"><img loading=\"lazy\" decoding=\"async\" class=\"\" title=\"La nueva normalid\u00e1 4\" src=\"https:\/\/asturies.com\/sites\/default\/files\/styles\/large\/public\/la_nueva_normalida_4.jpg?itok=lrESzvf8\" alt=\"La nueva normalid\u00e1 4\" width=\"601\" height=\"400\" \/><\/a><\/span><\/em><\/div>\n<div><em><span style=\"font-size: 20px\"><span class=\"field-content\">La nueva normalid\u00e1 (3\/16) <span class=\"views-field views-field-name\"><a href=\"http:\/\/efrendibuxos2.blogspot.com.es\/\">Efr\u00e9n d&#8217;Andr\u00e9s<\/a> <\/span><\/span><br \/>\n<\/span><\/em><\/div>\n<div class=\"views-row views-row-3 views-row-odd\">\n<div class=\"views-field views-field-title\"><\/div>\n<\/div>\n<div>\n<div class=\"views-row views-row-3 views-row-odd\">\n<div class=\"views-field views-field-field-semeya3\">\n<div class=\"field-content\"><em><span style=\"font-size: 20px\"><a href=\"https:\/\/asturies.com\/sites\/default\/files\/la_nueva_normalida_5_0.jpg\"><img loading=\"lazy\" decoding=\"async\" class=\"\" title=\"La nueva normalid\u00e1 5\" src=\"https:\/\/asturies.com\/sites\/default\/files\/styles\/large\/public\/la_nueva_normalida_5_0.jpg?itok=kpMPaCKx\" alt=\"La nueva normalid\u00e1 5\" width=\"601\" height=\"400\" \/><\/a><\/span><\/em><\/div>\n<\/div>\n<\/div>\n<div class=\"views-row views-row-4 views-row-even views-row-last\">\n<div class=\"views-field views-field-title\"><em><span style=\"font-size: 20px\"><span class=\"field-content\">La nueva normalid\u00e1 (4\/16)<\/span><span class=\"views-field views-field-name\"><span class=\"field-content\"><a href=\"http:\/\/efrendibuxos2.blogspot.com.es\/\">Efr\u00e9n d&#8217;Andr\u00e9s<\/a><\/span>\u00a0<\/span><\/span><\/em><\/div>\n<div>\n<div class=\"views-row views-row-2 views-row-even\">\n<div class=\"views-field views-field-field-semeya3\">\n<div class=\"field-content\"><em><span style=\"font-size: 20px\"><a href=\"https:\/\/asturies.com\/sites\/default\/files\/la_nueva_normalida_6_0.jpg\"><img loading=\"lazy\" decoding=\"async\" class=\"\" title=\"La nueva normalid\u00e1 6\" src=\"https:\/\/asturies.com\/sites\/default\/files\/styles\/large\/public\/la_nueva_normalida_6_0.jpg?itok=QtP2279i\" alt=\"La nueva normalid\u00e1 6\" width=\"599\" height=\"399\" \/><\/a><\/span><\/em><\/div>\n<\/div>\n<\/div>\n<div class=\"views-row views-row-3 views-row-odd\">\n<div class=\"views-field views-field-title\"><em><span style=\"font-size: 20px\"><span class=\"field-content\">La nueva normalid\u00e1 (5\/16)<\/span><span class=\"views-field views-field-name\"><span class=\"field-content\"><a href=\"http:\/\/efrendibuxos2.blogspot.com.es\/\">Efr\u00e9n d&#8217;Andr\u00e9s<\/a><\/span>\u00a0<\/span><span class=\"views-field views-field-created\"><span class=\"field-content\"><br \/>\n<\/span><\/span><\/span><\/em><\/div>\n<\/div>\n<\/div>\n<\/div>\n<\/div>\n<div>\n<div class=\"views-row views-row-2 views-row-even\">\n<div class=\"views-field views-field-field-semeya3\">\n<div class=\"field-content\"><a href=\"https:\/\/asturies.com\/sites\/default\/files\/la_nueva_normalida_7_retocada.jpg\"><img loading=\"lazy\" decoding=\"async\" class=\"\" title=\"La nueva normalid\u00e1 7 \" src=\"https:\/\/asturies.com\/sites\/default\/files\/styles\/large\/public\/la_nueva_normalida_7_retocada.jpg?itok=z6l6Op3T\" alt=\"La nueva normalid\u00e1 7 \" width=\"599\" height=\"399\" \/><\/a><\/div>\n<\/div>\n<\/div>\n<div class=\"views-row views-row-3 views-row-odd\">\n<div class=\"views-field views-field-title\"><span style=\"font-size: 20px\"><em><span class=\"field-content\">La nueva normalid\u00e1 (6\/16) <\/span><span class=\"views-field views-field-name\"><span class=\"field-content\"><a href=\"http:\/\/efrendibuxos2.blogspot.com.es\/\">Efr\u00e9n d&#8217;Andr\u00e9s<\/a><\/span>\u00a0<\/span> <\/em><\/span><\/div>\n<\/div>\n<div class=\"views-row views-row-2 views-row-even\">\n<div class=\"views-field views-field-nothing\"><\/div>\n<div class=\"views-field views-field-field-semeya3\"><\/div>\n<\/div>\n<div class=\"views-row views-row-3 views-row-odd\">\n<div class=\"views-field views-field-title\"><a href=\"https:\/\/asturies.com\/sites\/default\/files\/styles\/large\/public\/la_nueva_normalida_8_retocada.jpg?itok=s8qhERul\"><img loading=\"lazy\" decoding=\"async\" class=\"alignnone \" src=\"https:\/\/asturies.com\/sites\/default\/files\/styles\/large\/public\/la_nueva_normalida_8_retocada.jpg?itok=s8qhERul\" width=\"605\" height=\"403\" \/><\/a><\/div>\n<div class=\"views-field views-field-nothing\"><\/div>\n<div><em><span style=\"font-size: 20px\"><span class=\"field-content\">La nueva normalid\u00e1 (7\/16) <span class=\"views-field views-field-name\"><a href=\"http:\/\/efrendibuxos2.blogspot.com.es\/\">Efr\u00e9n d&#8217;Andr\u00e9s<\/a> <\/span><\/span><br \/>\n<\/span><\/em><\/div>\n<div class=\"views-field views-field-field-semeya3\"><\/div>\n<\/div>\n<div class=\"views-row views-row-4 views-row-even views-row-last\">\n<div class=\"views-field views-field-nothing\"><a href=\"https:\/\/asturies.com\/sites\/default\/files\/styles\/large\/public\/la_nueva_normalida_9_retocada.jpg?itok=3Zh6wHka\"><img loading=\"lazy\" decoding=\"async\" class=\"alignnone \" src=\"https:\/\/asturies.com\/sites\/default\/files\/styles\/large\/public\/la_nueva_normalida_9_retocada.jpg?itok=3Zh6wHka\" width=\"604\" height=\"402\" \/><\/a><\/div>\n<div class=\"views-field views-field-field-semeya3\">\n<div class=\"field-content\">\n<div class=\"views-row views-row-3 views-row-odd\">\n<div class=\"views-field views-field-field-semeya3\">\n<div class=\"field-content\"><\/div>\n<\/div>\n<\/div>\n<div class=\"views-row views-row-4 views-row-even views-row-last\">\n<div class=\"views-field views-field-title\"><em><span style=\"font-size: 20px\"><span class=\"field-content\">La nueva normalid\u00e1 (8\/16)<\/span><span class=\"views-field views-field-name\"><span class=\"field-content\"><a href=\"http:\/\/efrendibuxos2.blogspot.com.es\/\">Efr\u00e9n d&#8217;Andr\u00e9s<\/a><\/span>\u00a0<\/span><\/span><\/em><\/div>\n<div>\n<div class=\"views-row views-row-2 views-row-even\">\n<div class=\"views-field views-field-field-semeya3\">\n<div class=\"field-content\"><em><span style=\"font-size: 20px\"><a href=\"https:\/\/asturies.com\/sites\/default\/files\/la_nueva_normalida_10_0.jpg\"><img loading=\"lazy\" decoding=\"async\" class=\"\" title=\"La nueva normalid\u00e1 (10\/16)\" src=\"https:\/\/asturies.com\/sites\/default\/files\/styles\/large\/public\/la_nueva_normalida_10_0.jpg?itok=z2cWS2mO\" alt=\"La nueva normalid\u00e1 (10\/16)\" width=\"599\" height=\"399\" \/><\/a><\/span><\/em><\/div>\n<\/div>\n<\/div>\n<div class=\"views-row views-row-3 views-row-odd\">\n<div class=\"views-field views-field-title\"><em><span style=\"font-size: 20px\"><span class=\"field-content\">La nueva normalid\u00e1 (9\/16)<\/span><span class=\"views-field views-field-name\"><span class=\"field-content\"><a href=\"http:\/\/efrendibuxos2.blogspot.com.es\/\">Efr\u00e9n d&#8217;Andr\u00e9s<\/a><\/span>\u00a0<\/span> <\/span><\/em><\/div>\n<\/div>\n<\/div>\n<\/div>\n<\/div>\n<div><\/div>\n<\/div>\n<div>\n<div class=\"views-row views-row-1 views-row-odd views-row-first\">\n<div class=\"views-field views-field-field-semeya3\">\n<div class=\"field-content\"><em><span style=\"font-size: 20px\"><a href=\"https:\/\/asturies.com\/sites\/default\/files\/la_nueva_normalida_11.jpg\"><img loading=\"lazy\" decoding=\"async\" class=\"\" title=\"La nueva normalid\u00e1 (11\/16)\" src=\"https:\/\/asturies.com\/sites\/default\/files\/styles\/large\/public\/la_nueva_normalida_11.jpg?itok=yWXdgmLI\" alt=\"La nueva normalid\u00e1 (11\/16)\" width=\"596\" height=\"397\" \/><\/a><\/span><\/em><\/div>\n<\/div>\n<\/div>\n<div class=\"views-row views-row-2 views-row-even\">\n<div class=\"views-field views-field-title\"><em><span style=\"font-size: 20px\"><span class=\"field-content\">La nueva normalid\u00e1 (10\/16)<\/span><span class=\"views-field views-field-name\"><span class=\"field-content\"><a href=\"http:\/\/efrendibuxos2.blogspot.com.es\/\">Efr\u00e9n d&#8217;Andr\u00e9s<\/a><\/span><\/span>\u00a0<\/span><\/em><\/div>\n<div class=\"views-field views-field-nothing\"><\/div>\n<div class=\"views-field views-field-field-semeya3\"><\/div>\n<\/div>\n<div class=\"views-row views-row-3 views-row-odd\">\n<div class=\"views-field views-field-nothing\">\n<div class=\"views-row views-row-4 views-row-even views-row-last\">\n<div class=\"views-field views-field-title\">\n<div class=\"views-row views-row-2 views-row-even\">\n<div class=\"views-field views-field-field-semeya3\">\n<div class=\"field-content\"><a href=\"https:\/\/asturies.com\/sites\/default\/files\/la_nueva_normalida_12.jpg\"><img loading=\"lazy\" decoding=\"async\" class=\"\" title=\"La nueva normalid\u00e1 12\" src=\"https:\/\/asturies.com\/sites\/default\/files\/styles\/large\/public\/la_nueva_normalida_12.jpg?itok=ODbsmRPF\" alt=\"La nueva normalid\u00e1 12\" width=\"598\" height=\"398\" \/><\/a><\/div>\n<\/div>\n<\/div>\n<div class=\"views-row views-row-3 views-row-odd\">\n<div class=\"views-field views-field-title\"><span class=\"field-content\">La nueva normalid\u00e1 (11\/16) <\/span><span class=\"views-field views-field-name\"><span class=\"field-content\"><a href=\"http:\/\/efrendibuxos2.blogspot.com.es\/\">Efr\u00e9n d&#8217;Andr\u00e9s<\/a><\/span><\/span><\/div>\n<\/div>\n<\/div>\n<\/div>\n<\/div>\n<div>\n<div class=\"views-row views-row-1 views-row-odd views-row-first\">\n<div class=\"views-field views-field-field-semeya3\">\n<div><\/div>\n<div class=\"field-content\"><a href=\"https:\/\/asturies.com\/sites\/default\/files\/la_nueva_normalida_13_0.jpg\"><img loading=\"lazy\" decoding=\"async\" class=\"\" title=\"La nueva normalid\u00e1 13\" src=\"https:\/\/asturies.com\/sites\/default\/files\/styles\/large\/public\/la_nueva_normalida_13_0.jpg?itok=Iy-hQsto\" alt=\"La nueva normalid\u00e1 13\" width=\"598\" height=\"398\" \/><\/a><\/div>\n<\/div>\n<\/div>\n<div class=\"views-row views-row-2 views-row-even\">\n<div class=\"views-field views-field-title\"><span style=\"font-size: 20px\"><em><span class=\"field-content\">La nueva normalid\u00e1 (12\/16) <\/span><span class=\"views-field views-field-name\"><span class=\"field-content\"><a href=\"http:\/\/efrendibuxos2.blogspot.com.es\/\">Efr\u00e9n d&#8217;Andr\u00e9s<\/a><\/span><\/span>\u00a0<\/em><\/span><\/div>\n<\/div>\n<div><\/div>\n<\/div>\n<\/div>\n<div><\/div>\n<div class=\"views-row views-row-3 views-row-odd\">\n<div class=\"views-field views-field-field-semeya3\"><a href=\"https:\/\/asturies.com\/sites\/default\/files\/styles\/large\/public\/la_nueva_normalida_13_0.jpg?itok=Iy-hQsto\"><img loading=\"lazy\" decoding=\"async\" class=\"alignnone \" src=\"https:\/\/asturies.com\/sites\/default\/files\/styles\/large\/public\/la_nueva_normalida_13_0.jpg?itok=Iy-hQsto\" width=\"601\" height=\"400\" \/><\/a><\/div>\n<\/div>\n<div class=\"views-row views-row-4 views-row-even views-row-last\">\n<div class=\"views-field views-field-title\"><em><span class=\"field-content\">La nueva normalid\u00e1 (13\/16) <\/span><span class=\"views-field views-field-name\"><span class=\"field-content\"><a href=\"http:\/\/efrendibuxos2.blogspot.com.es\/\">Efr\u00e9n d&#8217;Andr\u00e9s<\/a><br \/>\n<\/span><\/span><\/em><\/div>\n<div class=\"views-field views-field-nothing\"><a href=\"https:\/\/asturies.com\/sites\/default\/files\/styles\/large\/public\/la_nueva_normalida_14.jpg?itok=xo4FDSUh\"><img loading=\"lazy\" decoding=\"async\" class=\"alignnone \" src=\"https:\/\/asturies.com\/sites\/default\/files\/styles\/large\/public\/la_nueva_normalida_14.jpg?itok=xo4FDSUh\" width=\"601\" height=\"400\" \/><\/a><\/div>\n<div class=\"field-content\"><em><span class=\"field-content\">La nueva normalid\u00e1 (14\/16) <\/span><span class=\"views-field views-field-name\"><span class=\"field-content\"><a href=\"http:\/\/efrendibuxos2.blogspot.com.es\/\">Efr\u00e9n d&#8217;Andr\u00e9s<\/a><br \/>\n<a href=\"https:\/\/asturies.com\/sites\/default\/files\/styles\/large\/public\/la_nueva_normalida_15.jpg?itok=BwNd1IR0\"><img loading=\"lazy\" decoding=\"async\" class=\"alignnone \" src=\"https:\/\/asturies.com\/sites\/default\/files\/styles\/large\/public\/la_nueva_normalida_15.jpg?itok=BwNd1IR0\" width=\"598\" height=\"398\" \/><\/a><br \/>\n<\/span><\/span><\/em><\/div>\n<\/div>\n<div><em><span class=\"field-content\">La nueva normalid\u00e1 (15\/16) <\/span><span class=\"views-field views-field-name\"><span class=\"field-content\"><a href=\"http:\/\/efrendibuxos2.blogspot.com.es\/\">Efr\u00e9n d&#8217;Andr\u00e9s<\/a><br \/>\n<a href=\"https:\/\/asturies.com\/sites\/default\/files\/styles\/large\/public\/la_nueva_normalidad_16_revisada_y_correxida.jpg?itok=DqVs9hfa\"><img loading=\"lazy\" decoding=\"async\" class=\"alignnone \" src=\"https:\/\/asturies.com\/sites\/default\/files\/styles\/large\/public\/la_nueva_normalidad_16_revisada_y_correxida.jpg?itok=DqVs9hfa\" width=\"598\" height=\"398\" \/><\/a><\/span><\/span><\/em><\/div>\n<\/div>\n<div><em><span class=\"field-content\">La nueva normalid\u00e1 (16\/16) <\/span><span class=\"views-field views-field-name\"><span class=\"field-content\"><a href=\"http:\/\/efrendibuxos2.blogspot.com.es\/\">Efr\u00e9n d&#8217;Andr\u00e9s<\/a><\/span><\/span>\u00a0<\/em><\/div>\n<\/div>\n<\/div>\n","protected":false},"excerpt":{"rendered":"<p>Blogue d\u00b4Efr\u00e9n Vi\u00f1etes Efr\u00e9n d&#8217;Andr\u00e9s La nueva normalid\u00e1 (1\/16)Efr\u00e9n d&#8217;Andr\u00e9s\u00a0 La nueva normalid\u00e1 (2\/16) Efr\u00e9n d&#8217;Andr\u00e9s\u00a0 La nueva normalid\u00e1 (3\/16) Efr\u00e9n d&#8217;Andr\u00e9s La nueva normalid\u00e1 (4\/16)Efr\u00e9n d&#8217;Andr\u00e9s\u00a0 La nueva normalid\u00e1 (5\/16)Efr\u00e9n d&#8217;Andr\u00e9s\u00a0 La nueva normalid\u00e1 (6\/16) Efr\u00e9n d&#8217;Andr\u00e9s\u00a0 La nueva normalid\u00e1 (7\/16) Efr\u00e9n d&#8217;Andr\u00e9s La nueva normalid\u00e1 (8\/16)Efr\u00e9n d&#8217;Andr\u00e9s\u00a0 La nueva normalid\u00e1 (9\/16)Efr\u00e9n d&#8217;Andr\u00e9s\u00a0 La [&hellip;]<\/p>\n","protected":false},"author":117,"featured_media":0,"parent":319,"menu_order":0,"comment_status":"closed","ping_status":"closed","template":"","meta":{"footnotes":""},"class_list":["post-345","page","type-page","status-publish","hentry"],"_links":{"self":[{"href":"https:\/\/edublog.educastur.es\/ixuxu\/wp-json\/wp\/v2\/pages\/345","targetHints":{"allow":["GET"]}}],"collection":[{"href":"https:\/\/edublog.educastur.es\/ixuxu\/wp-json\/wp\/v2\/pages"}],"about":[{"href":"https:\/\/edublog.educastur.es\/ixuxu\/wp-json\/wp\/v2\/types\/page"}],"author":[{"embeddable":true,"href":"https:\/\/edublog.educastur.es\/ixuxu\/wp-json\/wp\/v2\/users\/117"}],"replies":[{"embeddable":true,"href":"https:\/\/edublog.educastur.es\/ixuxu\/wp-json\/wp\/v2\/comments?post=345"}],"version-history":[{"count":7,"href":"https:\/\/edublog.educastur.es\/ixuxu\/wp-json\/wp\/v2\/pages\/345\/revisions"}],"predecessor-version":[{"id":1021,"href":"https:\/\/edublog.educastur.es\/ixuxu\/wp-json\/wp\/v2\/pages\/345\/revisions\/1021"}],"up":[{"embeddable":true,"href":"https:\/\/edublog.educastur.es\/ixuxu\/wp-json\/wp\/v2\/pages\/319"}],"wp:attachment":[{"href":"https:\/\/edublog.educastur.es\/ixuxu\/wp-json\/wp\/v2\/media?parent=345"}],"curies":[{"name":"wp","href":"https:\/\/api.w.org\/{rel}","templated":true}]}}