{"id":3655,"date":"2021-02-13T12:27:58","date_gmt":"2021-02-13T10:27:58","guid":{"rendered":"https:\/\/edublog.educastur.es\/ixuxu\/?page_id=3655"},"modified":"2021-02-13T12:27:58","modified_gmt":"2021-02-13T10:27:58","slug":"pautu","status":"publish","type":"page","link":"https:\/\/edublog.educastur.es\/ixuxu\/poesia-2\/pautu\/","title":{"rendered":"Pautu"},"content":{"rendered":"<div class=\"td-post-header\">\n<header class=\"td-post-title\">\n<div class=\"td-module-meta-info\">\n<div class=\"td-post-author-name\">\n<div class=\"td-author-by\">Por<a href=\"https:\/\/fusionasturias.com\/author\/robertogonzalezquevedo\">Roberto Gonz\u00e1lez-Quevedo<\/a><\/div>\n<\/div>\n<\/div>\n<\/header>\n<\/div>\n<div class=\"td-post-content tagdiv-type\">\n<h1 class=\"entry-title\"><span style=\"color: #008080\"><em><span style=\"font-size: 24px\">Pautu<\/span><\/em><\/span><\/h1>\n<p><span style=\"color: #008080\"><em><span style=\"font-size: 24px\">Cansu de caminar,<\/span><\/em><\/span><br \/>\n<span style=\"color: #008080\"><em><span style=\"font-size: 24px\">ya de pensar,<\/span><\/em><\/span><br \/>\n<span style=\"color: #008080\"><em><span style=\"font-size: 24px\">quiero arimame a ti,<\/span><\/em><\/span><br \/>\n<span style=\"color: #008080\"><em><span style=\"font-size: 24px\">cuerpu de m\u00ed mesmu,<\/span><\/em><\/span><br \/>\n<span style=\"color: #008080\"><em><span style=\"font-size: 24px\">cuerpu mieu,<\/span><\/em><\/span><br \/>\n<span style=\"color: #008080\"><em><span style=\"font-size: 24px\">onde vivo,<\/span><\/em><\/span><br \/>\n<span style=\"color: #008080\"><em><span style=\"font-size: 24px\">dende onde vi<\/span><\/em><\/span><br \/>\n<span style=\"color: #008080\"><em><span style=\"font-size: 24px\">las cousas de la tierra.<\/span><\/em><\/span><\/p>\n<p><span style=\"color: #008080\"><em><span style=\"font-size: 24px\">Sonces todiel.los<\/span><\/em><\/span><br \/>\n<span style=\"color: #008080\"><em><span style=\"font-size: 24px\">que l.levanon los mieus p\u00edas,<\/span><\/em><\/span><br \/>\n<span style=\"color: #008080\"><em><span style=\"font-size: 24px\">dedas humildes,<\/span><\/em><\/span><br \/>\n<span style=\"color: #008080\"><em><span style=\"font-size: 24px\">costiel.las<\/span><\/em><\/span><br \/>\n<span style=\"color: #008080\"><em><span style=\"font-size: 24px\">qu\u2019atestiganon emociones asgaya,<\/span><\/em><\/span><br \/>\n<span style=\"color: #008080\"><em><span style=\"font-size: 24px\">gorxa na que nacienon<\/span><\/em><\/span><br \/>\n<span style=\"color: #008080\"><em><span style=\"font-size: 24px\">las palabras,<\/span><\/em><\/span><br \/>\n<span style=\"color: #008080\"><em><span style=\"font-size: 24px\">midayas de la m\u00eda tiesta.<\/span><\/em><\/span><\/p>\n<p><span style=\"color: #008080\"><em><span style=\"font-size: 24px\">Vos sois lo que perdiera,<\/span><\/em><\/span><br \/>\n<span style=\"color: #008080\"><em><span style=\"font-size: 24px\">lo que dex\u00e9i de sentire<\/span><\/em><\/span><br \/>\n<span style=\"color: #008080\"><em><span style=\"font-size: 24px\">ya dex\u00e9i de vivire.<\/span><\/em><\/span><br \/>\n<span style=\"color: #008080\"><em><span style=\"font-size: 24px\">Ya por eso mesmo agora<\/span><\/em><\/span><br \/>\n<span style=\"color: #008080\"><em><span style=\"font-size: 24px\">quiero prometeme a m\u00ed mesmu<\/span><\/em><\/span><br \/>\n<span style=\"color: #008080\"><em><span style=\"font-size: 24px\">que y\u00e1 nun vos dexar\u00e9i<\/span><\/em><\/span><br \/>\n<span style=\"color: #008080\"><em><span style=\"font-size: 24px\">enxam\u00e1s solos.<\/span><\/em><\/span><\/p>\n<p><span style=\"color: #008080\"><em><span style=\"font-size: 24px\">Faime falta un pautu con vos,<\/span><\/em><\/span><br \/>\n<span style=\"color: #008080\"><em><span style=\"font-size: 24px\">sentime samarguchando en vos,<\/span><\/em><\/span><br \/>\n<span style=\"color: #008080\"><em><span style=\"font-size: 24px\">sabere que you soi vos.<\/span><\/em><\/span><\/p>\n<p><span style=\"color: #008080\"><em><span style=\"font-size: 24px\">Ya ent\u00f3s dir\u00e1n: tien pautu.<\/span><\/em><\/span><br \/>\n<span style=\"color: #008080\"><em><span style=\"font-size: 24px\">Con vos, todiel.los mieus,<\/span><\/em><\/span><br \/>\n<span style=\"color: #008080\"><em><span style=\"font-size: 24px\">con vos, p\u00edas de la mida vida,<\/span><\/em><\/span><br \/>\n<span style=\"color: #008080\"><em><span style=\"font-size: 24px\">cont\u00edu, arca del mieu coraz\u00f3n.<\/span><\/em><\/span><\/p>\n<p>(De <em>L.lume de l.luz<\/em>)<\/p>\n<p><a class=\"td-modal-image\" href=\"https:\/\/fusionasturias.com\/wp-content\/uploads\/2021\/02\/llume-de-lluz.jpg\" data-caption=\"L.lume de l.luz\"><img loading=\"lazy\" decoding=\"async\" class=\"entry-thumb\" title=\"L.lume de l.luz\" src=\"https:\/\/fusionasturias.com\/wp-content\/uploads\/2021\/02\/llume-de-lluz.jpg\" alt=\"L.lume de l.luz, libro de poemas de Roberto Gonz\u00e1lez-Quevedo\" width=\"298\" height=\"500\" \/><\/a>L.lume de l.luz<\/p>\n<\/div>\n","protected":false},"excerpt":{"rendered":"<p>PorRoberto Gonz\u00e1lez-Quevedo Pautu Cansu de caminar, ya de pensar, quiero arimame a ti, cuerpu de m\u00ed mesmu, cuerpu mieu, onde vivo, dende onde vi las cousas de la tierra. Sonces todiel.los que l.levanon los mieus p\u00edas, dedas humildes, costiel.las qu\u2019atestiganon emociones asgaya, gorxa na que nacienon las palabras, midayas de la m\u00eda tiesta. Vos sois [&hellip;]<\/p>\n","protected":false},"author":117,"featured_media":0,"parent":221,"menu_order":0,"comment_status":"closed","ping_status":"closed","template":"","meta":{"footnotes":""},"class_list":["post-3655","page","type-page","status-publish","hentry"],"_links":{"self":[{"href":"https:\/\/edublog.educastur.es\/ixuxu\/wp-json\/wp\/v2\/pages\/3655","targetHints":{"allow":["GET"]}}],"collection":[{"href":"https:\/\/edublog.educastur.es\/ixuxu\/wp-json\/wp\/v2\/pages"}],"about":[{"href":"https:\/\/edublog.educastur.es\/ixuxu\/wp-json\/wp\/v2\/types\/page"}],"author":[{"embeddable":true,"href":"https:\/\/edublog.educastur.es\/ixuxu\/wp-json\/wp\/v2\/users\/117"}],"replies":[{"embeddable":true,"href":"https:\/\/edublog.educastur.es\/ixuxu\/wp-json\/wp\/v2\/comments?post=3655"}],"version-history":[{"count":1,"href":"https:\/\/edublog.educastur.es\/ixuxu\/wp-json\/wp\/v2\/pages\/3655\/revisions"}],"predecessor-version":[{"id":3656,"href":"https:\/\/edublog.educastur.es\/ixuxu\/wp-json\/wp\/v2\/pages\/3655\/revisions\/3656"}],"up":[{"embeddable":true,"href":"https:\/\/edublog.educastur.es\/ixuxu\/wp-json\/wp\/v2\/pages\/221"}],"wp:attachment":[{"href":"https:\/\/edublog.educastur.es\/ixuxu\/wp-json\/wp\/v2\/media?parent=3655"}],"curies":[{"name":"wp","href":"https:\/\/api.w.org\/{rel}","templated":true}]}}