{"id":401,"date":"2020-06-18T07:34:10","date_gmt":"2020-06-18T07:34:10","guid":{"rendered":"https:\/\/edublog.educastur.es\/ixuxu\/?page_id=401"},"modified":"2020-08-18T07:34:46","modified_gmt":"2020-08-18T07:34:46","slug":"un-poema-ineditu","status":"publish","type":"page","link":"https:\/\/edublog.educastur.es\/ixuxu\/poesia-2\/un-poema-ineditu\/","title":{"rendered":"Un poema in\u00e9ditu"},"content":{"rendered":"<div class=\"entry\">\n<p><span style=\"color: #808080;font-size: 20px\"><em>\u2018El camino era incierto, <\/em><\/span><\/p>\n<p><span style=\"color: #808080;font-size: 20px\"><em>so\u00f1\u00e1bamos con bellos precipicios<\/em><\/span><\/p>\n<p><span style=\"color: #808080;font-size: 20px\"><em>donde arrojar lo que de amargo pudiera acompa\u00f1arnos\u2019.<\/em><\/span><\/p>\n<p><span style=\"color: #808080;font-size: 20px\"><em> Alberto Vega<\/em><\/span><\/p>\n<p><span style=\"font-size: 20px\">Autor: <a href=\"https:\/\/www.facebook.com\/paul.sailor.18?__cft__[0]=AZVKTQx_oakkRSKuAr3QrvN5JuqUlHjc-1_xwj5MHgILsFt9wS6bsSbIyRHLwoovRK5QhGidK_IpiTleDe3TDqmaIJgy65ORfLsou9fg3HurQrQiRhQiLJc06vwCVzfrJlw&amp;__tn__=-UC%2CP-R\" target=\"_blank\" rel=\"noopener noreferrer\">Pablo Ant\u00f3n Mar\u00edn Estrada<\/a><\/span><\/p>\n<p><span style=\"color: #0000ff;font-size: 20px\"><strong><em>CHANGING OF THE GUARDS<\/em><\/strong><\/span><\/p>\n<p><span style=\"color: #0000ff;font-size: 20px\"><em>Patti Smith canta <\/em><\/span><\/p>\n<p><span style=\"color: #0000ff;font-size: 20px\"><em>Changing of the Guards<\/em><\/span><\/p>\n<p><span style=\"color: #0000ff;font-size: 20px\"><em>nel anfiteatru romanu<\/em><\/span><\/p>\n<p><span style=\"color: #0000ff;font-size: 20px\"><em>de Cagliari: Sixteen years,<\/em><\/span><\/p>\n<p><span style=\"color: #0000ff;font-size: 20px\"><em>sixteen banners <\/em><\/span><\/p>\n<p><span style=\"color: #0000ff;font-size: 20px\"><em>united over the field.<\/em><\/span><\/p>\n<p><span style=\"color: #0000ff;font-size: 20px\"><em>La nueche de branu<\/em><\/span><\/p>\n<p><span style=\"color: #0000ff;font-size: 20px\"><em>ensucha los llabios <\/em><\/span><\/p>\n<p><span style=\"color: #0000ff;font-size: 20px\"><em>pero l\u2019aire trai arumes d\u2019olivera,<\/em><\/span><\/p>\n<p><span style=\"color: #0000ff;font-size: 20px\"><em>revuelve\u2019l pelo, llega<\/em><\/span><\/p>\n<p><span style=\"color: #0000ff;font-size: 20px\"><em>hasta la to ventana abierta<\/em><\/span><\/p>\n<p><span style=\"color: #0000ff;font-size: 20px\"><em>venti a\u00f1os despu\u00e9s nuna ciud\u00e1<\/em><\/span><\/p>\n<p><span style=\"color: #0000ff;font-size: 20px\"><em>distinta, nuna vida<\/em><\/span><\/p>\n<p><span style=\"color: #0000ff;font-size: 20px\"><em>na que tami\u00e9n tu yes otru.<\/em><\/span><\/p>\n<p><span style=\"color: #0000ff;font-size: 20px\"><em>Desperate men,<\/em><\/span><\/p>\n<p><span style=\"color: #0000ff;font-size: 20px\"><em>desperate women divided,<\/em><\/span><\/p>\n<p><span style=\"color: #0000ff;font-size: 20px\"><em>spreading their wings <\/em><\/span><\/p>\n<p><span style=\"color: #0000ff;font-size: 20px\"><em>\u2018neath the falling leaves.<\/em><\/span><\/p>\n<p><span style=\"color: #0000ff;font-size: 20px\"><em>La brisa escampla-y la guedeya<\/em><\/span><\/p>\n<p><span style=\"color: #0000ff;font-size: 20px\"><em>canoxa. Fortune calls. Mu\u00e9vese<\/em><\/span><\/p>\n<p><span style=\"color: #0000ff;font-size: 20px\"><em>\u00e9nte\u2019l micr\u00f3fonu<\/em><\/span><\/p>\n<p><span style=\"color: #0000ff;font-size: 20px\"><em>como una adolescente <\/em><\/span><\/p>\n<p><span style=\"color: #0000ff;font-size: 20px\"><em>She\u2019s smelling sweet<\/em><\/span><\/p>\n<p><span style=\"color: #0000ff;font-size: 20px\"><em>like the meadows where she was born.<\/em><\/span><\/p>\n<p><span style=\"color: #0000ff;font-size: 20px\"><em>El cam\u00edn pasaba <\/em><\/span><\/p>\n<p><span style=\"color: #0000ff;font-size: 20px\"><em>detr\u00e1s del turrux\u00f3n,<\/em><\/span><\/p>\n<p><span style=\"color: #0000ff;font-size: 20px\"><em>perd\u00edase ente los felechos y diba dar<\/em><\/span><\/p>\n<p><span style=\"color: #0000ff;font-size: 20px\"><em>a un prau onde medraba bravu<\/em><\/span><\/p>\n<p><span style=\"color: #0000ff;font-size: 20px\"><em>el tr\u00e9bole. Alcu\u00e9rdeste bien,<\/em><\/span><\/p>\n<p><span style=\"color: #0000ff;font-size: 20px\"><em>les tos memories yeren <\/em><\/span><\/p>\n<p><span style=\"color: #0000ff;font-size: 20px\"><em>les d\u2019ellos.<\/em><\/span><\/p>\n<p><span style=\"color: #0000ff;font-size: 20px\"><em>Dylan, Patti, llegaben per aquel caminucu,<\/em><\/span><\/p>\n<p><span style=\"color: #0000ff;font-size: 20px\"><em>aparec\u00eden cuando los otros<\/em><\/span><\/p>\n<p><span style=\"color: #0000ff;font-size: 20px\"><em>-Biriqui, Miguel\u00edn, Marimar-<\/em><\/span><\/p>\n<p><span style=\"color: #0000ff;font-size: 20px\"><em>ya marcharan <\/em><\/span><\/p>\n<p><span style=\"color: #0000ff;font-size: 20px\"><em>-y tu pid\u00edes-y a la lluna<\/em><\/span><\/p>\n<p><span style=\"color: #0000ff;font-size: 20px\"><em>que quedare un poco m\u00e1s ende<\/em><\/span><\/p>\n<p><span style=\"color: #0000ff;font-size: 20px\"><em>allumando ente los filachos de nubes<\/em><\/span><\/p>\n<p><span style=\"color: #0000ff;font-size: 20px\"><em>y que la nueche, el vino,<\/em><\/span><\/p>\n<p><span style=\"color: #0000ff;font-size: 20px\"><em>les manes d\u2019ella <\/em><\/span><\/p>\n<p><span style=\"color: #0000ff;font-size: 20px\"><em>avagaran como un r\u00edu ensin fin.<\/em><\/span><\/p>\n<p><span style=\"color: #0000ff;font-size: 20px\"><em>Llegaben con una guitarra<\/em><\/span><\/p>\n<p><span style=\"color: #0000ff;font-size: 20px\"><em>y flores de Ketama.<\/em><\/span><\/p>\n<p><span style=\"color: #0000ff;font-size: 20px\"><em>El cam\u00edn yera inciertu,<\/em><\/span><\/p>\n<p><span style=\"color: #0000ff;font-size: 20px\"><em>sua\u00f1\u00e1bamos con precipicios guapos<\/em><\/span><\/p>\n<p><span style=\"color: #0000ff;font-size: 20px\"><em>onde aventar tolo amargo que<\/em><\/span><\/p>\n<p><span style=\"color: #0000ff;font-size: 20px\"><em>llev\u00e1ramos de la mano. <\/em><\/span><\/p>\n<p><span style=\"color: #0000ff;font-size: 20px\"><em>Escribi\u00f3lo Alberto. \u00c9l tami\u00e9n<\/em><\/span><\/p>\n<p><span style=\"color: #0000ff;font-size: 20px\"><em>vien esta nueche <\/em><\/span><\/p>\n<p><span style=\"color: #0000ff;font-size: 20px\"><em>col arume d\u2019olivera, <\/em><\/span><\/p>\n<p><span style=\"color: #0000ff;font-size: 20px\"><em>agora que la vida,<\/em><\/span><\/p>\n<p><span style=\"color: #0000ff;font-size: 20px\"><em>los caminos qu\u2019andaste nella,<\/em><\/span><\/p>\n<p><span style=\"color: #0000ff;font-size: 20px\"><em>les vueltes que dar\u00e1,<\/em><\/span><\/p>\n<p><span style=\"color: #0000ff;font-size: 20px\"><em>nun pesen,<\/em><\/span><\/p>\n<p><span style=\"color: #0000ff;font-size: 20px\"><em>ll\u00e9valo too<\/em><\/span><\/p>\n<p><span style=\"color: #0000ff;font-size: 20px\"><em>esti aire raru que tira <\/em><\/span><\/p>\n<p><span style=\"color: #0000ff;font-size: 20px\"><em>\u2013pa naide-<\/em><\/span><\/p>\n<p><span style=\"color: #0000ff;font-size: 20px\"><em>nun cantar atop\u00e1u en youtube.<\/em><\/span><\/p>\n<\/div>\n","protected":false},"excerpt":{"rendered":"<p>\u2018El camino era incierto, so\u00f1\u00e1bamos con bellos precipicios donde arrojar lo que de amargo pudiera acompa\u00f1arnos\u2019. Alberto Vega Autor: Pablo Ant\u00f3n Mar\u00edn Estrada CHANGING OF THE GUARDS Patti Smith canta Changing of the Guards nel anfiteatru romanu de Cagliari: Sixteen years, sixteen banners united over the field. La nueche de branu ensucha los llabios pero [&hellip;]<\/p>\n","protected":false},"author":117,"featured_media":0,"parent":221,"menu_order":0,"comment_status":"closed","ping_status":"closed","template":"","meta":{"footnotes":""},"class_list":["post-401","page","type-page","status-publish","hentry"],"_links":{"self":[{"href":"https:\/\/edublog.educastur.es\/ixuxu\/wp-json\/wp\/v2\/pages\/401","targetHints":{"allow":["GET"]}}],"collection":[{"href":"https:\/\/edublog.educastur.es\/ixuxu\/wp-json\/wp\/v2\/pages"}],"about":[{"href":"https:\/\/edublog.educastur.es\/ixuxu\/wp-json\/wp\/v2\/types\/page"}],"author":[{"embeddable":true,"href":"https:\/\/edublog.educastur.es\/ixuxu\/wp-json\/wp\/v2\/users\/117"}],"replies":[{"embeddable":true,"href":"https:\/\/edublog.educastur.es\/ixuxu\/wp-json\/wp\/v2\/comments?post=401"}],"version-history":[{"count":1,"href":"https:\/\/edublog.educastur.es\/ixuxu\/wp-json\/wp\/v2\/pages\/401\/revisions"}],"predecessor-version":[{"id":402,"href":"https:\/\/edublog.educastur.es\/ixuxu\/wp-json\/wp\/v2\/pages\/401\/revisions\/402"}],"up":[{"embeddable":true,"href":"https:\/\/edublog.educastur.es\/ixuxu\/wp-json\/wp\/v2\/pages\/221"}],"wp:attachment":[{"href":"https:\/\/edublog.educastur.es\/ixuxu\/wp-json\/wp\/v2\/media?parent=401"}],"curies":[{"name":"wp","href":"https:\/\/api.w.org\/{rel}","templated":true}]}}