{"id":419,"date":"2020-08-18T07:51:58","date_gmt":"2020-08-18T07:51:58","guid":{"rendered":"https:\/\/edublog.educastur.es\/ixuxu\/?page_id=419"},"modified":"2020-08-18T07:51:58","modified_gmt":"2020-08-18T07:51:58","slug":"asturies-fuisti-un-exemplu-dafechu","status":"publish","type":"page","link":"https:\/\/edublog.educastur.es\/ixuxu\/asturiano\/campanes\/asturies-fuisti-un-exemplu-dafechu\/","title":{"rendered":"\u00abAsturies, fuisti un exemplu dafechu\u00bb"},"content":{"rendered":"<div class=\"entry\">\n<p>\u00a0<a href=\"https:\/\/asturiasloestashaciendobien.com\/resources\/medidas\/carteles\/asturiano\/principado-covid-fases-a4-bable-web.pdf\" target=\"_blank\" rel=\"noopener noreferrer\"><em><img loading=\"lazy\" decoding=\"async\" class=\"\" src=\"https:\/\/elmiradoriu.files.wordpress.com\/2020\/05\/img-20200516-wa0002.jpg\" width=\"322\" height=\"456\" border=\"1\" \/>Descargar<\/em><\/a><\/p>\n<p align=\"justify\">El gobiernu del Princip\u00e1u d\u2019Asturies acaba de facer p\u00fablica una <a href=\"https:\/\/asturiasloestashaciendobien.com\/\" target=\"_blank\" rel=\"noopener noreferrer\">campa\u00f1a de sensibilizaci\u00f3n sobre la llucha contra\u00a0<\/a><a href=\"https:\/\/asturiasloestashaciendobien.com\/\" target=\"_blank\" rel=\"noopener noreferrer\"> la pandemia del covid. <\/a>Tien versi\u00f3n en llingua castellana y en llingua asturiana. Nel aspectu lling\u00fc\u00edsticu, de la versi\u00f3n asturiana de los carteles, un usu de la llingua exemplar, sin necesid\u00e1 de revirar les palabres en xuegos malabares. <a href=\"https:\/\/asturiasloestashaciendobien.com\/\" target=\"_blank\" rel=\"noopener noreferrer\"><em><u>Ver campa\u00f1a.<\/u><\/em><\/a><\/p>\n<p><a href=\"https:\/\/elmiradoriu.files.wordpress.com\/2020\/05\/img-20200516-wa0003.jpg\" target=\"_blank\" rel=\"noopener noreferrer\"><img loading=\"lazy\" decoding=\"async\" class=\"\" src=\"https:\/\/elmiradoriu.files.wordpress.com\/2020\/05\/img-20200516-wa0003.jpg\" width=\"289\" height=\"409\" border=\"1\" \/><\/a><\/p>\n<ul>\n<li><em>Has llavar les manes a menudo<\/em>.<\/li>\n<li><em>Has usar la m\u00e1zcara cuando faiga falta<\/em>.<\/li>\n<li><em>Nun toques los g\u00fceyos, la nariz nin la boca<\/em>.<\/li>\n<li><em>La desescalada tami\u00e9n ye cargu tuyu<\/em>.<\/li>\n<\/ul>\n<p>&nbsp;<\/p>\n\n<!-- iframe plugin v.6.0 wordpress.org\/plugins\/iframe\/ -->\n<iframe loading=\"lazy\" width=\"588\" height=\"331\" src=\"https:\/\/www.youtube.com\/embed\/H8gFSb5cBxs\" scrolling=\"yes\" class=\"iframe-class\" frameborder=\"0\"><\/iframe>\n\n<\/div>\n<p>&nbsp;<\/p>\n\n<!-- iframe plugin v.6.0 wordpress.org\/plugins\/iframe\/ -->\n<iframe loading=\"lazy\" width=\"588\" height=\"331\" src=\"https:\/\/www.youtube.com\/embed\/KaDLkXrmSNw\" scrolling=\"yes\" class=\"iframe-class\" frameborder=\"0\"><\/iframe>\n\n<p>&nbsp;<\/p>\n\n<!-- iframe plugin v.6.0 wordpress.org\/plugins\/iframe\/ -->\n<iframe loading=\"lazy\" width=\"588\" height=\"331\" src=\"https:\/\/www.youtube.com\/embed\/aNljEqiSAF4\" scrolling=\"yes\" class=\"iframe-class\" frameborder=\"0\"><\/iframe>\n\n<div class=\"entry\">\n<p>&nbsp;<\/p>\n<ul>\n<li><a href=\"https:\/\/youtu.be\/H8gFSb5cBxs\" target=\"_blank\" rel=\"noopener noreferrer\">Ver campa\u00f1a en Youtube<\/a><\/li>\n<li><a href=\"https:\/\/asturiasloestashaciendobien.com\/resources\/medidas\/carteles\/asturiano\/principado-covid-fases-a4-bable-web.pdf\" target=\"_self\" rel=\"follow noopener noreferrer\">Descargar cartelu n\u2019asturianu<\/a><\/li>\n<li>Web: <a href=\"https:\/\/asturiasloestashaciendobien.com\/\" target=\"_blank\" rel=\"noopener noreferrer\"><u><em>https:\/\/asturiasloestashaciendobien.com\/<\/em><\/u><\/a><\/li>\n<li>Ver art\u00edculu: <a href=\"https:\/\/elmiradoriu.wordpress.com\/2020\/05\/17\/por-que-lusu-del-asturianu-nesta-campana-ye-exemplar\/\" target=\"_blank\" rel=\"noopener noreferrer\"><em>\u201cPor qu\u00e9 l\u2019usu del asturianu nesta campa\u00f1a ye\u00a0exemplar\u201d<br \/>\n<\/em><\/a><a href=\"https:\/\/elmiradoriu.wordpress.com\/\" rel=\"home\">El Miradoriu | Ram\u00f3n d\u2019Andr\u00e9s<\/a><a href=\"https:\/\/elmiradoriu.wordpress.com\/2020\/05\/17\/por-que-lusu-del-asturianu-nesta-campana-ye-exemplar\/\" target=\"_blank\" rel=\"noopener noreferrer\"><br \/>\n<\/a><\/li>\n<\/ul>\n<\/div>\n","protected":false},"excerpt":{"rendered":"<p>\u00a0Descargar El gobiernu del Princip\u00e1u d\u2019Asturies acaba de facer p\u00fablica una campa\u00f1a de sensibilizaci\u00f3n sobre la llucha contra\u00a0 la pandemia del covid. Tien versi\u00f3n en llingua castellana y en llingua asturiana. Nel aspectu lling\u00fc\u00edsticu, de la versi\u00f3n asturiana de los carteles, un usu de la llingua exemplar, sin necesid\u00e1 de revirar les palabres en xuegos [&hellip;]<\/p>\n","protected":false},"author":117,"featured_media":0,"parent":142,"menu_order":0,"comment_status":"closed","ping_status":"closed","template":"","meta":{"footnotes":""},"class_list":["post-419","page","type-page","status-publish","hentry"],"_links":{"self":[{"href":"https:\/\/edublog.educastur.es\/ixuxu\/wp-json\/wp\/v2\/pages\/419","targetHints":{"allow":["GET"]}}],"collection":[{"href":"https:\/\/edublog.educastur.es\/ixuxu\/wp-json\/wp\/v2\/pages"}],"about":[{"href":"https:\/\/edublog.educastur.es\/ixuxu\/wp-json\/wp\/v2\/types\/page"}],"author":[{"embeddable":true,"href":"https:\/\/edublog.educastur.es\/ixuxu\/wp-json\/wp\/v2\/users\/117"}],"replies":[{"embeddable":true,"href":"https:\/\/edublog.educastur.es\/ixuxu\/wp-json\/wp\/v2\/comments?post=419"}],"version-history":[{"count":1,"href":"https:\/\/edublog.educastur.es\/ixuxu\/wp-json\/wp\/v2\/pages\/419\/revisions"}],"predecessor-version":[{"id":420,"href":"https:\/\/edublog.educastur.es\/ixuxu\/wp-json\/wp\/v2\/pages\/419\/revisions\/420"}],"up":[{"embeddable":true,"href":"https:\/\/edublog.educastur.es\/ixuxu\/wp-json\/wp\/v2\/pages\/142"}],"wp:attachment":[{"href":"https:\/\/edublog.educastur.es\/ixuxu\/wp-json\/wp\/v2\/media?parent=419"}],"curies":[{"name":"wp","href":"https:\/\/api.w.org\/{rel}","templated":true}]}}