{"id":45300,"date":"2025-04-03T20:54:25","date_gmt":"2025-04-03T18:54:25","guid":{"rendered":"https:\/\/edublog.educastur.es\/ixuxu\/?page_id=45300"},"modified":"2025-04-03T20:58:18","modified_gmt":"2025-04-03T18:58:18","slug":"rap-nast","status":"publish","type":"page","link":"https:\/\/edublog.educastur.es\/ixuxu\/musica\/rap-nast\/","title":{"rendered":"RAP n&#8217;AST"},"content":{"rendered":"<ul>\n<li>Fonte: <a href=\"https:\/\/musicasturiana.com\/musicasturiana-com-publical-compilatoriu-dixital-rap-nast\/\">MUSICASTURIANA<\/a> \/ <a href=\"https:\/\/open.spotify.com\/album\/5YsXs5mQpOGoellltBqZ3b?go=1&amp;sp_cid=4e0f24a22d8dd8ac85329476979a3ec7&amp;utm_source=embed_player_p&amp;utm_medium=desktop\">Spotify<\/a> \/<\/li>\n<\/ul>\n<p style=\"text-align: center\"><a href=\"https:\/\/musicasturiana.com\/wp-content\/uploads\/2024\/10\/compilatoriu-rap-nast-1.jpg\"><img loading=\"lazy\" decoding=\"async\" class=\"aligncenter \" src=\"https:\/\/musicasturiana.com\/wp-content\/uploads\/2024\/10\/compilatoriu-rap-nast-1.jpg\" width=\"402\" height=\"201\" \/><\/a><\/p>\n<p style=\"text-align: center\">\n<!-- iframe plugin v.6.0 wordpress.org\/plugins\/iframe\/ -->\n<iframe style=\"border-radius:12px\" src=\"https:\/\/open.spotify.com\/embed\/track\/26xa8OfahrxXNw8FSo4iIn?utm_source=generator\" width=\"100%\" height=\"352\" frameborder=\"0\" allowfullscreen allow=\"autoplay; clipboard-write; encrypted-media; fullscreen; picture-in-picture\" loading=\"lazy\" 0=\"\/iframe\" scrolling=\"yes\" class=\"iframe-class\"><\/iframe>\n<\/p>\n<div class=\"elementor-element elementor-element-72daa04 e-con-full e-flex e-con e-child\" data-id=\"72daa04\" data-element_type=\"container\">\n<div class=\"elementor-element elementor-element-667e3c7 elementor-widget__width-inherit elementor-widget elementor-widget-theme-post-title elementor-page-title elementor-widget-heading\" data-id=\"667e3c7\" data-element_type=\"widget\" data-widget_type=\"theme-post-title.default\">\n<div class=\"elementor-widget-container\">\n<h1 class=\"elementor-heading-title elementor-size-default\" style=\"text-align: center\"><span style=\"color: #008080\"><em><span style=\"font-size: 24px\">Musicasturiana.com publica\u2019l compilatoriu dixital \u2018Rap n\u2019ast\u2019<\/span><\/em><\/span><\/h1>\n<\/div>\n<\/div>\n<div class=\"elementor-element elementor-element-00f4678 elementor-widget__width-inherit elementor-widget elementor-widget-theme-post-excerpt\" data-id=\"00f4678\" data-element_type=\"widget\" data-widget_type=\"theme-post-excerpt.default\">\n<div class=\"elementor-widget-container\">Ye un resume de cuasi 30 a\u00f1os de rap del pa\u00eds qu&#8217;axunta 16 temes d&#8217;esti estilu tanto na so versi\u00f3n m\u00e1s pura como entemec\u00edu con otros sones.<\/div>\n<div><\/div>\n<\/div>\n<div class=\"elementor-widget-container\" style=\"text-align: center\">\n<!-- iframe plugin v.6.0 wordpress.org\/plugins\/iframe\/ -->\n<iframe style=\"border-radius:12px\" src=\"https:\/\/open.spotify.com\/embed\/album\/5YsXs5mQpOGoellltBqZ3b?utm_source=generator\" width=\"100%\" height=\"704\" frameborder=\"0\" allowfullscreen allow=\"autoplay; clipboard-write; encrypted-media; fullscreen; picture-in-picture\" loading=\"lazy\" 0=\"\/iframe\" scrolling=\"yes\" class=\"iframe-class\"><\/iframe>\n<\/div>\n<div class=\"elementor-element elementor-element-3f891ad elementor-align-center elementor-widget elementor-widget-post-info\" data-id=\"3f891ad\" data-element_type=\"widget\" data-widget_type=\"post-info.default\">\n<div class=\"elementor-widget-container\"><\/div>\n<\/div>\n<\/div>\n<div class=\"elementor-element elementor-element-eea4e26 e-con-full e-flex e-con e-child\" data-id=\"eea4e26\" data-element_type=\"container\">\n<div class=\"elementor-element elementor-element-04a6c90 elementor-mobile-align-left elementor-widget__width-initial elementor-widget elementor-widget-post-info\" data-id=\"04a6c90\" data-element_type=\"widget\" data-widget_type=\"post-info.default\">\n<div class=\"elementor-widget-container\">\n<p>Y\u00e1 pue sentise en toles plataformes musicales <em><strong><a href=\"https:\/\/orcd.co\/rapnast\" target=\"_blank\" rel=\"noopener\">Rap n\u2019ast<\/a><\/strong><\/em>, un discu dedic\u00e1u al rap del pa\u00eds edit\u00e1u por Musicasturiana.com. Esta compilaci\u00f3n axunta<strong>\u00a0diecis\u00e9is temes\u00a0<\/strong>d\u2019esti estilu musical tanto na so versi\u00f3n m\u00e1s pura, como entemec\u00edu con otros sones como\u2019l\u00a0<strong>rock, reggae, dembow, folk, spoken word o electr\u00f3nica<\/strong>. Lling\u00fc\u00edsticamente, predominen los temes n\u2019asturianu, anque tami\u00e9n hai dalg\u00fan n\u2019amest\u00e1u o que combina asturianu y castellanu. Con esti llanzamientu Musicasturiana.com\u00a0<strong>estrena\u2019l so llabor d\u2019asoleyar compilaciones<\/strong>\u00a0en formatu dixital; una xera a la que va sigui-y dando continuid\u00e1 pr\u00f3ximamente.<\/p>\n<\/div>\n<\/div>\n<\/div>\n<div class=\"elementor-element elementor-element-a767a8c elementor-widget__width-inherit elementor-widget elementor-widget-theme-post-content\" data-id=\"a767a8c\" data-element_type=\"widget\" data-widget_type=\"theme-post-content.default\">\n<div class=\"elementor-widget-container\">\n<div class=\"wp-block-spacer\" aria-hidden=\"true\"><\/div>\n<p><em>Rap n\u2019ast<\/em>\u00a0amuesa la\u00a0<strong>diversid\u00e1 del hiphop con identid\u00e1 asturiana<\/strong>, un estilu que naci\u00f3 en 1997 cola publicaci\u00f3n del cantar \u00abSi Espa\u00f1a qu\u2019espa\u00f1e\u00bb d\u2019<strong>Anarqu\u00eda Positiva<\/strong>, nel discu\u00a0<em><a href=\"https:\/\/open.spotify.com\/intl-es\/album\/49Cn83z5t08e0xV02R4pjw?si=PEGmDFpCQOu659zjEJzc_g\" target=\"_blank\" rel=\"noreferrer noopener\">L\u2019Asturianu Mu\u00e9vese<\/a><\/em>. D\u2019esta manera, nel \u00e1lbum pueden sentise a los nomes nuevos venceyaos a esti x\u00e9neru en mayor o menor midida (<strong>Mostru l\u2019Horru, Bimenes Underprau, Ferla Meg\u00eda, El Velcro, Fred Warrior<\/strong>); a artistes veteranos de la escena (<strong>K-Nal\u00f3n, Dani Stylo<\/strong>); a int\u00e9rpretes de rap en castellanu qu\u2019usen davezu l\u2019asturianu o\u2019l amest\u00e1u (<strong>Arma X, Machodeferia, Doris Escarlata<\/strong>); a esperiencies musicales puntuales que tuvieron influenciaes pol hiphop (<strong>Soncai System, M\u00fasicos Pola Oficialid\u00e1<\/strong>); y dalgunos temes de grupos rock qu\u2019incorporaron sonoridaes rap (<strong>Dixebra, Skontra, La Tarrancha<\/strong>).<\/p>\n<div class=\"wp-block-spacer\" aria-hidden=\"true\"><\/div>\n<p>Cola edici\u00f3n d\u2019esti compilatoriu, Musicasturiana.com quier facer un reconocimientu a un estilu que\u00a0<strong>nun tien la estabilid\u00e1, tama\u00f1u y repercusi\u00f3n<\/strong>\u00a0qu\u2019otres escenes de la m\u00fasica n\u2019asturianu; pero que s\u00ed qu\u2019<strong>amos\u00f3 a lo llargo de cuasi tres d\u00e9cades qu<\/strong>\u2018<strong>hai cierta continuid\u00e1<\/strong>\u00a0gracies a artistes que caltuvieron la so activid\u00e1 nel tiempu, otros nomes que fueron surdiendo hasta angua\u00f1o, otros qu\u2019asturianizaron la so propuesta y otros que, nun formando parte espl\u00edcitamente d\u2019esta escena, si que tuvieron influencies d\u2019ella.<\/p>\n<div class=\"wp-block-spacer\" aria-hidden=\"true\"><\/div>\n<p><strong>M\u00e1s compilaciones<\/strong><\/p>\n<p>Esti llanzamientu ye\u2019l primeru de los compilatorios en formatu dixital qu\u2019asoleya Musicasturiana.com. La intenci\u00f3n d\u2019esti portal ye la d\u2019<strong>editar peri\u00f3dicamente m\u00e1s \u00e1lbumes\u00a0<\/strong>d\u2019esti calter dedicaos a distintos aspectos de la m\u00fasica\u2019l pa\u00eds. Asina afonda na so xera de\u00a0<strong>dinamizar<\/strong>\u00a0esta escena nes plataformes dixitales m\u00e1s all\u00e1 de la creaci\u00f3n de playlists de\u00a0<strong><a href=\"https:\/\/open.spotify.com\/user\/musicasturiana?si=894185b1e83949b1\" target=\"_blank\" rel=\"noreferrer noopener\">Spotify\u00a0<\/a><\/strong>y de llistes de reproducci\u00f3n de\u00a0<strong><a href=\"https:\/\/www.youtube.com\/@musicasturiana\" target=\"_blank\" rel=\"noreferrer noopener\">YouTube<\/a><\/strong>.<\/p>\n<\/div>\n<\/div>\n<p>&nbsp;<\/p>\n<p>&nbsp;<\/p>\n<p>&nbsp;<\/p>\n","protected":false},"excerpt":{"rendered":"<p>Fonte: MUSICASTURIANA \/ Spotify \/ Musicasturiana.com publica\u2019l compilatoriu dixital \u2018Rap n\u2019ast\u2019 Ye un resume de cuasi 30 a\u00f1os de rap del pa\u00eds qu&#8217;axunta 16 temes d&#8217;esti estilu tanto na so versi\u00f3n m\u00e1s pura como entemec\u00edu con otros sones. Y\u00e1 pue sentise en toles plataformes musicales Rap n\u2019ast, un discu dedic\u00e1u al rap del pa\u00eds edit\u00e1u [&hellip;]<\/p>\n","protected":false},"author":117,"featured_media":0,"parent":153,"menu_order":0,"comment_status":"closed","ping_status":"closed","template":"","meta":{"footnotes":""},"class_list":["post-45300","page","type-page","status-publish","hentry"],"_links":{"self":[{"href":"https:\/\/edublog.educastur.es\/ixuxu\/wp-json\/wp\/v2\/pages\/45300","targetHints":{"allow":["GET"]}}],"collection":[{"href":"https:\/\/edublog.educastur.es\/ixuxu\/wp-json\/wp\/v2\/pages"}],"about":[{"href":"https:\/\/edublog.educastur.es\/ixuxu\/wp-json\/wp\/v2\/types\/page"}],"author":[{"embeddable":true,"href":"https:\/\/edublog.educastur.es\/ixuxu\/wp-json\/wp\/v2\/users\/117"}],"replies":[{"embeddable":true,"href":"https:\/\/edublog.educastur.es\/ixuxu\/wp-json\/wp\/v2\/comments?post=45300"}],"version-history":[{"count":4,"href":"https:\/\/edublog.educastur.es\/ixuxu\/wp-json\/wp\/v2\/pages\/45300\/revisions"}],"predecessor-version":[{"id":45304,"href":"https:\/\/edublog.educastur.es\/ixuxu\/wp-json\/wp\/v2\/pages\/45300\/revisions\/45304"}],"up":[{"embeddable":true,"href":"https:\/\/edublog.educastur.es\/ixuxu\/wp-json\/wp\/v2\/pages\/153"}],"wp:attachment":[{"href":"https:\/\/edublog.educastur.es\/ixuxu\/wp-json\/wp\/v2\/media?parent=45300"}],"curies":[{"name":"wp","href":"https:\/\/api.w.org\/{rel}","templated":true}]}}