{"id":46307,"date":"2025-04-19T11:23:32","date_gmt":"2025-04-19T09:23:32","guid":{"rendered":"https:\/\/edublog.educastur.es\/ixuxu\/?page_id=46307"},"modified":"2025-04-19T11:32:48","modified_gmt":"2025-04-19T09:32:48","slug":"cosines-de-clas","status":"publish","type":"page","link":"https:\/\/edublog.educastur.es\/ixuxu\/llibros-2\/llibros-reciella\/cosines-de-clas\/","title":{"rendered":"Cosines de clas"},"content":{"rendered":"<div class=\"_aasi\">\n<div class=\"x9f619 xjbqb8w x78zum5 x168nmei x13lgxp2 x5pf9jr xo71vjh x1n2onr6 x1plvlek xryxfnj x1c4vz4f x2lah0s x1q0g3np xqjyukv x6s0dn4 x1oa3qoh x1qughib\">\n<header class=\"_aaqw\">\n<div class=\"_aaqy _aaqz\">\n<div class=\"_aar0 _aar1\">\n<div class=\"x78zum5\">\n<div class=\"_aaqt\">\n<div class=\"x9f619 xjbqb8w x78zum5 x168nmei x13lgxp2 x5pf9jr xo71vjh x1n2onr6 x1plvlek xryxfnj x1c4vz4f x2lah0s x1q0g3np xqjyukv x6s0dn4 x1oa3qoh x1nhvcw1\">\n<p style=\"text-align: center\"><a class=\"x1i10hfl xjbqb8w x1ejq31n xd10rxx x1sy0etr x17r0tee x972fbf xcfux6l x1qhh985 xm0m39n x9f619 x1ypdohk xt0psk2 xe8uvvx xdj266r x11i5rnm xat24cr x1mh8g0r xexx8yu x4uap5 x18d9i69 xkhd6sd x16tdsg8 x1hl2dhg xggy1nq x1a2a7pz _acan _acao _acat _acaw _aj1- _ap30 _a6hd\" role=\"link\" href=\"https:\/\/www.instagram.com\/cosinesdeclas\/\">cosinesdeclas<\/a>\/ Autora:<strong> Olatz da Silva<\/strong> \/<\/p>\n<p style=\"text-align: center\">Cosines de Clas tien la llicencia\u00a0<a href=\"http:\/\/creativecommons.org\/licenses\/by-nc-nd\/4.0\/?ref=%20selecter-v1\" target=\"_blank\" rel=\"licencia noopener noreferrer\">CC BY-NC-ND 4.0<img loading=\"lazy\" decoding=\"async\" class=\"\" src=\"https:\/\/mirrors.creativecommons.org\/presskit\/icons\/cc.svg?ref=chooser-v1\" width=\"41\" height=\"41\" \/><img loading=\"lazy\" decoding=\"async\" class=\"\" src=\"https:\/\/mirrors.creativecommons.org\/presskit\/icons\/by.svg?ref=chooser-v1\" width=\"39\" height=\"39\" \/><img loading=\"lazy\" decoding=\"async\" class=\"\" src=\"https:\/\/mirrors.creativecommons.org\/presskit\/icons\/nc.svg?ref=chooser-v1\" width=\"38\" height=\"38\" \/><img loading=\"lazy\" decoding=\"async\" class=\"\" src=\"https:\/\/mirrors.creativecommons.org\/presskit\/icons\/nd.svg?ref=chooser-v1\" width=\"41\" height=\"41\" \/><\/a><br \/>\n<strong><span style=\"font-size: 24px\"><a href=\"https:\/\/sites.google.com\/view\/cosinesdeclas\/recursos\/recursos-esenciales-pa-docentes?authuser=0\">RECURSOS DOCENTES<\/a> \/<\/span><\/strong><\/p>\n<p style=\"text-align: center\"><a href=\"https:\/\/lh3.googleusercontent.com\/LaZlKC7nkrWe4Pgkm0sjy4yN5zGFqE1JDLWEV9D2BrtC0n5y6sTWCV-4Ohk6Nm7mXi1ZVRXl5OcDCoBHa4g7700=w16383\"><img loading=\"lazy\" decoding=\"async\" class=\"aligncenter size-large\" src=\"https:\/\/lh3.googleusercontent.com\/LaZlKC7nkrWe4Pgkm0sjy4yN5zGFqE1JDLWEV9D2BrtC0n5y6sTWCV-4Ohk6Nm7mXi1ZVRXl5OcDCoBHa4g7700=w16383\" width=\"500\" height=\"500\" \/><\/a><\/p>\n<ul>\n<li style=\"text-align: left\"><a href=\"https:\/\/sites.google.com\/view\/cosinesdeclas\/recursos\/cuentos?fbclid=PAZXh0bgNhZW0CMTEAAaeEZzBa6T_N2hXtGPQOx0SNbDBnylXFTd7VVLwGQzVmkHJ9Oi683m1kJ5_l7w_aem_T4E_0ZCKORSrGAER-eMpzw\"><strong>RECURSOS<\/strong><\/a><\/li>\n<\/ul>\n<p style=\"text-align: center\"><span style=\"font-size: 20px\"><strong><a href=\"https:\/\/sites.google.com\/view\/cosinesdeclas\/recursos\/gram\u00e1tica-y-ortograf\u00eda?authuser=0\">GRAM\u00c1TICA Y ORTOGRAF\u00cdA<\/a><\/strong><\/span><\/p>\n<div class=\"oKdM2c ZZyype Kzv0Me\">\n<div id=\"h.6f1ebc6c0506e970_717\" class=\"hJDwNd-AhqUyc-uQSCkd Ft7HRd-AhqUyc-uQSCkd jXK9ad D2fZ2 zu5uec OjCsFc dmUFtb\">\n<div class=\"jXK9ad-SmKAyb\"><\/div>\n<\/div>\n<\/div>\n<div class=\"oKdM2c ZZyype\">\n<div id=\"h.6f1ebc6c0506e970_719\" class=\"hJDwNd-AhqUyc-uQSCkd Ft7HRd-AhqUyc-uQSCkd jXK9ad D2fZ2 zu5uec wHaque g5GTcb\">\n<div class=\"jXK9ad-SmKAyb\">\n<div class=\"tyJCtd baZpAe\">\n<div class=\"zfr3Q pBmh1 SV3pxb\" data-id=\"h.ipcy2hrr2lno\"><a class=\"mTgrD aw5Odc mD9Vkc\" href=\"https:\/\/sites.google.com\/view\/cosinesdeclas\/recursos\/gram%C3%A1tica-y-ortograf%C3%ADa?authuser=0#h.ipcy2hrr2lno\">Rel\u00f3 Ortogr\u00e1ficu<\/a><\/div>\n<div class=\"zfr3Q pBmh1 EuvMxb SV3pxb\" data-id=\"h.2gljk49yvi6z\"><a class=\"mTgrD aw5Odc mD9Vkc\" href=\"https:\/\/sites.google.com\/view\/cosinesdeclas\/recursos\/gram%C3%A1tica-y-ortograf%C3%ADa?authuser=0#h.2gljk49yvi6z\">l&#8217;Alfabetu<\/a><\/div>\n<div class=\"zfr3Q pBmh1 EuvMxb SV3pxb\" data-id=\"h.5dtdqsyhlx0\"><a class=\"mTgrD aw5Odc mD9Vkc\" href=\"https:\/\/sites.google.com\/view\/cosinesdeclas\/recursos\/gram%C3%A1tica-y-ortograf%C3%ADa?authuser=0#h.5dtdqsyhlx0\">Acentuaci\u00f3n diacr\u00edtica<\/a><\/div>\n<div class=\"zfr3Q pBmh1 SV3pxb\" data-id=\"h.dyc1nj8kz4tu\"><a class=\"mTgrD aw5Odc mD9Vkc\" href=\"https:\/\/sites.google.com\/view\/cosinesdeclas\/recursos\/gram%C3%A1tica-y-ortograf%C3%ADa?authuser=0#h.dyc1nj8kz4tu\">Prospectos Gramaticales<\/a><\/div>\n<div class=\"zfr3Q pBmh1 EuvMxb SV3pxb\" data-id=\"h.q1egpixobqct\"><a class=\"mTgrD aw5Odc mD9Vkc\" href=\"https:\/\/sites.google.com\/view\/cosinesdeclas\/recursos\/gram%C3%A1tica-y-ortograf%C3%ADa?authuser=0#h.q1egpixobqct\">Apostrofaci\u00f3n En &#8211; DE<\/a><\/div>\n<div class=\"zfr3Q pBmh1 EuvMxb SV3pxb\" data-id=\"h.6vcmossufq9c\"><a class=\"mTgrD aw5Odc mD9Vkc\" href=\"https:\/\/sites.google.com\/view\/cosinesdeclas\/recursos\/gram%C3%A1tica-y-ortograf%C3%ADa?authuser=0#h.6vcmossufq9c\">Apostrofaci\u00f3n EL-LA<\/a><\/div>\n<div class=\"zfr3Q pBmh1 EuvMxb SV3pxb\" data-id=\"h.e4t1n1onecrx\"><a class=\"mTgrD aw5Odc mD9Vkc\" href=\"https:\/\/sites.google.com\/view\/cosinesdeclas\/recursos\/gram%C3%A1tica-y-ortograf%C3%ADa?authuser=0#h.e4t1n1onecrx\">Per y Por<\/a><\/div>\n<div class=\"zfr3Q pBmh1 EuvMxb SV3pxb\" data-id=\"h.1ybqm6dlld2l\"><a class=\"mTgrD aw5Odc mD9Vkc\" href=\"https:\/\/sites.google.com\/view\/cosinesdeclas\/recursos\/gram%C3%A1tica-y-ortograf%C3%ADa?authuser=0#h.1ybqm6dlld2l\">X\u00e9neru Mascul\u00edn<\/a><\/div>\n<div class=\"zfr3Q pBmh1 EuvMxb SV3pxb\" data-id=\"h.yy9ws33gcjzh\"><a class=\"mTgrD aw5Odc mD9Vkc\" href=\"https:\/\/sites.google.com\/view\/cosinesdeclas\/recursos\/gram%C3%A1tica-y-ortograf%C3%ADa?authuser=0#h.yy9ws33gcjzh\">X\u00e9neru Femen\u00edn<\/a><\/div>\n<div class=\"zfr3Q pBmh1 SV3pxb\" data-id=\"h.yyu0ktqutq7m\"><a class=\"mTgrD aw5Odc mD9Vkc\" href=\"https:\/\/sites.google.com\/view\/cosinesdeclas\/recursos\/gram%C3%A1tica-y-ortograf%C3%ADa?authuser=0#h.yyu0ktqutq7m\">Elementos gramaticales<\/a><\/div>\n<div class=\"zfr3Q pBmh1 EuvMxb SV3pxb\" data-id=\"h.wbp256vcnonu\"><a class=\"mTgrD aw5Odc mD9Vkc\" href=\"https:\/\/sites.google.com\/view\/cosinesdeclas\/recursos\/gram%C3%A1tica-y-ortograf%C3%ADa?authuser=0#h.wbp256vcnonu\">Conectores<\/a><\/div>\n<\/div>\n<\/div>\n<\/div>\n<\/div>\n<section id=\"h.5097e2f7603e6b60_114\" class=\"yaqOZd LB7kq cJgDec tpmmCb O13XJf\">\n<div class=\"mYVXT\">\n<div class=\"LS81yb VICjCf j5pSsc db35Fc\">\n<div class=\"hJDwNd-AhqUyc-OiUrBf Ft7HRd-AhqUyc-OiUrBf purZT-AhqUyc-II5mzb ZcASvf-AhqUyc-II5mzb pSzOP-AhqUyc-qWD73c Ktthjf-AhqUyc-qWD73c JNdkSc SQVYQc\">\n<div class=\"JNdkSc-SmKAyb LkDMRd\">\n<div class=\"\">\n<div class=\"oKdM2c ZZyype Kzv0Me\">\n<div id=\"h.5097e2f7603e6b60_117\" class=\"hJDwNd-AhqUyc-OiUrBf Ft7HRd-AhqUyc-OiUrBf jXK9ad D2fZ2 zu5uec OjCsFc dmUFtb wHaque g5GTcb\">\n<div class=\"jXK9ad-SmKAyb\">\n<div class=\"tyJCtd mGzaTb Depvyb baZpAe lkHyyc\">\n<h1 id=\"h.n1np3q1enipb\" class=\"zfr3Q duRjpb CDt4Ke \" dir=\"ltr\" style=\"text-align: center\"><a href=\"https:\/\/sites.google.com\/view\/cosinesdeclas\/recursos\/actividaes-pr\u00e1utiques?authuser=0\"><span class=\"C9DxTc \">Actividaes Pr\u00e1utiques<\/span><\/a><\/h1>\n<\/div>\n<\/div>\n<\/div>\n<\/div>\n<\/div>\n<\/div>\n<\/div>\n<div class=\"hJDwNd-AhqUyc-ibL1re Ft7HRd-AhqUyc-ibL1re JNdkSc SQVYQc L6cTce-purZT L6cTce-pSzOP\">\n<div class=\"JNdkSc-SmKAyb LkDMRd\">\n<div class=\"\"><a class=\"mTgrD aw5Odc mD9Vkc\" href=\"https:\/\/sites.google.com\/view\/cosinesdeclas\/recursos\/actividaes-pr%C3%A1utiques?authuser=0#h.9lpoawhfuyq9\">Ponte a prueba<\/a><\/div>\n<\/div>\n<\/div>\n<\/div>\n<\/div>\n<\/section>\n<section id=\"h.6f1ebc6c0506e970_558\" class=\"yaqOZd\">\n<div class=\"mYVXT\">\n<div class=\"LS81yb VICjCf j5pSsc db35Fc\">\n<div class=\"hJDwNd-AhqUyc-uQSCkd Ft7HRd-AhqUyc-uQSCkd purZT-AhqUyc-II5mzb ZcASvf-AhqUyc-II5mzb pSzOP-AhqUyc-qWD73c Ktthjf-AhqUyc-qWD73c JNdkSc SQVYQc yYI8W HQwdzb\">\n<div class=\"JNdkSc-SmKAyb LkDMRd\">\n<div class=\"\">\n<div class=\"oKdM2c ZZyype\">\n<div id=\"h.6f1ebc6c0506e970_563\" class=\"hJDwNd-AhqUyc-uQSCkd Ft7HRd-AhqUyc-uQSCkd jXK9ad D2fZ2 zu5uec wHaque g5GTcb\">\n<div class=\"jXK9ad-SmKAyb\">\n<div class=\"tyJCtd baZpAe\">\n<div class=\"zfr3Q pBmh1 EuvMxb SV3pxb\" data-id=\"h.g0mod1eh152l\"><a class=\"mTgrD aw5Odc mD9Vkc\" href=\"https:\/\/sites.google.com\/view\/cosinesdeclas\/recursos\/actividaes-pr%C3%A1utiques?authuser=0#h.g0mod1eh152l\">Contraici\u00f3n<\/a><\/div>\n<div class=\"zfr3Q pBmh1 EuvMxb SV3pxb\" data-id=\"h.lqygg9s4xq8r\"><a class=\"mTgrD aw5Odc mD9Vkc\" href=\"https:\/\/sites.google.com\/view\/cosinesdeclas\/recursos\/actividaes-pr%C3%A1utiques?authuser=0#h.lqygg9s4xq8r\">Apostrofaci\u00f3n Parte II<\/a><\/div>\n<div class=\"zfr3Q pBmh1 EuvMxb SV3pxb\" data-id=\"h.xjw0fi3er70e\"><a class=\"mTgrD aw5Odc mD9Vkc\" href=\"https:\/\/sites.google.com\/view\/cosinesdeclas\/recursos\/actividaes-pr%C3%A1utiques?authuser=0#h.xjw0fi3er70e\">Apostrofaci\u00f3n<\/a><\/div>\n<div class=\"zfr3Q pBmh1 SV3pxb\" data-id=\"h.qc6wvqe855if\"><a class=\"mTgrD aw5Odc mD9Vkc\" href=\"https:\/\/sites.google.com\/view\/cosinesdeclas\/recursos\/actividaes-pr%C3%A1utiques?authuser=0#h.qc6wvqe855if\">Degorrios del cibermundiu<\/a><\/div>\n<div class=\"zfr3Q pBmh1 EuvMxb SV3pxb\" data-id=\"h.8chqmkv76bfr\"><a class=\"mTgrD aw5Odc mD9Vkc\" href=\"https:\/\/sites.google.com\/view\/cosinesdeclas\/recursos\/actividaes-pr%C3%A1utiques?authuser=0#h.8chqmkv76bfr\">Conocer al alumn\u00e1u<\/a><\/div>\n<div class=\"zfr3Q pBmh1 EuvMxb SV3pxb\" data-id=\"h.2nhsh7k8f1sa\"><a class=\"mTgrD aw5Odc mD9Vkc\" href=\"https:\/\/sites.google.com\/view\/cosinesdeclas\/recursos\/actividaes-pr%C3%A1utiques?authuser=0#h.2nhsh7k8f1sa\">Atayos<\/a><\/div>\n<div class=\"zfr3Q pBmh1 SV3pxb\" data-id=\"h.emn0xzhfu7l8\"><a class=\"mTgrD aw5Odc mD9Vkc\" href=\"https:\/\/sites.google.com\/view\/cosinesdeclas\/recursos\/actividaes-pr%C3%A1utiques?authuser=0#h.emn0xzhfu7l8\">Gusabihondu<\/a><\/div>\n<div class=\"zfr3Q pBmh1 EuvMxb SV3pxb\" data-id=\"h.uh0xhy7sunju\"><a class=\"mTgrD aw5Odc mD9Vkc\" href=\"https:\/\/sites.google.com\/view\/cosinesdeclas\/recursos\/actividaes-pr%C3%A1utiques?authuser=0#h.uh0xhy7sunju\">Los animales<\/a><\/div>\n<\/div>\n<\/div>\n<\/div>\n<\/div>\n<div data-id=\"h.uh0xhy7sunju\">\n<section id=\"h.6f1ebc6c0506e970_126\" class=\"yaqOZd LB7kq cJgDec tpmmCb O13XJf\">\n<div class=\"mYVXT\">\n<div class=\"LS81yb VICjCf j5pSsc db35Fc\">\n<div class=\"hJDwNd-AhqUyc-OiUrBf Ft7HRd-AhqUyc-OiUrBf purZT-AhqUyc-II5mzb ZcASvf-AhqUyc-II5mzb pSzOP-AhqUyc-qWD73c Ktthjf-AhqUyc-qWD73c JNdkSc SQVYQc\">\n<div class=\"JNdkSc-SmKAyb LkDMRd\">\n<div class=\"\">\n<div class=\"oKdM2c ZZyype Kzv0Me\">\n<div id=\"h.6f1ebc6c0506e970_129\" class=\"hJDwNd-AhqUyc-OiUrBf Ft7HRd-AhqUyc-OiUrBf jXK9ad D2fZ2 zu5uec OjCsFc dmUFtb wHaque g5GTcb\">\n<div class=\"jXK9ad-SmKAyb\">\n<div class=\"tyJCtd mGzaTb Depvyb baZpAe lkHyyc\">\n<h1 id=\"h.rej1g2a2tvl3\" class=\"zfr3Q duRjpb CDt4Ke \" dir=\"ltr\" style=\"text-align: center\"><a href=\"https:\/\/sites.google.com\/view\/cosinesdeclas\/recursos\/tem\u00e1tiques?authuser=0\"><span class=\"C9DxTc \" style=\"font-size: 24px\">Tem\u00e1tiques<\/span><\/a><\/h1>\n<\/div>\n<\/div>\n<\/div>\n<\/div>\n<\/div>\n<\/div>\n<\/div>\n<div class=\"hJDwNd-AhqUyc-ibL1re Ft7HRd-AhqUyc-ibL1re JNdkSc SQVYQc L6cTce-purZT L6cTce-pSzOP\">\n<div class=\"JNdkSc-SmKAyb LkDMRd\">\n<div class=\"\"><\/div>\n<\/div>\n<\/div>\n<\/div>\n<\/div>\n<\/section>\n<section id=\"h.6f1ebc6c0506e970_582\" class=\"yaqOZd\">\n<div class=\"mYVXT\">\n<div class=\"LS81yb VICjCf j5pSsc db35Fc\">\n<div class=\"hJDwNd-AhqUyc-uQSCkd Ft7HRd-AhqUyc-uQSCkd purZT-AhqUyc-II5mzb ZcASvf-AhqUyc-II5mzb pSzOP-AhqUyc-qWD73c Ktthjf-AhqUyc-qWD73c JNdkSc SQVYQc yYI8W HQwdzb\">\n<div class=\"JNdkSc-SmKAyb LkDMRd\">\n<div class=\"\">\n<div class=\"oKdM2c ZZyype\">\n<div id=\"h.6f1ebc6c0506e970_587\" class=\"hJDwNd-AhqUyc-uQSCkd Ft7HRd-AhqUyc-uQSCkd jXK9ad D2fZ2 zu5uec wHaque g5GTcb\">\n<div class=\"jXK9ad-SmKAyb\">\n<div class=\"tyJCtd baZpAe\">\n<div class=\"zfr3Q pBmh1 SV3pxb\" data-id=\"h.ldam2w3j2s22\"><a class=\"mTgrD aw5Odc mD9Vkc\" href=\"https:\/\/sites.google.com\/view\/cosinesdeclas\/recursos\/tem%C3%A1tiques?authuser=0#h.ldam2w3j2s22\">Muyer<\/a><\/div>\n<div class=\"zfr3Q pBmh1 EuvMxb SV3pxb\" data-id=\"h.fveqtti90kua\"><a class=\"mTgrD aw5Odc mD9Vkc\" href=\"https:\/\/sites.google.com\/view\/cosinesdeclas\/recursos\/tem%C3%A1tiques?authuser=0#h.fveqtti90kua\">Break Out Atrapadas en la historia (ES)<\/a><\/div>\n<div class=\"zfr3Q pBmh1 EuvMxb SV3pxb\" data-id=\"h.7ku6biqbqyad\"><a class=\"mTgrD aw5Odc mD9Vkc\" href=\"https:\/\/sites.google.com\/view\/cosinesdeclas\/recursos\/tem%C3%A1tiques?authuser=0#h.7ku6biqbqyad\">D\u00eda internacional Muyer y la ne\u00f1a na ciencia<\/a><\/div>\n<div class=\"zfr3Q pBmh1 EuvMxb SV3pxb\" data-id=\"h.czo50v9wbaup\"><a class=\"mTgrD aw5Odc mD9Vkc\" href=\"https:\/\/sites.google.com\/view\/cosinesdeclas\/recursos\/tem%C3%A1tiques?authuser=0#h.czo50v9wbaup\">Break Out Atrapaes na historia (AST)<\/a><\/div>\n<div class=\"zfr3Q pBmh1 SV3pxb\" data-id=\"h.fh3w29s6ctb0\"><a class=\"mTgrD aw5Odc mD9Vkc\" href=\"https:\/\/sites.google.com\/view\/cosinesdeclas\/recursos\/tem%C3%A1tiques?authuser=0#h.fh3w29s6ctb0\">G\u00fcevos pintos<\/a><\/div>\n<div class=\"zfr3Q pBmh1 EuvMxb SV3pxb\" data-id=\"h.tcyesac8sr49\"><a class=\"mTgrD aw5Odc mD9Vkc\" href=\"https:\/\/sites.google.com\/view\/cosinesdeclas\/recursos\/tem%C3%A1tiques?authuser=0#h.tcyesac8sr49\">G\u00fcevos Pintos<\/a><\/div>\n<div class=\"zfr3Q pBmh1 SV3pxb\" data-id=\"h.w4cbcio7me2p\"><a class=\"mTgrD aw5Odc mD9Vkc\" href=\"https:\/\/sites.google.com\/view\/cosinesdeclas\/recursos\/tem%C3%A1tiques?authuser=0#h.w4cbcio7me2p\">Samah\u00edn<\/a><\/div>\n<div class=\"zfr3Q pBmh1 EuvMxb SV3pxb\" data-id=\"h.5rkzj17fa1ke\"><a class=\"mTgrD aw5Odc mD9Vkc\" href=\"https:\/\/sites.google.com\/view\/cosinesdeclas\/recursos\/tem%C3%A1tiques?authuser=0#h.5rkzj17fa1ke\">Cosadiella<\/a><\/div>\n<div class=\"zfr3Q pBmh1 SV3pxb\" data-id=\"h.oupuifl0s15b\"><a class=\"mTgrD aw5Odc mD9Vkc\" href=\"https:\/\/sites.google.com\/view\/cosinesdeclas\/recursos\/tem%C3%A1tiques?authuser=0#h.oupuifl0s15b\">Branu<\/a><\/div>\n<div class=\"zfr3Q pBmh1 EuvMxb SV3pxb\" data-id=\"h.qwie9r4gnjot\"><a class=\"mTgrD aw5Odc mD9Vkc\" href=\"https:\/\/sites.google.com\/view\/cosinesdeclas\/recursos\/tem%C3%A1tiques?authuser=0#h.qwie9r4gnjot\">Bingu Branu<\/a><\/div>\n<div class=\"zfr3Q pBmh1 SV3pxb\" data-id=\"h.obs7ud5ah2fx\"><a class=\"mTgrD aw5Odc mD9Vkc\" href=\"https:\/\/sites.google.com\/view\/cosinesdeclas\/recursos\/tem%C3%A1tiques?authuser=0#h.obs7ud5ah2fx\">Aniciu Cursu<\/a><\/div>\n<div class=\"zfr3Q pBmh1 EuvMxb SV3pxb\" data-id=\"h.qgz2edrka17y\"><a class=\"mTgrD aw5Odc mD9Vkc\" href=\"https:\/\/sites.google.com\/view\/cosinesdeclas\/recursos\/tem%C3%A1tiques?authuser=0#h.qgz2edrka17y\">Cuadernu Aniciu Cursu<\/a><\/div>\n<div class=\"zfr3Q pBmh1 SV3pxb\" data-id=\"h.qbivso3zt05g\"><a class=\"mTgrD aw5Odc mD9Vkc\" href=\"https:\/\/sites.google.com\/view\/cosinesdeclas\/recursos\/tem%C3%A1tiques?authuser=0#h.qbivso3zt05g\">Fin de cursu<\/a><\/div>\n<div class=\"zfr3Q pBmh1 EuvMxb SV3pxb\" data-id=\"h.uca9e3x3zwfo\"><a class=\"mTgrD aw5Odc mD9Vkc\" href=\"https:\/\/sites.google.com\/view\/cosinesdeclas\/recursos\/tem%C3%A1tiques?authuser=0#h.uca9e3x3zwfo\">Cuadernu Fin de Cursu (PDF)<\/a><\/div>\n<div class=\"zfr3Q pBmh1 SV3pxb\" data-id=\"h.mvrghif1qrxx\"><a class=\"mTgrD aw5Odc mD9Vkc\" href=\"https:\/\/sites.google.com\/view\/cosinesdeclas\/recursos\/tem%C3%A1tiques?authuser=0#h.mvrghif1qrxx\">Nadal<\/a><\/div>\n<div class=\"zfr3Q pBmh1 EuvMxb SV3pxb\" data-id=\"h.px6w35oaj0z5\"><a class=\"mTgrD aw5Odc mD9Vkc\" href=\"https:\/\/sites.google.com\/view\/cosinesdeclas\/recursos\/tem%C3%A1tiques?authuser=0#h.px6w35oaj0z5\">Felicitaciones 2023-2024<\/a><\/div>\n<div class=\"zfr3Q pBmh1 EuvMxb SV3pxb\" data-id=\"h.yzr3nxfns9oc\"><a class=\"mTgrD aw5Odc mD9Vkc\" href=\"https:\/\/sites.google.com\/view\/cosinesdeclas\/recursos\/tem%C3%A1tiques?authuser=0#h.yzr3nxfns9oc\">Postal Navidiegu<\/a><\/div>\n<\/div>\n<\/div>\n<\/div>\n<div class=\"CjVfdc\" style=\"text-align: center\"><a href=\"https:\/\/sites.google.com\/view\/cosinesdeclas\/recursos\/pallabreros?authuser=\"><strong><span style=\"font-size: 24px\">PALLABREROS<\/span><\/strong><\/a><\/div>\n<div data-id=\"h.yzr3nxfns9oc\">\n<div class=\"oKdM2c ZZyype\">\n<div id=\"h.6f1ebc6c0506e970_641\" class=\"hJDwNd-AhqUyc-uQSCkd Ft7HRd-AhqUyc-uQSCkd jXK9ad D2fZ2 zu5uec wHaque g5GTcb\">\n<div class=\"jXK9ad-SmKAyb\">\n<div class=\"tyJCtd baZpAe\">\n<div class=\"zfr3Q pBmh1 EuvMxb SV3pxb\" data-id=\"h.uwwu6pud3ctl\"><a class=\"mTgrD aw5Odc mD9Vkc\" href=\"https:\/\/sites.google.com\/view\/cosinesdeclas\/recursos\/pallabreros?authuser=0#h.uwwu6pud3ctl\">Seronda<\/a><\/div>\n<div class=\"zfr3Q pBmh1 EuvMxb SV3pxb\" data-id=\"h.riclk45f537q\"><a class=\"mTgrD aw5Odc mD9Vkc\" href=\"https:\/\/sites.google.com\/view\/cosinesdeclas\/recursos\/pallabreros?authuser=0#h.riclk45f537q\">Branu<\/a><\/div>\n<div class=\"zfr3Q pBmh1 EuvMxb SV3pxb\" data-id=\"h.4b0pp4iq80wo\"><a class=\"mTgrD aw5Odc mD9Vkc\" href=\"https:\/\/sites.google.com\/view\/cosinesdeclas\/recursos\/pallabreros?authuser=0#h.4b0pp4iq80wo\">Primavera<\/a><\/div>\n<div class=\"zfr3Q pBmh1 EuvMxb SV3pxb\" data-id=\"h.ukrit18087p1\"><a class=\"mTgrD aw5Odc mD9Vkc\" href=\"https:\/\/sites.google.com\/view\/cosinesdeclas\/recursos\/pallabreros?authuser=0#h.ukrit18087p1\">Antroxu<\/a><\/div>\n<div class=\"zfr3Q pBmh1 EuvMxb SV3pxb\" data-id=\"h.4ctio9wwa18d\"><a class=\"mTgrD aw5Odc mD9Vkc\" href=\"https:\/\/sites.google.com\/view\/cosinesdeclas\/recursos\/pallabreros?authuser=0#h.4ctio9wwa18d\">Personalid\u00e1<\/a><\/div>\n<div class=\"zfr3Q pBmh1 EuvMxb SV3pxb\" data-id=\"h.q2x223e0idw6\"><a class=\"mTgrD aw5Odc mD9Vkc\" href=\"https:\/\/sites.google.com\/view\/cosinesdeclas\/recursos\/pallabreros?authuser=0#h.q2x223e0idw6\">San valent\u00edn<\/a><\/div>\n<\/div>\n<\/div>\n<\/div>\n<\/div>\n<\/div>\n<\/div>\n<\/div>\n<\/div>\n<\/div>\n<\/div>\n<\/div>\n<\/section>\n<\/div>\n<\/div>\n<\/div>\n<\/div>\n<\/div>\n<\/div>\n<\/section>\n<p style=\"text-align: center\"><a href=\"https:\/\/sites.google.com\/view\/cosinesdeclas\/recursos\/cuentos?fbclid=PAZXh0bgNhZW0CMTEAAaeEZzBa6T_N2hXtGPQOx0SNbDBnylXFTd7VVLwGQzVmkHJ9Oi683m1kJ5_l7w_aem_T4E_0ZCKORSrGAER-eMpzw\"><strong>RECURSOS<\/strong><\/a><\/p>\n<\/div>\n<\/div>\n<\/div>\n<\/div>\n<\/div>\n<\/header>\n<div class=\"oKdM2c ZZyype\">\n<div id=\"h.68374b5bb5ad80a6_11\" class=\"hJDwNd-AhqUyc-II5mzb Ft7HRd-AhqUyc-II5mzb pSzOP-AhqUyc-II5mzb Ktthjf-AhqUyc-II5mzb jXK9ad D2fZ2 zu5uec\">\n<div class=\"jXK9ad-SmKAyb\">\n<div class=\"tyJCtd mGzaTb Depvyb baZpAe\">\n<ul>\n<li class=\"CjVfdc\"><a class=\"XqQF9c\" href=\"https:\/\/www.storyjumper.com\/book\/read\/181272991\/6800ebe30592e\" target=\"_blank\" rel=\"noopener\"><span class=\"C9DxTc aw5Odc \">El llibru, la rosca y el cu\u00e9lebre de San Xurde<\/span><\/a>\/\u00a0<a class=\"XqQF9c\" href=\"https:\/\/drive.google.com\/file\/d\/1tiSNWV2cUpkLYgN8CuniG7iZRWTZuOVP\/view?usp=sharing\" target=\"_blank\" rel=\"noopener\"><span class=\"C9DxTc aw5Odc \">Cuadernu trabayu\u00a0<\/span><\/a><\/li>\n<\/ul>\n<\/div>\n<ul>\n<li class=\"CjVfdc\"><a class=\"XqQF9c\" href=\"https:\/\/drive.google.com\/file\/d\/1xgZ02nxToz_aDfuipgcIDsIsWb7KeWDY\/view?usp=sharing\" target=\"_blank\" rel=\"noopener\"><span class=\"C9DxTc aw5Odc \">El viaxe del estudiante<\/span><\/a><\/li>\n<li>\n<div class=\"CjVfdc\"><a class=\"XqQF9c\" href=\"https:\/\/drive.google.com\/file\/d\/1hXOJVI5mfTPnLBJgAyIwtD_FSd6mAi95\/view?usp=sharing\" target=\"_blank\" rel=\"noopener\"><span class=\"C9DxTc aw5Odc \">La Familia<\/span><\/a><\/div>\n<\/li>\n<li>\n<div class=\"CjVfdc\"><a class=\"XqQF9c\" href=\"https:\/\/drive.google.com\/file\/d\/1kEN8eeHkhYeRgPgRUaBWj3sM_01vM5B3\/view?usp=sharing\" target=\"_blank\" rel=\"noopener\"><span class=\"C9DxTc aw5Odc \">La Casuca<\/span><\/a><\/div>\n<\/li>\n<li>\n<div class=\"CjVfdc\"><a class=\"XqQF9c\" href=\"https:\/\/drive.google.com\/file\/d\/14T7_a6KwrVjvdbyvq2mI7skpNaIvnMKZ\/view?usp=sharing\" target=\"_blank\" rel=\"noopener\"><span class=\"C9DxTc aw5Odc \">Mio ma ye<\/span><\/a><\/div>\n<\/li>\n<\/ul>\n<\/div>\n<\/div>\n<\/div>\n<div class=\"oKdM2c ZZyype\">\n<div id=\"h.68374b5bb5ad80a6_31\" class=\"hJDwNd-AhqUyc-II5mzb Ft7HRd-AhqUyc-II5mzb pSzOP-AhqUyc-II5mzb Ktthjf-AhqUyc-II5mzb jXK9ad D2fZ2 zu5uec wHaque g5GTcb\">\n<div class=\"jXK9ad-SmKAyb\">\n<div class=\"tyJCtd mGzaTb Depvyb baZpAe\" style=\"text-align: center\"><span class=\"html-span xexx8yu x4uap5 x18d9i69 xkhd6sd x1hl2dhg x16tdsg8 x1vvkbs x3nfvp2 x1j61x8r x1fcty0u xdj266r xat24cr xgzva0m xhhsvwb xxymvpz xlup9mm x1kky2od\">\n<!-- iframe plugin v.6.0 wordpress.org\/plugins\/iframe\/ -->\n<iframe loading=\"lazy\" src=\"https:\/\/www.instagram.com\/reel\/DIjY-hYoUwi\/embed\" width=\"460\" height=\"620\" 0=\"\/iframe\" scrolling=\"yes\" class=\"iframe-class\" frameborder=\"0\"><\/iframe>\n<\/span><\/div>\n<\/div>\n<\/div>\n<\/div>\n<header class=\"_aaqw\">\n<div class=\"_aaqy _aaqz\">\n<div class=\"_aar0 _aar1\">\n<div class=\"x78zum5\">\n<div class=\"_aaqt\">\n<div class=\"x9f619 xjbqb8w x78zum5 x168nmei x13lgxp2 x5pf9jr xo71vjh x1n2onr6 x1plvlek xryxfnj x1c4vz4f x2lah0s x1q0g3np xqjyukv x6s0dn4 x1oa3qoh x1nhvcw1\">\n<ul>\n<li>\/<a href=\"https:\/\/www.storyjumper.com\/book\/read\/181272991\/6800ebe30592e\"> enllaz llibru<\/a> \/ <a href=\"https:\/\/www.storyjumper.com\/book\/read\/181272991\/6800ebe30592e#page\/1\">Audio<\/a> \/<\/li>\n<li><\/li>\n<li><a href=\"https:\/\/www.storyjumper.com\/book\/read\/181272991\/6800ebe30592\">https:\/\/www.storyjumper.com\/book\/read\/181272991\/6800ebe30592<\/a><\/li>\n<\/ul>\n<\/div>\n<\/div>\n<\/div>\n<\/div>\n<div class=\"_aaql\" style=\"text-align: center\"><\/div>\n<\/div>\n<\/header>\n<\/div>\n<\/div>\n<div class=\"x78zum5 xdt5ytf x1q2y9iw x1n2onr6 xh8yej3 x9f619 x1iyjqo2 x18l3tf1 x26u7qi xy80clv xexx8yu x4uap5 x18d9i69 xkhd6sd\">\n<div class=\"x78zum5 xdt5ytf x1iyjqo2 xs83m0k x2lwn1j x1odjw0f x1n2onr6 x9ek82g x6ikm8r xdj266r x11i5rnm x4ii5y1 x1mh8g0r xexx8yu x1pi30zi x18d9i69 x1swvt13\">\n<div class=\"x1qjc9v5 x972fbf xcfux6l x1qhh985 xm0m39n x9f619 x78zum5 xdt5ytf x2lah0s xk390pu xdj266r x11i5rnm xat24cr x1mh8g0r xexx8yu x4uap5 x18d9i69 xkhd6sd x1n2onr6 xggy1nq x11njtxf\" role=\"button\">\n<div class=\"_a9zm\">\n<div class=\"_a9zn _a9zo\">\n<div class=\"_a9zr\">\n<div class=\"xt0psk2\">\n<p class=\"_ap3a _aaco _aacu _aacx _aad7 _aade\" dir=\"auto\">\ud83d\udcda\ud83c\udfa7 Recursu Docente Especial San Xurde:\u00a0<span style=\"color: #008080\"><strong><em><a href=\"https:\/\/www.storyjumper.com\/book\/read\/181272991\/6800ebe30592\"> \u00abEl llibru, la rosca y el cu\u00e9lebre de San Xuan\u00bb<\/a> \ud83d\udc09\u2728 <\/em><\/strong><\/span>Nesta ocasi\u00f3n tan especial, tra\u00e9moste un audiollibru dixital con actividaes descargables pa celebrar la nueva tradici\u00f3n asturiana del D\u00eda del Llibru: San Xurde. La historia, inspirada na lleenda del cu\u00e9lebre de Zal\u00f3n y na figura de San Xurde, ye una propuesta l\u00fadica y did\u00e1utica pa trabayar la producci\u00f3n oral, la comprensi\u00f3n y la cultura asturiana nel aula.<\/p>\n<\/div>\n<\/div>\n<\/div>\n<\/div>\n<\/div>\n<\/div>\n<\/div>\n","protected":false},"excerpt":{"rendered":"<p>cosinesdeclas\/ Autora: Olatz da Silva \/ Cosines de Clas tien la llicencia\u00a0CC BY-NC-ND 4.0 RECURSOS DOCENTES \/ RECURSOS GRAM\u00c1TICA Y ORTOGRAF\u00cdA Rel\u00f3 Ortogr\u00e1ficu l&#8217;Alfabetu Acentuaci\u00f3n diacr\u00edtica Prospectos Gramaticales Apostrofaci\u00f3n En &#8211; DE Apostrofaci\u00f3n EL-LA Per y Por X\u00e9neru Mascul\u00edn X\u00e9neru Femen\u00edn Elementos gramaticales Conectores Actividaes Pr\u00e1utiques Ponte a prueba Contraici\u00f3n Apostrofaci\u00f3n Parte II Apostrofaci\u00f3n Degorrios [&hellip;]<\/p>\n","protected":false},"author":117,"featured_media":0,"parent":87,"menu_order":0,"comment_status":"closed","ping_status":"closed","template":"","meta":{"footnotes":""},"class_list":["post-46307","page","type-page","status-publish","hentry"],"_links":{"self":[{"href":"https:\/\/edublog.educastur.es\/ixuxu\/wp-json\/wp\/v2\/pages\/46307","targetHints":{"allow":["GET"]}}],"collection":[{"href":"https:\/\/edublog.educastur.es\/ixuxu\/wp-json\/wp\/v2\/pages"}],"about":[{"href":"https:\/\/edublog.educastur.es\/ixuxu\/wp-json\/wp\/v2\/types\/page"}],"author":[{"embeddable":true,"href":"https:\/\/edublog.educastur.es\/ixuxu\/wp-json\/wp\/v2\/users\/117"}],"replies":[{"embeddable":true,"href":"https:\/\/edublog.educastur.es\/ixuxu\/wp-json\/wp\/v2\/comments?post=46307"}],"version-history":[{"count":5,"href":"https:\/\/edublog.educastur.es\/ixuxu\/wp-json\/wp\/v2\/pages\/46307\/revisions"}],"predecessor-version":[{"id":46312,"href":"https:\/\/edublog.educastur.es\/ixuxu\/wp-json\/wp\/v2\/pages\/46307\/revisions\/46312"}],"up":[{"embeddable":true,"href":"https:\/\/edublog.educastur.es\/ixuxu\/wp-json\/wp\/v2\/pages\/87"}],"wp:attachment":[{"href":"https:\/\/edublog.educastur.es\/ixuxu\/wp-json\/wp\/v2\/media?parent=46307"}],"curies":[{"name":"wp","href":"https:\/\/api.w.org\/{rel}","templated":true}]}}