{"id":5253,"date":"2021-04-14T19:48:45","date_gmt":"2021-04-14T17:48:45","guid":{"rendered":"https:\/\/edublog.educastur.es\/ixuxu\/?page_id=5253"},"modified":"2021-04-14T19:48:57","modified_gmt":"2021-04-14T17:48:57","slug":"fondos-del-pueblu-dasturies","status":"publish","type":"page","link":"https:\/\/edublog.educastur.es\/ixuxu\/asturies\/museos\/fondos-del-pueblu-dasturies\/","title":{"rendered":"Fondos del Pueblu d\u00b4Asturies"},"content":{"rendered":"<div class=\"dati1w0a hv4rvrfc osnr6wyh\">\n<div class=\"btwxx1t3 j83agx80 cwj9ozl2\">\n<div class=\"j83agx80 cbu4d94t ew0dbk1b irj2b8pg\">\n<div class=\"qzhwtbm6 knvmm38d\"><\/div>\n<div class=\"qzhwtbm6 knvmm38d\"><\/div>\n<\/div>\n<\/div>\n<\/div>\n<div class=\"\" dir=\"auto\">\n<div class=\"\" dir=\"auto\">\n<div class=\"ecm0bbzt hv4rvrfc ihqw7lf3 dati1w0a\" data-ad-comet-preview=\"message\" data-ad-preview=\"message\">\n<div class=\"j83agx80 cbu4d94t ew0dbk1b irj2b8pg\">\n<div class=\"qzhwtbm6 knvmm38d\">\n<div class=\"kvgmc6g5 cxmmr5t8 oygrvhab hcukyx3x c1et5uql ii04i59q\">\n<div dir=\"auto\">G\u00fcei record\u00e1mosvos c\u00f3mo pod\u00e9is consultar una pequena parte de los nuesos fondos en<span style=\"color: #008080\"><strong> CER.es<\/strong><\/span> (Colecciones en Rede) . CERES ye un cat\u00e1logu colectivu en ll\u00ednea de les colecciones de tolos museos integrantes de la <strong><span style=\"color: #008080\">Rede Dixital de Colecciones de Museos d&#8217;Espa\u00f1a<\/span><\/strong>, lo que vos dexa realizar busques xenerales y avanzaes en tolos museos que pertenecemos a esta rede.<\/div>\n<p>Pod\u00e9is aportar a <a href=\"http:\/\/ceres.mcu.es\"><span style=\"color: #008080\"><strong>CER.es<\/strong><\/span><\/a> nel sitiu web del Ministeriu de Cultura, na direcci\u00f3n <a href=\"http:\/\/ceres.mcu.es\"><span style=\"color: #008080\"><strong>http:\/\/ceres.mcu.es<\/strong><\/span><\/a>. Nesti enllaz puedes atopanos al travi\u00e9s de la busca xeneral o na selecci\u00f3n de museos, poniendo en dichu buscador Mus\u00e9u del Pueblu d\u00b4Asturies. Ende y\u00e1 vais ver una selecci\u00f3n de les nueses pieces xub\u00edes a esti repositorio nacional.<\/p>\n<ul>\n<li><a href=\"https:\/\/www.gijon.es\/es\/directorio\/red-de-museos?fbclid=IwAR0HESqbsTbOMoNtyj-du6mHI--KCXlcn0Q3VdZnRHonFD0Fj89dezSxjLI\">Web<\/a><\/li>\n<li><a href=\"https:\/\/www.facebook.com\/MuseudelPuebludAsturies\/\">Facebook<\/a><\/li>\n<li>CER: <a href=\"http:\/\/ceres.mcu.es.\">http:\/\/ceres.mcu.es.<\/a><\/li>\n<\/ul>\n<\/div>\n<\/div>\n<\/div>\n<\/div>\n<\/div>\n<\/div>\n","protected":false},"excerpt":{"rendered":"<p>G\u00fcei record\u00e1mosvos c\u00f3mo pod\u00e9is consultar una pequena parte de los nuesos fondos en CER.es (Colecciones en Rede) . CERES ye un cat\u00e1logu colectivu en ll\u00ednea de les colecciones de tolos museos integrantes de la Rede Dixital de Colecciones de Museos d&#8217;Espa\u00f1a, lo que vos dexa realizar busques xenerales y avanzaes en tolos museos que pertenecemos [&hellip;]<\/p>\n","protected":false},"author":117,"featured_media":0,"parent":161,"menu_order":0,"comment_status":"closed","ping_status":"closed","template":"","meta":{"footnotes":""},"class_list":["post-5253","page","type-page","status-publish","hentry"],"_links":{"self":[{"href":"https:\/\/edublog.educastur.es\/ixuxu\/wp-json\/wp\/v2\/pages\/5253","targetHints":{"allow":["GET"]}}],"collection":[{"href":"https:\/\/edublog.educastur.es\/ixuxu\/wp-json\/wp\/v2\/pages"}],"about":[{"href":"https:\/\/edublog.educastur.es\/ixuxu\/wp-json\/wp\/v2\/types\/page"}],"author":[{"embeddable":true,"href":"https:\/\/edublog.educastur.es\/ixuxu\/wp-json\/wp\/v2\/users\/117"}],"replies":[{"embeddable":true,"href":"https:\/\/edublog.educastur.es\/ixuxu\/wp-json\/wp\/v2\/comments?post=5253"}],"version-history":[{"count":1,"href":"https:\/\/edublog.educastur.es\/ixuxu\/wp-json\/wp\/v2\/pages\/5253\/revisions"}],"predecessor-version":[{"id":5254,"href":"https:\/\/edublog.educastur.es\/ixuxu\/wp-json\/wp\/v2\/pages\/5253\/revisions\/5254"}],"up":[{"embeddable":true,"href":"https:\/\/edublog.educastur.es\/ixuxu\/wp-json\/wp\/v2\/pages\/161"}],"wp:attachment":[{"href":"https:\/\/edublog.educastur.es\/ixuxu\/wp-json\/wp\/v2\/media?parent=5253"}],"curies":[{"name":"wp","href":"https:\/\/api.w.org\/{rel}","templated":true}]}}