{"id":5942,"date":"2021-05-08T10:13:08","date_gmt":"2021-05-08T08:13:08","guid":{"rendered":"https:\/\/edublog.educastur.es\/ixuxu\/?page_id=5942"},"modified":"2021-05-08T10:13:08","modified_gmt":"2021-05-08T08:13:08","slug":"ma-teresa-glez-fdez","status":"publish","type":"page","link":"https:\/\/edublog.educastur.es\/ixuxu\/poesia-2\/ma-teresa-glez-fdez\/","title":{"rendered":"M\u00aa Teresa Glez Fdez"},"content":{"rendered":"<div class=\"\" dir=\"auto\">\n<div class=\"\" dir=\"auto\">\n<div class=\"ecm0bbzt hv4rvrfc ihqw7lf3 dati1w0a\" data-ad-comet-preview=\"message\" data-ad-preview=\"message\">\n<div class=\"j83agx80 cbu4d94t ew0dbk1b irj2b8pg\">\n<div class=\"qzhwtbm6 knvmm38d\">\n<div class=\"kvgmc6g5 cxmmr5t8 oygrvhab hcukyx3x c1et5uql ii04i59q\">\n<div dir=\"auto\" style=\"text-align: center\">Nel D\u00eda de Les Lletres Asturianes, un poema de la m\u00e1s grande.<\/div>\n<\/div>\n<div class=\"o9v6fnle cxmmr5t8 oygrvhab hcukyx3x c1et5uql ii04i59q\">\n<div dir=\"auto\" style=\"text-align: center\"><span style=\"color: #008080;font-size: 20px\"><strong>NESTA HORA<\/strong><\/span><\/div>\n<div dir=\"auto\" style=\"text-align: center\">(Mar\u00eda Teresa Gonz\u00e1lez Fern\u00e1ndez)<\/div>\n<div dir=\"auto\"><\/div>\n<\/div>\n<div class=\"o9v6fnle cxmmr5t8 oygrvhab hcukyx3x c1et5uql ii04i59q\">\n<div dir=\"auto\"><span style=\"font-size: 20px\"><em>A vosotres, compa\u00f1eres de trabayu de tantos a\u00f1os<\/em><\/span><\/div>\n<\/div>\n<div class=\"o9v6fnle cxmmr5t8 oygrvhab hcukyx3x c1et5uql ii04i59q\">\n<div dir=\"auto\"><span style=\"font-size: 20px\"><em>I<\/em><\/span><\/div>\n<\/div>\n<div class=\"o9v6fnle cxmmr5t8 oygrvhab hcukyx3x c1et5uql ii04i59q\">\n<div dir=\"auto\"><span style=\"font-size: 20px\"><em>Nesta hora<\/em><\/span><\/div>\n<div dir=\"auto\"><span style=\"font-size: 20px\"><em>en que\u2019l xelu acorripia les coraes.<\/em><\/span><\/div>\n<div dir=\"auto\"><span style=\"font-size: 20px\"><em>Nesta hora<\/em><\/span><\/div>\n<div dir=\"auto\"><span style=\"font-size: 20px\"><em>onde\u2019l tastu y l\u2019inxeniu<\/em><\/span><\/div>\n<div dir=\"auto\"><span style=\"font-size: 20px\"><em>esanicien el caberu aliendu<\/em><\/span><\/div>\n<div dir=\"auto\"><span style=\"font-size: 20px\"><em>na llarga y afogante agon\u00eda.<\/em><\/span><\/div>\n<div dir=\"auto\"><span style=\"font-size: 20px\"><em>Nesta hora<\/em><\/span><\/div>\n<div dir=\"auto\"><span style=\"font-size: 20px\"><em>d\u2019angustiosa griesca ente ser<\/em><\/span><\/div>\n<div dir=\"auto\"><span style=\"font-size: 20px\"><em>presona o cosa.<\/em><\/span><\/div>\n<div dir=\"auto\"><\/div>\n<div dir=\"auto\"><span style=\"font-size: 20px\"><em>Nesta hora<\/em><\/span><\/div>\n<div dir=\"auto\"><span style=\"font-size: 20px\"><em>de silenciosu silenciu,<\/em><\/span><\/div>\n<div dir=\"auto\"><span style=\"font-size: 20px\"><em>de cans\u00e1u cansanciu,<\/em><\/span><\/div>\n<div dir=\"auto\"><span style=\"font-size: 20px\"><em>d\u2019aborrec\u00edu aborrecimientu,<\/em><\/span><\/div>\n<div dir=\"auto\"><span style=\"font-size: 20px\"><em>de vac\u00edu enllenu de vac\u00edos,<\/em><\/span><\/div>\n<div dir=\"auto\"><span style=\"font-size: 20px\"><em>pienso en ti.<\/em><\/span><\/div>\n<div dir=\"auto\"><\/div>\n<div dir=\"auto\"><span style=\"font-size: 20px\"><em>En ti, muyer,<\/em><\/span><\/div>\n<div dir=\"auto\"><span style=\"font-size: 20px\"><em>que nun fueron a dexate<\/em><\/span><\/div>\n<div dir=\"auto\"><span style=\"font-size: 20px\"><em>nin el drechu de ser ne\u00f1a,<\/em><\/span><\/div>\n<div dir=\"auto\"><span style=\"font-size: 20px\"><em>nin esfrutaste<\/em><\/span><\/div>\n<div dir=\"auto\"><span style=\"font-size: 20px\"><em>l\u2019asombru de la moced\u00e1.<\/em><\/span><\/div>\n<\/div>\n<div class=\"o9v6fnle cxmmr5t8 oygrvhab hcukyx3x c1et5uql ii04i59q\">\n<div dir=\"auto\"><span style=\"font-size: 20px\"><em>Pienso en ti, que te tracamundiaron los sua\u00f1os,<\/em><\/span><\/div>\n<div dir=\"auto\"><span style=\"font-size: 20px\"><em>pola balleta.<\/em><\/span><\/div>\n<div dir=\"auto\"><\/div>\n<div dir=\"auto\"><span style=\"font-size: 20px\"><em>L\u2019arte<\/em><\/span><\/div>\n<div dir=\"auto\"><span style=\"font-size: 20px\"><em>pola ferramienta.<\/em><\/span><\/div>\n<div dir=\"auto\"><span style=\"font-size: 20px\"><em>A Beethoven pol chirriar de les m\u00e1quines.<\/em><\/span><\/div>\n<\/div>\n<div class=\"o9v6fnle cxmmr5t8 oygrvhab hcukyx3x c1et5uql ii04i59q\">\n<div dir=\"auto\"><span style=\"font-size: 20px\"><em>En vosotros,<\/em><\/span><\/div>\n<div dir=\"auto\"><span style=\"font-size: 20px\"><em>an\u00f3nimos navegantes ensin estrelles,<\/em><\/span><\/div>\n<div dir=\"auto\"><span style=\"font-size: 20px\"><em>que vos alloriaron<\/em><\/span><\/div>\n<div dir=\"auto\"><span style=\"font-size: 20px\"><em>por malsatisfacer necesidaes primaries.<\/em><\/span><\/div>\n<div dir=\"auto\"><\/div>\n<div dir=\"auto\"><span style=\"font-size: 20px\"><em>Peones de la fame,<\/em><\/span><\/div>\n<div dir=\"auto\"><span style=\"font-size: 20px\"><em>inorantes de la sonrisa,<\/em><\/span><\/div>\n<div dir=\"auto\"><span style=\"font-size: 20px\"><em>escaec\u00edos del amor.<\/em><\/span><\/div>\n<\/div>\n<div class=\"o9v6fnle cxmmr5t8 oygrvhab hcukyx3x c1et5uql ii04i59q\">\n<div dir=\"auto\"><span style=\"font-size: 20px\"><em>Pienso en vosotros,<\/em><\/span><\/div>\n<div dir=\"auto\"><span style=\"font-size: 20px\"><em>sordos y coxos de la vida.<\/em><\/span><\/div>\n<div dir=\"auto\"><span style=\"font-size: 20px\"><em>Nesta hora cabera<\/em><\/span><\/div>\n<div dir=\"auto\"><span style=\"font-size: 20px\"><em>desdexada de tou \u00f1iciu creador<\/em><\/span><\/div>\n<div dir=\"auto\"><span style=\"font-size: 20px\"><em>y positivu,<\/em><\/span><\/div>\n<div dir=\"auto\"><span style=\"font-size: 20px\"><em>ded\u00edcovos el mio s\u00f3rdidu homenaxe,<\/em><\/span><\/div>\n<div dir=\"auto\"><span style=\"font-size: 20px\"><em>cola esperanza de que nun teng\u00e1is n\u00e1<\/em><\/span><\/div>\n<div dir=\"auto\"><span style=\"font-size: 20px\"><em>p\u2019ambicionalo too.<\/em><\/span><\/div>\n<div dir=\"auto\"><\/div>\n<\/div>\n<div class=\"o9v6fnle cxmmr5t8 oygrvhab hcukyx3x c1et5uql ii04i59q\">\n<div dir=\"auto\"><span class=\"pq6dq46d tbxw36s4 knj5qynh kvgmc6g5 ditlmg2l oygrvhab nvdbi5me sf5mxxl7 gl3lb2sf hhz5lgdu\"><img loading=\"lazy\" decoding=\"async\" src=\"https:\/\/static.xx.fbcdn.net\/images\/emoji.php\/v9\/t3e\/1\/16\/1f5c4.png\" alt=\"?\" width=\"16\" height=\"16\" \/><\/span><a class=\"oajrlxb2 g5ia77u1 qu0x051f esr5mh6w e9989ue4 r7d6kgcz rq0escxv nhd2j8a9 nc684nl6 p7hjln8o kvgmc6g5 cxmmr5t8 oygrvhab hcukyx3x jb3vyjys rz4wbd8a qt6c0cv9 a8nywdso i1ao9s8h esuyzwwr f1sip0of lzcic4wl py34i1dx gpro0wi8\" role=\"link\" href=\"https:\/\/l.facebook.com\/l.php?u=https%3A%2F%2Fmariateresagonzalez.com%2Fprimeros-poemes%2F%3Ffbclid%3DIwAR0dO1_GszrWDHWvi0pwQAV2QSDrk7yj0wSLOSbRIkojxZ4Mfqs8jOGqNq4&amp;h=AT2cTEiNXLruCSAVL2sDCO60jGqAlbp_s6swZZoBF14su3JwdSoIACvQ4EAHUsjepJFYKHJpP8bIo-NmBB-Hm0fwSyH-jF_hIdMrPCPWomDTn7N0dXf7s99iLR290oTGrg&amp;__tn__=-UK-y-R&amp;c[0]=AT3pbsupjWfpeyGge38jZeGQeyksew-VEHWJq0lEQ3LI4pWNUaVvGy5BmiDhTasfDc8AS0QjDfqbwrEmfOkroVJqGj7MUH6fUWAwJ84aAWlWNSMX-nHb46ApN2zGGjnqZYTgRdD2TPypmDZKFwmPzfH6Rl11YcnMYPQWObbKN0Lg4BpsyR8\" target=\"_blank\" rel=\"nofollow noopener\">https:\/\/mariateresagonzalez.com\/primeros-poemes\/<\/a><\/div>\n<\/div>\n<\/div>\n<\/div>\n<\/div>\n<\/div>\n<\/div>\n","protected":false},"excerpt":{"rendered":"<p>Nel D\u00eda de Les Lletres Asturianes, un poema de la m\u00e1s grande. NESTA HORA (Mar\u00eda Teresa Gonz\u00e1lez Fern\u00e1ndez) A vosotres, compa\u00f1eres de trabayu de tantos a\u00f1os I Nesta hora en que\u2019l xelu acorripia les coraes. Nesta hora onde\u2019l tastu y l\u2019inxeniu esanicien el caberu aliendu na llarga y afogante agon\u00eda. Nesta hora d\u2019angustiosa griesca ente [&hellip;]<\/p>\n","protected":false},"author":117,"featured_media":0,"parent":221,"menu_order":0,"comment_status":"closed","ping_status":"closed","template":"","meta":{"footnotes":""},"class_list":["post-5942","page","type-page","status-publish","hentry"],"_links":{"self":[{"href":"https:\/\/edublog.educastur.es\/ixuxu\/wp-json\/wp\/v2\/pages\/5942","targetHints":{"allow":["GET"]}}],"collection":[{"href":"https:\/\/edublog.educastur.es\/ixuxu\/wp-json\/wp\/v2\/pages"}],"about":[{"href":"https:\/\/edublog.educastur.es\/ixuxu\/wp-json\/wp\/v2\/types\/page"}],"author":[{"embeddable":true,"href":"https:\/\/edublog.educastur.es\/ixuxu\/wp-json\/wp\/v2\/users\/117"}],"replies":[{"embeddable":true,"href":"https:\/\/edublog.educastur.es\/ixuxu\/wp-json\/wp\/v2\/comments?post=5942"}],"version-history":[{"count":2,"href":"https:\/\/edublog.educastur.es\/ixuxu\/wp-json\/wp\/v2\/pages\/5942\/revisions"}],"predecessor-version":[{"id":5944,"href":"https:\/\/edublog.educastur.es\/ixuxu\/wp-json\/wp\/v2\/pages\/5942\/revisions\/5944"}],"up":[{"embeddable":true,"href":"https:\/\/edublog.educastur.es\/ixuxu\/wp-json\/wp\/v2\/pages\/221"}],"wp:attachment":[{"href":"https:\/\/edublog.educastur.es\/ixuxu\/wp-json\/wp\/v2\/media?parent=5942"}],"curies":[{"name":"wp","href":"https:\/\/api.w.org\/{rel}","templated":true}]}}