{"id":595,"date":"2020-04-27T08:43:38","date_gmt":"2020-04-27T08:43:38","guid":{"rendered":"https:\/\/edublog.educastur.es\/ixuxu\/?page_id=595"},"modified":"2024-06-14T13:41:52","modified_gmt":"2024-06-14T11:41:52","slug":"recetes","status":"publish","type":"page","link":"https:\/\/edublog.educastur.es\/ixuxu\/recetes\/","title":{"rendered":"Recetes"},"content":{"rendered":"<h2 style=\"text-align: center\"><a href=\"https:\/\/www.youtube.com\/channel\/UCw5xfxive65COOHvD0BFjeg\" target=\"_blank\" rel=\"noopener noreferrer\"> Canal <strong><em>SuperLlingua <\/em><\/strong><\/a><\/h2>\n<div class=\"entry\">\n<p><strong>De Asociaci\u00f3n <a href=\"https:\/\/reciella.wordpress.com\/\" target=\"_blank\" rel=\"noopener noreferrer\"><em>Reciella<\/em>. Families pol Asturianu <\/a><\/strong><\/p>\n<ul>\n<li><a href=\"https:\/\/youtu.be\/wtlqp6Yf_Go\" target=\"_blank\" rel=\"noopener noreferrer\"><strong><em>Bu\u00f1uelos de vientu<\/em><\/strong><\/a><\/li>\n<\/ul>\n<p style=\"text-align: center\">\n<!-- iframe plugin v.6.0 wordpress.org\/plugins\/iframe\/ -->\n<iframe loading=\"lazy\" width=\"588\" height=\"331\" src=\"https:\/\/www.youtube.com\/embed\/wtlqp6Yf_Go\" scrolling=\"yes\" class=\"iframe-class\" frameborder=\"0\"><\/iframe>\n<\/p>\n<ul>\n<li><a href=\"https:\/\/www.youtube.com\/watch?v=zylfk_e6nOE\" target=\"_blank\" rel=\"noopener noreferrer\"><strong><em>Frixuelos<br \/>\n<\/em><\/strong><\/a><\/li>\n<\/ul>\n<p style=\"text-align: center\">\n<!-- iframe plugin v.6.0 wordpress.org\/plugins\/iframe\/ -->\n<iframe loading=\"lazy\" width=\"588\" height=\"331\" src=\"https:\/\/www.youtube.com\/embed\/zylfk_e6nOE\" scrolling=\"yes\" class=\"iframe-class\" frameborder=\"0\"><\/iframe>\n<\/p>\n<ul>\n<li><a href=\"https:\/\/www.youtube.com\/watch?v=13J2rnzsdR4\" target=\"_blank\" rel=\"noopener noreferrer\"><strong><em>Tarta la G\u00fcela<br \/>\n<\/em><\/strong><\/a><\/li>\n<\/ul>\n<p style=\"text-align: center\">\n<!-- iframe plugin v.6.0 wordpress.org\/plugins\/iframe\/ -->\n<iframe loading=\"lazy\" width=\"588\" height=\"331\" src=\"https:\/\/www.youtube.com\/embed\/13J2rnzsdR4\" scrolling=\"yes\" class=\"iframe-class\" frameborder=\"0\"><\/iframe>\n<\/p>\n<\/div>\n<ul>\n<li><a href=\"https:\/\/youtu.be\/Ss0jHbfL-vk\" target=\"_blank\" rel=\"noopener noreferrer\"><strong><em>Tortos de maiz<br \/>\n<\/em><\/strong><\/a><\/li>\n<\/ul>\n<p style=\"text-align: center\">\n<!-- iframe plugin v.6.0 wordpress.org\/plugins\/iframe\/ -->\n<iframe loading=\"lazy\" width=\"588\" height=\"331\" src=\"https:\/\/www.youtube.com\/embed\/Ss0jHbfL-vk\" scrolling=\"yes\" class=\"iframe-class\" frameborder=\"0\"><\/iframe>\n<\/p>\n<p>&nbsp;<\/p>\n<p>&nbsp;<\/p>\n","protected":false},"excerpt":{"rendered":"<p>Canal SuperLlingua De Asociaci\u00f3n Reciella. Families pol Asturianu Bu\u00f1uelos de vientu Frixuelos Tarta la G\u00fcela Tortos de maiz &nbsp; &nbsp;<\/p>\n","protected":false},"author":117,"featured_media":0,"parent":0,"menu_order":0,"comment_status":"closed","ping_status":"closed","template":"","meta":{"footnotes":""},"class_list":["post-595","page","type-page","status-publish","hentry"],"_links":{"self":[{"href":"https:\/\/edublog.educastur.es\/ixuxu\/wp-json\/wp\/v2\/pages\/595","targetHints":{"allow":["GET"]}}],"collection":[{"href":"https:\/\/edublog.educastur.es\/ixuxu\/wp-json\/wp\/v2\/pages"}],"about":[{"href":"https:\/\/edublog.educastur.es\/ixuxu\/wp-json\/wp\/v2\/types\/page"}],"author":[{"embeddable":true,"href":"https:\/\/edublog.educastur.es\/ixuxu\/wp-json\/wp\/v2\/users\/117"}],"replies":[{"embeddable":true,"href":"https:\/\/edublog.educastur.es\/ixuxu\/wp-json\/wp\/v2\/comments?post=595"}],"version-history":[{"count":14,"href":"https:\/\/edublog.educastur.es\/ixuxu\/wp-json\/wp\/v2\/pages\/595\/revisions"}],"predecessor-version":[{"id":27683,"href":"https:\/\/edublog.educastur.es\/ixuxu\/wp-json\/wp\/v2\/pages\/595\/revisions\/27683"}],"wp:attachment":[{"href":"https:\/\/edublog.educastur.es\/ixuxu\/wp-json\/wp\/v2\/media?parent=595"}],"curies":[{"name":"wp","href":"https:\/\/api.w.org\/{rel}","templated":true}]}}