{"id":628,"date":"2020-08-24T21:29:50","date_gmt":"2020-08-24T21:29:50","guid":{"rendered":"https:\/\/edublog.educastur.es\/ixuxu\/?page_id=628"},"modified":"2020-08-24T21:29:50","modified_gmt":"2020-08-24T21:29:50","slug":"circu-del-sol","status":"publish","type":"page","link":"https:\/\/edublog.educastur.es\/ixuxu\/tv\/circu-del-sol\/","title":{"rendered":"\u00abCircu del Sol\u00bb"},"content":{"rendered":"<h2><a title=\"Leer Encamiento ver el \u201cCirco del Sol\u201d\" href=\"http:\/\/blog.educastur.es\/ixuxullingua\/2020\/04\/11\/circo-del-sol-vienres-10-d%c2%b4abril\/\" rel=\"bookmark\">Encamiento ver el \u201cCircu del Sol\u201d<\/a><\/h2>\n<div class=\"entry\">\n<p><img loading=\"lazy\" decoding=\"async\" class=\"\" src=\"https:\/\/i.pinimg.com\/originals\/df\/27\/a4\/df27a4373f9d3e0f3f11121efc9dc550.png\" width=\"214\" height=\"214\" \/><\/p>\n<p>Tercer espect\u00e1culu online ufiert\u00e1u por <strong><em>El Circo del Sol <\/em><\/strong>al travi\u00e9s del so canal <a href=\"https:\/\/www.cirquedusoleil.com\/es\/cirqueconnect\" target=\"_blank\" rel=\"noopener noreferrer\"><strong><em>cirqueconnect.<\/em><\/strong><\/a><\/p>\n<ul>\n<li>\n<h4><em><a href=\"https:\/\/www.youtube.com\/watch?v=3zuBpFgxDCI\" target=\"_blank\" rel=\"noopener noreferrer\">Espect\u00e1culu del vienres 17 d\u00b4abril<\/a><\/em><em>\u00a0<\/em><\/h4>\n<\/li>\n<\/ul>\n\n<!-- iframe plugin v.6.0 wordpress.org\/plugins\/iframe\/ -->\n<iframe loading=\"lazy\" width=\"588\" height=\"331\" src=\"https:\/\/www.youtube.com\/embed\/3zuBpFgxDCI\" scrolling=\"yes\" class=\"iframe-class\" frameborder=\"0\"><\/iframe>\n\n<ul>\n<li>\n<h4><em><a href=\"https:\/\/www.youtube.com\/watch?v=VL0TG_nCqzE&amp;feature=emb_logo\" target=\"_blank\" rel=\"noopener noreferrer\">Espect\u00e1culu del vienres 10 d\u00b4abril<\/a><\/em><\/h4>\n<\/li>\n<\/ul>\n\n<!-- iframe plugin v.6.0 wordpress.org\/plugins\/iframe\/ -->\n<iframe loading=\"lazy\" width=\"588\" height=\"331\" src=\"https:\/\/www.youtube.com\/embed\/VL0TG_nCqzE\" scrolling=\"yes\" class=\"iframe-class\" frameborder=\"0\"><\/iframe>\n\n<ul>\n<li>\n<h4><em><a href=\"https:\/\/www.youtube.com\/watch?v=b_eTkTqCoKA\" target=\"_blank\" rel=\"noopener noreferrer\">Espect\u00e1culu del vienres 3 d\u00b4abril<\/a><\/em><em><br \/>\n<\/em><\/h4>\n<\/li>\n<\/ul>\n\n<!-- iframe plugin v.6.0 wordpress.org\/plugins\/iframe\/ -->\n<iframe loading=\"lazy\" width=\"588\" height=\"331\" src=\"https:\/\/www.youtube.com\/embed\/b_eTkTqCoKA\" scrolling=\"yes\" class=\"iframe-class\" frameborder=\"0\"><\/iframe>\n\n<ul>\n<li>\n<h4><em><a href=\"https:\/\/www.youtube.com\/watch?v=nQ5eUJNXrMw\" target=\"_blank\" rel=\"noopener noreferrer\">Espect\u00e1culu del vienres 27 de marzu<\/a><\/em><\/h4>\n<\/li>\n<\/ul>\n\n<!-- iframe plugin v.6.0 wordpress.org\/plugins\/iframe\/ -->\n<iframe loading=\"lazy\" width=\"588\" height=\"331\" src=\"https:\/\/www.youtube.com\/embed\/nQ5eUJNXrMw\" scrolling=\"yes\" class=\"iframe-class\" frameborder=\"0\"><\/iframe>\n\n<ul>\n<li>Ver <a href=\"https:\/\/www.cirquedusoleil.com\/es\/cirqueconnect\" target=\"_blank\" rel=\"noopener noreferrer\"><strong><em>CirqueConnect<\/em><\/strong><\/a><\/li>\n<li><a href=\"https:\/\/www.youtube.com\/results?search_query=%23CirqueduSoleil\" target=\"_blank\" rel=\"noopener noreferrer\"><em>Ver canal de Youtube<\/em><\/a><\/li>\n<li><a href=\"https:\/\/www.youtube.com\/watch?time_continue=2&amp;v=nQ5eUJNXrMw&amp;feature=emb_logo\" target=\"_blank\" rel=\"noopener noreferrer\">Ver recopilatoriu.<\/a><\/li>\n<li>Ver tami\u00e9n nel canal <strong><a href=\"https:\/\/www.cirquedusoleil.com\/es\/cirqueconnect\" target=\"_blank\" rel=\"noopener noreferrer\"><em>CirqueConnect<\/em><\/a><\/strong><\/li>\n<\/ul>\n<p><a href=\"https:\/\/www.cirquedusoleil.com\/es\/cirqueconnect\" target=\"_blank\" rel=\"noopener noreferrer\"><strong><em>CirqueConnect:<\/em><\/strong> <\/a>Retresmit\u00edu en \u2019streaming\u2019. Pue <a href=\"https:\/\/www.cirquedusoleil.com\/es\/cirqueconnect\" target=\"_blank\" rel=\"noopener noreferrer\">vese tami\u00e9n al travi\u00e9s\u00a0 de la so p\u00e1xina web.<\/a><\/p>\n<p><a href=\"https:\/\/www.cirquedusoleil.com\/es\/cirqueconnect\" target=\"_blank\" rel=\"noopener noreferrer\"><img loading=\"lazy\" decoding=\"async\" class=\"\" src=\"https:\/\/www.cirquedusoleil.com\/-\/media\/cds\/images\/shows\/corteo\/featured_hero\/corteo-hero.jpg?db=web&amp;la=es&amp;vs=1&amp;hash=C3E76D42CC9E0089420E768199503A1C28555CA5\" width=\"503\" height=\"186\" \/><\/a><\/p>\n<p>Canciu que nos presta muncho: <a href=\"https:\/\/www.youtube.com\/watch?v=anAef-VgZGI\" target=\"_blank\" rel=\"noopener noreferrer\"><strong><em>\u201cAlegr\u00eda\u201d.<\/em><\/strong><\/a><\/p>\n\n<!-- iframe plugin v.6.0 wordpress.org\/plugins\/iframe\/ -->\n<iframe loading=\"lazy\" width=\"588\" height=\"331\" src=\"https:\/\/www.youtube.com\/embed\/anAef-VgZGI\" scrolling=\"yes\" class=\"iframe-class\" frameborder=\"0\"><\/iframe>\n\n<\/div>\n","protected":false},"excerpt":{"rendered":"<p>Encamiento ver el \u201cCircu del Sol\u201d Tercer espect\u00e1culu online ufiert\u00e1u por El Circo del Sol al travi\u00e9s del so canal cirqueconnect. Espect\u00e1culu del vienres 17 d\u00b4abril\u00a0 Espect\u00e1culu del vienres 10 d\u00b4abril Espect\u00e1culu del vienres 3 d\u00b4abril Espect\u00e1culu del vienres 27 de marzu Ver CirqueConnect Ver canal de Youtube Ver recopilatoriu. Ver tami\u00e9n nel canal CirqueConnect [&hellip;]<\/p>\n","protected":false},"author":117,"featured_media":0,"parent":299,"menu_order":0,"comment_status":"closed","ping_status":"closed","template":"","meta":{"footnotes":""},"class_list":["post-628","page","type-page","status-publish","hentry"],"_links":{"self":[{"href":"https:\/\/edublog.educastur.es\/ixuxu\/wp-json\/wp\/v2\/pages\/628","targetHints":{"allow":["GET"]}}],"collection":[{"href":"https:\/\/edublog.educastur.es\/ixuxu\/wp-json\/wp\/v2\/pages"}],"about":[{"href":"https:\/\/edublog.educastur.es\/ixuxu\/wp-json\/wp\/v2\/types\/page"}],"author":[{"embeddable":true,"href":"https:\/\/edublog.educastur.es\/ixuxu\/wp-json\/wp\/v2\/users\/117"}],"replies":[{"embeddable":true,"href":"https:\/\/edublog.educastur.es\/ixuxu\/wp-json\/wp\/v2\/comments?post=628"}],"version-history":[{"count":1,"href":"https:\/\/edublog.educastur.es\/ixuxu\/wp-json\/wp\/v2\/pages\/628\/revisions"}],"predecessor-version":[{"id":629,"href":"https:\/\/edublog.educastur.es\/ixuxu\/wp-json\/wp\/v2\/pages\/628\/revisions\/629"}],"up":[{"embeddable":true,"href":"https:\/\/edublog.educastur.es\/ixuxu\/wp-json\/wp\/v2\/pages\/299"}],"wp:attachment":[{"href":"https:\/\/edublog.educastur.es\/ixuxu\/wp-json\/wp\/v2\/media?parent=628"}],"curies":[{"name":"wp","href":"https:\/\/api.w.org\/{rel}","templated":true}]}}