{"id":63324,"date":"2025-12-10T19:58:00","date_gmt":"2025-12-10T17:58:00","guid":{"rendered":"https:\/\/edublog.educastur.es\/ixuxu\/?page_id=63324"},"modified":"2025-12-10T20:08:50","modified_gmt":"2025-12-10T18:08:50","slug":"verdina-ii","status":"publish","type":"page","link":"https:\/\/edublog.educastur.es\/ixuxu\/musica\/verdina-el-musical\/verdina-ii\/","title":{"rendered":"Verdina II"},"content":{"rendered":"<p style=\"text-align: center\"><span style=\"font-size: 20px\"><em><span style=\"color: #008080\">Verdina &#8211; Podcast musical n&#8217;asturianu <strong>Temporada 2\u00a0<\/strong><\/span> <\/em><\/span><\/p>\n<p style=\"text-align: center\"><a href=\"https:\/\/www.elarcademozart.com\/la-faba-cosmica-verdina-t2\/\"><span style=\"color: #008080;font-size: 20px\"><strong><em>VERDINA TEMPORADA 2 <\/em><\/strong><\/span><\/a><\/p>\n<ul>\n<li>Colaboren: B\u00e1rbara Fuentes &#8211; Mezzosoprano, Eugenio Otero Vega &#8211; Gaita, Vero Rubio &#8211; trompeta, Javier San Marcos &#8211; baxu y voz, David Palicio -Ilustraciones, Andy da Silva &#8211; Producci\u00f3n.<\/li>\n<li>Idea orixinal, creaci\u00f3n y composici\u00f3n &#8211; <strong>Miguel Garcia y Monica Jivanescu, El Arca de Mozart.<\/strong><\/li>\n<\/ul>\n<p style=\"text-align: center\"><a href=\"https:\/\/image.jimcdn.com\/app\/cms\/image\/transf\/dimension=960x10000:format=jpg\/path\/s430a031a8a1af116\/image\/i1319e1bbc5477ab6\/version\/1761820684\/image.jpg\"><img loading=\"lazy\" decoding=\"async\" class=\"aligncenter \" src=\"https:\/\/image.jimcdn.com\/app\/cms\/image\/transf\/dimension=960x10000:format=jpg\/path\/s430a031a8a1af116\/image\/i1319e1bbc5477ab6\/version\/1761820684\/image.jpg\" width=\"383\" height=\"542\" \/><\/a><\/p>\n<ul>\n<li class=\"style-scope ytd-watch-metadata\"><strong><span style=\"font-size: 20px\"><a href=\"https:\/\/youtu.be\/s7AE7R-YbFY\">Verdina. T2E1. Folixa<\/a><\/span><\/strong><\/li>\n<\/ul>\n<p style=\"text-align: center\">\n<!-- iframe plugin v.6.0 wordpress.org\/plugins\/iframe\/ -->\n<iframe loading=\"lazy\" width=\"100%\" height=\"484\" src=\"https:\/\/www.youtube.com\/embed\/s7AE7R-YbFY\" title=\"Verdina. T2E1. Folixa\" frameborder=\"0\" allow=\"accelerometer; autoplay; clipboard-write; encrypted-media; gyroscope; picture-in-picture; web-share\" referrerpolicy=\"strict-origin-when-cross-origin\" 0=\"allowfullscreen\" 1=\"\/iframe\" scrolling=\"yes\" class=\"iframe-class\"><\/iframe>\n<\/p>\n<ul>\n<li>\n<h1 class=\"style-scope ytd-watch-metadata\"><span style=\"font-size: 20px\"><a href=\"https:\/\/youtu.be\/MjSPvo0C60g\">Verdina. T2E2. Antroxu<\/a><\/span><\/h1>\n<\/li>\n<\/ul>\n<p style=\"text-align: center\">\n<!-- iframe plugin v.6.0 wordpress.org\/plugins\/iframe\/ -->\n<iframe loading=\"lazy\" width=\"100%\" height=\"484\" src=\"https:\/\/www.youtube.com\/embed\/MjSPvo0C60g\" title=\"Verdina. T2E2. Antroxu\" frameborder=\"0\" allow=\"accelerometer; autoplay; clipboard-write; encrypted-media; gyroscope; picture-in-picture; web-share\" referrerpolicy=\"strict-origin-when-cross-origin\" 0=\"allowfullscreen\" 1=\"\/iframe\" scrolling=\"yes\" class=\"iframe-class\"><\/iframe>\n<\/p>\n<ul>\n<li><strong><span style=\"font-size: 20px\"><a href=\"https:\/\/youtu.be\/UsHpp1OUdIs\">Verdina. T2E3. San Xuan<\/a><\/span><\/strong><\/li>\n<\/ul>\n<p style=\"text-align: center\">\n<!-- iframe plugin v.6.0 wordpress.org\/plugins\/iframe\/ -->\n<iframe loading=\"lazy\" width=\"100%\" height=\"484\" src=\"https:\/\/www.youtube.com\/embed\/UsHpp1OUdIs\" title=\"Verdina. T2E3. San Xuan\" frameborder=\"0\" allow=\"accelerometer; autoplay; clipboard-write; encrypted-media; gyroscope; picture-in-picture; web-share\" referrerpolicy=\"strict-origin-when-cross-origin\" 0=\"allowfullscreen\" 1=\"\/iframe\" scrolling=\"yes\" class=\"iframe-class\"><\/iframe>\n<\/p>\n<div id=\"masthead-container\" class=\"style-scope ytd-app\">\n<div id=\"container\" class=\"style-scope ytd-masthead\">\n<div id=\"start\" class=\"style-scope ytd-masthead\">\n<ul>\n<li class=\"stroke style-scope yt-interaction\"><a href=\"https:\/\/youtu.be\/2a0AjW4O2sE\"><span style=\"font-size: 20px\"><strong>Verdina. T2E4. Sama\u00edn<\/strong><\/span><\/a><\/li>\n<\/ul>\n<p style=\"text-align: center\">\n<!-- iframe plugin v.6.0 wordpress.org\/plugins\/iframe\/ -->\n<iframe loading=\"lazy\" width=\"100%\" height=\"484\" src=\"https:\/\/www.youtube.com\/embed\/2a0AjW4O2sE\" title=\"Verdina. T2E4. Sama\u00edn\" frameborder=\"0\" allow=\"accelerometer; autoplay; clipboard-write; encrypted-media; gyroscope; picture-in-picture; web-share\" referrerpolicy=\"strict-origin-when-cross-origin\" 0=\"allowfullscreen\" 1=\"\/iframe\" scrolling=\"yes\" class=\"iframe-class\"><\/iframe>\n<\/p>\n<ul>\n<li>\n<h1 class=\"style-scope ytd-watch-metadata\"><a href=\"https:\/\/youtu.be\/qcdYZNiePSk\"><span style=\"font-size: 20px\">Verdina. T2E5. Navid\u00e1<\/span><\/a><\/h1>\n<\/li>\n<\/ul>\n<p style=\"text-align: center\">\n<!-- iframe plugin v.6.0 wordpress.org\/plugins\/iframe\/ -->\n<iframe loading=\"lazy\" width=\"100%\" height=\"484\" src=\"https:\/\/www.youtube.com\/embed\/qcdYZNiePSk\" title=\"Verdina. T2E5. Navid\u00e1\" frameborder=\"0\" allow=\"accelerometer; autoplay; clipboard-write; encrypted-media; gyroscope; picture-in-picture; web-share\" referrerpolicy=\"strict-origin-when-cross-origin\" 0=\"allowfullscreen\" 1=\"\/iframe\" scrolling=\"yes\" class=\"iframe-class\"><\/iframe>\n<\/p>\n<ul>\n<li>\n<h1 class=\"style-scope ytd-watch-metadata\"><a href=\"https:\/\/youtu.be\/E-op0SsEFgA\"><span style=\"font-size: 20px\">Verdina. T2E6. Fartuqu\u00e9<\/span><\/a><\/h1>\n<\/li>\n<\/ul>\n<p style=\"text-align: center\">\n<!-- iframe plugin v.6.0 wordpress.org\/plugins\/iframe\/ -->\n<iframe loading=\"lazy\" width=\"100%\" height=\"484\" src=\"https:\/\/www.youtube.com\/embed\/E-op0SsEFgA\" title=\"Verdina. T2E6. Fartuqu\u00e9\" frameborder=\"0\" allow=\"accelerometer; autoplay; clipboard-write; encrypted-media; gyroscope; picture-in-picture; web-share\" referrerpolicy=\"strict-origin-when-cross-origin\" 0=\"allowfullscreen\" 1=\"\/iframe\" scrolling=\"yes\" class=\"iframe-class\"><\/iframe>\n<\/p>\n<\/div>\n<\/div>\n<\/div>\n<p>&nbsp;<\/p>\n<p>&nbsp;<\/p>\n","protected":false},"excerpt":{"rendered":"<p>Verdina &#8211; Podcast musical n&#8217;asturianu Temporada 2\u00a0 VERDINA TEMPORADA 2 Colaboren: B\u00e1rbara Fuentes &#8211; Mezzosoprano, Eugenio Otero Vega &#8211; Gaita, Vero Rubio &#8211; trompeta, Javier San Marcos &#8211; baxu y voz, David Palicio -Ilustraciones, Andy da Silva &#8211; Producci\u00f3n. Idea orixinal, creaci\u00f3n y composici\u00f3n &#8211; Miguel Garcia y Monica Jivanescu, El Arca de Mozart. Verdina. [&hellip;]<\/p>\n","protected":false},"author":117,"featured_media":0,"parent":34324,"menu_order":0,"comment_status":"closed","ping_status":"closed","template":"","meta":{"footnotes":""},"class_list":["post-63324","page","type-page","status-publish","hentry"],"_links":{"self":[{"href":"https:\/\/edublog.educastur.es\/ixuxu\/wp-json\/wp\/v2\/pages\/63324","targetHints":{"allow":["GET"]}}],"collection":[{"href":"https:\/\/edublog.educastur.es\/ixuxu\/wp-json\/wp\/v2\/pages"}],"about":[{"href":"https:\/\/edublog.educastur.es\/ixuxu\/wp-json\/wp\/v2\/types\/page"}],"author":[{"embeddable":true,"href":"https:\/\/edublog.educastur.es\/ixuxu\/wp-json\/wp\/v2\/users\/117"}],"replies":[{"embeddable":true,"href":"https:\/\/edublog.educastur.es\/ixuxu\/wp-json\/wp\/v2\/comments?post=63324"}],"version-history":[{"count":4,"href":"https:\/\/edublog.educastur.es\/ixuxu\/wp-json\/wp\/v2\/pages\/63324\/revisions"}],"predecessor-version":[{"id":63328,"href":"https:\/\/edublog.educastur.es\/ixuxu\/wp-json\/wp\/v2\/pages\/63324\/revisions\/63328"}],"up":[{"embeddable":true,"href":"https:\/\/edublog.educastur.es\/ixuxu\/wp-json\/wp\/v2\/pages\/34324"}],"wp:attachment":[{"href":"https:\/\/edublog.educastur.es\/ixuxu\/wp-json\/wp\/v2\/media?parent=63324"}],"curies":[{"name":"wp","href":"https:\/\/api.w.org\/{rel}","templated":true}]}}