{"id":64949,"date":"2026-01-02T21:36:35","date_gmt":"2026-01-02T19:36:35","guid":{"rendered":"https:\/\/edublog.educastur.es\/ixuxu\/?page_id=64949"},"modified":"2026-01-02T21:36:35","modified_gmt":"2026-01-02T19:36:35","slug":"03_marzu","status":"publish","type":"page","link":"https:\/\/edublog.educastur.es\/ixuxu\/archivu-blogue\/articulos\/2024-2\/03_marzu\/","title":{"rendered":"03_Marzu"},"content":{"rendered":"<ul>\n<li><a href=\"https:\/\/edublog.educastur.es\/ixuxu\/2024\/03\/25254\/\">(sin t\u00edtulo)<\/a>\u00a0<span class=\"post-date\">31\/03\/2024<\/span><\/li>\n<li><a href=\"https:\/\/edublog.educastur.es\/ixuxu\/2024\/03\/ana-de-les-teyes-verdes\/\">Ana de les Teyes Verdes<\/a>\u00a0<span class=\"post-date\">31\/03\/2024<\/span><\/li>\n<li><a href=\"https:\/\/edublog.educastur.es\/ixuxu\/2024\/03\/25256\/\">(sin t\u00edtulo)<\/a>\u00a0<span class=\"post-date\">28\/03\/2024<\/span><\/li>\n<li><a href=\"https:\/\/edublog.educastur.es\/ixuxu\/2024\/03\/shakira-paraliza-la-plaza-de-time-square\/\">Shakira paraliza la plaza de Time Square (N. Y.)<\/a>\u00a0<span class=\"post-date\">27\/03\/2024<\/span><\/li>\n<li><a href=\"https:\/\/edublog.educastur.es\/ixuxu\/2024\/03\/25030\/\">(sin t\u00edtulo)<\/a>\u00a0<span class=\"post-date\">27\/03\/2024<\/span><\/li>\n<li><a href=\"https:\/\/edublog.educastur.es\/ixuxu\/2024\/03\/la-flor-de-l-lena\/\">XIX Merc\u00e1u Tradicional de La Flor de L.lena<\/a>\u00a0<span class=\"post-date\">26\/03\/2024<\/span><\/li>\n<li><a href=\"https:\/\/edublog.educastur.es\/ixuxu\/2024\/03\/la-pandereta\/\">La pandereta<\/a>\u00a0<span class=\"post-date\">26\/03\/2024<\/span><\/li>\n<li><a href=\"https:\/\/edublog.educastur.es\/ixuxu\/2024\/03\/la-primavera\/\">La primavera\u2026<\/a>\u00a0<span class=\"post-date\">26\/03\/2024<\/span><\/li>\n<li><a href=\"https:\/\/edublog.educastur.es\/ixuxu\/2024\/03\/25386\/\">(sin t\u00edtulo)<\/a>\u00a0<span class=\"post-date\">26\/03\/2024<\/span><\/li>\n<li><a href=\"https:\/\/edublog.educastur.es\/ixuxu\/2024\/03\/asturchips\/\">ASTURCHIPS<\/a>\u00a0<span class=\"post-date\">26\/03\/2024<\/span><\/li>\n<li><a href=\"https:\/\/edublog.educastur.es\/ixuxu\/2024\/03\/fiesta-dinteres-turisticu-del-principau-dasturies\/\">Fiesta d\u2019Inter\u00e9s Turisticu del Princip\u00e1u d\u2019Asturies: Primera Flor<\/a>\u00a0<span class=\"post-date\">26\/03\/2024<\/span><\/li>\n<li><a href=\"https:\/\/edublog.educastur.es\/ixuxu\/2024\/03\/folixa-na-primavera-en-mieres\/\">Folixa na Primavera en Mieres.<\/a>\u00a0<span class=\"post-date\">26\/03\/2024<\/span><\/li>\n<li><a href=\"https:\/\/edublog.educastur.es\/ixuxu\/2024\/03\/el-bollu-de-pascua-daviles-toa-una-tradicion-nestes-feches\/\">El Bollu de Pascua d\u2019Avil\u00e9s, toa una tradici\u00f3n nestes feches.<\/a>\u00a0<span class=\"post-date\">26\/03\/2024<\/span><\/li>\n<li><a href=\"https:\/\/edublog.educastur.es\/ixuxu\/2024\/03\/dia-mundial-del-clima-2\/\">D\u00eda Mundial del Clima<\/a>\u00a0<span class=\"post-date\">26\/03\/2024<\/span><\/li>\n<li><a href=\"https:\/\/edublog.educastur.es\/ixuxu\/2024\/03\/25300\/\">D\u00eda de los Autores Europeos<\/a>\u00a0<span class=\"post-date\">25\/03\/2024<\/span><\/li>\n<li><a href=\"https:\/\/edublog.educastur.es\/ixuxu\/2024\/03\/25339\/\">(sin t\u00edtulo)<\/a>\u00a0<span class=\"post-date\">25\/03\/2024<\/span><\/li>\n<li><a href=\"https:\/\/edublog.educastur.es\/ixuxu\/2024\/03\/meyor-cancion-folk-de-la-musica-asturiana-2024-perdayuri\/\">\u201cMeyor canci\u00f3n Folk\u201d de la m\u00fasica asturiana 2024: \u201cPerdayuri\u201d.<\/a>\u00a0<span class=\"post-date\">24\/03\/2024<\/span><\/li>\n<li><a href=\"https:\/\/edublog.educastur.es\/ixuxu\/2024\/03\/25342\/\">(sin t\u00edtulo)<\/a>\u00a0<span class=\"post-date\">24\/03\/2024<\/span><\/li>\n<li><a href=\"https:\/\/edublog.educastur.es\/ixuxu\/2024\/03\/25376\/\">Nueva pel\u00edcula anim\u00e1 \u00abOri\u00f3n y l\u2019escurid\u00e1\u00bb<\/a>\u00a0<span class=\"post-date\">23\/03\/2024<\/span><\/li>\n<li><a href=\"https:\/\/edublog.educastur.es\/ixuxu\/2024\/03\/25360\/\">El turismu internacional ????? n\u2019Asturies un 12% en plena temporada baxa<\/a>\u00a0<span class=\"post-date\">23\/03\/2024<\/span><\/li>\n<li><a href=\"https:\/\/edublog.educastur.es\/ixuxu\/2024\/03\/estau-del-tiempu-nasturies-26\/\">Est\u00e1u del tiempu n\u2019Asturies<\/a>\u00a0<span class=\"post-date\">23\/03\/2024<\/span><\/li>\n<li><a href=\"https:\/\/edublog.educastur.es\/ixuxu\/2024\/03\/24947\/\">(sin t\u00edtulo)<\/a>\u00a0<span class=\"post-date\">23\/03\/2024<\/span><\/li>\n<li><a href=\"https:\/\/edublog.educastur.es\/ixuxu\/2024\/03\/vos-nuevu-discu-del-duo-l-r\/\">\u00abL.luna\u00bb del d\u00fao L-R<\/a>\u00a0<span class=\"post-date\">22\/03\/2024<\/span><\/li>\n<li><a href=\"https:\/\/edublog.educastur.es\/ixuxu\/2024\/03\/estampes-asturianes-el-llagar-2\/\">Estampes asturianes: El llagar<\/a>\u00a0<span class=\"post-date\">22\/03\/2024<\/span><\/li>\n<li><a href=\"https:\/\/edublog.educastur.es\/ixuxu\/2024\/03\/25213\/\">(sin t\u00edtulo)<\/a>\u00a0<span class=\"post-date\">22\/03\/2024<\/span><\/li>\n<li><a href=\"https:\/\/edublog.educastur.es\/ixuxu\/2024\/03\/25391\/\">D\u00eda Mundial de la poes\u00eda n\u2019asturianu<\/a>\u00a0<span class=\"post-date\">21\/03\/2024<\/span><\/li>\n<li><a href=\"https:\/\/edublog.educastur.es\/ixuxu\/2024\/03\/poemes-nasturianu\/\">Poemes n\u2019asturianu<\/a>\u00a0<span class=\"post-date\">21\/03\/2024<\/span><\/li>\n<li><a href=\"https:\/\/edublog.educastur.es\/ixuxu\/2024\/03\/25325\/\">\u00c1lbumes illustraos<\/a>\u00a0<span class=\"post-date\">21\/03\/2024<\/span><\/li>\n<li><a href=\"https:\/\/edublog.educastur.es\/ixuxu\/2024\/03\/dia-mundial-de-la-poesia-3\/\">D\u00eda mundial de la poes\u00eda<\/a>\u00a0<span class=\"post-date\">21\/03\/2024<\/span><\/li>\n<li><a href=\"https:\/\/edublog.educastur.es\/ixuxu\/2024\/03\/24925\/\">(sin t\u00edtulo)<\/a>\u00a0<span class=\"post-date\">21\/03\/2024<\/span><\/li>\n<li><a href=\"https:\/\/edublog.educastur.es\/ixuxu\/2024\/03\/dia-internacional-de-la-llingua-materna-5\/\">D\u00eda Internacional de la Llingua Materna<\/a>\u00a0<span class=\"post-date\">21\/03\/2024<\/span><\/li>\n<li><a href=\"https:\/\/edublog.educastur.es\/ixuxu\/2024\/03\/25313\/\">Poemas: \u00abTen\u00edemos un Palaciu\u00bb<\/a>\u00a0<span class=\"post-date\">20\/03\/2024<\/span><\/li>\n<li><a href=\"https:\/\/edublog.educastur.es\/ixuxu\/2024\/03\/una-vergona\/\">Una vergo\u00f1a\u2026<\/a>\u00a0<span class=\"post-date\">20\/03\/2024<\/span><\/li>\n<li><a href=\"https:\/\/edublog.educastur.es\/ixuxu\/2024\/03\/una-semeya-de-postal-cola-xente-trabayando-na-yerba\/\">Una semeya de postal, cola xente trabayando na yerba<\/a>\u00a0<span class=\"post-date\">20\/03\/2024<\/span><\/li>\n<li><a href=\"https:\/\/edublog.educastur.es\/ixuxu\/2024\/03\/25295\/\">Esperanza de vida n\u2019Asturies: 82,5 a\u00f1os<\/a>\u00a0<span class=\"post-date\">20\/03\/2024<\/span><\/li>\n<li><a href=\"https:\/\/edublog.educastur.es\/ixuxu\/2024\/03\/dia-internacional-de-la-felicida\/\">D\u00eda Internacional de la Felicid\u00e1<\/a>\u00a0<span class=\"post-date\">20\/03\/2024<\/span><\/li>\n<li><a href=\"https:\/\/edublog.educastur.es\/ixuxu\/2024\/03\/25216\/\">(sin t\u00edtulo)<\/a>\u00a0<span class=\"post-date\">20\/03\/2024<\/span><\/li>\n<li><a href=\"https:\/\/edublog.educastur.es\/ixuxu\/2024\/03\/dia-de-la-narracion-oral\/\">D\u00eda de la Narraci\u00f3n Oral<\/a>\u00a0<span class=\"post-date\">19\/03\/2024<\/span><\/li>\n<li><a href=\"https:\/\/edublog.educastur.es\/ixuxu\/2024\/03\/25278\/\">(sin t\u00edtulo)<\/a>\u00a0<span class=\"post-date\">19\/03\/2024<\/span><\/li>\n<li><a href=\"https:\/\/edublog.educastur.es\/ixuxu\/2024\/03\/25273\/\">D\u00eda Internacional de la Llingua Materna 2024<\/a>\u00a0<span class=\"post-date\">19\/03\/2024<\/span><\/li>\n<li><a href=\"https:\/\/edublog.educastur.es\/ixuxu\/2024\/03\/dicires-7\/\">Dicires<\/a>\u00a0<span class=\"post-date\">19\/03\/2024<\/span><\/li>\n<li><a href=\"https:\/\/edublog.educastur.es\/ixuxu\/2024\/03\/25228\/\">(sin t\u00edtulo)<\/a>\u00a0<span class=\"post-date\">18\/03\/2024<\/span><\/li>\n<li><a href=\"https:\/\/edublog.educastur.es\/ixuxu\/2024\/03\/25235\/\">\u2018Xix\u00f3n, una ciud\u00e1 abierta a la mar\u2019<\/a>\u00a0<span class=\"post-date\">18\/03\/2024<\/span><\/li>\n<li><a href=\"https:\/\/edublog.educastur.es\/ixuxu\/2024\/03\/xiv-bocados-taraganos-del-cofrade\/\">XIV Bocados\/taraga\u00f1os del C\u00f3frade<\/a>\u00a0<span class=\"post-date\">18\/03\/2024<\/span><\/li>\n<li><a href=\"https:\/\/edublog.educastur.es\/ixuxu\/2024\/03\/25211\/\">(sin t\u00edtulo)<\/a>\u00a0<span class=\"post-date\">18\/03\/2024<\/span><\/li>\n<li><a href=\"https:\/\/edublog.educastur.es\/ixuxu\/2024\/03\/25192\/\">\u00c1lbum de cromos de chicolate La Cibeles<\/a>\u00a0<span class=\"post-date\">18\/03\/2024<\/span><\/li>\n<li><a href=\"https:\/\/edublog.educastur.es\/ixuxu\/2024\/03\/ultimu-dia-de-mazcaraes-diviernu-en-valdesoto-siero\/\">XIV Xornaes de Mazcaraes d\u2019Inviernu en Valdesoto y Siero<\/a>\u00a0<span class=\"post-date\">17\/03\/2024<\/span><\/li>\n<li><a href=\"https:\/\/edublog.educastur.es\/ixuxu\/2024\/03\/dia-del-comic-y-del-tebeo\/\">D\u00eda del c\u00f3mic y del tebeo<\/a>\u00a0<span class=\"post-date\">17\/03\/2024<\/span><\/li>\n<li><a href=\"https:\/\/edublog.educastur.es\/ixuxu\/2024\/03\/cafe-galletines-y-cuentinos-en-pilona\/\">\u00abCafe, galletines y cuentinos\u00bb en Pilo\u00f1a<\/a>\u00a0<span class=\"post-date\">16\/03\/2024<\/span><\/li>\n<li><a href=\"https:\/\/edublog.educastur.es\/ixuxu\/2024\/03\/lultimu-coche-volador-xapones-llamase-skydrive\/\">L\u2019\u00faltimu \u00abcoche volador\u00bb xapon\u00e9s: SkyDrive<\/a>\u00a0<span class=\"post-date\">16\/03\/2024<\/span><\/li>\n<li><a href=\"https:\/\/edublog.educastur.es\/ixuxu\/2024\/03\/25175\/\">(sin t\u00edtulo)<\/a>\u00a0<span class=\"post-date\">15\/03\/2024<\/span><\/li>\n<li><a href=\"https:\/\/edublog.educastur.es\/ixuxu\/2024\/03\/visita-la-expo-xigante-de-guevos-pintos\/\">Visita la Expo xigante de G\u00fcevos Pintos<\/a>\u00a0<span class=\"post-date\">15\/03\/2024<\/span><\/li>\n<li><a href=\"https:\/\/edublog.educastur.es\/ixuxu\/2024\/03\/suenu-suanu\/\">Poema: \u00abSue\u00f1u\/Sua\u00f1u\u00bb<\/a>\u00a0<span class=\"post-date\">15\/03\/2024<\/span><\/li>\n<li><a href=\"https:\/\/edublog.educastur.es\/ixuxu\/2024\/03\/evolucion-nun-dibuxu-en-llibros-de-chistes-asturianos\/\">Evoluci\u00f3n nun dibuxu en llibros de chistes asturianos.<\/a>\u00a0<span class=\"post-date\">15\/03\/2024<\/span><\/li>\n<li><a href=\"https:\/\/edublog.educastur.es\/ixuxu\/2024\/03\/homenxe-a-alfosno\/\">Homenaxe a Alfonso Iglesias<\/a>\u00a0<span class=\"post-date\">15\/03\/2024<\/span><\/li>\n<li><a href=\"https:\/\/edublog.educastur.es\/ixuxu\/2024\/03\/planta-herbal-quitameriendas-o-espantapastores\/\">Planta herbal: quitameriendas o espantapastores<\/a>\u00a0<span class=\"post-date\">15\/03\/2024<\/span><\/li>\n<li><a href=\"https:\/\/edublog.educastur.es\/ixuxu\/2024\/03\/25149\/\">Unu de los mayores defensores de la biodiversid\u00e1 nel nuesu pa\u00eds<\/a>\u00a0<span class=\"post-date\">15\/03\/2024<\/span><\/li>\n<li><a href=\"https:\/\/edublog.educastur.es\/ixuxu\/2024\/03\/el-financial-times-encamienta-visitar-asturies-esti-branu\/\">El Financial Times encamienta visitar Asturies esti branu<\/a>\u00a0<span class=\"post-date\">15\/03\/2024<\/span><\/li>\n<li><a href=\"https:\/\/edublog.educastur.es\/ixuxu\/2024\/03\/dia-mundial-del-suenu\/\">D\u00eda Mundial del sue\u00f1u<\/a>\u00a0<span class=\"post-date\">15\/03\/2024<\/span><\/li>\n<li><a href=\"https:\/\/edublog.educastur.es\/ixuxu\/2024\/03\/25108\/\">(sin t\u00edtulo)<\/a>\u00a0<span class=\"post-date\">15\/03\/2024<\/span><\/li>\n<li><a href=\"https:\/\/edublog.educastur.es\/ixuxu\/2024\/03\/anuariu-2023-de-la-musica-asturiana\/\">Anuariu 2023 de la m\u00fasica asturiana<\/a>\u00a0<span class=\"post-date\">14\/03\/2024<\/span><\/li>\n<li><a href=\"https:\/\/edublog.educastur.es\/ixuxu\/2024\/03\/llan-de-cubel-grupu-de-musica\/\">Llan de Cubel, Musica Folk Tradicional d\u2019Asturies<\/a>\u00a0<span class=\"post-date\">14\/03\/2024<\/span><\/li>\n<li><a href=\"https:\/\/edublog.educastur.es\/ixuxu\/2024\/03\/el-96-de-les-empreses-asturianes-tienen-menos-de-diez-emplegaos\/\">El 96% de les empreses asturianes tienen menos de diez emplegaos<\/a>\u00a0<span class=\"post-date\">14\/03\/2024<\/span><\/li>\n<li><a href=\"https:\/\/edublog.educastur.es\/ixuxu\/2024\/03\/fred-warrior-ta-acabante-dasoleyar-pallabres-nasturianu\/\">Fred Warrior ta acabante d\u2019asoleyar \u00abPallabres n\u2019asturianu\u00bb<\/a>\u00a0<span class=\"post-date\">14\/03\/2024<\/span><\/li>\n<li><a href=\"https:\/\/edublog.educastur.es\/ixuxu\/2024\/03\/van-declarar-bic-la-danza-tradicional-asturiana\/\">Van declarar BIC la danza tradicional asturiana<\/a>\u00a0<span class=\"post-date\">14\/03\/2024<\/span><\/li>\n<li><a href=\"https:\/\/edublog.educastur.es\/ixuxu\/2024\/03\/evolucion-de-los-espacios-de-trabayu\/\">Evoluci\u00f3n de los espacios de trabayu<\/a>\u00a0<span class=\"post-date\">14\/03\/2024<\/span><\/li>\n<li><a href=\"https:\/\/edublog.educastur.es\/ixuxu\/2024\/03\/25092\/\">Pexes de collores<\/a>\u00a0<span class=\"post-date\">14\/03\/2024<\/span><\/li>\n<li><a href=\"https:\/\/edublog.educastur.es\/ixuxu\/2024\/03\/asturies-ama-la-poesia\/\">Asturies ama la poes\u00eda<\/a>\u00a0<span class=\"post-date\">14\/03\/2024<\/span><\/li>\n<li><a href=\"https:\/\/edublog.educastur.es\/ixuxu\/2024\/03\/25084\/\">Einstein naci\u00f3\u2019l 14 de marzu<\/a>\u00a0<span class=\"post-date\">14\/03\/2024<\/span><\/li>\n<li><a href=\"https:\/\/edublog.educastur.es\/ixuxu\/2024\/03\/25218\/\">Instrumentos ancestrales y lleendes escaec\u00edes<\/a>\u00a0<span class=\"post-date\">14\/03\/2024<\/span><\/li>\n<li><a href=\"https:\/\/edublog.educastur.es\/ixuxu\/2024\/03\/nasturies-producense-unes-20-variedaes-de-fabes\/\">N\u2019Asturies prod\u00facense unes 20 variedaes de fabes<\/a>\u00a0<span class=\"post-date\">14\/03\/2024<\/span><\/li>\n<li><a href=\"https:\/\/edublog.educastur.es\/ixuxu\/2024\/03\/25073\/\">David Varela y la so pasi\u00f3n pola m\u00fasica<\/a>\u00a0<span class=\"post-date\">14\/03\/2024<\/span><\/li>\n<li><a href=\"https:\/\/edublog.educastur.es\/ixuxu\/2024\/03\/dia-internacional-de-les-matematiques-3\/\">D\u00eda Internacional de les Matem\u00e1tiques<\/a>\u00a0<span class=\"post-date\">14\/03\/2024<\/span><\/li>\n<li><a href=\"https:\/\/edublog.educastur.es\/ixuxu\/2024\/03\/25095\/\">(sin t\u00edtulo)<\/a>\u00a0<span class=\"post-date\">14\/03\/2024<\/span><\/li>\n<li><a href=\"https:\/\/edublog.educastur.es\/ixuxu\/2024\/03\/28-dies-colgau-a-mas-de-6-000-metros\/\">28 d\u00edes colg\u00e1u a m\u00e1s de 6.000 metros.<\/a>\u00a0<span class=\"post-date\">13\/03\/2024<\/span><\/li>\n<li><a href=\"https:\/\/edublog.educastur.es\/ixuxu\/2024\/03\/24949\/\">(sin t\u00edtulo)<\/a>\u00a0<span class=\"post-date\">13\/03\/2024<\/span><\/li>\n<li><a href=\"https:\/\/edublog.educastur.es\/ixuxu\/2024\/03\/dia-mundial-del-agua-22-de-marzu\/\">D\u00eda Mundial de l\u2019agua, 22 de marzu<\/a>\u00a0<span class=\"post-date\">12\/03\/2024<\/span><\/li>\n<li><a href=\"https:\/\/edublog.educastur.es\/ixuxu\/2024\/03\/exemplu-de-menu-nasturianu\/\">Exemplu de men\u00fa n\u2019asturianu<\/a>\u00a0<span class=\"post-date\">12\/03\/2024<\/span><\/li>\n<li><a href=\"https:\/\/edublog.educastur.es\/ixuxu\/2024\/03\/una-depigrafia-de-primeru-de-los-astures\/\">Una d\u2019epigraf\u00eda de primeru de los \u00c1stures.<\/a>\u00a0<span class=\"post-date\">12\/03\/2024<\/span><\/li>\n<li><a href=\"https:\/\/edublog.educastur.es\/ixuxu\/2024\/03\/picos-deuropa\/\">Picos d\u2019Europa<\/a>\u00a0<span class=\"post-date\">12\/03\/2024<\/span><\/li>\n<li><a href=\"https:\/\/edublog.educastur.es\/ixuxu\/2024\/03\/25015\/\">(sin t\u00edtulo)<\/a>\u00a0<span class=\"post-date\">11\/03\/2024<\/span><\/li>\n<li><a href=\"https:\/\/edublog.educastur.es\/ixuxu\/2024\/03\/dia-mundial-de-la-fontaneria\/\">D\u00eda Mundial de la Fontaner\u00eda<\/a>\u00a0<span class=\"post-date\">11\/03\/2024<\/span><\/li>\n<li><a href=\"https:\/\/edublog.educastur.es\/ixuxu\/2024\/03\/coses-de-mafalda\/\">Coses de Mafalda<\/a>\u00a0<span class=\"post-date\">11\/03\/2024<\/span><\/li>\n<li><a href=\"https:\/\/edublog.educastur.es\/ixuxu\/2024\/03\/ave-al-paraisu\/\">AVE al Para\u00edsu<\/a>\u00a0<span class=\"post-date\">11\/03\/2024<\/span><\/li>\n<li><a href=\"https:\/\/edublog.educastur.es\/ixuxu\/2024\/03\/oscar-a-la-meyor-pelicula-danimacion\/\">OSCAR a la Meyor Pel\u00edcula d\u2019Animaci\u00f3n!<\/a>\u00a0<span class=\"post-date\">11\/03\/2024<\/span><\/li>\n<li><a href=\"https:\/\/edublog.educastur.es\/ixuxu\/2024\/03\/24922\/\">(sin t\u00edtulo)<\/a>\u00a0<span class=\"post-date\">11\/03\/2024<\/span><\/li>\n<li><a href=\"https:\/\/edublog.educastur.es\/ixuxu\/2024\/03\/estampes-dasturies-uvieu\/\">Estampes d\u2019Asturies: uvi\u00e9u<\/a>\u00a0<span class=\"post-date\">10\/03\/2024<\/span><\/li>\n<li><a href=\"https:\/\/edublog.educastur.es\/ixuxu\/2024\/03\/dia-de-bario-bros\/\">D\u00eda de Mario Bros<\/a>\u00a0<span class=\"post-date\">10\/03\/2024<\/span><\/li>\n<li><a href=\"https:\/\/edublog.educastur.es\/ixuxu\/2024\/03\/24993\/\">(sin t\u00edtulo)<\/a>\u00a0<span class=\"post-date\">09\/03\/2024<\/span><\/li>\n<li><a href=\"https:\/\/edublog.educastur.es\/ixuxu\/2024\/03\/planu-duvieu-nel-sieglu-xv\/\">Planu d\u2019Uvi\u00e9u nel Sieglu XV<\/a>\u00a0<span class=\"post-date\">09\/03\/2024<\/span><\/li>\n<li><a href=\"https:\/\/edublog.educastur.es\/ixuxu\/2024\/03\/poesia-guapa-en-la-fea\/\">Poes\u00eda guapa en la FEA<\/a>\u00a0<span class=\"post-date\">09\/03\/2024<\/span><\/li>\n<li><a href=\"https:\/\/edublog.educastur.es\/ixuxu\/2024\/03\/dia-mundial-de-la-tortiella-de-pataques\/\">D\u00eda Mundial de la Tortiella de Pataques<\/a>\u00a0<span class=\"post-date\">09\/03\/2024<\/span><\/li>\n<li><a href=\"https:\/\/edublog.educastur.es\/ixuxu\/2024\/03\/imparables-nel-dia-internacional-de-la-muyer\/\">Imparables nel D\u00eda Internacional de la Muyer<\/a>\u00a0<span class=\"post-date\">08\/03\/2024<\/span><\/li>\n<li><a href=\"https:\/\/edublog.educastur.es\/ixuxu\/2024\/03\/dia-mundial-de-los-cereales\/\">D\u00eda Mundial de los cereales<\/a>\u00a0<span class=\"post-date\">08\/03\/2024<\/span><\/li>\n<li><a href=\"https:\/\/edublog.educastur.es\/ixuxu\/2024\/03\/25177\/\">Una socied\u00e1 m\u00e1s igualitaria<\/a>\u00a0<span class=\"post-date\">08\/03\/2024<\/span><\/li>\n<li><a href=\"https:\/\/edublog.educastur.es\/ixuxu\/2024\/03\/espresion-dando-tira\/\">Espresi\u00f3n: \u00abDando tira\u00bb<\/a>\u00a0<span class=\"post-date\">08\/03\/2024<\/span><\/li>\n<li><a href=\"https:\/\/edublog.educastur.es\/ixuxu\/2024\/03\/24973\/\">(sin t\u00edtulo)<\/a>\u00a0<span class=\"post-date\">07\/03\/2024<\/span><\/li>\n<li><a href=\"https:\/\/edublog.educastur.es\/ixuxu\/2024\/03\/el-robecu\/\">El robecu<\/a>\u00a0<span class=\"post-date\">07\/03\/2024<\/span><\/li>\n<li><a href=\"https:\/\/edublog.educastur.es\/ixuxu\/2024\/03\/el-fontan\/\">El vieyu Font\u00e1n<\/a>\u00a0<span class=\"post-date\">07\/03\/2024<\/span><\/li>\n<li><a href=\"https:\/\/edublog.educastur.es\/ixuxu\/2024\/03\/xiv-xornaes-de-mazcaraes-diviernu\/\">XIV Xornaes de Mazcaraes d\u2019iviernu.<\/a>\u00a0<span class=\"post-date\">07\/03\/2024<\/span><\/li>\n<li><a href=\"https:\/\/edublog.educastur.es\/ixuxu\/2024\/03\/los-estrufinos\/\">Los Estrunfinos<\/a>\u00a0<span class=\"post-date\">07\/03\/2024<\/span><\/li>\n<li><a href=\"https:\/\/edublog.educastur.es\/ixuxu\/2024\/03\/25026\/\">\u00abSan Patricio\u00bb, himnu oficial de los desfiles<\/a>\u00a0<span class=\"post-date\">07\/03\/2024<\/span><\/li>\n<li><a href=\"https:\/\/edublog.educastur.es\/ixuxu\/2024\/03\/dia-mundial-del-campu\/\">D\u00eda Mundial del Campu<\/a>\u00a0<span class=\"post-date\">07\/03\/2024<\/span><\/li>\n<li><a href=\"https:\/\/edublog.educastur.es\/ixuxu\/2024\/03\/dia-mundial-de-la-llectura\/\">D\u00eda Mundial de la llectura<\/a>\u00a0<span class=\"post-date\">07\/03\/2024<\/span><\/li>\n<li><a href=\"https:\/\/edublog.educastur.es\/ixuxu\/2024\/03\/24905\/\">(sin t\u00edtulo)<\/a>\u00a0<span class=\"post-date\">07\/03\/2024<\/span><\/li>\n<li><a href=\"https:\/\/edublog.educastur.es\/ixuxu\/2024\/03\/estampes-duvieu-los-llimpiabotes-dantano\/\">Estampes d\u2019Uvi\u00e9u: Los llimpiabotes d\u2019anta\u00f1o<\/a>\u00a0<span class=\"post-date\">06\/03\/2024<\/span><\/li>\n<li><a href=\"https:\/\/edublog.educastur.es\/ixuxu\/2024\/03\/liviernu-arrecia-nasturies\/\">L\u2019iviernu arrecia n\u2019Asturies<\/a>\u00a0<span class=\"post-date\">06\/03\/2024<\/span><\/li>\n<li><a href=\"https:\/\/edublog.educastur.es\/ixuxu\/2024\/03\/la-cruz-de-la-victoria-simbolu-de-los-asturianos\/\">\u00a1La Cruz de la Victoria, s\u00edmbolu de los asturianos!<\/a>\u00a0<span class=\"post-date\">06\/03\/2024<\/span><\/li>\n<li><a href=\"https:\/\/edublog.educastur.es\/ixuxu\/2024\/03\/viaxe-al-corazon-de-los-arboles\/\">L\u2019\u00e1rbol, el mio amigu: un viaxe al coraz\u00f3n de los \u00e1rboles<\/a>\u00a0<span class=\"post-date\">06\/03\/2024<\/span><\/li>\n<li><a href=\"https:\/\/edublog.educastur.es\/ixuxu\/2024\/03\/24903\/\">(sin t\u00edtulo)<\/a>\u00a0<span class=\"post-date\">05\/03\/2024<\/span><\/li>\n<li><a href=\"https:\/\/edublog.educastur.es\/ixuxu\/2024\/03\/penatu-idolo-de-pena-tu-llanes\/\">Pe\u00f1at\u00fa: \u00cddolo de Pe\u00f1a T\u00fa (Llanes)<\/a>\u00a0<span class=\"post-date\">05\/03\/2024<\/span><\/li>\n<li><a href=\"https:\/\/edublog.educastur.es\/ixuxu\/2024\/03\/la-caravana-anfibia-que-te-dexa-viaxar-per-carretera-y-salear-en-mar-abiertu\/\">La caravana anfibia que te dexa viaxar per carretera y salear en mar abiertu<\/a>\u00a0<span class=\"post-date\">05\/03\/2024<\/span><\/li>\n<li><a href=\"https:\/\/edublog.educastur.es\/ixuxu\/2024\/03\/ella-construi-un-nial-perfectu-y-cria-una-formosa-cria-de-pitucos\/\">Ella constr\u00fai un nial perfectu y cr\u00eda una formosa cr\u00eda de pitucos<\/a>\u00a0<span class=\"post-date\">05\/03\/2024<\/span><\/li>\n<li><a href=\"https:\/\/edublog.educastur.es\/ixuxu\/2024\/03\/dia-mundial-de-la-eficiencia-enerxetica-2\/\">D\u00eda Mundial de la Eficiencia Enerx\u00e9tica<\/a>\u00a0<span class=\"post-date\">05\/03\/2024<\/span><\/li>\n<li><a href=\"https:\/\/edublog.educastur.es\/ixuxu\/2024\/03\/24852\/\">(sin t\u00edtulo)<\/a>\u00a0<span class=\"post-date\">05\/03\/2024<\/span><\/li>\n<li><a href=\"https:\/\/edublog.educastur.es\/ixuxu\/2024\/03\/vuelve-la-moda-de-los-chanclos\/\">Vuelve la moda de los chanclos<\/a>\u00a0<span class=\"post-date\">04\/03\/2024<\/span><\/li>\n<li><a href=\"https:\/\/edublog.educastur.es\/ixuxu\/2024\/03\/estampes-duvieu-uvieu-nos-anos-50\/\">Estampes d\u2019Uvi\u00e9u: Uvi\u00e9u nos a\u00f1os 50<\/a>\u00a0<span class=\"post-date\">04\/03\/2024<\/span><\/li>\n<li><a href=\"https:\/\/edublog.educastur.es\/ixuxu\/2024\/03\/24838\/\">(sin t\u00edtulo)<\/a>\u00a0<span class=\"post-date\">04\/03\/2024<\/span><\/li>\n<li><a href=\"https:\/\/edublog.educastur.es\/ixuxu\/2024\/03\/la-gaitona-la-gaita-mas-grande-del-mundu\/\">\u00abLa gaitona\u00bb, la gaita m\u00e1s grande del mundu<\/a>\u00a0<span class=\"post-date\">04\/03\/2024<\/span><\/li>\n<li><a href=\"https:\/\/edublog.educastur.es\/ixuxu\/2024\/03\/24826\/\">(sin t\u00edtulo)<\/a>\u00a0<span class=\"post-date\">04\/03\/2024<\/span><\/li>\n<li><a href=\"https:\/\/edublog.educastur.es\/ixuxu\/2024\/03\/el-tiempu-que-va-faer-nasturies\/\">El tiempu que va faer n\u2019Asturies<\/a>\u00a0<span class=\"post-date\">03\/03\/2024<\/span><\/li>\n<li><a href=\"https:\/\/edublog.educastur.es\/ixuxu\/2024\/03\/dia-mundial-de-la-vida-silvestre-y-de-la-naturaleza\/\">D\u00eda Mundial de la vida silvestre y de la naturaleza<\/a>\u00a0<span class=\"post-date\">03\/03\/2024<\/span><\/li>\n<li><a href=\"https:\/\/edublog.educastur.es\/ixuxu\/2024\/03\/dia-internacional-de-los-escritores\/\">D\u00eda Internacional de los Escritores.<\/a>\u00a0<span class=\"post-date\">03\/03\/2024<\/span><\/li>\n<li><a href=\"https:\/\/edublog.educastur.es\/ixuxu\/2024\/03\/estau-de-la-rede-de-carreteres-dasturies\/\">Est\u00e1u de la rede de carreteres d\u2019Asturies<\/a>\u00a0<span class=\"post-date\">02\/03\/2024<\/span><\/li>\n<li><a href=\"https:\/\/edublog.educastur.es\/ixuxu\/2024\/03\/caleao\/\">Caleao<\/a>\u00a0<span class=\"post-date\">02\/03\/2024<\/span><\/li>\n<li><a href=\"https:\/\/edublog.educastur.es\/ixuxu\/2024\/03\/el-tiempu-nasturies-6\/\">El Tiempu n\u2019Asturies<\/a>\u00a0<span class=\"post-date\">02\/03\/2024<\/span><\/li>\n<li><a href=\"https:\/\/edublog.educastur.es\/ixuxu\/2024\/03\/ultimu-dia-en-l-leitariegos-llion\/\">\u00daltimu d\u00eda en L.leitariegos (Lli\u00f3n)<\/a>\u00a0<span class=\"post-date\">01\/03\/2024<\/span><\/li>\n<li><a href=\"https:\/\/edublog.educastur.es\/ixuxu\/2024\/03\/dia-del-esquiador-en-fontes-diviernu\/\">D\u00eda del esquiador en Fontes d\u2019Iviernu y Valgrande-Payares<\/a>\u00a0<span class=\"post-date\">01\/03\/2024<\/span><\/li>\n<li><a href=\"https:\/\/edublog.educastur.es\/ixuxu\/2024\/03\/24927\/\">Biblioteca Nacional d\u2019Espa\u00f1a (BNE)<\/a>\u00a0<span class=\"post-date\">01\/03\/2024<\/span><\/li>\n<li><a href=\"https:\/\/edublog.educastur.es\/ixuxu\/2024\/03\/dia-mundial-para-la-cero-discriminacion\/\">D\u00eda Mundial para la Cero Discriminaci\u00f3n<\/a>\u00a0<span class=\"post-date\">01\/03\/2024<\/span><\/li>\n<\/ul>\n","protected":false},"excerpt":{"rendered":"<p>(sin t\u00edtulo)\u00a031\/03\/2024 Ana de les Teyes Verdes\u00a031\/03\/2024 (sin t\u00edtulo)\u00a028\/03\/2024 Shakira paraliza la plaza de Time Square (N. Y.)\u00a027\/03\/2024 (sin t\u00edtulo)\u00a027\/03\/2024 XIX Merc\u00e1u Tradicional de La Flor de L.lena\u00a026\/03\/2024 La pandereta\u00a026\/03\/2024 La primavera\u2026\u00a026\/03\/2024 (sin t\u00edtulo)\u00a026\/03\/2024 ASTURCHIPS\u00a026\/03\/2024 Fiesta d\u2019Inter\u00e9s Turisticu del Princip\u00e1u d\u2019Asturies: Primera Flor\u00a026\/03\/2024 Folixa na Primavera en Mieres.\u00a026\/03\/2024 El Bollu de Pascua d\u2019Avil\u00e9s, toa una [&hellip;]<\/p>\n","protected":false},"author":117,"featured_media":0,"parent":34967,"menu_order":0,"comment_status":"closed","ping_status":"closed","template":"","meta":{"footnotes":""},"class_list":["post-64949","page","type-page","status-publish","hentry"],"_links":{"self":[{"href":"https:\/\/edublog.educastur.es\/ixuxu\/wp-json\/wp\/v2\/pages\/64949","targetHints":{"allow":["GET"]}}],"collection":[{"href":"https:\/\/edublog.educastur.es\/ixuxu\/wp-json\/wp\/v2\/pages"}],"about":[{"href":"https:\/\/edublog.educastur.es\/ixuxu\/wp-json\/wp\/v2\/types\/page"}],"author":[{"embeddable":true,"href":"https:\/\/edublog.educastur.es\/ixuxu\/wp-json\/wp\/v2\/users\/117"}],"replies":[{"embeddable":true,"href":"https:\/\/edublog.educastur.es\/ixuxu\/wp-json\/wp\/v2\/comments?post=64949"}],"version-history":[{"count":1,"href":"https:\/\/edublog.educastur.es\/ixuxu\/wp-json\/wp\/v2\/pages\/64949\/revisions"}],"predecessor-version":[{"id":64950,"href":"https:\/\/edublog.educastur.es\/ixuxu\/wp-json\/wp\/v2\/pages\/64949\/revisions\/64950"}],"up":[{"embeddable":true,"href":"https:\/\/edublog.educastur.es\/ixuxu\/wp-json\/wp\/v2\/pages\/34967"}],"wp:attachment":[{"href":"https:\/\/edublog.educastur.es\/ixuxu\/wp-json\/wp\/v2\/media?parent=64949"}],"curies":[{"name":"wp","href":"https:\/\/api.w.org\/{rel}","templated":true}]}}