{"id":64963,"date":"2026-01-02T21:59:07","date_gmt":"2026-01-02T19:59:07","guid":{"rendered":"https:\/\/edublog.educastur.es\/ixuxu\/?page_id=64963"},"modified":"2026-01-02T21:59:07","modified_gmt":"2026-01-02T19:59:07","slug":"09_setiembre","status":"publish","type":"page","link":"https:\/\/edublog.educastur.es\/ixuxu\/archivu-blogue\/articulos\/2023-2\/09_setiembre\/","title":{"rendered":"09_Setiembre"},"content":{"rendered":"<ul>\n<li><\/li>\n<li><a href=\"https:\/\/edublog.educastur.es\/ixuxu\/2023\/09\/cumpleanos-de-mafalda\/\">59 Cumplea\u00f1os de Mafalda: Felicidaes!!!<\/a> <span class=\"post-date\">30\/09\/2023<\/span><\/li>\n<li><a href=\"https:\/\/edublog.educastur.es\/ixuxu\/2023\/09\/nancy-un-dia-cola-seleccion-espanola\/\">\u00abNancy, un d\u00eda cola Selecci\u00f3n Espa\u00f1ola\u00bb<\/a> <span class=\"post-date\">30\/09\/2023<\/span><\/li>\n<li><a href=\"https:\/\/edublog.educastur.es\/ixuxu\/2023\/09\/aitana-conviertese-na-primer-celebrida-mundial-cola-so-propia-muneca-nancy\/\">Aitana convi\u00e9rtese na \u00abprimer celebrid\u00e1 mundial\u00bb cola so propia mu\u00f1eca Nancy<\/a> <span class=\"post-date\">29\/09\/2023<\/span><\/li>\n<li><a href=\"https:\/\/edublog.educastur.es\/ixuxu\/2023\/09\/20-edicion-de-la-seronda-naviles\/\">20 edici\u00f3n de la Seronda n\u2019Avil\u00e9s<\/a> <span class=\"post-date\">29\/09\/2023<\/span><\/li>\n<li><a href=\"https:\/\/edublog.educastur.es\/ixuxu\/2023\/09\/festival-de-lablana-en-linfiestu\/\">52\u00ba Festival de l\u2019ablana en L\u2019Infiestu<\/a> <span class=\"post-date\">29\/09\/2023<\/span><\/li>\n<li><a href=\"https:\/\/edublog.educastur.es\/ixuxu\/2023\/09\/llena-a-esgalla\/\">Llena a esgaya<\/a> <span class=\"post-date\">27\/09\/2023<\/span><\/li>\n<li><a href=\"https:\/\/edublog.educastur.es\/ixuxu\/2023\/09\/taller-dorigami-nasturianu-nel-x-dia-de-la-reciella\/\">Taller d\u2019origami n\u2019asturianu nel X D\u00eda de la reciella<\/a> <span class=\"post-date\">27\/09\/2023<\/span><\/li>\n<li><a href=\"https:\/\/edublog.educastur.es\/ixuxu\/2023\/09\/lluna-de-collecha\/\">Lluna de collecha<\/a> <span class=\"post-date\">27\/09\/2023<\/span><\/li>\n<li><a href=\"https:\/\/edublog.educastur.es\/ixuxu\/2023\/09\/nuevos-pisos-con-forma-de-barcu\/\">Nuevos pisos con forma de barcu<\/a> <span class=\"post-date\">27\/09\/2023<\/span><\/li>\n<li><a href=\"https:\/\/edublog.educastur.es\/ixuxu\/2023\/09\/dia-europeu-de-les-llingues-3\/\">D\u00eda Europ\u00e9u de les lling\u00fces<\/a> <span class=\"post-date\">26\/09\/2023<\/span><\/li>\n<li><a href=\"https:\/\/edublog.educastur.es\/ixuxu\/2023\/09\/el-desarme-del-13-al-22-dochobre\/\">El Desarme, del 13 al 22 d\u2019ochobre<\/a> <span class=\"post-date\">25\/09\/2023<\/span><\/li>\n<li><a href=\"https:\/\/edublog.educastur.es\/ixuxu\/2023\/09\/les-plantes-constituin-el-80-de-los-alimentos-que-comemos\/\">Les plantes constit\u00fain el 80% de los alimentos que comemos.<\/a> <span class=\"post-date\">25\/09\/2023<\/span><\/li>\n<li><a href=\"https:\/\/edublog.educastur.es\/ixuxu\/2023\/09\/estau-del-tiempu-nasturies-15\/\">Est\u00e1u del tiempu n\u2019Asturies<\/a> <span class=\"post-date\">25\/09\/2023<\/span><\/li>\n<li><a href=\"https:\/\/edublog.educastur.es\/ixuxu\/2023\/09\/domina-lasertivida\/\">Domina l\u2019asertivid\u00e1<\/a> <span class=\"post-date\">24\/09\/2023<\/span><\/li>\n<li><a href=\"https:\/\/edublog.educastur.es\/ixuxu\/2023\/09\/indumentaria-2023-en-grau\/\">Indumentaria 2023 en Grau<\/a> <span class=\"post-date\">24\/09\/2023<\/span><\/li>\n<li><a href=\"https:\/\/edublog.educastur.es\/ixuxu\/2023\/09\/21995\/\">(sin t\u00edtulo)<\/a> <span class=\"post-date\">24\/09\/2023<\/span><\/li>\n<li><a href=\"https:\/\/edublog.educastur.es\/ixuxu\/2023\/09\/innovador-conceutu-de-megayate-un-barcu-con-forma-de-cisne-y-proa-desmontable-que-se-tresforma-nun-barcu-de-dia\/\">Innovador conceutu de megayate: un barcu con forma de cisne<\/a> <span class=\"post-date\">23\/09\/2023<\/span><\/li>\n<li><a href=\"https:\/\/edublog.educastur.es\/ixuxu\/2023\/09\/estau-del-tiempu-nasturies-14\/\">Est\u00e1u del tiempu n\u2019Asturies<\/a> <span class=\"post-date\">23\/09\/2023<\/span><\/li>\n<li><a href=\"https:\/\/edublog.educastur.es\/ixuxu\/2023\/09\/dia-mundial-de-lagricultura-ecoloxica\/\">D\u00eda Mundial de l\u2019Agricultura Ecol\u00f3xica<\/a> <span class=\"post-date\">23\/09\/2023<\/span><\/li>\n<li><a href=\"https:\/\/edublog.educastur.es\/ixuxu\/2023\/09\/la-desconocida-sablera-dasturies\/\">La desconocida sablera d\u2019Asturies\u2026<\/a> <span class=\"post-date\">23\/09\/2023<\/span><\/li>\n<li><a href=\"https:\/\/edublog.educastur.es\/ixuxu\/2023\/09\/22041\/\">(sin t\u00edtulo)<\/a> <span class=\"post-date\">23\/09\/2023<\/span><\/li>\n<li><a href=\"https:\/\/edublog.educastur.es\/ixuxu\/2023\/09\/tamos-en-seronda\/\">Tamos en seronda<\/a> <span class=\"post-date\">23\/09\/2023<\/span><\/li>\n<li><a href=\"https:\/\/edublog.educastur.es\/ixuxu\/2023\/09\/cosines-de-clas-la-seronda\/\">Cosines de clas: La seronda<\/a> <span class=\"post-date\">23\/09\/2023<\/span><\/li>\n<li><a href=\"https:\/\/edublog.educastur.es\/ixuxu\/2023\/09\/la-seronda-nel-hemisferiu-norte-empieza-esti-sabadu-y-va-durar-89-dies-y-21-hores\/\">La seronda nel hemisferiu norte empieza esti s\u00e1badu y va durar 89 d\u00edes y 21 hores<\/a> <span class=\"post-date\">23\/09\/2023<\/span><\/li>\n<li><a href=\"https:\/\/edublog.educastur.es\/ixuxu\/2023\/09\/otono-seronda\/\">Oto\u00f1o = Seronda<\/a> <span class=\"post-date\">23\/09\/2023<\/span><\/li>\n<li><a href=\"https:\/\/edublog.educastur.es\/ixuxu\/2023\/09\/conciertos-de-san-mateo-vanesa-martin\/\">Conciertos de San Mateo: Vanesa Mart\u00edn<\/a> <span class=\"post-date\">22\/09\/2023<\/span><\/li>\n<li><a href=\"https:\/\/edublog.educastur.es\/ixuxu\/2023\/09\/lotonu-o-seronda-d-antonio-vivaldi\/\">L\u2019oto\u00f1u o seronda d\u2019Antonio Vivaldi<\/a> <span class=\"post-date\">22\/09\/2023<\/span><\/li>\n<li><a href=\"https:\/\/edublog.educastur.es\/ixuxu\/2023\/09\/agropec-hastal-domingu-24-de-setiembre\/\">AGROPEC hasta\u2019l domingu 24 de setiembre<\/a> <span class=\"post-date\">22\/09\/2023<\/span><\/li>\n<li><a href=\"https:\/\/edublog.educastur.es\/ixuxu\/2023\/09\/21688\/\">(sin t\u00edtulo)<\/a> <span class=\"post-date\">22\/09\/2023<\/span><\/li>\n<li><a href=\"https:\/\/edublog.educastur.es\/ixuxu\/2023\/09\/xente-duvieu-tambor-y-gaita-y-los-dalredor-gaita-y-tambor\/\">\u00abXente d\u2019Uvi\u00e9u, tambor y gaita. Y los d\u2019alredor, gaita y tambor\u00bb.<\/a> <span class=\"post-date\">21\/09\/2023<\/span><\/li>\n<li><a href=\"https:\/\/edublog.educastur.es\/ixuxu\/2023\/09\/17086\/\">(sin t\u00edtulo)<\/a> <span class=\"post-date\">21\/09\/2023<\/span><\/li>\n<li><a href=\"https:\/\/edublog.educastur.es\/ixuxu\/2023\/09\/desfile-del-dia-damerica-nasturies\/\">Desfile del D\u00eda d\u2019Am\u00e9rica n\u2019Asturies<\/a> <span class=\"post-date\">19\/09\/2023<\/span><\/li>\n<li><a href=\"https:\/\/edublog.educastur.es\/ixuxu\/2023\/09\/desfile-dia-damerica-nasturies-uvieu\/\">Desfile D\u00eda d\u2019Am\u00e9rica n\u2019Asturies, Uvi\u00e9u.<\/a> <span class=\"post-date\">19\/09\/2023<\/span><\/li>\n<li><a href=\"https:\/\/edublog.educastur.es\/ixuxu\/2023\/09\/21671\/\">(sin t\u00edtulo)<\/a> <span class=\"post-date\">19\/09\/2023<\/span><\/li>\n<li><a href=\"https:\/\/edublog.educastur.es\/ixuxu\/2023\/09\/asturias-de-melendi\/\">\u00abAsturias\u00bb de Melendi (18 setiembre 2023)<\/a> <span class=\"post-date\">18\/09\/2023<\/span><\/li>\n<li><a href=\"https:\/\/edublog.educastur.es\/ixuxu\/2023\/09\/la-regalina-la-ermita-con-meyores-vistes-dasturies\/\">La Regalina, la ermita con meyores vistes d\u2019Asturies<\/a> <span class=\"post-date\">18\/09\/2023<\/span><\/li>\n<li><a href=\"https:\/\/edublog.educastur.es\/ixuxu\/2023\/09\/24-de-setiembre-nuvieu\/\">24 de setiembre, n\u2019Uvi\u00e9u<\/a> <span class=\"post-date\">18\/09\/2023<\/span><\/li>\n<li><a href=\"https:\/\/edublog.educastur.es\/ixuxu\/2023\/09\/21623\/\">(sin t\u00edtulo)<\/a> <span class=\"post-date\">18\/09\/2023<\/span><\/li>\n<li><a href=\"https:\/\/edublog.educastur.es\/ixuxu\/2023\/09\/dia-damerica-nasturies-2023\/\">D\u00eda d\u2019Am\u00e9rica n\u2019Asturies 2023<\/a> <span class=\"post-date\">18\/09\/2023<\/span><\/li>\n<li><a href=\"https:\/\/edublog.educastur.es\/ixuxu\/2023\/09\/21631\/\">(sin t\u00edtulo)<\/a> <span class=\"post-date\">18\/09\/2023<\/span><\/li>\n<li><a href=\"https:\/\/edublog.educastur.es\/ixuxu\/2023\/09\/google-dedical-so-doodle-al-parque-nacional-de-los-picos-deuropa\/\">Google homenaxa al Parque Nacional de los Picos d\u2019Europa y al so funicular de Bulnes<\/a> <span class=\"post-date\">17\/09\/2023<\/span><\/li>\n<li><a href=\"https:\/\/edublog.educastur.es\/ixuxu\/2023\/09\/dia-mundial-de-les-sableres\/\">D\u00eda Mundial de les sableres<\/a> <span class=\"post-date\">16\/09\/2023<\/span><\/li>\n<li><a href=\"https:\/\/edublog.educastur.es\/ixuxu\/2023\/09\/mercau-ecoloxico-y-artesano-raiganos\/\">Merc\u00e1u Ecol\u00f3xico y Artesano Raiga\u00f1os.<\/a> <span class=\"post-date\">16\/09\/2023<\/span><\/li>\n<li><a href=\"https:\/\/edublog.educastur.es\/ixuxu\/2023\/09\/18391\/\">(sin t\u00edtulo)<\/a> <span class=\"post-date\">15\/09\/2023<\/span><\/li>\n<li><a href=\"https:\/\/edublog.educastur.es\/ixuxu\/2023\/09\/el-nuevu-cursu-en-cifres\/\">El nuevu cursu, en cifres<\/a> <span class=\"post-date\">15\/09\/2023<\/span><\/li>\n<li><a href=\"https:\/\/edublog.educastur.es\/ixuxu\/2023\/09\/selmana-europea-de-la-movilida\/\">Selmana Europea de la Movilid\u00e1<\/a> <span class=\"post-date\">15\/09\/2023<\/span><\/li>\n<li><a href=\"https:\/\/edublog.educastur.es\/ixuxu\/2023\/09\/21930\/\">Hestoria de les lling\u00fces con una creativa infograf\u00eda, dise\u00f1ada como un diagrama d\u2019\u00e1rbol.<\/a> <span class=\"post-date\">14\/09\/2023<\/span><\/li>\n<li><a href=\"https:\/\/edublog.educastur.es\/ixuxu\/2023\/09\/los-guesos-de-les-aves\/\">Los g\u00fcesos de les aves\u2026<\/a> <span class=\"post-date\">14\/09\/2023<\/span><\/li>\n<li><a href=\"https:\/\/edublog.educastur.es\/ixuxu\/2023\/09\/21922\/\">Xorn\u00e1es d\u2019estudiu<\/a> <span class=\"post-date\">14\/09\/2023<\/span><\/li>\n<li><a href=\"https:\/\/edublog.educastur.es\/ixuxu\/2023\/09\/mapa-llinguisticu-despana\/\">Mapa lling\u00fc\u00edsticu d\u2019Espa\u00f1a<\/a> <span class=\"post-date\">14\/09\/2023<\/span><\/li>\n<li><a href=\"https:\/\/edublog.educastur.es\/ixuxu\/2023\/09\/21916\/\">Un boc\u00e1u,un tragu y una canci\u00f3n<\/a> <span class=\"post-date\">14\/09\/2023<\/span><\/li>\n<li><a href=\"https:\/\/edublog.educastur.es\/ixuxu\/2023\/09\/la-guapura-ditalia\/\">La guapura d\u2019Italia<\/a> <span class=\"post-date\">14\/09\/2023<\/span><\/li>\n<li><a href=\"https:\/\/edublog.educastur.es\/ixuxu\/2023\/09\/21938\/\">(sin t\u00edtulo)<\/a> <span class=\"post-date\">14\/09\/2023<\/span><\/li>\n<li><a href=\"https:\/\/edublog.educastur.es\/ixuxu\/2023\/09\/xornaes-del-vigulin-tradicional-nasturies-2\/\">Xornaes del Vigul\u00edn Tradicional n\u2019Asturies<\/a> <span class=\"post-date\">14\/09\/2023<\/span><\/li>\n<li><a href=\"https:\/\/edublog.educastur.es\/ixuxu\/2023\/09\/18294\/\">(sin t\u00edtulo)<\/a> <span class=\"post-date\">14\/09\/2023<\/span><\/li>\n<li><a href=\"https:\/\/edublog.educastur.es\/ixuxu\/2023\/09\/entama-la-cuenta-tras-pa-la-fiesta-de-la-vendimia\/\">Entama la cuenta tr\u00e1s pa la Fiesta de la Vendimia<\/a> <span class=\"post-date\">13\/09\/2023<\/span><\/li>\n<li><a href=\"https:\/\/edublog.educastur.es\/ixuxu\/2023\/09\/dia-del-programador\/\">D\u00eda mundial del programador<\/a> <span class=\"post-date\">13\/09\/2023<\/span><\/li>\n<li><a href=\"https:\/\/edublog.educastur.es\/ixuxu\/2023\/09\/entrega-diplomas-de-la-universida-de-branu\/\">Entrega diplomas de la UABRA: Universid\u00e1 de branu<\/a> <span class=\"post-date\">12\/09\/2023<\/span><\/li>\n<li><a href=\"https:\/\/edublog.educastur.es\/ixuxu\/2023\/09\/la-hestoria-del-himnu-dasturies\/\">La hestoria del himnu d\u2019Asturies<\/a> <span class=\"post-date\">12\/09\/2023<\/span><\/li>\n<li><a href=\"https:\/\/edublog.educastur.es\/ixuxu\/2023\/09\/calendariu-escolar-2023-2024-2\/\">Calendariu escolar 2023-2024<\/a> <span class=\"post-date\">12\/09\/2023<\/span><\/li>\n<li><a href=\"https:\/\/edublog.educastur.es\/ixuxu\/2023\/09\/21865\/\">(sin t\u00edtulo)<\/a> <span class=\"post-date\">12\/09\/2023<\/span><\/li>\n<li><a href=\"https:\/\/edublog.educastur.es\/ixuxu\/2023\/09\/equi-teneis-el-menu-del-comedor-de-setiembre\/\">Equ\u00ed teneis el men\u00fa del comedor de setiembre.<\/a> <span class=\"post-date\">11\/09\/2023<\/span><\/li>\n<li><a href=\"https:\/\/edublog.educastur.es\/ixuxu\/2023\/09\/21892\/\">(sin t\u00edtulo)<\/a> <span class=\"post-date\">10\/09\/2023<\/span><\/li>\n<li><a href=\"https:\/\/edublog.educastur.es\/ixuxu\/2023\/09\/21890\/\">(sin t\u00edtulo)<\/a> <span class=\"post-date\">10\/09\/2023<\/span><\/li>\n<li><a href=\"https:\/\/edublog.educastur.es\/ixuxu\/2023\/09\/nasturies-arrodiennos-los-horros\/\">N\u2019Asturies arr\u00f3diennos los horros<\/a> <span class=\"post-date\">10\/09\/2023<\/span><\/li>\n<li><a href=\"https:\/\/edublog.educastur.es\/ixuxu\/2023\/09\/21870\/\">La naturaleza cob\u00edxanos<\/a> <span class=\"post-date\">10\/09\/2023<\/span><\/li>\n<li><a href=\"https:\/\/edublog.educastur.es\/ixuxu\/2023\/09\/dia-de-la-reciella-7-dochobre\/\">X D\u00eda de la Reciella, 7 d\u2019ochobre<\/a> <span class=\"post-date\">10\/09\/2023<\/span><\/li>\n<li><a href=\"https:\/\/edublog.educastur.es\/ixuxu\/2023\/09\/21867\/\">(sin t\u00edtulo)<\/a> <span class=\"post-date\">10\/09\/2023<\/span><\/li>\n<li><a href=\"https:\/\/edublog.educastur.es\/ixuxu\/2023\/09\/branos-culturales-de-la-fundacion-jose-cardin-fernandez\/\">Branos Culturales de la Fundaci\u00f3n Jos\u00e9 Card\u00edn<\/a> <span class=\"post-date\">10\/09\/2023<\/span><\/li>\n<li><a href=\"https:\/\/edublog.educastur.es\/ixuxu\/2023\/09\/llibru-lhorru-de-vapor\/\">Llibru: \u00abL\u2019Horru de vapor\u00bb<\/a> <span class=\"post-date\">10\/09\/2023<\/span><\/li>\n<li><a href=\"https:\/\/edublog.educastur.es\/ixuxu\/2023\/09\/golfu-de-cadiz\/\">Espa\u00f1a: Golfu de C\u00e1diz<\/a> <span class=\"post-date\">10\/09\/2023<\/span><\/li>\n<li><a href=\"https:\/\/edublog.educastur.es\/ixuxu\/2023\/09\/aves-maraviyoses\/\">Aves maraviyoses<\/a> <span class=\"post-date\">10\/09\/2023<\/span><\/li>\n<li><a href=\"https:\/\/edublog.educastur.es\/ixuxu\/2023\/09\/comparanza-de-velocida-de-los-pexes-mas-rapidos-del-oceanu\/\">Comparanza de velocid\u00e1 de los pexes m\u00e1s r\u00e1pidos del oc\u00e9anu<\/a> <span class=\"post-date\">10\/09\/2023<\/span><\/li>\n<li><a href=\"https:\/\/edublog.educastur.es\/ixuxu\/2023\/09\/estau-del-tiempu-domingu-10-de-setiembre\/\">Est\u00e1u del tiempu: domingu 10 de setiembre<\/a> <span class=\"post-date\">10\/09\/2023<\/span><\/li>\n<li><a href=\"https:\/\/edublog.educastur.es\/ixuxu\/2023\/09\/19069\/\">(sin t\u00edtulo)<\/a> <span class=\"post-date\">10\/09\/2023<\/span><\/li>\n<li><a href=\"https:\/\/edublog.educastur.es\/ixuxu\/2023\/09\/el-parque-nacional-de-los-picos-deuropa\/\">El Parque Nacional de los Picos d\u2019Europa<\/a> <span class=\"post-date\">08\/09\/2023<\/span><\/li>\n<li><a href=\"https:\/\/edublog.educastur.es\/ixuxu\/2023\/09\/la-santina-del-llagu-enol-cuadonga\/\">La Santina del Llagu Enol (Cuadonga)<\/a> <span class=\"post-date\">08\/09\/2023<\/span><\/li>\n<li><a href=\"https:\/\/edublog.educastur.es\/ixuxu\/2023\/09\/21829\/\">D\u00eda de la Santina en Cuadonga<\/a> <span class=\"post-date\">08\/09\/2023<\/span><\/li>\n<li><a href=\"https:\/\/edublog.educastur.es\/ixuxu\/2023\/09\/guei-yel-dia-dasturies\/\">G\u00fcei ye\u2019l d\u00eda d\u2019Asturies<\/a> <span class=\"post-date\">08\/09\/2023<\/span><\/li>\n<li><a href=\"https:\/\/edublog.educastur.es\/ixuxu\/2023\/09\/asturias-melendi\/\">\u00abAsturias\u00bb Melendi<\/a> <span class=\"post-date\">08\/09\/2023<\/span><\/li>\n<li><a href=\"https:\/\/edublog.educastur.es\/ixuxu\/2023\/09\/cuando-vistimos-el-traxel-pais-vamos-diciendo-al-mundu-que-somos-asturianos\/\">Cuando vistimos el traxe\u2019l pa\u00eds vamos diciendo al mundu que somos asturianos.<\/a> <span class=\"post-date\">08\/09\/2023<\/span><\/li>\n<li><a href=\"https:\/\/edublog.educastur.es\/ixuxu\/2023\/09\/feliz-dia-dasturies\/\">Feliz D\u00eda d\u2019Asturies<\/a> <span class=\"post-date\">08\/09\/2023<\/span><\/li>\n<li><a href=\"https:\/\/edublog.educastur.es\/ixuxu\/2023\/09\/21839\/\">(sin t\u00edtulo)<\/a> <span class=\"post-date\">08\/09\/2023<\/span><\/li>\n<li><a href=\"https:\/\/edublog.educastur.es\/ixuxu\/2023\/09\/el-mirador-del-fitu-la-panoramica-mas-increible-y-desconocida-de-la-guapura-dasturies\/\">El Mirador del Fitu, la panor\u00e1mica m\u00e1s incre\u00edble y desconocida de la guapura d\u2019Asturies<\/a> <span class=\"post-date\">07\/09\/2023<\/span><\/li>\n<li><a href=\"https:\/\/edublog.educastur.es\/ixuxu\/2023\/09\/el-patinaxe-nun-ye-cosas-de-xente\/\">El skate nun ye cosas de ne\u00f1os<\/a> <span class=\"post-date\">07\/09\/2023<\/span><\/li>\n<li><a href=\"https:\/\/edublog.educastur.es\/ixuxu\/2023\/09\/21841\/\">De Pravia a Uvi\u00e9u: la guerra pol tronu d\u2019Asturies y la piedra del llaberintu<\/a> <span class=\"post-date\">07\/09\/2023<\/span><\/li>\n<li><a href=\"https:\/\/edublog.educastur.es\/ixuxu\/2023\/09\/asina-ye-ledificiu-mas-grande-despana\/\">Asina ye l\u2019edificiu m\u00e1s grande d\u2019Espa\u00f1a<\/a> <span class=\"post-date\">05\/09\/2023<\/span><\/li>\n<li><a href=\"https:\/\/edublog.educastur.es\/ixuxu\/2023\/09\/21773\/\">(sin t\u00edtulo)<\/a> <span class=\"post-date\">05\/09\/2023<\/span><\/li>\n<li><a href=\"https:\/\/edublog.educastur.es\/ixuxu\/2023\/09\/lasturiana-montse-tome-entrenadora-de-la-seleccion-femenina-de-futbol\/\">L\u2019asturiana Montse Tom\u00e9, entrenadora de la Selecci\u00f3n Femenina de f\u00fatbol<\/a> <span class=\"post-date\">05\/09\/2023<\/span><\/li>\n<li><a href=\"https:\/\/edublog.educastur.es\/ixuxu\/2023\/09\/donde-vien-el-nome-de-asturies\/\">\u00bfD\u2019\u00f3nde vien el nome de \u2018Asturies\u2019?<\/a> <span class=\"post-date\">05\/09\/2023<\/span><\/li>\n<li><a href=\"https:\/\/edublog.educastur.es\/ixuxu\/2023\/09\/21770\/\">(sin t\u00edtulo)<\/a> <span class=\"post-date\">05\/09\/2023<\/span><\/li>\n<li><a href=\"https:\/\/edublog.educastur.es\/ixuxu\/2023\/09\/premiu-al-pueblu-exemplar-dasturies-2023\/\">Premiu al Pueblu Exemplar d\u2019Asturies 2023<\/a> <span class=\"post-date\">04\/09\/2023<\/span><\/li>\n<li><a href=\"https:\/\/edublog.educastur.es\/ixuxu\/2023\/09\/21699\/\">(sin t\u00edtulo)<\/a> <span class=\"post-date\">04\/09\/2023<\/span><\/li>\n<li><a href=\"https:\/\/edublog.educastur.es\/ixuxu\/2023\/09\/san-mateo-popular-y-diversu\/\">\u00a1SAN MATEO POPULAR Y DIVERSU!<\/a> <span class=\"post-date\">04\/09\/2023<\/span><\/li>\n<li><a href=\"https:\/\/edublog.educastur.es\/ixuxu\/2023\/09\/21704\/\">El reconocimientu de la sidra pola UNESCO<\/a> <span class=\"post-date\">02\/09\/2023<\/span><\/li>\n<li><a href=\"https:\/\/edublog.educastur.es\/ixuxu\/2023\/09\/xapon-diseno-la-casa-flotante-magnetica-antisismica\/\">Xap\u00f3n dise\u00f1\u00f3 la casa flotante magn\u00e9tica antis\u00edsmica.<\/a> <span class=\"post-date\">02\/09\/2023<\/span><\/li>\n<li><a href=\"https:\/\/edublog.educastur.es\/ixuxu\/2023\/09\/21731\/\">(sin t\u00edtulo)<\/a> <span class=\"post-date\">02\/09\/2023<\/span><\/li>\n<li><a href=\"https:\/\/edublog.educastur.es\/ixuxu\/2023\/09\/dia-internacional-del-buitre-utre-2\/\">D\u00eda Internacional del utre<\/a> <span class=\"post-date\">02\/09\/2023<\/span><\/li>\n<li><a href=\"https:\/\/edublog.educastur.es\/ixuxu\/2023\/09\/21617\/\">(sin t\u00edtulo)<\/a> <span class=\"post-date\">02\/09\/2023<\/span><\/li>\n<li><a href=\"https:\/\/edublog.educastur.es\/ixuxu\/2023\/09\/presentacion-del-xiii-sisga-en-xapon\/\">Presentaci\u00f3n del XIII SISGA en Xap\u00f3n<\/a> <span class=\"post-date\">01\/09\/2023<\/span><\/li>\n<li><a href=\"https:\/\/edublog.educastur.es\/ixuxu\/2023\/09\/la-xugadora-femenina-del-anu-de-la-uefa-ye-espanola\/\">La xugadora femenina del a\u00f1u de la UEFA ye espa\u00f1ola<\/a> <span class=\"post-date\">01\/09\/2023<\/span><\/li>\n<li><a href=\"https:\/\/edublog.educastur.es\/ixuxu\/2023\/09\/21702\/\">(sin t\u00edtulo)<\/a> <span class=\"post-date\">01\/09\/2023<\/span><\/li>\n<li><a href=\"https:\/\/edublog.educastur.es\/ixuxu\/2023\/09\/asturies-de-mios-amores-quien-non-te-curie-ye-que-non-te-quier-%f0%9f%92%99\/\">Asturies de mios amores, quien non te curie, ye que non te quier. ?<\/a> <span class=\"post-date\">01\/09\/2023<\/span><\/li>\n<li><a href=\"https:\/\/edublog.educastur.es\/ixuxu\/2023\/09\/el-mundu-del-nenu\/\">\u00abEl mundu del ne\u00f1u\u00bb<\/a> <span class=\"post-date\">01\/09\/2023<\/span><\/li>\n<li><a href=\"https:\/\/edublog.educastur.es\/ixuxu\/2023\/09\/la-flor-nun-suana-cola-abeya-a-cencielles-floria-y-labeya-vien\/\">La flor nun sua\u00f1a cola abeya, a cencielles floria y l\u2019abeya vien<\/a> <span class=\"post-date\">01\/09\/2023<\/span><\/li>\n<li><a href=\"https:\/\/edublog.educastur.es\/ixuxu\/2023\/09\/21665\/\">El Princip\u00e1u lleva la celebraci\u00f3n del D\u00eda d\u2019Asturies a Llaviana<\/a> <span class=\"post-date\">01\/09\/2023<\/span><\/li>\n<li><a href=\"https:\/\/edublog.educastur.es\/ixuxu\/2023\/09\/pitafesta-en-bual\/\">PitaFesta en Bual<\/a> <span class=\"post-date\">01\/09\/2023<\/span><\/li>\n<li><a href=\"https:\/\/edublog.educastur.es\/ixuxu\/2023\/09\/cumplinse-40-anos-de-la-hestoria-interminable\/\">C\u00famplinse 40 a\u00f1os de \u00abLa hestoria interminable\u00bb<\/a> <span class=\"post-date\">01\/09\/2023<\/span><\/li>\n<li><a href=\"https:\/\/edublog.educastur.es\/ixuxu\/2023\/09\/calendariu-escolar\/\">Calendariu escolar<\/a> <span class=\"post-date\">01\/09\/2023<\/span><\/li>\n<li><a href=\"https:\/\/edublog.educastur.es\/ixuxu\/2023\/09\/21683\/\">(sin t\u00edtulo)<\/a> <span class=\"post-date\">01\/09\/2023<\/span><\/li>\n<li><a href=\"https:\/\/edublog.educastur.es\/ixuxu\/2023\/09\/21661\/\">(sin t\u00edtulo)<\/a> <span class=\"post-date\">01\/09\/2023<\/span><\/li>\n<\/ul>\n","protected":false},"excerpt":{"rendered":"<p>59 Cumplea\u00f1os de Mafalda: Felicidaes!!! 30\/09\/2023 \u00abNancy, un d\u00eda cola Selecci\u00f3n Espa\u00f1ola\u00bb 30\/09\/2023 Aitana convi\u00e9rtese na \u00abprimer celebrid\u00e1 mundial\u00bb cola so propia mu\u00f1eca Nancy 29\/09\/2023 20 edici\u00f3n de la Seronda n\u2019Avil\u00e9s 29\/09\/2023 52\u00ba Festival de l\u2019ablana en L\u2019Infiestu 29\/09\/2023 Llena a esgaya 27\/09\/2023 Taller d\u2019origami n\u2019asturianu nel X D\u00eda de la reciella 27\/09\/2023 Lluna de [&hellip;]<\/p>\n","protected":false},"author":117,"featured_media":0,"parent":34962,"menu_order":0,"comment_status":"closed","ping_status":"closed","template":"","meta":{"footnotes":""},"class_list":["post-64963","page","type-page","status-publish","hentry"],"_links":{"self":[{"href":"https:\/\/edublog.educastur.es\/ixuxu\/wp-json\/wp\/v2\/pages\/64963","targetHints":{"allow":["GET"]}}],"collection":[{"href":"https:\/\/edublog.educastur.es\/ixuxu\/wp-json\/wp\/v2\/pages"}],"about":[{"href":"https:\/\/edublog.educastur.es\/ixuxu\/wp-json\/wp\/v2\/types\/page"}],"author":[{"embeddable":true,"href":"https:\/\/edublog.educastur.es\/ixuxu\/wp-json\/wp\/v2\/users\/117"}],"replies":[{"embeddable":true,"href":"https:\/\/edublog.educastur.es\/ixuxu\/wp-json\/wp\/v2\/comments?post=64963"}],"version-history":[{"count":1,"href":"https:\/\/edublog.educastur.es\/ixuxu\/wp-json\/wp\/v2\/pages\/64963\/revisions"}],"predecessor-version":[{"id":64964,"href":"https:\/\/edublog.educastur.es\/ixuxu\/wp-json\/wp\/v2\/pages\/64963\/revisions\/64964"}],"up":[{"embeddable":true,"href":"https:\/\/edublog.educastur.es\/ixuxu\/wp-json\/wp\/v2\/pages\/34962"}],"wp:attachment":[{"href":"https:\/\/edublog.educastur.es\/ixuxu\/wp-json\/wp\/v2\/media?parent=64963"}],"curies":[{"name":"wp","href":"https:\/\/api.w.org\/{rel}","templated":true}]}}