{"id":64967,"date":"2026-01-02T22:00:18","date_gmt":"2026-01-02T20:00:18","guid":{"rendered":"https:\/\/edublog.educastur.es\/ixuxu\/?page_id=64967"},"modified":"2026-01-02T22:00:18","modified_gmt":"2026-01-02T20:00:18","slug":"07_xunetu","status":"publish","type":"page","link":"https:\/\/edublog.educastur.es\/ixuxu\/archivu-blogue\/articulos\/2023-2\/07_xunetu\/","title":{"rendered":"07_Xunetu"},"content":{"rendered":"<ul>\n<li><\/li>\n<li><a href=\"https:\/\/edublog.educastur.es\/ixuxu\/2023\/07\/21162\/\">(sin t\u00edtulo)<\/a> <span class=\"post-date\">31\/07\/2023<\/span><\/li>\n<li><a href=\"https:\/\/edublog.educastur.es\/ixuxu\/2023\/07\/la-vaqueirada-daristebano\/\">La vaqueirada d\u2019Arist\u00e9bano<\/a> <span class=\"post-date\">30\/07\/2023<\/span><\/li>\n<li><a href=\"https:\/\/edublog.educastur.es\/ixuxu\/2023\/07\/21240\/\">(sin t\u00edtulo)<\/a> <span class=\"post-date\">30\/07\/2023<\/span><\/li>\n<li><a href=\"https:\/\/edublog.educastur.es\/ixuxu\/2023\/07\/melendi-nel-rafa-nadal-museu\/\">Melendi nel Rafa nadal Mus\u00e9u<\/a> <span class=\"post-date\">30\/07\/2023<\/span><\/li>\n<li><a href=\"https:\/\/edublog.educastur.es\/ixuxu\/2023\/07\/21213\/\">El veraderu valor d\u2019un llibru<\/a> <span class=\"post-date\">30\/07\/2023<\/span><\/li>\n<li><a href=\"https:\/\/edublog.educastur.es\/ixuxu\/2023\/07\/21202\/\">(sin t\u00edtulo)<\/a> <span class=\"post-date\">30\/07\/2023<\/span><\/li>\n<li><a href=\"https:\/\/edublog.educastur.es\/ixuxu\/2023\/07\/la-huertina-de-toni\/\">\u00abLa huertina de Toni\u00bb<\/a> <span class=\"post-date\">30\/07\/2023<\/span><\/li>\n<li><a href=\"https:\/\/edublog.educastur.es\/ixuxu\/2023\/07\/21172\/\">(sin t\u00edtulo)<\/a> <span class=\"post-date\">30\/07\/2023<\/span><\/li>\n<li><a href=\"https:\/\/edublog.educastur.es\/ixuxu\/2023\/07\/fotografu-submarin-del-anu-2022\/\">Fot\u00f3grafu Submar\u00edn del A\u00f1u 2022<\/a> <span class=\"post-date\">30\/07\/2023<\/span><\/li>\n<li><a href=\"https:\/\/edublog.educastur.es\/ixuxu\/2023\/07\/21154\/\">Benditos s\u00edan\u2026<\/a> <span class=\"post-date\">30\/07\/2023<\/span><\/li>\n<li><a href=\"https:\/\/edublog.educastur.es\/ixuxu\/2023\/07\/asina-son-les-etapes-asturianes-de-la-vuelta-2023\/\">Asina son les etapes asturianes de la Vuelta 2023<\/a> <span class=\"post-date\">30\/07\/2023<\/span><\/li>\n<li><a href=\"https:\/\/edublog.educastur.es\/ixuxu\/2023\/07\/xornaes-europees-de-patrimoniu-nasturies\/\">Xornaes Europees de Patrimoniu n\u2019Asturies.<\/a> <span class=\"post-date\">30\/07\/2023<\/span><\/li>\n<li><a href=\"https:\/\/edublog.educastur.es\/ixuxu\/2023\/07\/asturies-empezo-a-tener-vecinos-fai-100-000-anos\/\">Asturies empez\u00f3 a tener \u201cvecinos\u201d fai 100.000 a\u00f1os<\/a> <span class=\"post-date\">30\/07\/2023<\/span><\/li>\n<li><a href=\"https:\/\/edublog.educastur.es\/ixuxu\/2023\/07\/21140\/\">(sin t\u00edtulo)<\/a> <span class=\"post-date\">30\/07\/2023<\/span><\/li>\n<li><a href=\"https:\/\/edublog.educastur.es\/ixuxu\/2023\/07\/21135\/\">La sablera m\u00e1s pequena del mundu, n\u2019Asturies<\/a> <span class=\"post-date\">30\/07\/2023<\/span><\/li>\n<li><a href=\"https:\/\/edublog.educastur.es\/ixuxu\/2023\/07\/21129\/\">(sin t\u00edtulo)<\/a> <span class=\"post-date\">30\/07\/2023<\/span><\/li>\n<li><a href=\"https:\/\/edublog.educastur.es\/ixuxu\/2023\/07\/la-carne-suel-ser-una-parte-importante-del-menu\/\">La carne suel ser una parte importante del men\u00fa.<\/a> <span class=\"post-date\">30\/07\/2023<\/span><\/li>\n<li><a href=\"https:\/\/edublog.educastur.es\/ixuxu\/2023\/07\/volando-per-asturies-ribeseya\/\">Volando per Asturies: Ribeseya<\/a> <span class=\"post-date\">30\/07\/2023<\/span><\/li>\n<li><a href=\"https:\/\/edublog.educastur.es\/ixuxu\/2023\/07\/serie-documental-lhorru\/\">Serie documental: L\u2019Horru<\/a> <span class=\"post-date\">30\/07\/2023<\/span><\/li>\n<li><a href=\"https:\/\/edublog.educastur.es\/ixuxu\/2023\/07\/gujia-de-actividaes-de-participacion\/\">Gu\u00eda d\u2019actividaes de participaci\u00f3n del alumn\u00e1u<\/a> <span class=\"post-date\">30\/07\/2023<\/span><\/li>\n<li><a href=\"https:\/\/edublog.educastur.es\/ixuxu\/2023\/07\/21098\/\">Asturies: naci\u00f3n celta<\/a> <span class=\"post-date\">30\/07\/2023<\/span><\/li>\n<li><a href=\"https:\/\/edublog.educastur.es\/ixuxu\/2023\/07\/aves-acuatiques\/\">Aves acu\u00e1tiques<\/a> <span class=\"post-date\">30\/07\/2023<\/span><\/li>\n<li><a href=\"https:\/\/edublog.educastur.es\/ixuxu\/2023\/07\/lamor-luis-ga-montero\/\">L\u2019amor (Luis G\u00aa Montero)<\/a> <span class=\"post-date\">30\/07\/2023<\/span><\/li>\n<li><a href=\"https:\/\/edublog.educastur.es\/ixuxu\/2023\/07\/equi-los-postres-y-llambiotaes-que-tienes-de-probar-nasturies\/\">Equ\u00ed los postres y llambiotaes que tienes de probar n\u2019Asturies<\/a> <span class=\"post-date\">30\/07\/2023<\/span><\/li>\n<li><a href=\"https:\/\/edublog.educastur.es\/ixuxu\/2023\/07\/festival-de-la-sardina-de-carreno-el-martes-1-dagostu\/\">Festival de la sardina de Carre\u00f1o, el martes 1 d\u2019agostu<\/a> <span class=\"post-date\">30\/07\/2023<\/span><\/li>\n<li><a href=\"https:\/\/edublog.educastur.es\/ixuxu\/2023\/07\/21250\/\">(sin t\u00edtulo)<\/a> <span class=\"post-date\">30\/07\/2023<\/span><\/li>\n<li><a href=\"https:\/\/edublog.educastur.es\/ixuxu\/2023\/07\/16947\/\">(sin t\u00edtulo)<\/a> <span class=\"post-date\">30\/07\/2023<\/span><\/li>\n<li><a href=\"https:\/\/edublog.educastur.es\/ixuxu\/2023\/07\/21065\/\">Cartelu de San Mateo 2023<\/a> <span class=\"post-date\">29\/07\/2023<\/span><\/li>\n<li><a href=\"https:\/\/edublog.educastur.es\/ixuxu\/2023\/07\/18731\/\">(sin t\u00edtulo)<\/a> <span class=\"post-date\">29\/07\/2023<\/span><\/li>\n<li><a href=\"https:\/\/edublog.educastur.es\/ixuxu\/2023\/07\/nuevu-gobierno-del-principau-dasturies-2\/\">Nuevu gobierno del Princip\u00e1u d\u2019Asturies<\/a> <span class=\"post-date\">29\/07\/2023<\/span><\/li>\n<li><a href=\"https:\/\/edublog.educastur.es\/ixuxu\/2023\/07\/17984\/\">(sin t\u00edtulo)<\/a> <span class=\"post-date\">29\/07\/2023<\/span><\/li>\n<li><a href=\"https:\/\/edublog.educastur.es\/ixuxu\/2023\/07\/nuevu-gobierno-del-principau-dasturies\/\">Toma de posesi\u00f3n del Presidente del Princip\u00e1u d\u2019Asturies<\/a> <span class=\"post-date\">28\/07\/2023<\/span><\/li>\n<li><a href=\"https:\/\/edublog.educastur.es\/ixuxu\/2023\/07\/afayen-una-cadena-montascosa-submarina-nunca-antes-vista\/\">Afayen una cadena montascosa submarina nunca antes vista<\/a> <span class=\"post-date\">28\/07\/2023<\/span><\/li>\n<li><a href=\"https:\/\/edublog.educastur.es\/ixuxu\/2023\/07\/18297\/\">(sin t\u00edtulo)<\/a> <span class=\"post-date\">28\/07\/2023<\/span><\/li>\n<li><a href=\"https:\/\/edublog.educastur.es\/ixuxu\/2023\/07\/21061\/\">Pallabreru de branu<\/a> <span class=\"post-date\">27\/07\/2023<\/span><\/li>\n<li><a href=\"https:\/\/edublog.educastur.es\/ixuxu\/2023\/07\/pulpu-tresparente\/\">Pulpu tresparente<\/a> <span class=\"post-date\">27\/07\/2023<\/span><\/li>\n<li><a href=\"https:\/\/edublog.educastur.es\/ixuxu\/2023\/07\/dep-sinead-oconnor\/\">DEP Sinead O\u2019Connor<\/a> <span class=\"post-date\">26\/07\/2023<\/span><\/li>\n<li><a href=\"https:\/\/edublog.educastur.es\/ixuxu\/2023\/07\/18706\/\">(sin t\u00edtulo)<\/a> <span class=\"post-date\">26\/07\/2023<\/span><\/li>\n<li><a href=\"https:\/\/edublog.educastur.es\/ixuxu\/2023\/07\/21057\/\">Esperteyu<\/a> <span class=\"post-date\">24\/07\/2023<\/span><\/li>\n<li><a href=\"https:\/\/edublog.educastur.es\/ixuxu\/2023\/07\/esperteyu\/\">Esperteyu<\/a> <span class=\"post-date\">23\/07\/2023<\/span><\/li>\n<li><a href=\"https:\/\/edublog.educastur.es\/ixuxu\/2023\/07\/20390\/\">Otra vegada, eleiciones<\/a> <span class=\"post-date\">23\/07\/2023<\/span><\/li>\n<li><a href=\"https:\/\/edublog.educastur.es\/ixuxu\/2023\/07\/dia-mundial-de-les-ballenes-y-los-delfines-2\/\">D\u00eda Mundial de les Ballenes y los Delfines.<\/a> <span class=\"post-date\">23\/07\/2023<\/span><\/li>\n<li><a href=\"https:\/\/edublog.educastur.es\/ixuxu\/2023\/07\/21033\/\">(sin t\u00edtulo)<\/a> <span class=\"post-date\">22\/07\/2023<\/span><\/li>\n<li><a href=\"https:\/\/edublog.educastur.es\/ixuxu\/2023\/07\/margarita-salas-un-exemplu-pa-les-xeneraciones-nueves\/\">Margarita Salas, un exemplu pa les xeneraciones nueves<\/a> <span class=\"post-date\">22\/07\/2023<\/span><\/li>\n<li><a href=\"https:\/\/edublog.educastur.es\/ixuxu\/2023\/07\/21021\/\">(sin t\u00edtulo)<\/a> <span class=\"post-date\">22\/07\/2023<\/span><\/li>\n<li><a href=\"https:\/\/edublog.educastur.es\/ixuxu\/2023\/07\/xornada-de-la-escanda\/\">Xornada de la escanda<\/a> <span class=\"post-date\">22\/07\/2023<\/span><\/li>\n<li><a href=\"https:\/\/edublog.educastur.es\/ixuxu\/2023\/07\/lleemos-colos-gueyos-abiertos-para-dir-dun-llugar-a-otru\/\">Lleemos colos g\u00fceyos abiertos para dir d\u2019un llugar a otru.<\/a> <span class=\"post-date\">22\/07\/2023<\/span><\/li>\n<li><a href=\"https:\/\/edublog.educastur.es\/ixuxu\/2023\/07\/20993\/\">(sin t\u00edtulo)<\/a> <span class=\"post-date\">22\/07\/2023<\/span><\/li>\n<li><a href=\"https:\/\/edublog.educastur.es\/ixuxu\/2023\/07\/mensaxe-de-nun-se-fala-de-bruno\/\">La importancia de la inclusi\u00f3n en \u00abNun se fala de Bruno\u00bb<\/a> <span class=\"post-date\">22\/07\/2023<\/span><\/li>\n<li><a href=\"https:\/\/edublog.educastur.es\/ixuxu\/2023\/07\/adpatacion-de-llectura-facil-el-principin\/\">Adpataci\u00f3n de llectura f\u00e1cil \u00abEl Princip\u00edn\u00bb<\/a> <span class=\"post-date\">22\/07\/2023<\/span><\/li>\n<li><a href=\"https:\/\/edublog.educastur.es\/ixuxu\/2023\/07\/curtiu-animau-sobrol-lideralgu\/\">Curtiu anim\u00e1u sobro\u2019l lideralgu<\/a> <span class=\"post-date\">22\/07\/2023<\/span><\/li>\n<li><a href=\"https:\/\/edublog.educastur.es\/ixuxu\/2023\/07\/20963\/\">(sin t\u00edtulo)<\/a> <span class=\"post-date\">22\/07\/2023<\/span><\/li>\n<li><a href=\"https:\/\/edublog.educastur.es\/ixuxu\/2023\/07\/nuberu-senor-de-les-nubes-y-duenu-de-los-vientos\/\">Nuberu: se\u00f1or de les nubes y due\u00f1u de los vientos<\/a> <span class=\"post-date\">22\/07\/2023<\/span><\/li>\n<li><a href=\"https:\/\/edublog.educastur.es\/ixuxu\/2023\/07\/21013\/\">N\u00famberu 23 de la revista #VIAXAST<\/a> <span class=\"post-date\">22\/07\/2023<\/span><\/li>\n<li><a href=\"https:\/\/edublog.educastur.es\/ixuxu\/2023\/07\/la-ruta-del-viaxe-indianu-a-les-ameriques\/\">La ruta del Viaxe Indianu a les Am\u00e9riques<\/a> <span class=\"post-date\">22\/07\/2023<\/span><\/li>\n<li><a href=\"https:\/\/edublog.educastur.es\/ixuxu\/2023\/07\/20946\/\">(sin t\u00edtulo)<\/a> <span class=\"post-date\">22\/07\/2023<\/span><\/li>\n<li><a href=\"https:\/\/edublog.educastur.es\/ixuxu\/2023\/07\/que-tantu-conoces-del-celebru-humanu\/\">\u00bfQu\u00e9 tantu conoces del celebru humanu?<\/a> <span class=\"post-date\">22\/07\/2023<\/span><\/li>\n<li><a href=\"https:\/\/edublog.educastur.es\/ixuxu\/2023\/07\/bombastic-en-llanera-una-bomba-de-musica-y-xuventu\/\">Bombastic en Llanera, una bomba de m\u00fasica y xuvent\u00fa<\/a> <span class=\"post-date\">21\/07\/2023<\/span><\/li>\n<li><a href=\"https:\/\/edublog.educastur.es\/ixuxu\/2023\/07\/la-osa-de-somiedu-con-cuatro-cries-llogra-rematar-la-crianza\/\">La osa de Somiedu con cuatro cr\u00edes llogra rematar la crianza<\/a> <span class=\"post-date\">21\/07\/2023<\/span><\/li>\n<li><a href=\"https:\/\/edublog.educastur.es\/ixuxu\/2023\/07\/la-boda-vaqueira-mas-quuna-simple-boda\/\">La boda vaqueira, m\u00e1s qu\u2019una simple boda<\/a> <span class=\"post-date\">21\/07\/2023<\/span><\/li>\n<li><a href=\"https:\/\/edublog.educastur.es\/ixuxu\/2023\/07\/nueva-guia-de-turismu-accesible-nasturies\/\">Nueva gu\u00eda de turismu accesible n\u2019Asturies<\/a> <span class=\"post-date\">21\/07\/2023<\/span><\/li>\n<li><a href=\"https:\/\/edublog.educastur.es\/ixuxu\/2023\/07\/21035\/\">\u00a1Cola so rutina flamenca impresionaron al mundu!<\/a> <span class=\"post-date\">20\/07\/2023<\/span><\/li>\n<li><a href=\"https:\/\/edublog.educastur.es\/ixuxu\/2023\/07\/julia-gonzalez-la-nena-de-10-anos-que-conquistal-visu-mas-altu-de-picos-deuropa\/\">Julia Gonz\u00e1lez, la ne\u00f1a de 10 a\u00f1os que conquista\u2019l visu m\u00e1s altu de Picos d\u2019Europa<\/a> <span class=\"post-date\">20\/07\/2023<\/span><\/li>\n<li><a href=\"https:\/\/edublog.educastur.es\/ixuxu\/2023\/07\/guei-empezo-la-copa-mundial-femenina-2023\/\">G\u00fcei empez\u00f3 la Copa Mundial Femenina 2023<\/a> <span class=\"post-date\">20\/07\/2023<\/span><\/li>\n<li><a href=\"https:\/\/edublog.educastur.es\/ixuxu\/2023\/07\/asina-ye-la-barbie-orixinal\/\">Asina ye la Barbie orixinal<\/a> <span class=\"post-date\">20\/07\/2023<\/span><\/li>\n<li><a href=\"https:\/\/edublog.educastur.es\/ixuxu\/2023\/07\/21197\/\">Peli \u00abBarbie\u00bb pa mayores de 13 a\u00f1os\u2026<\/a> <span class=\"post-date\">20\/07\/2023<\/span><\/li>\n<li><a href=\"https:\/\/edublog.educastur.es\/ixuxu\/2023\/07\/fiestes-dinteres-turisticu-y-festivales-de-branu-nasturies\/\">Fiestes d\u2019Inter\u00e9s Tur\u00edsticu y Festivales de Branu n\u2019Asturies<\/a> <span class=\"post-date\">20\/07\/2023<\/span><\/li>\n<li><a href=\"https:\/\/edublog.educastur.es\/ixuxu\/2023\/07\/18406\/\">(sin t\u00edtulo)<\/a> <span class=\"post-date\">20\/07\/2023<\/span><\/li>\n<li><a href=\"https:\/\/edublog.educastur.es\/ixuxu\/2023\/07\/dexonos-ibanez-dibuxante-de-comics\/\">Dex\u00f3nos Ib\u00e1\u00f1ez, dibuxante de c\u00f3mics<\/a> <span class=\"post-date\">19\/07\/2023<\/span><\/li>\n<li><a href=\"https:\/\/edublog.educastur.es\/ixuxu\/2023\/07\/les-impresionantes-imaxenes-de-xixon-dende-laire\/\">Les impresionantes im\u00e1xenes de Xix\u00f3n dende l\u2019aire<\/a> <span class=\"post-date\">19\/07\/2023<\/span><\/li>\n<li><a href=\"https:\/\/edublog.educastur.es\/ixuxu\/2023\/07\/percuerre-asturies-arrendando-bicicletes\/\">Percuerre Asturies arrendando bicicletes<\/a> <span class=\"post-date\">18\/07\/2023<\/span><\/li>\n<li><a href=\"https:\/\/edublog.educastur.es\/ixuxu\/2023\/07\/17015\/\">(sin t\u00edtulo)<\/a> <span class=\"post-date\">18\/07\/2023<\/span><\/li>\n<li><a href=\"https:\/\/edublog.educastur.es\/ixuxu\/2023\/07\/un-asturianu-escoyiu-fotografu-de-la-selmana-pola-aee\/\">Un asturianu, escoy\u00edu fot\u00f3grafu de la selmana pola AEE<\/a> <span class=\"post-date\">17\/07\/2023<\/span><\/li>\n<li><a href=\"https:\/\/edublog.educastur.es\/ixuxu\/2023\/07\/20980\/\">Espect\u00e1culos de drones en Xix\u00f3n<\/a> <span class=\"post-date\">17\/07\/2023<\/span><\/li>\n<li><a href=\"https:\/\/edublog.educastur.es\/ixuxu\/2023\/07\/20984\/\">Drones en Xix\u00f3n<\/a> <span class=\"post-date\">17\/07\/2023<\/span><\/li>\n<li><a href=\"https:\/\/edublog.educastur.es\/ixuxu\/2023\/07\/20987\/\">(sin t\u00edtulo)<\/a> <span class=\"post-date\">17\/07\/2023<\/span><\/li>\n<li><a href=\"https:\/\/edublog.educastur.es\/ixuxu\/2023\/07\/carlirtos-numberu-unu-del-mundu-del-tenis\/\">Carlirtos, ganador de Wimbledon 2023<\/a> <span class=\"post-date\">16\/07\/2023<\/span><\/li>\n<li><a href=\"https:\/\/edublog.educastur.es\/ixuxu\/2023\/07\/21023\/\">(sin t\u00edtulo)<\/a> <span class=\"post-date\">15\/07\/2023<\/span><\/li>\n<li><a href=\"https:\/\/edublog.educastur.es\/ixuxu\/2023\/07\/21232\/\">Folixa pola Paz<\/a> <span class=\"post-date\">14\/07\/2023<\/span><\/li>\n<li><a href=\"https:\/\/edublog.educastur.es\/ixuxu\/2023\/07\/porrua-en-bolas\/\">Porr\u00faa en bolas, III Festival d\u2019intervenci\u00f3n art\u00edstica en bolas de silo<\/a> <span class=\"post-date\">14\/07\/2023<\/span><\/li>\n<li><a href=\"https:\/\/edublog.educastur.es\/ixuxu\/2023\/07\/apada-presentol-cuentu-nel-en-versalles\/\">APADA present\u00f3\u2019l cuentu Nel en Versalles.<\/a> <span class=\"post-date\">13\/07\/2023<\/span><\/li>\n<li><a href=\"https:\/\/edublog.educastur.es\/ixuxu\/2023\/07\/dep-milan-kundera\/\">DEP Milan Kundera<\/a> <span class=\"post-date\">13\/07\/2023<\/span><\/li>\n<li><a href=\"https:\/\/edublog.educastur.es\/ixuxu\/2023\/07\/alerta-por-calor-nasturies\/\">Alerta por calor n\u2019Asturies<\/a> <span class=\"post-date\">13\/07\/2023<\/span><\/li>\n<li><a href=\"https:\/\/edublog.educastur.es\/ixuxu\/2023\/07\/18032\/\">(sin t\u00edtulo)<\/a> <span class=\"post-date\">11\/07\/2023<\/span><\/li>\n<li><a href=\"https:\/\/edublog.educastur.es\/ixuxu\/2023\/07\/17876\/\">(sin t\u00edtulo)<\/a> <span class=\"post-date\">11\/07\/2023<\/span><\/li>\n<li><a href=\"https:\/\/edublog.educastur.es\/ixuxu\/2023\/07\/proyectu-los-salvacomides\/\">Proyectu: \u00abLos Salvacomides\u00bb<\/a> <span class=\"post-date\">10\/07\/2023<\/span><\/li>\n<li><a href=\"https:\/\/edublog.educastur.es\/ixuxu\/2023\/07\/18049\/\">(sin t\u00edtulo)<\/a> <span class=\"post-date\">09\/07\/2023<\/span><\/li>\n<li><a href=\"https:\/\/edublog.educastur.es\/ixuxu\/2023\/07\/18128\/\">(sin t\u00edtulo)<\/a> <span class=\"post-date\">01\/07\/2023<\/span><\/li>\n<\/ul>\n","protected":false},"excerpt":{"rendered":"<p>(sin t\u00edtulo) 31\/07\/2023 La vaqueirada d\u2019Arist\u00e9bano 30\/07\/2023 (sin t\u00edtulo) 30\/07\/2023 Melendi nel Rafa nadal Mus\u00e9u 30\/07\/2023 El veraderu valor d\u2019un llibru 30\/07\/2023 (sin t\u00edtulo) 30\/07\/2023 \u00abLa huertina de Toni\u00bb 30\/07\/2023 (sin t\u00edtulo) 30\/07\/2023 Fot\u00f3grafu Submar\u00edn del A\u00f1u 2022 30\/07\/2023 Benditos s\u00edan\u2026 30\/07\/2023 Asina son les etapes asturianes de la Vuelta 2023 30\/07\/2023 Xornaes Europees de [&hellip;]<\/p>\n","protected":false},"author":117,"featured_media":0,"parent":34962,"menu_order":0,"comment_status":"closed","ping_status":"closed","template":"","meta":{"footnotes":""},"class_list":["post-64967","page","type-page","status-publish","hentry"],"_links":{"self":[{"href":"https:\/\/edublog.educastur.es\/ixuxu\/wp-json\/wp\/v2\/pages\/64967","targetHints":{"allow":["GET"]}}],"collection":[{"href":"https:\/\/edublog.educastur.es\/ixuxu\/wp-json\/wp\/v2\/pages"}],"about":[{"href":"https:\/\/edublog.educastur.es\/ixuxu\/wp-json\/wp\/v2\/types\/page"}],"author":[{"embeddable":true,"href":"https:\/\/edublog.educastur.es\/ixuxu\/wp-json\/wp\/v2\/users\/117"}],"replies":[{"embeddable":true,"href":"https:\/\/edublog.educastur.es\/ixuxu\/wp-json\/wp\/v2\/comments?post=64967"}],"version-history":[{"count":1,"href":"https:\/\/edublog.educastur.es\/ixuxu\/wp-json\/wp\/v2\/pages\/64967\/revisions"}],"predecessor-version":[{"id":64968,"href":"https:\/\/edublog.educastur.es\/ixuxu\/wp-json\/wp\/v2\/pages\/64967\/revisions\/64968"}],"up":[{"embeddable":true,"href":"https:\/\/edublog.educastur.es\/ixuxu\/wp-json\/wp\/v2\/pages\/34962"}],"wp:attachment":[{"href":"https:\/\/edublog.educastur.es\/ixuxu\/wp-json\/wp\/v2\/media?parent=64967"}],"curies":[{"name":"wp","href":"https:\/\/api.w.org\/{rel}","templated":true}]}}