{"id":64993,"date":"2026-01-02T22:08:56","date_gmt":"2026-01-02T20:08:56","guid":{"rendered":"https:\/\/edublog.educastur.es\/ixuxu\/?page_id=64993"},"modified":"2026-01-02T22:08:56","modified_gmt":"2026-01-02T20:08:56","slug":"07_xunetu","status":"publish","type":"page","link":"https:\/\/edublog.educastur.es\/ixuxu\/archivu-blogue\/articulos\/2022-2\/07_xunetu\/","title":{"rendered":"07_Xunetu"},"content":{"rendered":"<ul>\n<li><a href=\"https:\/\/edublog.educastur.es\/ixuxu\/2022\/07\/xornaes-gastronomiques-xixon-bonitu\/\">Xorn\u00e1es Gastron\u00f3miques Xix\u00f3n Bonitu<\/a>\u00a0<span class=\"post-date\">26\/07\/2022<\/span><\/li>\n<li><a href=\"https:\/\/edublog.educastur.es\/ixuxu\/2022\/07\/14339\/\">Dicires<\/a>\u00a0<span class=\"post-date\">25\/07\/2022<\/span><\/li>\n<li><a href=\"https:\/\/edublog.educastur.es\/ixuxu\/2022\/07\/13556\/\">(sin t\u00edtulo)<\/a>\u00a0<span class=\"post-date\">25\/07\/2022<\/span><\/li>\n<li><a href=\"https:\/\/edublog.educastur.es\/ixuxu\/2022\/07\/14352\/\">Esposici\u00f3n: Porr\u00faa en Boles<\/a>\u00a0<span class=\"post-date\">24\/07\/2022<\/span><\/li>\n<li><a href=\"https:\/\/edublog.educastur.es\/ixuxu\/2022\/07\/13154\/\">(sin t\u00edtulo)<\/a>\u00a0<span class=\"post-date\">23\/07\/2022<\/span><\/li>\n<li><a href=\"https:\/\/edublog.educastur.es\/ixuxu\/2022\/07\/dia-mundial-de-les-ballenes-y-los-delfines\/\">D\u00eda Mundial de les Ballenes y los Delfines<\/a>\u00a0<span class=\"post-date\">23\/07\/2022<\/span><\/li>\n<li><a href=\"https:\/\/edublog.educastur.es\/ixuxu\/2022\/07\/7000-llingues-que-se-falen-guei-nel-mundu\/\">7000 lling\u00fces que se falen g\u00fcei nel mundu<\/a>\u00a0<span class=\"post-date\">22\/07\/2022<\/span><\/li>\n<li><a href=\"https:\/\/edublog.educastur.es\/ixuxu\/2022\/07\/13477\/\">(sin t\u00edtulo)<\/a>\u00a0<span class=\"post-date\">22\/07\/2022<\/span><\/li>\n<li><a href=\"https:\/\/edublog.educastur.es\/ixuxu\/2022\/07\/el-museu-del-calamar-xigante-ya-puede-visitase-en-l-luarca\/\">El Mus\u00e9u del Calamar Xigante y\u00e1 puede visitase en L.luarca.<\/a>\u00a0<span class=\"post-date\">20\/07\/2022<\/span><\/li>\n<li><a href=\"https:\/\/edublog.educastur.es\/ixuxu\/2022\/07\/13651\/\">(sin t\u00edtulo)<\/a>\u00a0<span class=\"post-date\">02\/07\/2022<\/span><\/li>\n<li><a href=\"https:\/\/edublog.educastur.es\/ixuxu\/2022\/07\/13551\/\">(sin t\u00edtulo)<\/a>\u00a0<span class=\"post-date\">02\/07\/2022<\/span><\/li>\n<li><a href=\"https:\/\/edublog.educastur.es\/ixuxu\/2022\/07\/14400\/\">Feria d\u2019indianos en Ribadedeva<\/a>\u00a0<span class=\"post-date\">01\/07\/2022<\/span><\/li>\n<\/ul>\n","protected":false},"excerpt":{"rendered":"<p>Xorn\u00e1es Gastron\u00f3miques Xix\u00f3n Bonitu\u00a026\/07\/2022 Dicires\u00a025\/07\/2022 (sin t\u00edtulo)\u00a025\/07\/2022 Esposici\u00f3n: Porr\u00faa en Boles\u00a024\/07\/2022 (sin t\u00edtulo)\u00a023\/07\/2022 D\u00eda Mundial de les Ballenes y los Delfines\u00a023\/07\/2022 7000 lling\u00fces que se falen g\u00fcei nel mundu\u00a022\/07\/2022 (sin t\u00edtulo)\u00a022\/07\/2022 El Mus\u00e9u del Calamar Xigante y\u00e1 puede visitase en L.luarca.\u00a020\/07\/2022 (sin t\u00edtulo)\u00a002\/07\/2022 (sin t\u00edtulo)\u00a002\/07\/2022 Feria d\u2019indianos en Ribadedeva\u00a001\/07\/2022<\/p>\n","protected":false},"author":117,"featured_media":0,"parent":34960,"menu_order":0,"comment_status":"closed","ping_status":"closed","template":"","meta":{"footnotes":""},"class_list":["post-64993","page","type-page","status-publish","hentry"],"_links":{"self":[{"href":"https:\/\/edublog.educastur.es\/ixuxu\/wp-json\/wp\/v2\/pages\/64993","targetHints":{"allow":["GET"]}}],"collection":[{"href":"https:\/\/edublog.educastur.es\/ixuxu\/wp-json\/wp\/v2\/pages"}],"about":[{"href":"https:\/\/edublog.educastur.es\/ixuxu\/wp-json\/wp\/v2\/types\/page"}],"author":[{"embeddable":true,"href":"https:\/\/edublog.educastur.es\/ixuxu\/wp-json\/wp\/v2\/users\/117"}],"replies":[{"embeddable":true,"href":"https:\/\/edublog.educastur.es\/ixuxu\/wp-json\/wp\/v2\/comments?post=64993"}],"version-history":[{"count":1,"href":"https:\/\/edublog.educastur.es\/ixuxu\/wp-json\/wp\/v2\/pages\/64993\/revisions"}],"predecessor-version":[{"id":64994,"href":"https:\/\/edublog.educastur.es\/ixuxu\/wp-json\/wp\/v2\/pages\/64993\/revisions\/64994"}],"up":[{"embeddable":true,"href":"https:\/\/edublog.educastur.es\/ixuxu\/wp-json\/wp\/v2\/pages\/34960"}],"wp:attachment":[{"href":"https:\/\/edublog.educastur.es\/ixuxu\/wp-json\/wp\/v2\/media?parent=64993"}],"curies":[{"name":"wp","href":"https:\/\/api.w.org\/{rel}","templated":true}]}}