{"id":65029,"date":"2026-01-02T22:19:25","date_gmt":"2026-01-02T20:19:25","guid":{"rendered":"https:\/\/edublog.educastur.es\/ixuxu\/?page_id=65029"},"modified":"2026-01-02T22:19:25","modified_gmt":"2026-01-02T20:19:25","slug":"02_febreru","status":"publish","type":"page","link":"https:\/\/edublog.educastur.es\/ixuxu\/archivu-blogue\/articulos\/2021-2\/02_febreru\/","title":{"rendered":"02_Febreru"},"content":{"rendered":"<ul>\n<li><a href=\"https:\/\/edublog.educastur.es\/ixuxu\/2021\/02\/premiu-8-de-marzu\/\">\u00abPremiu 8 de marzu\u00bb<\/a>\u00a0<span class=\"post-date\">27\/02\/2021<\/span><\/li>\n<li><a href=\"https:\/\/edublog.educastur.es\/ixuxu\/2021\/02\/un-adorable-nacaru-rinoceronte-toma-unu-pigazu-rapidu-metanes-la-carretera\/\">Un adorable \u00f1\u00e1caru rinoceronte toma unu pigazu r\u00e1pidu metanes la carretera<\/a>\u00a0<span class=\"post-date\">27\/02\/2021<\/span><\/li>\n<li><a href=\"https:\/\/edublog.educastur.es\/ixuxu\/2021\/02\/nacaru-chimpance-raven-cola-so-madre-utamu\/\">\u00d1\u00e1caru chimpanc\u00e9 Raven cola so madre, Utamu<\/a>\u00a0<span class=\"post-date\">26\/02\/2021<\/span><\/li>\n<li><a href=\"https:\/\/edublog.educastur.es\/ixuxu\/2021\/02\/amor-madre-gorila-duna-selmana-abrazada-pola-ma-bibi\/\">AMOR MADRE: gorila d\u2019una selmana abrazada pola ma Bibi<\/a>\u00a0<span class=\"post-date\">26\/02\/2021<\/span><\/li>\n<li><a href=\"https:\/\/edublog.educastur.es\/ixuxu\/2021\/02\/esguil-en-suecia\/\">Esguil en Suecia<\/a>\u00a0<span class=\"post-date\">25\/02\/2021<\/span><\/li>\n<li><a href=\"https:\/\/edublog.educastur.es\/ixuxu\/2021\/02\/la-paternida-toma-determinacion\/\">La paternid\u00e1 toma determinaci\u00f3n<\/a>\u00a0<span class=\"post-date\">24\/02\/2021<\/span><\/li>\n<li><a href=\"https:\/\/edublog.educastur.es\/ixuxu\/2021\/02\/semeya-martin-pescador\/\">Semeya: Martin pescador<\/a>\u00a0<span class=\"post-date\">24\/02\/2021<\/span><\/li>\n<li><a href=\"https:\/\/edublog.educastur.es\/ixuxu\/2021\/02\/calendariu-astronomicu-marzu-2021-averase-la-enerxia-del-equinocciu-de-primavera\/\">Calendariu astron\u00f3micu marzu 2021: av\u00e9rase la enerx\u00eda del equinocciu de primavera<\/a>\u00a0<span class=\"post-date\">24\/02\/2021<\/span><\/li>\n<li><a href=\"https:\/\/edublog.educastur.es\/ixuxu\/2021\/02\/macrofografia-duna-abeya-cargando-polen\/\">Macrofograf\u00eda d\u2019una abeya cargando polen.<\/a>\u00a0<span class=\"post-date\">23\/02\/2021<\/span><\/li>\n<li><a href=\"https:\/\/edublog.educastur.es\/ixuxu\/2021\/02\/nacaru-de-gorila\/\">N\u00e1caru de gorila<\/a>\u00a0<span class=\"post-date\">23\/02\/2021<\/span><\/li>\n<li><a href=\"https:\/\/edublog.educastur.es\/ixuxu\/2021\/02\/recursos-0-a-3-anos\/\">Recursos 0 a 3 a\u00f1os<\/a>\u00a0<span class=\"post-date\">22\/02\/2021<\/span><\/li>\n<li><a href=\"https:\/\/edublog.educastur.es\/ixuxu\/2021\/02\/la-toponimia-tradicional-de-pravia\/\">La toponimia tradicional de Pravia\u2026<\/a>\u00a0<span class=\"post-date\">22\/02\/2021<\/span><\/li>\n<li><a href=\"https:\/\/edublog.educastur.es\/ixuxu\/2021\/02\/revista-13-ver-asturies-payares-2020-marzu-2021\/\">Revista n\u00ba13 \u00abVer Asturies\u00bb<\/a>\u00a0<span class=\"post-date\">21\/02\/2021<\/span><\/li>\n<li><a href=\"https:\/\/edublog.educastur.es\/ixuxu\/2021\/02\/educastur-dia-de-la-llingua-materna\/\">Educastur: D\u00eda de la Llingua Materna<\/a>\u00a0<span class=\"post-date\">21\/02\/2021<\/span><\/li>\n<li><a href=\"https:\/\/edublog.educastur.es\/ixuxu\/2021\/02\/nubeteca-de-pintar-pintar\/\">Nubeteca de Pintar-Pintar<\/a>\u00a0<span class=\"post-date\">21\/02\/2021<\/span><\/li>\n<li><a href=\"https:\/\/edublog.educastur.es\/ixuxu\/2021\/02\/dia-de-la-llingua-materna\/\">D\u00eda de la Llingua Materna<\/a>\u00a0<span class=\"post-date\">21\/02\/2021<\/span><\/li>\n<li><a href=\"https:\/\/edublog.educastur.es\/ixuxu\/2021\/02\/dia-internacional-de-la-llingua-materna\/\">D\u00eda Internacional de la Llingua Materna\u2026<\/a>\u00a0<span class=\"post-date\">21\/02\/2021<\/span><\/li>\n<li><a href=\"https:\/\/edublog.educastur.es\/ixuxu\/2021\/02\/pinguin-rei-color-mariellu\/\">Ping\u00fc\u00edn rei color mariellu<\/a>\u00a0<span class=\"post-date\">21\/02\/2021<\/span><\/li>\n<li><a href=\"https:\/\/edublog.educastur.es\/ixuxu\/2021\/02\/lasturcon-el-vieyu-caballu-de-los-astures\/\">L\u2019asturc\u00f3n, el vieyu caballu de los \u00e1stures\u2026<\/a>\u00a0<span class=\"post-date\">20\/02\/2021<\/span><\/li>\n<li><a href=\"https:\/\/edublog.educastur.es\/ixuxu\/2021\/02\/el-grafiti-del-gatu-negru-trunfa-neuropa\/\">El grafiti del gatu negru trunfa n\u2019Europa<\/a>\u00a0<span class=\"post-date\">20\/02\/2021<\/span><\/li>\n<li><a href=\"https:\/\/edublog.educastur.es\/ixuxu\/2021\/02\/nenu-gatu-cuentos-de-trazu-sueltu\/\">\u00abNe\u00f1u Gatu\u00bb (Cuentos de trazu sueltu)<\/a>\u00a0<span class=\"post-date\">20\/02\/2021<\/span><\/li>\n<li><a href=\"https:\/\/edublog.educastur.es\/ixuxu\/2021\/02\/3900\/\">V\u00eda l\u00e1ctea nel piso salado d\u00b4Uyuni, Bolivia<\/a>\u00a0<span class=\"post-date\">20\/02\/2021<\/span><\/li>\n<li><a href=\"https:\/\/edublog.educastur.es\/ixuxu\/2021\/02\/sonido-en-marte\/\">Sonido en Marte<\/a>\u00a0<span class=\"post-date\">20\/02\/2021<\/span><\/li>\n<li><a href=\"https:\/\/edublog.educastur.es\/ixuxu\/2021\/02\/nueva-cuenta-de-shiroychigo-en-twitch\/\">Nueva cuenta de @Shiroychigo en Twitch<\/a>\u00a0<span class=\"post-date\">20\/02\/2021<\/span><\/li>\n<li><a href=\"https:\/\/edublog.educastur.es\/ixuxu\/2021\/02\/dia-internacional-del-pangolin\/\">D\u00eda Internacional del Pangol\u00edn<\/a>\u00a0<span class=\"post-date\">20\/02\/2021<\/span><\/li>\n<li><a href=\"https:\/\/edublog.educastur.es\/ixuxu\/2021\/02\/lhorru-ultimu-capitulo\/\">L\u00b4Horru, \u00faltimu cap\u00edtulo<\/a>\u00a0<span class=\"post-date\">20\/02\/2021<\/span><\/li>\n<li><a href=\"https:\/\/edublog.educastur.es\/ixuxu\/2021\/02\/dia-internacional-del-gatu\/\">D\u00eda Internacional del Gatu<\/a>\u00a0<span class=\"post-date\">20\/02\/2021<\/span><\/li>\n<li><a href=\"https:\/\/edublog.educastur.es\/ixuxu\/2021\/02\/labrazu\/\">L\u00b4abrazu<\/a>\u00a0<span class=\"post-date\">19\/02\/2021<\/span><\/li>\n<li><a href=\"https:\/\/edublog.educastur.es\/ixuxu\/2021\/02\/el-texu-asturianu-que-cumple-300-anos\/\">El texu asturianu que cumple 300 a\u00f1os<\/a>\u00a0<span class=\"post-date\">19\/02\/2021<\/span><\/li>\n<li><a href=\"https:\/\/edublog.educastur.es\/ixuxu\/2021\/02\/la-rotura-del-campu-magnetico-de-la-tierra-pudo-causar-la-estincion-de-los-neandertales-segun-estudiu\/\">La rotura del campu magn\u00e9tico de la Tierra pudo causar la estinci\u00f3n de los neandertales<\/a>\u00a0<span class=\"post-date\">19\/02\/2021<\/span><\/li>\n<li><a href=\"https:\/\/edublog.educastur.es\/ixuxu\/2021\/02\/cangas-celebral-dia-del-idioma-maternu-colos-sos-animales-autoctonos\/\">Cangas celebra\u2019l D\u00eda del Idioma Maternu colos sos animales aut\u00f3ctonos<\/a>\u00a0<span class=\"post-date\">19\/02\/2021<\/span><\/li>\n<li><a href=\"https:\/\/edublog.educastur.es\/ixuxu\/2021\/02\/dia-internacional-contra-la-lgtbifobia-nel-deporte\/\">D\u00eda Internacional contra la #LGTBIfobia nel deporte<\/a>\u00a0<span class=\"post-date\">19\/02\/2021<\/span><\/li>\n<li><a href=\"https:\/\/edublog.educastur.es\/ixuxu\/2021\/02\/la-ospa-disena-una-activida-educativa-basada-en-el-gato-con-botas\/\">La OSPA dise\u00f1a una activid\u00e1 educativa basada en \u2018El gato con botas\u2019<\/a>\u00a0<span class=\"post-date\">17\/02\/2021<\/span><\/li>\n<li><a href=\"https:\/\/edublog.educastur.es\/ixuxu\/2021\/02\/xuegu-dantroxu\/\">Xuegu d\u00b4Antroxu<\/a>\u00a0<span class=\"post-date\">17\/02\/2021<\/span><\/li>\n<li><a href=\"https:\/\/edublog.educastur.es\/ixuxu\/2021\/02\/gonzalo-garcia-foi-unu-de-los-fundadores-del-descensu-de-galiana\/\">Gonzalo Garc\u00eda foi unu de los fundadores del Descensu de Galiana<\/a>\u00a0<span class=\"post-date\">16\/02\/2021<\/span><\/li>\n<li><a href=\"https:\/\/edublog.educastur.es\/ixuxu\/2021\/02\/menu-dantroxu\/\">Men\u00fa d\u00b4Antroxu<\/a>\u00a0<span class=\"post-date\">16\/02\/2021<\/span><\/li>\n<li><a href=\"https:\/\/edublog.educastur.es\/ixuxu\/2021\/02\/el-milenariu-texu-de-la-malateria-llanes\/\">El milenariu Texu de La Malater\u00eda (Llanes)<\/a>\u00a0<span class=\"post-date\">16\/02\/2021<\/span><\/li>\n<li><a href=\"https:\/\/edublog.educastur.es\/ixuxu\/2021\/02\/dia-de-la-fabada\/\">D\u00eda de la fabada<\/a>\u00a0<span class=\"post-date\">16\/02\/2021<\/span><\/li>\n<li><a href=\"https:\/\/edublog.educastur.es\/ixuxu\/2021\/02\/lantroxu-na-vida-tradicional\/\">L\u00b4Antroxu na vida tradicional<\/a>\u00a0<span class=\"post-date\">15\/02\/2021<\/span><\/li>\n<li><a href=\"https:\/\/edublog.educastur.es\/ixuxu\/2021\/02\/de-xovellanos\/\">de Xovellanos\u2026<\/a>\u00a0<span class=\"post-date\">15\/02\/2021<\/span><\/li>\n<li><a href=\"https:\/\/edublog.educastur.es\/ixuxu\/2021\/02\/limbani-col-pequenu-damian\/\">\u00abLimbani\u00bb col peque\u00f1u \u00abDamian\u00bb<\/a>\u00a0<span class=\"post-date\">15\/02\/2021<\/span><\/li>\n<li><a href=\"https:\/\/edublog.educastur.es\/ixuxu\/2021\/02\/la-lluna\/\">La lluna\u2026<\/a>\u00a0<span class=\"post-date\">14\/02\/2021<\/span><\/li>\n<li><a href=\"https:\/\/edublog.educastur.es\/ixuxu\/2021\/02\/deseyamosvos-un-feliz-san-valentin\/\">Desey\u00e1mosvos un Feliz San Valent\u00edn<\/a>\u00a0<span class=\"post-date\">14\/02\/2021<\/span><\/li>\n<li><a href=\"https:\/\/edublog.educastur.es\/ixuxu\/2021\/02\/descensu-de-galiana-del-antroxu-daviles-2021\/\">Descensu de Galiana del Antroxu d\u2019Avil\u00e9s 2021<\/a>\u00a0<span class=\"post-date\">13\/02\/2021<\/span><\/li>\n<li><a href=\"https:\/\/edublog.educastur.es\/ixuxu\/2021\/02\/desfile-damarutes-con-semeyes-del-museu-del-pueblu-dasturies\/\">Desfile d\u2019amarutes con semeyes del Mus\u00e9u del Pueblu d\u2019Asturies.<\/a>\u00a0<span class=\"post-date\">13\/02\/2021<\/span><\/li>\n<li><a href=\"https:\/\/edublog.educastur.es\/ixuxu\/2021\/02\/xixon-entamal-nun-ye-antroxu-cola-sardina-enlatada-en-casa\/\">Xix\u00f3n entama\u2019l \u00abNun ye Antroxu\u00bb cola sardina enlatada en casa<\/a>\u00a0<span class=\"post-date\">13\/02\/2021<\/span><\/li>\n<li><a href=\"https:\/\/edublog.educastur.es\/ixuxu\/2021\/02\/pa-que-nun-taburras-2021\/\">\u00abPa que nun t\u2019aburras 2021\u00bb<\/a>\u00a0<span class=\"post-date\">13\/02\/2021<\/span><\/li>\n<li><a href=\"https:\/\/edublog.educastur.es\/ixuxu\/2021\/02\/variantes-dialectales-de-antroxu-nasturlliones\/\">Variantes dialectales de \u00abAntroxu\u00bb n\u00b4asturllion\u00e9s<\/a>\u00a0<span class=\"post-date\">13\/02\/2021<\/span><\/li>\n<li><a href=\"https:\/\/edublog.educastur.es\/ixuxu\/2021\/02\/recetines-dantroxu\/\">Recetines d\u00b4Antroxu<\/a>\u00a0<span class=\"post-date\">13\/02\/2021<\/span><\/li>\n<li><a href=\"https:\/\/edublog.educastur.es\/ixuxu\/2021\/02\/lantroxu-tradicional-duvieu-pal-anu-2022\/\">L\u2019Antroxu Tradicional d\u2019Uvi\u00e9u\u2026<\/a>\u00a0<span class=\"post-date\">13\/02\/2021<\/span><\/li>\n<li><a href=\"https:\/\/edublog.educastur.es\/ixuxu\/2021\/02\/cuentu-lalma-de-la-neve\/\">Cuentu: L\u2019alma de la \u00f1eve<\/a>\u00a0<span class=\"post-date\">12\/02\/2021<\/span><\/li>\n<li><a href=\"https:\/\/edublog.educastur.es\/ixuxu\/2021\/02\/villaverde-gana-les-eleiciones-al-rectorau-de-la-universida-duvieu\/\">Villaverde gana les eleiciones al Rector\u00e1u de la Universid\u00e1 d\u2019Uvi\u00e9u<\/a>\u00a0<span class=\"post-date\">12\/02\/2021<\/span><\/li>\n<li><a href=\"https:\/\/edublog.educastur.es\/ixuxu\/2021\/02\/mas-recetines-dantroxu\/\">M\u00e1s recetines d\u00b4Antroxu<\/a>\u00a0<span class=\"post-date\">12\/02\/2021<\/span><\/li>\n<li><a href=\"https:\/\/edublog.educastur.es\/ixuxu\/2021\/02\/mira-a-estes-abeyes-dormiendo-nes-flores-un-apacible-apigazar-ente-petalos\/\">Mira a estes abeyes dormiendo nes flores (un apacible apigazar ente p\u00e9talos)<\/a>\u00a0<span class=\"post-date\">12\/02\/2021<\/span><\/li>\n<li><a href=\"https:\/\/edublog.educastur.es\/ixuxu\/2021\/02\/gustame-pensar-que-la-lluna-ta-ehi-inclusive-si-nun-toi-mirando-albert-einstein\/\">G\u00fastame pensar que la lluna ta eh\u00ed, inclusive si nun toi mirando (Einstein)<\/a>\u00a0<span class=\"post-date\">12\/02\/2021<\/span><\/li>\n<li><a href=\"https:\/\/edublog.educastur.es\/ixuxu\/2021\/02\/concursu-xixon-fala-en-3\/\">Concursu \u00abXix\u00f3n Fala en 3\u00b4\u00bb<\/a>\u00a0<span class=\"post-date\">12\/02\/2021<\/span><\/li>\n<li><a href=\"https:\/\/edublog.educastur.es\/ixuxu\/2021\/02\/3717\/\">12022021<\/a>\u00a0<span class=\"post-date\">12\/02\/2021<\/span><\/li>\n<li><a href=\"https:\/\/edublog.educastur.es\/ixuxu\/2021\/02\/i-concursu-nacional-de-podcast-escolar\/\">I Concursu Nacional de P\u00f3dcast Escolar<\/a>\u00a0<span class=\"post-date\">12\/02\/2021<\/span><\/li>\n<li><a href=\"https:\/\/edublog.educastur.es\/ixuxu\/2021\/02\/ensename-de-ciencia\/\">Ens\u00e9\u00f1ame de ciencia<\/a>\u00a0<span class=\"post-date\">11\/02\/2021<\/span><\/li>\n<li><a href=\"https:\/\/edublog.educastur.es\/ixuxu\/2021\/02\/la-vuelta-usa-por-fin-la-toponimia-oficial-asturiana\/\">La Vuelta usa por fin la toponimia oficial asturiana<\/a>\u00a0<span class=\"post-date\">11\/02\/2021<\/span><\/li>\n<li><a href=\"https:\/\/edublog.educastur.es\/ixuxu\/2021\/02\/anunciu-hai-xardinos-nos-que-si-hai-que-metese\/\">Anunciu: hai xardinos nos que s\u00ed hai que metese<\/a>\u00a0<span class=\"post-date\">11\/02\/2021<\/span><\/li>\n<li><a href=\"https:\/\/edublog.educastur.es\/ixuxu\/2021\/02\/dia-internacional-de-la-muyer-y-la-nena-na-ciencia\/\">D\u00eda Internacional de la Muyer y la Ne\u00f1a na Ciencia.<\/a>\u00a0<span class=\"post-date\">11\/02\/2021<\/span><\/li>\n<li><a href=\"https:\/\/edublog.educastur.es\/ixuxu\/2021\/02\/les-praderies-marines-capturen-y-prinden-casil-de-les-emisiones-anales-de-co2-de-toa-espana\/\">Les prader\u00edes marines capturen\u00a0 y prinden casi\u2019l % de les emisiones a\u00f1ales de CO2 de toa Espa\u00f1a.<\/a>\u00a0<span class=\"post-date\">10\/02\/2021<\/span><\/li>\n<li><a href=\"https:\/\/edublog.educastur.es\/ixuxu\/2021\/02\/dia-mundial-de-la-llegume-legumbre\/\">D\u00eda Mundial de la llegume (legumbre)<\/a>\u00a0<span class=\"post-date\">10\/02\/2021<\/span><\/li>\n<li><a href=\"https:\/\/edublog.educastur.es\/ixuxu\/2021\/02\/bellu-zimbabwe\/\">!Bellu Zimbabwe!<\/a>\u00a0<span class=\"post-date\">10\/02\/2021<\/span><\/li>\n<li><a href=\"https:\/\/edublog.educastur.es\/ixuxu\/2021\/02\/tiburon-ballena-alimentandose\/\">Tibur\u00f3n Ballena aliment\u00e1ndose<\/a>\u00a0<span class=\"post-date\">08\/02\/2021<\/span><\/li>\n<li><a href=\"https:\/\/edublog.educastur.es\/ixuxu\/2021\/02\/la-ballena-beluga-mas-amistosa-del-mundu\/\">La ballena beluga m\u00e1s amistosa del mundu<\/a>\u00a0<span class=\"post-date\">07\/02\/2021<\/span><\/li>\n<li><a href=\"https:\/\/edublog.educastur.es\/ixuxu\/2021\/02\/tpa-serie-de-tv-tierra-de-quesu\/\">TPA: serie de TV \u00abTierra de Quesu\u00bb<\/a>\u00a0<span class=\"post-date\">06\/02\/2021<\/span><\/li>\n<li><a href=\"https:\/\/edublog.educastur.es\/ixuxu\/2021\/02\/semeya-de-finlandia\/\">Semeya de Finlandia<\/a>\u00a0<span class=\"post-date\">06\/02\/2021<\/span><\/li>\n<li><a href=\"https:\/\/edublog.educastur.es\/ixuxu\/2021\/02\/eventos-febreru-2021\/\">Eventos febreru 2021<\/a>\u00a0<span class=\"post-date\">06\/02\/2021<\/span><\/li>\n<li><a href=\"https:\/\/edublog.educastur.es\/ixuxu\/2021\/02\/animeste-a-sofitar-el-primer-programa-en-streaming-despana-dedicau-a-les-aves\/\">\u00bfAn\u00edmeste a sofitar el primer programa en streaming d\u2019Espa\u00f1a dedic\u00e1u a les aves?<\/a>\u00a0<span class=\"post-date\">06\/02\/2021<\/span><\/li>\n<li><a href=\"https:\/\/edublog.educastur.es\/ixuxu\/2021\/02\/estau-del-tiempu-domingu-31-de-xineru-2021\/\">Est\u00e1u del tiempu: S\u00e1badu 6 de febreru 2021<\/a>\u00a0<span class=\"post-date\">06\/02\/2021<\/span><\/li>\n<li><a href=\"https:\/\/edublog.educastur.es\/ixuxu\/2021\/02\/el-pulpu-xigante-del-pacificu\/\">El pulpu xigante del Pac\u00edficu<\/a>\u00a0<span class=\"post-date\">05\/02\/2021<\/span><\/li>\n<li><a href=\"https:\/\/edublog.educastur.es\/ixuxu\/2021\/02\/zimbabwe\/\">Zimbabwe<\/a>\u00a0<span class=\"post-date\">05\/02\/2021<\/span><\/li>\n<li><a href=\"https:\/\/edublog.educastur.es\/ixuxu\/2021\/02\/hestoria-dunu-cantar-a-asturies\/\">Hestoria d\u2019un cantar a Asturies<\/a>\u00a0<span class=\"post-date\">03\/02\/2021<\/span><\/li>\n<li><a href=\"https:\/\/edublog.educastur.es\/ixuxu\/2021\/02\/afayen-a-un-nanocamaleon-el-reptil-mas-pequenu-del-mundu\/\">Afayen a un nanocamale\u00f3n, el reptil m\u00e1s pequenu del mundu<\/a>\u00a0<span class=\"post-date\">03\/02\/2021<\/span><\/li>\n<li><a href=\"https:\/\/edublog.educastur.es\/ixuxu\/2021\/02\/escelente-imaxe-de-la-via-lactea-paul-martini\/\">Escelente imaxe de la V\u00eda L\u00e1ctea (Paul Martini)<\/a>\u00a0<span class=\"post-date\">02\/02\/2021<\/span><\/li>\n<li><a href=\"https:\/\/edublog.educastur.es\/ixuxu\/2021\/02\/5-animales-que-podrien-escastase-y-desaparecer-en-2021\/\">5 animales que podr\u00eden escastase y desaparecer en 2021<\/a>\u00a0<span class=\"post-date\">01\/02\/2021<\/span><\/li>\n<li><a href=\"https:\/\/edublog.educastur.es\/ixuxu\/2021\/02\/xirasol\/\">Xirasol o mirasol<\/a>\u00a0<span class=\"post-date\">01\/02\/2021<\/span><\/li>\n<li><a href=\"https:\/\/edublog.educastur.es\/ixuxu\/2021\/02\/febreru-2021\/\">Febreru 2021<\/a>\u00a0<span class=\"post-date\">01\/02\/2021<\/span><\/li>\n<\/ul>\n","protected":false},"excerpt":{"rendered":"<p>\u00abPremiu 8 de marzu\u00bb\u00a027\/02\/2021 Un adorable \u00f1\u00e1caru rinoceronte toma unu pigazu r\u00e1pidu metanes la carretera\u00a027\/02\/2021 \u00d1\u00e1caru chimpanc\u00e9 Raven cola so madre, Utamu\u00a026\/02\/2021 AMOR MADRE: gorila d\u2019una selmana abrazada pola ma Bibi\u00a026\/02\/2021 Esguil en Suecia\u00a025\/02\/2021 La paternid\u00e1 toma determinaci\u00f3n\u00a024\/02\/2021 Semeya: Martin pescador\u00a024\/02\/2021 Calendariu astron\u00f3micu marzu 2021: av\u00e9rase la enerx\u00eda del equinocciu de primavera\u00a024\/02\/2021 Macrofograf\u00eda d\u2019una abeya [&hellip;]<\/p>\n","protected":false},"author":117,"featured_media":0,"parent":34958,"menu_order":0,"comment_status":"closed","ping_status":"closed","template":"","meta":{"footnotes":""},"class_list":["post-65029","page","type-page","status-publish","hentry"],"_links":{"self":[{"href":"https:\/\/edublog.educastur.es\/ixuxu\/wp-json\/wp\/v2\/pages\/65029","targetHints":{"allow":["GET"]}}],"collection":[{"href":"https:\/\/edublog.educastur.es\/ixuxu\/wp-json\/wp\/v2\/pages"}],"about":[{"href":"https:\/\/edublog.educastur.es\/ixuxu\/wp-json\/wp\/v2\/types\/page"}],"author":[{"embeddable":true,"href":"https:\/\/edublog.educastur.es\/ixuxu\/wp-json\/wp\/v2\/users\/117"}],"replies":[{"embeddable":true,"href":"https:\/\/edublog.educastur.es\/ixuxu\/wp-json\/wp\/v2\/comments?post=65029"}],"version-history":[{"count":1,"href":"https:\/\/edublog.educastur.es\/ixuxu\/wp-json\/wp\/v2\/pages\/65029\/revisions"}],"predecessor-version":[{"id":65030,"href":"https:\/\/edublog.educastur.es\/ixuxu\/wp-json\/wp\/v2\/pages\/65029\/revisions\/65030"}],"up":[{"embeddable":true,"href":"https:\/\/edublog.educastur.es\/ixuxu\/wp-json\/wp\/v2\/pages\/34958"}],"wp:attachment":[{"href":"https:\/\/edublog.educastur.es\/ixuxu\/wp-json\/wp\/v2\/media?parent=65029"}],"curies":[{"name":"wp","href":"https:\/\/api.w.org\/{rel}","templated":true}]}}