{"id":65031,"date":"2026-01-02T22:21:21","date_gmt":"2026-01-02T20:21:21","guid":{"rendered":"https:\/\/edublog.educastur.es\/ixuxu\/?page_id=65031"},"modified":"2026-01-02T22:21:21","modified_gmt":"2026-01-02T20:21:21","slug":"01_xineru","status":"publish","type":"page","link":"https:\/\/edublog.educastur.es\/ixuxu\/archivu-blogue\/articulos\/2021-2\/01_xineru\/","title":{"rendered":"01_Xineru"},"content":{"rendered":"<div id=\"primary\" class=\"content-area\"><main id=\"main\" class=\"site-main\" role=\"main\"><\/p>\n<article id=\"post-34958\" class=\"post-34958 page type-page status-publish hentry\">\n<div class=\"entry-content\">\n<ul>\n<li><a href=\"https:\/\/edublog.educastur.es\/ixuxu\/2021\/01\/el-caballin-de-mar-machu-puede-dar-a-lluz-decenu-de-cries\/\">El caball\u00edn de mar machu puede dar a lluz decenes de cr\u00edes<\/a>\u00a0<span class=\"post-date\">31\/01\/2021<\/span><\/li>\n<li><a href=\"https:\/\/edublog.educastur.es\/ixuxu\/2021\/01\/la-tierra-va-dicir-adios-a-la-so-segunda-lluna\/\">La Tierra va dicir adi\u00f3s a la so segunda \u2018lluna\u2019<\/a>\u00a0<span class=\"post-date\">31\/01\/2021<\/span><\/li>\n<li><a href=\"https:\/\/edublog.educastur.es\/ixuxu\/2021\/01\/el-nome-asturianu-ye-faisan-non-urogallo\/\">El nome asturianu ye \u00abfais\u00e1n\u00bb, non \u00aburogallo\u00bb.<\/a>\u00a0<span class=\"post-date\">31\/01\/2021<\/span><\/li>\n<li><a href=\"https:\/\/edublog.educastur.es\/ixuxu\/2021\/01\/dia-internacional-de-los-magos\/\">D\u00eda Internacional de los Magos<\/a>\u00a0<span class=\"post-date\">31\/01\/2021<\/span><\/li>\n<li><a href=\"https:\/\/edublog.educastur.es\/ixuxu\/2021\/01\/lo-mas-prestoso-que-veras-guei\/\">Lo m\u00e1s prestoso que ver\u00e1s g\u00faei\u2026<\/a>\u00a0<span class=\"post-date\">31\/01\/2021<\/span><\/li>\n<li><a href=\"https:\/\/edublog.educastur.es\/ixuxu\/2021\/01\/guevos-alienigenas-conxelaos-nislandia\/\">G\u00fcevos alien\u00edgenas conxelaos n\u2019Islandia<\/a>\u00a0<span class=\"post-date\">30\/01\/2021<\/span><\/li>\n<li><a href=\"https:\/\/edublog.educastur.es\/ixuxu\/2021\/01\/bufones-tou-un-espectaculu-velos-dende-lluene\/\">Bufones: tou un espect\u00e1culu velos dende llue\u00f1e.<\/a>\u00a0<span class=\"post-date\">30\/01\/2021<\/span><\/li>\n<li><a href=\"https:\/\/edublog.educastur.es\/ixuxu\/2021\/01\/tpa-la-ciencia-del-cuentu\/\">TPA: \u00abLa ciencia del cuentu\u00bb (martes, 23:00 hores)<\/a>\u00a0<span class=\"post-date\">30\/01\/2021<\/span><\/li>\n<li><a href=\"https:\/\/edublog.educastur.es\/ixuxu\/2021\/01\/espectaculares-vistes-duvieu-dendel-picu-mostayal\/\">Espectaculares vistes d\u2019Uvi\u00e9u dende\u00b4l Picu Mostayal<\/a>\u00a0<span class=\"post-date\">30\/01\/2021<\/span><\/li>\n<li><a href=\"https:\/\/edublog.educastur.es\/ixuxu\/2021\/01\/atopen-una-nueva-especie-de-dinosauriu-en-mexico-2018\/\">Atopen una nueva especie de dinosauriu en M\u00e9xico 2018<\/a>\u00a0<span class=\"post-date\">29\/01\/2021<\/span><\/li>\n<li><a href=\"https:\/\/edublog.educastur.es\/ixuxu\/2021\/01\/primer-videu-con-resolvimientu-4k-de-la-tierra-dende-un-satelite\/\">Primer v\u00eddeu de la Tierra en calid\u00e1 4K<\/a>\u00a0<span class=\"post-date\">29\/01\/2021<\/span><\/li>\n<li><a href=\"https:\/\/edublog.educastur.es\/ixuxu\/2021\/01\/maraviyes-del-mundu-la-carretera-mas-llarga\/\">Maraviyes del mundu: la carretera m\u00e1s llarga, 47958 km<\/a>\u00a0<span class=\"post-date\">29\/01\/2021<\/span><\/li>\n<li><a href=\"https:\/\/edublog.educastur.es\/ixuxu\/2021\/01\/al-son\/\">\u2018Al son\u2019, espaciu centr\u00e1u na m\u00fasica d\u2019espresi\u00f3n asturiana<\/a>\u00a0<span class=\"post-date\">29\/01\/2021<\/span><\/li>\n<li><a href=\"https:\/\/edublog.educastur.es\/ixuxu\/2021\/01\/premio-fundacion-cuatrogatos-2021\/\">Fundaci\u00f3n Cuatrogatos 2021<\/a>\u00a0<span class=\"post-date\">28\/01\/2021<\/span><\/li>\n<li><a href=\"https:\/\/edublog.educastur.es\/ixuxu\/2021\/01\/amanecer-nel-paseu-de-la-ria-daviles\/\">Amanecer nel pas\u00e9u de la ria d\u00b4Aviles<\/a>\u00a0<span class=\"post-date\">28\/01\/2021<\/span><\/li>\n<li><a href=\"https:\/\/edublog.educastur.es\/ixuxu\/2021\/01\/lluna-llena-28-de-xineru\/\">Lluna llena de Llobu: 28 de xineru<\/a>\u00a0<span class=\"post-date\">28\/01\/2021<\/span><\/li>\n<li><a href=\"https:\/\/edublog.educastur.es\/ixuxu\/2021\/01\/aurora-boreal_color-armonia-artevisionario-net\/\">Aurora boreal_Color &amp; armon\u00eda (artevisionario.net)<\/a>\u00a0<span class=\"post-date\">28\/01\/2021<\/span><\/li>\n<li><a href=\"https:\/\/edublog.educastur.es\/ixuxu\/2021\/01\/morrio-sor-cancion\/\">Fin\u00f3 \u00abSor Canci\u00f3n\u00bb, la monxa asturianista<\/a>\u00a0<span class=\"post-date\">27\/01\/2021<\/span><\/li>\n<li><a href=\"https:\/\/edublog.educastur.es\/ixuxu\/2021\/01\/turismo-asturias-cascadas-de-oneta\/\">Turismo Asturias: Cascadas de Oneta<\/a>\u00a0<span class=\"post-date\">27\/01\/2021<\/span><\/li>\n<li><a href=\"https:\/\/edublog.educastur.es\/ixuxu\/2021\/01\/sobre-enriqueta-glez-rubin\/\">Sobre\u2026 Enriqueta Glez. Rub\u00edn<\/a>\u00a0<span class=\"post-date\">26\/01\/2021<\/span><\/li>\n<li><a href=\"https:\/\/edublog.educastur.es\/ixuxu\/2021\/01\/tola-dosezna-a-simbolu-del-caltenimientu-animal\/\">\u2018Tola\u2019, d\u00b4osezna a s\u00edmbolu del caltenimientu animal<\/a>\u00a0<span class=\"post-date\">26\/01\/2021<\/span><\/li>\n<li><a href=\"https:\/\/edublog.educastur.es\/ixuxu\/2021\/01\/desaparecen-dos-oses-reproductores-en-teberga\/\">Desaparecen dos oses reproductores en Teberga<\/a>\u00a0<span class=\"post-date\">26\/01\/2021<\/span><\/li>\n<li><a href=\"https:\/\/edublog.educastur.es\/ixuxu\/2021\/01\/nel-moran-na-siendal-destin\/\">Nel Mor\u00e1n: \u2018Na sienda\u2019l dest\u00edn\u2019<\/a>\u00a0<span class=\"post-date\">25\/01\/2021<\/span><\/li>\n<li><a href=\"https:\/\/edublog.educastur.es\/ixuxu\/2021\/01\/3267\/\">D\u00eda de les mascotes<\/a>\u00a0<span class=\"post-date\">25\/01\/2021<\/span><\/li>\n<li><a href=\"https:\/\/edublog.educastur.es\/ixuxu\/2021\/01\/prefiero-ver-llover-silvia-quesada\/\">\u00abPrefiero ver llover\u00bb (Silvia Quesada)<\/a>\u00a0<span class=\"post-date\">25\/01\/2021<\/span><\/li>\n<li><a href=\"https:\/\/edublog.educastur.es\/ixuxu\/2021\/01\/mantarraya-pide-ayuda-a-un-buzu-por-que-y-quite-unos-anzuelos\/\">Mantarraya pide ayuda a un buzu por que-y quite unos anzuelos<\/a>\u00a0<span class=\"post-date\">25\/01\/2021<\/span><\/li>\n<li><a href=\"https:\/\/edublog.educastur.es\/ixuxu\/2021\/01\/pinin-el-tintin-asturianu-que-percorriol-mundu-nuna-madrena-voladora-2\/\">Pin\u00edn, el Tint\u00edn asturianu que percorri\u00f3\u2019l mundu n\u2019una madre\u00f1a voladora<\/a>\u00a0<span class=\"post-date\">24\/01\/2021<\/span><\/li>\n<li><a href=\"https:\/\/edublog.educastur.es\/ixuxu\/2021\/01\/campoastur-produccion-ecoloxica-y-biodiversida-para-la-pumarada-del-enguilu\/\">Campoastur: \u201cProducci\u00f3n ecol\u00f3xica y biodiversid\u00e1 para la pumarada del Enguilu\u201d<\/a>\u00a0<span class=\"post-date\">24\/01\/2021<\/span><\/li>\n<li><a href=\"https:\/\/edublog.educastur.es\/ixuxu\/2021\/01\/dia-internacional-de-la-educacion\/\">D\u00eda Internacional de la Educaci\u00f3n<\/a>\u00a0<span class=\"post-date\">24\/01\/2021<\/span><\/li>\n<li><a href=\"https:\/\/edublog.educastur.es\/ixuxu\/2021\/01\/santiago-el-pediatra-uviein-que-se-convierte-en-spider-man\/\">Santiago, el pediatra uvie\u00edn que se convierte en Spider-Man<\/a>\u00a0<span class=\"post-date\">22\/01\/2021<\/span><\/li>\n<li><a href=\"https:\/\/edublog.educastur.es\/ixuxu\/2021\/01\/nunn-lleva-lasturianu-a-les-plataformes-dixitales\/\">\u00abNunn\u00bb lleva l\u2019asturianu a les plataformes dixitales<\/a>\u00a0<span class=\"post-date\">22\/01\/2021<\/span><\/li>\n<li><a href=\"https:\/\/edublog.educastur.es\/ixuxu\/2021\/01\/naz-una-cebra-con-puntos-nuna-reserva-dafrica\/\">Naz una cebra con puntos n\u2019una reserva d\u2019\u00c1frica<\/a>\u00a0<span class=\"post-date\">21\/01\/2021<\/span><\/li>\n<li><a href=\"https:\/\/edublog.educastur.es\/ixuxu\/2021\/01\/lesfuerzu-que-se-realiza-nel-campu-ta-infravalorado\/\">\u00abL\u2019esfuerzu que se realiza nel campu ta infravalorado\u00bb<\/a>\u00a0<span class=\"post-date\">21\/01\/2021<\/span><\/li>\n<li><a href=\"https:\/\/edublog.educastur.es\/ixuxu\/2021\/01\/juan-lozano-ye-unu-de-los-postreros-madreneros-que-queden-en-casu\/\">Juan Lozano ye unu de los postreros madre\u00f1eros que queden en Casu<\/a>\u00a0<span class=\"post-date\">21\/01\/2021<\/span><\/li>\n<li><a href=\"https:\/\/edublog.educastur.es\/ixuxu\/2021\/01\/el-conceyu-traduz-al-asturianul-portal-web-municipal-de-san-martin\/\">El Conceyu traduz al asturianu\u2019l portal web municipal de San Mart\u00edn<\/a>\u00a0<span class=\"post-date\">20\/01\/2021<\/span><\/li>\n<li><a href=\"https:\/\/edublog.educastur.es\/ixuxu\/2021\/01\/iniciativa-pol-asturianu-reclama-la-presencia-del-asturianu\/\">Iniciativa pol Asturianu reclama la presencia del asturianu<\/a>\u00a0<span class=\"post-date\">19\/01\/2021<\/span><\/li>\n<li><a href=\"https:\/\/edublog.educastur.es\/ixuxu\/2021\/01\/3220\/\">Lleones marinos, saltando n\u2019enormes foles<\/a>\u00a0<span class=\"post-date\">19\/01\/2021<\/span><\/li>\n<li><a href=\"https:\/\/edublog.educastur.es\/ixuxu\/2021\/01\/cabarceno-da-la-bienvenida-a-un-nuevu-elefante-africanu\/\">Cab\u00e1rceno da la bienvenida a un nuevu elefante africanu<\/a>\u00a0<span class=\"post-date\">18\/01\/2021<\/span><\/li>\n<li><a href=\"https:\/\/edublog.educastur.es\/ixuxu\/2021\/01\/3130\/\">L\u00b4Horru: Mi\u00e9rcoles 20, 22:00 hores TPA<\/a>\u00a0<span class=\"post-date\">16\/01\/2021<\/span><\/li>\n<li><a href=\"https:\/\/edublog.educastur.es\/ixuxu\/2021\/01\/el-barquin-alicia-alvarez\/\">\u00abEl barqu\u00edn\u00bb (Alicia \u00c1lvarez)<\/a>\u00a0<span class=\"post-date\">16\/01\/2021<\/span><\/li>\n<li><a href=\"https:\/\/edublog.educastur.es\/ixuxu\/2021\/01\/calendariu-cientificu-escolar-2021\/\">Calendariu cient\u00edficu escolar 2021<\/a>\u00a0<span class=\"post-date\">16\/01\/2021<\/span><\/li>\n<li><a href=\"https:\/\/edublog.educastur.es\/ixuxu\/2021\/01\/iviernu-tabayones-catarates-del-niagara\/\">Iviernu: Tabayones del Ni\u00e1gara<\/a>\u00a0<span class=\"post-date\">16\/01\/2021<\/span><\/li>\n<li><a href=\"https:\/\/edublog.educastur.es\/ixuxu\/2021\/01\/videu-de-miniponencies-sobre-lliteratura\/\">Miniponencies sobre lliteratura \u00abOtres xeograf\u00edes\u00bb<\/a>\u00a0<span class=\"post-date\">15\/01\/2021<\/span><\/li>\n<li><a href=\"https:\/\/edublog.educastur.es\/ixuxu\/2021\/01\/revista-formientu\/\">Revista Formientu<\/a>\u00a0<span class=\"post-date\">15\/01\/2021<\/span><\/li>\n<li><a href=\"https:\/\/edublog.educastur.es\/ixuxu\/2021\/01\/preciosa-semeya-nel-aire-foto-nagaraj_chindanur\/\">\u00a1Preciosa semeya nel aire! (Foto: nagaraj_chindanur)<\/a>\u00a0<span class=\"post-date\">15\/01\/2021<\/span><\/li>\n<li><a href=\"https:\/\/edublog.educastur.es\/ixuxu\/2021\/01\/la-espana-nevada-nunca-antes-vista-dende-lespaciu-nuna-imaxe-a-tou-color\/\">La Espa\u00f1a nevada nunca antes vista dende l\u2019espaciu nuna imaxe a tou color<\/a>\u00a0<span class=\"post-date\">13\/01\/2021<\/span><\/li>\n<li><a href=\"https:\/\/edublog.educastur.es\/ixuxu\/2021\/01\/afayen-una-nueva-especie-de-gecko-neon-que-relluma-cola-lluz-de-la-lluna\/\">Afayen una nueva especie de gecko ne\u00f3n que relluma cola lluz de la Lluna<\/a>\u00a0<span class=\"post-date\">13\/01\/2021<\/span><\/li>\n<li><a href=\"https:\/\/edublog.educastur.es\/ixuxu\/2021\/01\/lluna-en-cuartu-menguante\/\">Lluna en cuartu menguante y creciente<\/a>\u00a0<span class=\"post-date\">13\/01\/2021<\/span><\/li>\n<li><a href=\"https:\/\/edublog.educastur.es\/ixuxu\/2021\/01\/tever-gaita-hero\/\">Tever: \u00abGaita hero\u00bb<\/a>\u00a0<span class=\"post-date\">12\/01\/2021<\/span><\/li>\n<li><a href=\"https:\/\/edublog.educastur.es\/ixuxu\/2021\/01\/atapecer-en-xixon\/\">Atapecer en Xix\u00f3n<\/a>\u00a0<span class=\"post-date\">11\/01\/2021<\/span><\/li>\n<li><a href=\"https:\/\/edublog.educastur.es\/ixuxu\/2021\/01\/una-editorial-uvieina-pionera-na-fantasia-nasturianu\/\">Una editorial uvieina, pionera na fantas\u00eda n\u2019asturianu<\/a>\u00a0<span class=\"post-date\">11\/01\/2021<\/span><\/li>\n<li><a href=\"https:\/\/edublog.educastur.es\/ixuxu\/2021\/01\/conxelacion-duna-burbuya-na-neve\/\">Conxelaci\u00f3n d\u00b4una burbuya na \u00f1eve (Maite Virgili)<\/a>\u00a0<span class=\"post-date\">10\/01\/2021<\/span><\/li>\n<li><a href=\"https:\/\/edublog.educastur.es\/ixuxu\/2021\/01\/musica-asturiana-top-2020\/\">M\u00fasica asturiana: TOP 2020<\/a>\u00a0<span class=\"post-date\">10\/01\/2021<\/span><\/li>\n<li><a href=\"https:\/\/edublog.educastur.es\/ixuxu\/2021\/01\/congelacion-duna-burbuxa-na-neve\/\">Conxelaci\u00f3n d\u00b4una burbuya na \u00f1eve<\/a>\u00a0<span class=\"post-date\">09\/01\/2021<\/span><\/li>\n<li><a href=\"https:\/\/edublog.educastur.es\/ixuxu\/2021\/01\/numberu-19-de-la-revista-astor\/\">N\u00famberu 19 de la revista \u00abASTOR\u00bb.<\/a>\u00a0<span class=\"post-date\">09\/01\/2021<\/span><\/li>\n<li><a href=\"https:\/\/edublog.educastur.es\/ixuxu\/2021\/01\/maravies-del-planeta-tierra\/\">Marav\u00edes del Planeta Tierra: Frailecillo<\/a>\u00a0<span class=\"post-date\">09\/01\/2021<\/span><\/li>\n<li><a href=\"https:\/\/edublog.educastur.es\/ixuxu\/2021\/01\/un-robot-espia-infiltrase-nuna-menada-de-gorilas-y-afaya-que-canten-mientres-cenen\/\">Un robot esp\u00eda infiltrase nuna menada de gorilas y afaya que canten mientres cenen<\/a>\u00a0<span class=\"post-date\">08\/01\/2021<\/span><\/li>\n<li><a href=\"https:\/\/edublog.educastur.es\/ixuxu\/2021\/01\/conseyos-dablanin\/\">Conseyos d\u00b4Ablan\u00edn<\/a>\u00a0<span class=\"post-date\">08\/01\/2021<\/span><\/li>\n<li><a href=\"https:\/\/edublog.educastur.es\/ixuxu\/2021\/01\/el-vidriu-liquidu-yel-nuevu-estau-de-la-materia\/\">El vidriu l\u00edquidu ye\u2019l nuevu est\u00e1u de la materia<\/a>\u00a0<span class=\"post-date\">08\/01\/2021<\/span><\/li>\n<li><a href=\"https:\/\/edublog.educastur.es\/ixuxu\/2021\/01\/animales-enantes-de-nacer\/\">Animales enantes de nacer<\/a>\u00a0<span class=\"post-date\">08\/01\/2021<\/span><\/li>\n<li><a href=\"https:\/\/edublog.educastur.es\/ixuxu\/2021\/01\/lhorru-serie-documental\/\">Serie documental na TPA: \u00abL\u00b4horru\u00bb.<\/a>\u00a0<span class=\"post-date\">07\/01\/2021<\/span><\/li>\n<li><a href=\"https:\/\/edublog.educastur.es\/ixuxu\/2021\/01\/el-9-de-febreru-borrasca-con-neve\/\">El 9 de febreru, borrasca con \u00f1eve<\/a>\u00a0<span class=\"post-date\">06\/01\/2021<\/span><\/li>\n<li><a href=\"https:\/\/edublog.educastur.es\/ixuxu\/2021\/01\/natura-coalas\/\">Natura: coalas\u2026<\/a>\u00a0<span class=\"post-date\">06\/01\/2021<\/span><\/li>\n<li><a href=\"https:\/\/edublog.educastur.es\/ixuxu\/2021\/01\/nordes-movil-una-compania-que-fala-como-tu\/\">Nord\u00e9s M\u00f3vil, una compa\u00f1\u00eda que fala como t\u00fa<\/a>\u00a0<span class=\"post-date\">05\/01\/2021<\/span><\/li>\n<li><a href=\"https:\/\/edublog.educastur.es\/ixuxu\/2021\/01\/les-abeyes-faen-esto-cuando-tan-construyendo-un-setu-nuevu\/\">Les abeyes faen esto cuando t\u00e1n construyendo un setu nuevu.<\/a>\u00a0<span class=\"post-date\">05\/01\/2021<\/span><\/li>\n<li><a href=\"https:\/\/edublog.educastur.es\/ixuxu\/2021\/01\/lantroxu-y-les-mazcaraes-diviernu-nasturies\/\">L\u00b4antroxu y les mazcaraes d\u00b4iviernu n\u00b4asturies<\/a>\u00a0<span class=\"post-date\">05\/01\/2021<\/span><\/li>\n<li><a href=\"https:\/\/edublog.educastur.es\/ixuxu\/2021\/01\/roscon-de-reis\/\">Rosc\u00f3n de Reis<\/a>\u00a0<span class=\"post-date\">05\/01\/2021<\/span><\/li>\n<li><a href=\"https:\/\/edublog.educastur.es\/ixuxu\/2021\/01\/neve\/\">\u00d1eve\u2026<\/a>\u00a0<span class=\"post-date\">05\/01\/2021<\/span><\/li>\n<li><a href=\"https:\/\/edublog.educastur.es\/ixuxu\/2021\/01\/los-pexes-canten-a-lamanecida-segun-un-estudiu-australianu\/\">Los pexes canten a l\u2019amanecida, seg\u00fan un estudiu australianu<\/a>\u00a0<span class=\"post-date\">05\/01\/2021<\/span><\/li>\n<li><a href=\"https:\/\/edublog.educastur.es\/ixuxu\/2021\/01\/decalogu-del-xuguete-non-sexista\/\">Dec\u00e1logu del xuguete non sexista<\/a>\u00a0<span class=\"post-date\">05\/01\/2021<\/span><\/li>\n<li><a href=\"https:\/\/edublog.educastur.es\/ixuxu\/2021\/01\/la-tienra-reaccion-duna-nena-ciega-al-afayar-quel-so-regalu-de-navida-son-los-llibros-de-harry-potter-en-braille\/\">La tienra reacci\u00f3n d\u2019una ne\u00f1a ciega al afayar qu\u2019el so regalu de Navid\u00e1 son los llibros de Harry Potter en braille<\/a>\u00a0<span class=\"post-date\">05\/01\/2021<\/span><\/li>\n<li><a href=\"https:\/\/edublog.educastur.es\/ixuxu\/2021\/01\/xixon-anos-60-calendariu-de-2021\/\">\u00abXix\u00f3n. A\u00f1os 60\u00bb: calendariu de 2021<\/a>\u00a0<span class=\"post-date\">05\/01\/2021<\/span><\/li>\n<li><a href=\"https:\/\/edublog.educastur.es\/ixuxu\/2021\/01\/la-cesteria-en-grau-una-amuesa-sobro-los-goixeiros-y-la-cesteria\/\">\u2018La cester\u00eda en Grau\u2019, una amuesa sobro \u2018los goixeiros\u2019 y la cester\u00eda<\/a>\u00a0<span class=\"post-date\">04\/01\/2021<\/span><\/li>\n<li><a href=\"https:\/\/edublog.educastur.es\/ixuxu\/2021\/01\/museu-de-las-ayalgas-de-silviella-tineu\/\">Mus\u00e9u de las AYALGAS de Silviella (Balmonte)<\/a>\u00a0<span class=\"post-date\">04\/01\/2021<\/span><\/li>\n<li><a href=\"https:\/\/edublog.educastur.es\/ixuxu\/2021\/01\/los-operarios-desmonten-pieza-a-pieza-lhorru-de-la-regalina\/\">Los operarios desmonten pieza a pieza l\u2019horru de La Regalina<\/a>\u00a0<span class=\"post-date\">04\/01\/2021<\/span><\/li>\n<li><a href=\"https:\/\/edublog.educastur.es\/ixuxu\/2021\/01\/frases\/\">Cites<\/a>\u00a0<span class=\"post-date\">04\/01\/2021<\/span><\/li>\n<li><a href=\"https:\/\/edublog.educastur.es\/ixuxu\/2021\/01\/el-color-rosa-nun-esiste\/\">El color rosa nun esiste<\/a>\u00a0<span class=\"post-date\">04\/01\/2021<\/span><\/li>\n<li><a href=\"https:\/\/edublog.educastur.es\/ixuxu\/2021\/01\/carlos-rubiera-sacal-tercer-discu-de-la-serie-asturianaes\/\">Carlos Rubiera saca\u2019l tercer discu de la serie \u201cAsturianaes\u201d<\/a>\u00a0<span class=\"post-date\">04\/01\/2021<\/span><\/li>\n<li><a href=\"https:\/\/edublog.educastur.es\/ixuxu\/2021\/01\/tpa-romandela-ponga-llave-del-paraiso\/\">TPA Romandela: Ponga, \u00abLlave del para\u00edso\u00bb<\/a>\u00a0<span class=\"post-date\">04\/01\/2021<\/span><\/li>\n<li><a href=\"https:\/\/edublog.educastur.es\/ixuxu\/2021\/01\/topen-un-exemplar-de-rinoceronte-lanudo-de-la-eda-de-xelu\/\">Topen un exemplar de rinoceronte *lanudo de la Ed\u00e1 de Xelu<\/a>\u00a0<span class=\"post-date\">04\/01\/2021<\/span><\/li>\n<li><a href=\"https:\/\/edublog.educastur.es\/ixuxu\/2021\/01\/calendario-asociacion-biodevas\/\">Calendario Asociaci\u00f3n Biodevas<\/a>\u00a0<span class=\"post-date\">04\/01\/2021<\/span><\/li>\n<li><a href=\"https:\/\/edublog.educastur.es\/ixuxu\/2021\/01\/estau-del-tiempu-llunes-4-de-xineru\/\">Est\u00e1u del tiempu: llunes 4 de xineru<\/a>\u00a0<span class=\"post-date\">04\/01\/2021<\/span><\/li>\n<li><a href=\"https:\/\/edublog.educastur.es\/ixuxu\/2021\/01\/alicia-alvarez-kikirikiki-pa-tola-familia-y-nasturianu\/\">Entrevista a Alicia \u00c1lvarez<\/a>\u00a0<span class=\"post-date\">03\/01\/2021<\/span><\/li>\n<li><a href=\"https:\/\/edublog.educastur.es\/ixuxu\/2021\/01\/calendariu-la-kadarma\/\">Calendariu \u00abLa Kadarma\u00bb<\/a>\u00a0<span class=\"post-date\">03\/01\/2021<\/span><\/li>\n<li><a href=\"https:\/\/edublog.educastur.es\/ixuxu\/2021\/01\/la-guirria-falta-a-la-so-cita-per-primer-vegada-nocho-decades\/\">La Guirria falta a la so cita per primer vegada n\u2019ocho d\u00e9cades<\/a>\u00a0<span class=\"post-date\">02\/01\/2021<\/span><\/li>\n<li><a href=\"https:\/\/edublog.educastur.es\/ixuxu\/2021\/01\/les-meyores-semeyes-del-instagram-dhestoria-national-geographic-en-2020\/\">Les meyores semeyes del Instagram d\u2019Hestoria National Geographic en 2020<\/a>\u00a0<span class=\"post-date\">02\/01\/2021<\/span><\/li>\n<li><a href=\"https:\/\/edublog.educastur.es\/ixuxu\/2021\/01\/videu-explicativu-vacuna\/\">Videu explicativu vacuna y ARN<\/a>\u00a0<span class=\"post-date\">02\/01\/2021<\/span><\/li>\n<li><a href=\"https:\/\/edublog.educastur.es\/ixuxu\/2021\/01\/norena-villa-chacinera\/\">Nore\u00f1a, villa chacinera<\/a>\u00a0<span class=\"post-date\">02\/01\/2021<\/span><\/li>\n<li><a href=\"https:\/\/edublog.educastur.es\/ixuxu\/2021\/01\/lespectacular-calendariu-2021-dedicau-al-camin-de-santiago-primitivu-dasturies\/\">L\u2019espectacular calendariu 2021 dedic\u00e1u al Cam\u00edn de Santiago Primitivu d\u2019Asturies<\/a>\u00a0<span class=\"post-date\">01\/01\/2021<\/span><\/li>\n<li><a href=\"https:\/\/edublog.educastur.es\/ixuxu\/2021\/01\/les-meyores-semeyes-de-naturaleza-de-2020\/\">\u00a0Les meyores semeyes de naturaleza de 2020<\/a>\u00a0<span class=\"post-date\">01\/01\/2021<\/span><\/li>\n<li><a href=\"https:\/\/edublog.educastur.es\/ixuxu\/2021\/01\/2493\/\">Primer d\u00eda d\u00b4a\u00f1u Nuevu<\/a>\u00a0<span class=\"post-date\">01\/01\/2021<\/span><\/li>\n<li><a href=\"https:\/\/edublog.educastur.es\/ixuxu\/2021\/01\/llibru-vivir-en-la-asturias-medieval\/\">Recomendamos: \u00abVivir en la Asturias Medieval\u00bb<\/a>\u00a0<span class=\"post-date\">01\/01\/2021<\/span><\/li>\n<li><a href=\"https:\/\/edublog.educastur.es\/ixuxu\/2021\/01\/numberu-12-de-la-revista-viaxast\/\">N\u00famberu 12\u00a0de la revista ViaxAst<\/a>\u00a0<span class=\"post-date\">01\/01\/2021<\/span><\/li>\n<li><a href=\"https:\/\/edublog.educastur.es\/ixuxu\/2021\/01\/les-naciones-celtes-feliciten-lanu-nuevu\/\">Les Naciones Celtes feliciten l\u00b4a\u00f1u nuevu<\/a>\u00a0<span class=\"post-date\">01\/01\/2021<\/span><\/li>\n<li><a href=\"https:\/\/edublog.educastur.es\/ixuxu\/2021\/01\/la-nasa-despidise-del-2020-coles-meyores-imaxes-de-la-tierra\/\">La NASA despidise del 2020 coles meyores imaxes de la Tierra<\/a>\u00a0<span class=\"post-date\">01\/01\/2021<\/span><\/li>\n<li><a href=\"https:\/\/edublog.educastur.es\/ixuxu\/2021\/01\/agenda-2021-fenomenos-astronomicos\/\">Axenda 2021: fen\u00f3menos astron\u00f3micos<\/a>\u00a0<span class=\"post-date\">01\/01\/2021<\/span><\/li>\n<li><a href=\"https:\/\/edublog.educastur.es\/ixuxu\/2021\/01\/anunciu-de-campofrio-nasturies\/\">Anunciu de Campofr\u00edo n\u00b4Asturies<\/a>\u00a0<span class=\"post-date\">01\/01\/2021<\/span><\/li>\n<\/ul>\n<\/div>\n<\/article>\n<p><\/main><\/div>\n<aside id=\"secondary\" class=\"widget-area\" role=\"complementary\">\n<section id=\"block-34\" class=\"widget widget_block\">\n<div class=\"wp-block-cover\">\n<div class=\"wp-block-cover__inner-container is-layout-flow wp-block-cover-is-layout-flow\"><\/div>\n<\/div>\n<\/section>\n<\/aside>\n","protected":false},"excerpt":{"rendered":"<p>El caball\u00edn de mar machu puede dar a lluz decenes de cr\u00edes\u00a031\/01\/2021 La Tierra va dicir adi\u00f3s a la so segunda \u2018lluna\u2019\u00a031\/01\/2021 El nome asturianu ye \u00abfais\u00e1n\u00bb, non \u00aburogallo\u00bb.\u00a031\/01\/2021 D\u00eda Internacional de los Magos\u00a031\/01\/2021 Lo m\u00e1s prestoso que ver\u00e1s g\u00faei\u2026\u00a031\/01\/2021 G\u00fcevos alien\u00edgenas conxelaos n\u2019Islandia\u00a030\/01\/2021 Bufones: tou un espect\u00e1culu velos dende llue\u00f1e.\u00a030\/01\/2021 TPA: \u00abLa ciencia del [&hellip;]<\/p>\n","protected":false},"author":117,"featured_media":0,"parent":34958,"menu_order":0,"comment_status":"closed","ping_status":"closed","template":"","meta":{"footnotes":""},"class_list":["post-65031","page","type-page","status-publish","hentry"],"_links":{"self":[{"href":"https:\/\/edublog.educastur.es\/ixuxu\/wp-json\/wp\/v2\/pages\/65031","targetHints":{"allow":["GET"]}}],"collection":[{"href":"https:\/\/edublog.educastur.es\/ixuxu\/wp-json\/wp\/v2\/pages"}],"about":[{"href":"https:\/\/edublog.educastur.es\/ixuxu\/wp-json\/wp\/v2\/types\/page"}],"author":[{"embeddable":true,"href":"https:\/\/edublog.educastur.es\/ixuxu\/wp-json\/wp\/v2\/users\/117"}],"replies":[{"embeddable":true,"href":"https:\/\/edublog.educastur.es\/ixuxu\/wp-json\/wp\/v2\/comments?post=65031"}],"version-history":[{"count":1,"href":"https:\/\/edublog.educastur.es\/ixuxu\/wp-json\/wp\/v2\/pages\/65031\/revisions"}],"predecessor-version":[{"id":65032,"href":"https:\/\/edublog.educastur.es\/ixuxu\/wp-json\/wp\/v2\/pages\/65031\/revisions\/65032"}],"up":[{"embeddable":true,"href":"https:\/\/edublog.educastur.es\/ixuxu\/wp-json\/wp\/v2\/pages\/34958"}],"wp:attachment":[{"href":"https:\/\/edublog.educastur.es\/ixuxu\/wp-json\/wp\/v2\/media?parent=65031"}],"curies":[{"name":"wp","href":"https:\/\/api.w.org\/{rel}","templated":true}]}}