{"id":65036,"date":"2026-01-02T22:23:59","date_gmt":"2026-01-02T20:23:59","guid":{"rendered":"https:\/\/edublog.educastur.es\/ixuxu\/?page_id=65036"},"modified":"2026-01-02T22:23:59","modified_gmt":"2026-01-02T20:23:59","slug":"11_payares","status":"publish","type":"page","link":"https:\/\/edublog.educastur.es\/ixuxu\/archivu-blogue\/articulos\/2020-2\/11_payares\/","title":{"rendered":"11_Payares"},"content":{"rendered":"<ul>\n<li><a href=\"https:\/\/edublog.educastur.es\/ixuxu\/2020\/11\/30-payares-dia-de-lacuicutura\/\">30 Payares: D\u00eda de l\u00b4Acuicutura<\/a> <span class=\"post-date\">30\/11\/2020<\/span><\/li>\n<li><a href=\"https:\/\/edublog.educastur.es\/ixuxu\/2020\/11\/estau-del-tiempu-llunes-30-de-payares\/\">Est\u00e1u del tiempu: llunes 30 de payares<\/a> <span class=\"post-date\">30\/11\/2020<\/span><\/li>\n<li><a href=\"https:\/\/edublog.educastur.es\/ixuxu\/2020\/11\/la-gaita-un-simbolu-bien-nuesu\/\">La gaita, un s\u00edmbolu bien nuesu<\/a> <span class=\"post-date\">29\/11\/2020<\/span><\/li>\n<li><a href=\"https:\/\/edublog.educastur.es\/ixuxu\/2020\/11\/el-carbayon-de-cornellana-sestu-arbol-europeu-del-anu\/\">El carbay\u00f3n de Cornellana, sestu \u00abArbol Europ\u00e9u del a\u00f1u\u00bb<\/a> <span class=\"post-date\">28\/11\/2020<\/span><\/li>\n<li><a href=\"https:\/\/edublog.educastur.es\/ixuxu\/2020\/11\/el-musicu-vascu-hibai-aiestaran-compon-un-cantar-nasturianu\/\">El m\u00fasicu vascu Hibai Aiestaran comp\u00f3n un cantar n\u2019asturianu<\/a> <span class=\"post-date\">26\/11\/2020<\/span><\/li>\n<li><a href=\"https:\/\/edublog.educastur.es\/ixuxu\/2020\/11\/tpa-segundu-capitulu-de-elles-muyeres-na-lliteratura-asturiana\/\">TPA: segundu cap\u00edtulu de \u00abELLES, muyeres na lliteratura asturiana\u00bb<\/a> <span class=\"post-date\">25\/11\/2020<\/span><\/li>\n<li><a href=\"https:\/\/edublog.educastur.es\/ixuxu\/2020\/11\/nuevu-sistema-educativu-en-xapon\/\">Nuevu sistema educativu en Xap\u00f3n<\/a> <span class=\"post-date\">25\/11\/2020<\/span><\/li>\n<li><a href=\"https:\/\/edublog.educastur.es\/ixuxu\/2020\/11\/dia-escontra-la-violencia-de-xeneru\/\">D\u00eda escontra la violencia de x\u00e9neru<\/a> <span class=\"post-date\">25\/11\/2020<\/span><\/li>\n<li><a href=\"https:\/\/edublog.educastur.es\/ixuxu\/2020\/11\/revista-ciencies-no-10-payares-2020\/\">Revista \u2018Ciencies\u2019 n\u00ba 10, payares 2020<\/a> <span class=\"post-date\">25\/11\/2020<\/span><\/li>\n<li><a href=\"https:\/\/edublog.educastur.es\/ixuxu\/2020\/11\/la-gran-conxuncion-de-xupiter-y-saturno-en-navida-nunca-vista-dende-la-eda-media\/\">La gran conxunci\u00f3n de X\u00fapiter y Saturno en Navid\u00e1, nunca vista dende la Ed\u00e1 Media<\/a> <span class=\"post-date\">24\/11\/2020<\/span><\/li>\n<li><a href=\"https:\/\/edublog.educastur.es\/ixuxu\/2020\/11\/afalando-a-la-llectura\/\">Afalando a la llectura<\/a> <span class=\"post-date\">24\/11\/2020<\/span><\/li>\n<li><a href=\"https:\/\/edublog.educastur.es\/ixuxu\/2020\/11\/estau-del-tiempu-llunes-de-payares\/\">Est\u00e1u del tiempu: Llunes 23 de payares<\/a> <span class=\"post-date\">23\/11\/2020<\/span><\/li>\n<li><a href=\"https:\/\/edublog.educastur.es\/ixuxu\/2020\/11\/entrevista-a-xose-anton-glez-riano\/\">Entrevista a Xos\u00e9 Ant\u00f3n Glez. Ria\u00f1o<\/a> <span class=\"post-date\">23\/11\/2020<\/span><\/li>\n<li><a href=\"https:\/\/edublog.educastur.es\/ixuxu\/2020\/11\/xx-concursu-nacional-de-la-cabra-bermeya-en-cangues-donis\/\">XX Concursu Nacional de la Cabra Bermeya en Cangues d\u2019On\u00eds<\/a> <span class=\"post-date\">23\/11\/2020<\/span><\/li>\n<li><a href=\"https:\/\/edublog.educastur.es\/ixuxu\/2020\/11\/asturias-magica-timelapse-4k\/\">ASTURIAS MAGICA TIMELAPSE 4K<\/a> <span class=\"post-date\">23\/11\/2020<\/span><\/li>\n<li><a href=\"https:\/\/edublog.educastur.es\/ixuxu\/2020\/11\/articulos\/\">Resume d\u00b4art\u00edculos<\/a> <span class=\"post-date\">21\/11\/2020<\/span><\/li>\n<li><a href=\"https:\/\/edublog.educastur.es\/ixuxu\/2020\/11\/tina-castanon-la-primer-gaitera-dasturies\/\">Tina Casta\u00f1\u00f3n, la primer gaitera d\u00b4Asturies<\/a> <span class=\"post-date\">21\/11\/2020<\/span><\/li>\n<li><a href=\"https:\/\/edublog.educastur.es\/ixuxu\/2020\/11\/semeyes-ganadores-de-los-international-photography-awards-2020\/\">Semeyes ganadores de los International Photography Awards 2020<\/a> <span class=\"post-date\">20\/11\/2020<\/span><\/li>\n<li><a href=\"https:\/\/edublog.educastur.es\/ixuxu\/2020\/11\/nuevos-mapes-de-la-toponimia-oficial-dasturies\/\">Nuevos mapes de la toponimia oficial d\u2019Asturies<\/a> <span class=\"post-date\">20\/11\/2020<\/span><\/li>\n<li><a href=\"https:\/\/edublog.educastur.es\/ixuxu\/2020\/11\/serie-danimacion-la-muyer-na-ciencia\/\">Serie d\u00b4animaci\u00f3n \u00abLa muyer na Ciencia\u00bb<\/a> <span class=\"post-date\">19\/11\/2020<\/span><\/li>\n<li><a href=\"https:\/\/edublog.educastur.es\/ixuxu\/2020\/11\/el-sele-paseu-de-cuatro-xjabalies-poles-cais-de-xixon\/\">El sele pas\u00e9u de cuatro xabal\u00edes poles cais de Xix\u00f3n<\/a> <span class=\"post-date\">17\/11\/2020<\/span><\/li>\n<li><a href=\"https:\/\/edublog.educastur.es\/ixuxu\/2020\/11\/cultura-va-homenaxar-al-escritor-nel-amaro\/\">Cultura va homenaxar al escritor Nel Amaro<\/a> <span class=\"post-date\">17\/11\/2020<\/span><\/li>\n<li><a href=\"https:\/\/edublog.educastur.es\/ixuxu\/2020\/11\/poner-la-oreya-sentir-a-la-xente-ye-lo-mas-importante-pa-un-escritor\/\">\u00abPoner la oreya, sentir a la xente, ye lo m\u00e1s importante pa un escritor\u00bb<\/a> <span class=\"post-date\">17\/11\/2020<\/span><\/li>\n<li><a href=\"https:\/\/edublog.educastur.es\/ixuxu\/2020\/11\/semeyes-ganadores-del-premiu-bigpicture-natural-world-2020\/\">Semeyes ganadores del premiu \u2018BigPicture Natural World 2020\u2019<\/a> <span class=\"post-date\">17\/11\/2020<\/span><\/li>\n<li><a href=\"https:\/\/edublog.educastur.es\/ixuxu\/2020\/11\/tpa-muyeres-na-lliteratura-asturiana\/\">ELLES, muyeres na lliteratura asturiana en TPA<\/a> <span class=\"post-date\">15\/11\/2020<\/span><\/li>\n<li><a href=\"https:\/\/edublog.educastur.es\/ixuxu\/2020\/11\/la-gala-del-premiu-al-meyor-cantar-va-poder-siguise-en-diferio-en-tpa\/\">Rodrigo Cuevas con \u00abRambal\u00edn\u00bb, Premiu al Meyor Cantar 2020<\/a> <span class=\"post-date\">15\/11\/2020<\/span><\/li>\n<li><a href=\"https:\/\/edublog.educastur.es\/ixuxu\/2020\/11\/noveda-asterix-na-tierra-los-britanos\/\">Noved\u00e1: \u00abAst\u00e9rix na tierra los Britanos\u00bb<\/a> <span class=\"post-date\">14\/11\/2020<\/span><\/li>\n<li><a href=\"https:\/\/edublog.educastur.es\/ixuxu\/2020\/11\/la-fantasia-ye-un-elementu-fundamental-nel-mundu-de-los-nenos\/\">Pippi Calzaslargas cumple 75 a\u00f1os<\/a> <span class=\"post-date\">14\/11\/2020<\/span><\/li>\n<li><a href=\"https:\/\/edublog.educastur.es\/ixuxu\/2020\/11\/estau-del-tiempu-sabadu-14-de-payares\/\">Est\u00e1u del tiempu: s\u00e1badu 14 de payares<\/a> <span class=\"post-date\">14\/11\/2020<\/span><\/li>\n<li><a href=\"https:\/\/edublog.educastur.es\/ixuxu\/2020\/11\/sidoro-villa-ganal-premiu-xosefa-xovellanos-de-novela-en-llingua-asturiana-cola-obra-el-fervinchu\/\">Sidoro Villa gana\u2019l premiu Xosefa Xovellanos de Novela en llingua asturiana cola obra \u00abEl fervinchu\u00bb<\/a> <span class=\"post-date\">12\/11\/2020<\/span><\/li>\n<li><a href=\"https:\/\/edublog.educastur.es\/ixuxu\/2020\/11\/naz-en-bioparc-fuengirola-el-primer-nacaru-gorila-dandalucia\/\">Naz en Bioparc Fuengirola el primer \u00f1\u00e1caru gorila d\u2019Andaluc\u00eda<\/a> <span class=\"post-date\">11\/11\/2020<\/span><\/li>\n<li><a href=\"https:\/\/edublog.educastur.es\/ixuxu\/2020\/11\/fotografu-capta-la-guapura-emocional-de-llarimes-cristalizaes-nel-microscopiu\/\">Fot\u00f3grafu capta la guapura emocional de ll\u00e1rimes cristalizaes nel microscopiu<\/a> <span class=\"post-date\">11\/11\/2020<\/span><\/li>\n<li><a href=\"https:\/\/edublog.educastur.es\/ixuxu\/2020\/11\/noveda-tarifa-plana-flipbooks-pintar-pintar\/\">Noved\u00e1: Tarifa plana FlipBooks Pintar-Pintar<\/a> <span class=\"post-date\">10\/11\/2020<\/span><\/li>\n<li><a href=\"https:\/\/edublog.educastur.es\/ixuxu\/2020\/11\/miles-de-criatures-diminutes-que-viven-na-escurida-del-oceanu\/\">Miles de criatures diminutes que viven na escurid\u00e1 del oc\u00e9anu<\/a> <span class=\"post-date\">09\/11\/2020<\/span><\/li>\n<li><a href=\"https:\/\/edublog.educastur.es\/ixuxu\/2020\/11\/asturies-ye-la-mancha-quesera-mas-grande-deuropa\/\">Asturies ye la mancha quesera m\u00e1s grande d\u2019Europa<\/a> <span class=\"post-date\">08\/11\/2020<\/span><\/li>\n<li><a href=\"https:\/\/edublog.educastur.es\/ixuxu\/2020\/11\/estau-del-tiempu-domingu-8-de-payares\/\">Est\u00e1u del tiempu: Domingu 8 de payares<\/a> <span class=\"post-date\">08\/11\/2020<\/span><\/li>\n<li><a href=\"https:\/\/edublog.educastur.es\/ixuxu\/2020\/11\/el-7-de-payares-de-1867-naz-marie-curie\/\">El 7 de payares de 1867 naz Marie Curie<\/a> <span class=\"post-date\">07\/11\/2020<\/span><\/li>\n<li><a href=\"https:\/\/edublog.educastur.es\/ixuxu\/2020\/11\/a-la-gueta\/\">\u201c A LA GUETA\u201d<\/a> <span class=\"post-date\">05\/11\/2020<\/span><\/li>\n<li><a href=\"https:\/\/edublog.educastur.es\/ixuxu\/2020\/11\/estau-del-tiempu-xueves-5-de-payares\/\">Est\u00e1u del tiempu Xueves 5 de payares<\/a> <span class=\"post-date\">05\/11\/2020<\/span><\/li>\n<li><a href=\"https:\/\/edublog.educastur.es\/ixuxu\/2020\/11\/asturies-el-paraisu-natural-despana-segun-el-new-york-times\/\">Asturies, \u00abel para\u00edsu natural d\u2019Espa\u00f1a\u00bb seg\u00fan el New York Times<\/a> <span class=\"post-date\">04\/11\/2020<\/span><\/li>\n<li><a href=\"https:\/\/edublog.educastur.es\/ixuxu\/2020\/11\/les-muyeres-prehistoriques-tamien-cazaben-grandes-animales\/\">Les muyeres prehist\u00f3riques tami\u00e9n cazaben grandes animales<\/a> <span class=\"post-date\">04\/11\/2020<\/span><\/li>\n<li><a href=\"https:\/\/edublog.educastur.es\/ixuxu\/2020\/11\/una-collaboracion-pa-la-revista-lliteratura\/\">Una collaboraci\u00f3n pa la revista \u2018Lliteratura\u2019<\/a> <span class=\"post-date\">03\/11\/2020<\/span><\/li>\n<li><a href=\"https:\/\/edublog.educastur.es\/ixuxu\/2020\/11\/1207\/\">\u00abEl virus nun piensa, tu s\u00ed, Nun dexes que nos gane\u00bb.<\/a> <span class=\"post-date\">03\/11\/2020<\/span><\/li>\n<li><a href=\"https:\/\/edublog.educastur.es\/ixuxu\/2020\/11\/carmen-ruiz-tilve-premiu-de-les-lletres-dasturies\/\">Carmen Ruiz-Tilve, Premiu de les Lletres d\u2019Asturies<\/a> <span class=\"post-date\">02\/11\/2020<\/span><\/li>\n<li><a href=\"https:\/\/edublog.educastur.es\/ixuxu\/2020\/11\/lacademia-pon-en-marcha-la-campana-unminutinpalliteratura2020\/\">L\u2019Academia pon en marcha la campa\u00f1a #UnMinut\u00ednpaLliteratura2020<\/a> <span class=\"post-date\">01\/11\/2020<\/span><\/li>\n<\/ul>\n","protected":false},"excerpt":{"rendered":"<p>30 Payares: D\u00eda de l\u00b4Acuicutura 30\/11\/2020 Est\u00e1u del tiempu: llunes 30 de payares 30\/11\/2020 La gaita, un s\u00edmbolu bien nuesu 29\/11\/2020 El carbay\u00f3n de Cornellana, sestu \u00abArbol Europ\u00e9u del a\u00f1u\u00bb 28\/11\/2020 El m\u00fasicu vascu Hibai Aiestaran comp\u00f3n un cantar n\u2019asturianu 26\/11\/2020 TPA: segundu cap\u00edtulu de \u00abELLES, muyeres na lliteratura asturiana\u00bb 25\/11\/2020 Nuevu sistema educativu en [&hellip;]<\/p>\n","protected":false},"author":117,"featured_media":0,"parent":34956,"menu_order":0,"comment_status":"closed","ping_status":"closed","template":"","meta":{"footnotes":""},"class_list":["post-65036","page","type-page","status-publish","hentry"],"_links":{"self":[{"href":"https:\/\/edublog.educastur.es\/ixuxu\/wp-json\/wp\/v2\/pages\/65036","targetHints":{"allow":["GET"]}}],"collection":[{"href":"https:\/\/edublog.educastur.es\/ixuxu\/wp-json\/wp\/v2\/pages"}],"about":[{"href":"https:\/\/edublog.educastur.es\/ixuxu\/wp-json\/wp\/v2\/types\/page"}],"author":[{"embeddable":true,"href":"https:\/\/edublog.educastur.es\/ixuxu\/wp-json\/wp\/v2\/users\/117"}],"replies":[{"embeddable":true,"href":"https:\/\/edublog.educastur.es\/ixuxu\/wp-json\/wp\/v2\/comments?post=65036"}],"version-history":[{"count":1,"href":"https:\/\/edublog.educastur.es\/ixuxu\/wp-json\/wp\/v2\/pages\/65036\/revisions"}],"predecessor-version":[{"id":65037,"href":"https:\/\/edublog.educastur.es\/ixuxu\/wp-json\/wp\/v2\/pages\/65036\/revisions\/65037"}],"up":[{"embeddable":true,"href":"https:\/\/edublog.educastur.es\/ixuxu\/wp-json\/wp\/v2\/pages\/34956"}],"wp:attachment":[{"href":"https:\/\/edublog.educastur.es\/ixuxu\/wp-json\/wp\/v2\/media?parent=65036"}],"curies":[{"name":"wp","href":"https:\/\/api.w.org\/{rel}","templated":true}]}}