{"id":6897,"date":"2021-06-10T18:09:47","date_gmt":"2021-06-10T16:09:47","guid":{"rendered":"https:\/\/edublog.educastur.es\/ixuxu\/?page_id=6897"},"modified":"2021-10-31T15:15:23","modified_gmt":"2021-10-31T13:15:23","slug":"paxarinos","status":"publish","type":"page","link":"https:\/\/edublog.educastur.es\/ixuxu\/tv\/paxarinos\/","title":{"rendered":"\u00abPaxarinos\u00bb"},"content":{"rendered":"<div class=\"td_block_wrap tdb_title tdi_65 tdb-single-title td-pb-border-top td_block_template_1\" data-td-block-uid=\"tdi_65\">\n<div class=\"tdb-block-inner td-fix-index\">\n<ul>\n<li class=\"tdb-title-text\"><a href=\"https:\/\/www.nortes.me\/2021\/06\/09\/nortes-retransmitira-en-directo-paxarinos-el-primer-programa-sobre-aves-en-streaming\/?fbclid=IwAR39H6PlaYE1i-5awuRbsub8pFZgO-N5NlTYSmbuyZjUHpdrOSaizR4f89Y\">NORTES retransmitir\u00e1 en directo \u201cPaxarinos\u201d, el primer programa sobre aves en streaming<\/a><\/li>\n<\/ul>\n<div><a href=\"https:\/\/www.nortes.me\/wp-content\/uploads\/2021\/06\/Paxarinos-1280x720-1-scaled.jpeg\"><img loading=\"lazy\" decoding=\"async\" class=\"aligncenter\" src=\"https:\/\/www.nortes.me\/wp-content\/uploads\/2021\/06\/Paxarinos-1280x720-1-scaled.jpeg\" alt=\"\" width=\"605\" height=\"340\" \/><\/a><\/div>\n<\/div>\n<\/div>\n<div class=\"td_block_wrap tdb_single_subtitle tdi_66 td-pb-border-top td_block_template_1\" data-td-block-uid=\"tdi_66\">\n<div class=\"tdb-block-inner td-fix-index\">\n<ul style=\"text-align: center\">\n<li><a href=\"https:\/\/www.nortes.me\/2021\/02\/25\/paxarinos-echa-a-volar-este-viernes\/\" data-type=\"URL\" data-id=\"https:\/\/www.nortes.me\/2021\/02\/25\/paxarinos-echa-a-volar-este-viernes\/\">\u00a0\u201cPaxarinos\u201d, el primer programa televisivo en directo sobre el mundo de las aves<\/a>,<\/li>\n<\/ul>\n<p style=\"text-align: center\"><strong>L&#8217;actor David Acera impulsa dende Asturies \u201cPaxarinos\u201d<\/strong>, el primer programa televisivu en directu sobro&#8217;l mundu de les aves, que va ser retresmit\u00edu en directu por NORTES. Tres el so estrenu&#8217;l mes pas\u00e1u, el segundu episodiu d&#8217;esti espaciu divulgativu va emitise esti xueves 10 de xunu a les 20:00 hores. Esta segunda entrega va tener a los p\u00e1xaros de barriu como principales protagonistes<\/p>\n<p style=\"text-align: center\"><span style=\"color: #008080\"><strong>\u201cPaxarinos\u201d ye un programa de periodicidad mensual y de 90 minutos de duraci\u00f3n<\/strong><\/span> nos que se van alternar entevistes, reportaxes ya interacci\u00f3n cola comunid\u00e1 d&#8217;aficionaos y espertos n&#8217;aves en Asturies.<\/p>\n<hr \/>\n<ul style=\"text-align: center\">\n<li><a href=\"https:\/\/www.youtube.com\/watch?v=HFU2AkSZssU\">Programa 1 de Paxarinos<\/a><\/li>\n<\/ul>\n<p style=\"text-align: center\">\n<!-- iframe plugin v.6.0 wordpress.org\/plugins\/iframe\/ -->\n<iframe loading=\"lazy\" width=\"100%\" height=\"331\" src=\"https:\/\/www.youtube.com\/embed\/HFU2AkSZssU\" scrolling=\"yes\" class=\"iframe-class\" frameborder=\"0\"><\/iframe>\n<\/p>\n<ul style=\"text-align: center\">\n<li>Min: 47:47 \u00bf\u00d3nde est\u00e1 Daniel? <span style=\"color: #008080\"><strong>Mochuelu<\/strong><\/span><\/li>\n<\/ul>\n<hr \/>\n<ul style=\"text-align: center\">\n<li><a href=\"https:\/\/www.youtube.com\/watch?v=xWSZMgDLtqU\">Programa 2 de Paxarinos<\/a><\/li>\n<\/ul>\n<p style=\"text-align: center\">\n<!-- iframe plugin v.6.0 wordpress.org\/plugins\/iframe\/ -->\n<iframe loading=\"lazy\" width=\"100%\" height=\"365\" src=\"https:\/\/www.youtube.com\/embed\/xWSZMgDLtqU\" 0=\"\/iframe\" scrolling=\"yes\" class=\"iframe-class\" frameborder=\"0\"><\/iframe>\n<\/p>\n<p style=\"text-align: center\">Esti segundu episodiu va tener a los p\u00e1xaros de barriu como principales protagonistes.<\/p>\n<hr \/>\n<ul style=\"text-align: center\">\n<li>Programa 3 de Paxarinos<\/li>\n<\/ul>\n<p style=\"text-align: center\">\n<!-- iframe plugin v.6.0 wordpress.org\/plugins\/iframe\/ -->\n<iframe loading=\"lazy\" width=\"100%\" height=\"365\" src=\"https:\/\/www.youtube.com\/embed\/zjKQBgyaw_1FOriw\" 0=\"\/iframe\" scrolling=\"yes\" class=\"iframe-class\" frameborder=\"0\"><\/iframe>\n<\/p>\n<hr \/>\n<p>Falamos sobro p\u00e1xaros de barriu y convivencia ente aves y humanos con Luis Mart\u00ednez, de SEO Birdlife<\/p>\n<p style=\"text-align: center\">\n<!-- iframe plugin v.6.0 wordpress.org\/plugins\/iframe\/ -->\n<iframe loading=\"lazy\" width=\"100%\" height=\"365\" src=\"https:\/\/www.youtube.com\/embed\/44M4dR29QN8\" 0=\"\/iframe\" scrolling=\"yes\" class=\"iframe-class\" frameborder=\"0\"><\/iframe>\n<\/p>\n<p>La f\u00e1bula del colibr\u00ed, un cuentu narr\u00e1u por David Acera<\/p>\n<p style=\"text-align: center\">\n<!-- iframe plugin v.6.0 wordpress.org\/plugins\/iframe\/ -->\n<iframe loading=\"lazy\" width=\"100%\" height=\"365\" src=\"https:\/\/www.youtube.com\/embed\/lZU6-AcYseo\" 0=\"\/iframe\" scrolling=\"yes\" class=\"iframe-class\" frameborder=\"0\"><\/iframe>\n<\/p>\n<p>\u00bf\u00fa Dani? Especies ex\u00f3tiques en Paxarinos TV<\/p>\n<p style=\"text-align: center\">\n<!-- iframe plugin v.6.0 wordpress.org\/plugins\/iframe\/ -->\n<iframe loading=\"lazy\" width=\"100%\" height=\"365\" src=\"https:\/\/www.youtube.com\/embed\/TDoWSgKqbbY\" 0=\"\/iframe\" scrolling=\"yes\" class=\"iframe-class\" frameborder=\"0\"><\/iframe>\n<\/p>\n<p>Guille, l&#8217;ornit\u00f3logu m\u00e1s nuevu\/xoven d&#8217;Espa\u00f1a<\/p>\n<\/div>\n<p style=\"text-align: center\">\n<!-- iframe plugin v.6.0 wordpress.org\/plugins\/iframe\/ -->\n<iframe loading=\"lazy\" width=\"100%\" height=\"365\" src=\"https:\/\/www.youtube.com\/embed\/iNVQWy4CXsk\" 0=\"\/iframe\" scrolling=\"yes\" class=\"iframe-class\" frameborder=\"0\"><\/iframe>\n<\/p>\n<\/div>\n<p><span style=\"color: #008080\"><strong>Ochobre 2021, <a href=\"https:\/\/www.facebook.com\/cuentos.cuento\/videos\/745467626853923\">Facebook de David Acera<\/a> \/ <a href=\"https:\/\/www.youtube.com\/channel\/UCkPA-IUl6JWg1tLYSE2k_Cw\">Canal Youtube<\/a> \/<br \/>\n<\/strong><\/span><\/p>\n<div class=\"td_block_wrap tdb_single_subtitle tdi_66 td-pb-border-top td_block_template_1\" data-td-block-uid=\"tdi_66\">\n<p style=\"text-align: left\">Nun nuevu programa de Paxarinos TV vamos analizar les especies que pueden reparase nesta d\u00f3mina n&#8217;Asturies. Am\u00e1s, vamos cuntar coles secciones habituales de los nuesos collaboradores de cabecera, que van encetar cuestiones como la orientaci\u00f3n de les aves o les peculiaridaes de la garza real, escoyida pola audiencia como &#8216;Paxar\u00edn del mes\u00bb<\/p>\n<p style=\"text-align: center\">\n<!-- iframe plugin v.6.0 wordpress.org\/plugins\/iframe\/ -->\n<iframe loading=\"lazy\" width=\"100%\" height=\"365\" src=\"https:\/\/www.youtube.com\/embed\/uc17BqFsIKM\" 0=\"\/iframe\" scrolling=\"yes\" class=\"iframe-class\" frameborder=\"0\"><\/iframe>\n<\/p>\n<\/div>\n","protected":false},"excerpt":{"rendered":"<p>NORTES retransmitir\u00e1 en directo \u201cPaxarinos\u201d, el primer programa sobre aves en streaming \u00a0\u201cPaxarinos\u201d, el primer programa televisivo en directo sobre el mundo de las aves, L&#8217;actor David Acera impulsa dende Asturies \u201cPaxarinos\u201d, el primer programa televisivu en directu sobro&#8217;l mundu de les aves, que va ser retresmit\u00edu en directu por NORTES. Tres el so estrenu&#8217;l [&hellip;]<\/p>\n","protected":false},"author":117,"featured_media":0,"parent":299,"menu_order":0,"comment_status":"closed","ping_status":"closed","template":"","meta":{"footnotes":""},"class_list":["post-6897","page","type-page","status-publish","hentry"],"_links":{"self":[{"href":"https:\/\/edublog.educastur.es\/ixuxu\/wp-json\/wp\/v2\/pages\/6897","targetHints":{"allow":["GET"]}}],"collection":[{"href":"https:\/\/edublog.educastur.es\/ixuxu\/wp-json\/wp\/v2\/pages"}],"about":[{"href":"https:\/\/edublog.educastur.es\/ixuxu\/wp-json\/wp\/v2\/types\/page"}],"author":[{"embeddable":true,"href":"https:\/\/edublog.educastur.es\/ixuxu\/wp-json\/wp\/v2\/users\/117"}],"replies":[{"embeddable":true,"href":"https:\/\/edublog.educastur.es\/ixuxu\/wp-json\/wp\/v2\/comments?post=6897"}],"version-history":[{"count":10,"href":"https:\/\/edublog.educastur.es\/ixuxu\/wp-json\/wp\/v2\/pages\/6897\/revisions"}],"predecessor-version":[{"id":6899,"href":"https:\/\/edublog.educastur.es\/ixuxu\/wp-json\/wp\/v2\/pages\/6897\/revisions\/6899"}],"up":[{"embeddable":true,"href":"https:\/\/edublog.educastur.es\/ixuxu\/wp-json\/wp\/v2\/pages\/299"}],"wp:attachment":[{"href":"https:\/\/edublog.educastur.es\/ixuxu\/wp-json\/wp\/v2\/media?parent=6897"}],"curies":[{"name":"wp","href":"https:\/\/api.w.org\/{rel}","templated":true}]}}