{"id":7359,"date":"2021-06-15T18:31:21","date_gmt":"2021-06-15T16:31:21","guid":{"rendered":"https:\/\/edublog.educastur.es\/ixuxu\/?page_id=7359"},"modified":"2021-10-27T10:19:13","modified_gmt":"2021-10-27T08:19:13","slug":"sienda-verde","status":"publish","type":"page","link":"https:\/\/edublog.educastur.es\/ixuxu\/llee\/sienda-verde\/","title":{"rendered":"Sienda verde"},"content":{"rendered":"<h2 style=\"text-align: center\"><span style=\"color: #008080\">Sienda verde<\/span><\/h2>\n<p style=\"text-align: center\">\n<div class=\"la-content\">\n<dl>\n<dt>Autor: <strong>Porta, Xuan<\/strong><\/dt>\n<dt>Llingua: asturianu, asturianu, gallego-asturianu<\/dt>\n<dt>Traducci\u00f3n: Non<\/dt>\n<dt>Categor\u00eda: poesia, comic, didactica, ensayu, infantil-xuvenil, lexicografia, llinguistica, materialDidactico,<br \/>\nnarrativa, poesia, recuperaciones, revista, teatru, toponimia, otros<\/dt>\n<dt>T\u00edtulu: Sienda verde<\/dt>\n<dd><\/dd>\n<dt>Editorial: Ediciones Camelot<\/dt>\n<dt>Colecci\u00f3n: Llugar d&#8217;edici\u00f3n:<\/dt>\n<dd><\/dd>\n<dd><\/dd>\n<dt>A\u00f1u: 2021<\/dt>\n<dt>P\u00e1xines: 44<\/dt>\n<dt>ISBN: 978-84-122193-0-2<\/dt>\n<dd><\/dd>\n<dt>M\u00e1s informacion:<\/dt>\n<dd>Testu de contraportada: <em><span style=\"color: #008080\">\u00abEsti poemariu ta compuestu por 85 poes\u00edes al estilu haiku xapon\u00e9s: 5-7-5 s\u00edlabes, con tem\u00e1tica naturaliega y l&#8217;escritor como simple observador de los ciclos naturales, y adaptaes al paisaxe asturianu y n&#8217;asturianu, sobre la Sienda Verde de Xix\u00f3n de Trema\u00f1es a La Camocha\u00bb.<\/span><\/em><\/dd>\n<\/dl>\n<\/div>\n","protected":false},"excerpt":{"rendered":"<p>Sienda verde Autor: Porta, Xuan Llingua: asturianu, asturianu, gallego-asturianu Traducci\u00f3n: Non Categor\u00eda: poesia, comic, didactica, ensayu, infantil-xuvenil, lexicografia, llinguistica, materialDidactico, narrativa, poesia, recuperaciones, revista, teatru, toponimia, otros T\u00edtulu: Sienda verde Editorial: Ediciones Camelot Colecci\u00f3n: Llugar d&#8217;edici\u00f3n: A\u00f1u: 2021 P\u00e1xines: 44 ISBN: 978-84-122193-0-2 M\u00e1s informacion: Testu de contraportada: \u00abEsti poemariu ta compuestu por 85 poes\u00edes al [&hellip;]<\/p>\n","protected":false},"author":117,"featured_media":0,"parent":1605,"menu_order":0,"comment_status":"closed","ping_status":"closed","template":"","meta":{"footnotes":""},"class_list":["post-7359","page","type-page","status-publish","hentry"],"_links":{"self":[{"href":"https:\/\/edublog.educastur.es\/ixuxu\/wp-json\/wp\/v2\/pages\/7359","targetHints":{"allow":["GET"]}}],"collection":[{"href":"https:\/\/edublog.educastur.es\/ixuxu\/wp-json\/wp\/v2\/pages"}],"about":[{"href":"https:\/\/edublog.educastur.es\/ixuxu\/wp-json\/wp\/v2\/types\/page"}],"author":[{"embeddable":true,"href":"https:\/\/edublog.educastur.es\/ixuxu\/wp-json\/wp\/v2\/users\/117"}],"replies":[{"embeddable":true,"href":"https:\/\/edublog.educastur.es\/ixuxu\/wp-json\/wp\/v2\/comments?post=7359"}],"version-history":[{"count":2,"href":"https:\/\/edublog.educastur.es\/ixuxu\/wp-json\/wp\/v2\/pages\/7359\/revisions"}],"predecessor-version":[{"id":10882,"href":"https:\/\/edublog.educastur.es\/ixuxu\/wp-json\/wp\/v2\/pages\/7359\/revisions\/10882"}],"up":[{"embeddable":true,"href":"https:\/\/edublog.educastur.es\/ixuxu\/wp-json\/wp\/v2\/pages\/1605"}],"wp:attachment":[{"href":"https:\/\/edublog.educastur.es\/ixuxu\/wp-json\/wp\/v2\/media?parent=7359"}],"curies":[{"name":"wp","href":"https:\/\/api.w.org\/{rel}","templated":true}]}}