{"id":9491,"date":"2021-09-05T13:47:16","date_gmt":"2021-09-05T11:47:16","guid":{"rendered":"https:\/\/edublog.educastur.es\/ixuxu\/?page_id=9491"},"modified":"2021-09-05T14:18:50","modified_gmt":"2021-09-05T12:18:50","slug":"xeografia","status":"publish","type":"page","link":"https:\/\/edublog.educastur.es\/ixuxu\/asturies\/xeografia\/","title":{"rendered":"Xeograf\u00eda"},"content":{"rendered":"<p><span class=\"d2edcug0 hpfvmrgz qv66sw1b c1et5uql lr9zc1uh a8c37x1j keod5gw0 nxhoafnm aigsh9s9 d3f4x2em fe6kdd0r mau55g9w c8b282yb iv3no6db jq4qci2q a3bd9o3v knj5qynh oo9gr5id hzawbc8m\" dir=\"auto\">Cristina Garc\u00eda Hern\u00e1ndez, el nuevu fichaxe de <strong>Playpresta<\/strong>, ens\u00e9\u00f1anos los secretos m\u00e1s interesantes de la xeograf\u00eda d&#8217;Asturies. <a href=\"https:\/\/www.facebook.com\/366007573869671\/videos\/355873102816242\">VIDEU<\/a><\/span><\/p>\n<p style=\"text-align: center\">\n<!-- iframe plugin v.6.0 wordpress.org\/plugins\/iframe\/ -->\n<iframe loading=\"lazy\" width=\"100%\" height=\"523\" src=\"https:\/\/www.youtube.com\/embed\/83zmTUs63Zg\" 0=\"\/iframe\" scrolling=\"yes\" class=\"iframe-class\" frameborder=\"0\"><\/iframe>\n<\/p>\n<p style=\"text-align: center\"><span class=\"style-scope yt-formatted-string\" dir=\"auto\"> 0) G\u00fcei Cris ll\u00e9vanos a la ensenada de Llodero, n&#8217;Avil\u00e9s, pa esplicanos coses bien prestoses de c\u00f3mo se formen les r\u00edes.<\/span><\/p>\n<ul>\n<li>Playpresta: <a href=\"https:\/\/www.youtube.com\/channel\/UCiBbwNT3mLZEBceBjfdgToA\">Videos<\/a> \/ <a href=\"https:\/\/www.facebook.com\/PlayPresta\">Facebook<\/a><\/li>\n<li><strong><a href=\"https:\/\/www.facebook.com\/watch\/366007573869671\/246899317277805\/\">Xeograf\u00eda presta<\/a><\/strong><\/li>\n<\/ul>\n<hr \/>\n<p style=\"text-align: center\">\n<!-- iframe plugin v.6.0 wordpress.org\/plugins\/iframe\/ -->\n<iframe loading=\"lazy\" width=\"100%\" height=\"523\" src=\"https:\/\/www.youtube.com\/embed\/hqrPC0Ger9Q\" 0=\"\/iframe\" scrolling=\"yes\" class=\"iframe-class\" frameborder=\"0\"><\/iframe>\n<\/p>\n<p style=\"text-align: center\">\n<!-- iframe plugin v.6.0 wordpress.org\/plugins\/iframe\/ -->\n<iframe loading=\"lazy\" src=\"https:\/\/www.facebook.com\/plugins\/video.php?height=314&#038;href=https%3A%2F%2Fwww.facebook.com%2FPlayPresta%2Fvideos%2F996522734440358%2F&#038;show_text=false&#038;width=560&#038;t=0\" width=\"560\" height=\"314\" style=\"border:none;overflow:hidden\" scrolling=\"no\" frameborder=\"0\" allowfullscreen=\"true\" allow=\"autoplay; clipboard-write; encrypted-media; picture-in-picture; web-share\" 0=\"\/iframe\" class=\"iframe-class\"><\/iframe>\n<\/p>\n<p style=\"text-align: center\"><span class=\"d2edcug0 hpfvmrgz qv66sw1b c1et5uql lr9zc1uh a8c37x1j keod5gw0 nxhoafnm aigsh9s9 d3f4x2em fe6kdd0r mau55g9w c8b282yb iv3no6db jq4qci2q a3bd9o3v b1v8xokw oo9gr5id hzawbc8m\" dir=\"auto\"><span class=\"a8c37x1j ni8dbmo4 stjgntxs l9j0dhe7\"><a href=\"https:\/\/www.youtube.com\/embed\/hqrPC0Ger9Q\">1)<\/a> Cristina Garc\u00eda ens\u00e9\u00f1anos g\u00fcei la costa llanisca p\u2019amosavos dalgunos exemplos mui guapos del relieve k\u00e1rsticu esterior. Un estrenu que te va dexar de piedra<\/span><\/span><\/p>\n<p style=\"text-align: center\"><span class=\"d2edcug0 hpfvmrgz qv66sw1b c1et5uql lr9zc1uh a8c37x1j keod5gw0 nxhoafnm aigsh9s9 ns63r2gh fe6kdd0r mau55g9w c8b282yb rwim8176 o3w64lxj b2s5l15y hnhda86s oo9gr5id hzawbc8m\" dir=\"auto\" style=\"color: #008080\"><span class=\"a8c37x1j ni8dbmo4 stjgntxs l9j0dhe7 r8blr3vg\"><strong> Relieve K\u00e1rsticu<\/strong> (Kars esterior) | 1X01<\/span><\/span><\/p>\n<hr \/>\n<p style=\"text-align: center\">\n<!-- iframe plugin v.6.0 wordpress.org\/plugins\/iframe\/ -->\n<iframe loading=\"lazy\" src=\"https:\/\/www.facebook.com\/plugins\/video.php?height=314&#038;href=https%3A%2F%2Fwww.facebook.com%2FPlayPresta%2Fvideos%2F3094097994157507%2F&#038;show_text=false&#038;width=560&#038;t=0\" width=\"560\" height=\"314\" style=\"border:none;overflow:hidden\" scrolling=\"no\" frameborder=\"0\" allowfullscreen=\"true\" allow=\"autoplay; clipboard-write; encrypted-media; picture-in-picture; web-share\" 0=\"\/iframe\" class=\"iframe-class\"><\/iframe>\n<\/p>\n<p style=\"text-align: center\"><span class=\"style-scope yt-formatted-string\" dir=\"auto\">2) Cristina ta g\u00fcei na sablera de Cobijeru pa ense\u00f1anos los secretos y coses interesantes que podemos atopar eh\u00ed.<br \/>\n<\/span><\/p>\n<p style=\"text-align: center\"><span class=\"d2edcug0 hpfvmrgz qv66sw1b c1et5uql lr9zc1uh a8c37x1j keod5gw0 nxhoafnm aigsh9s9 ns63r2gh fe6kdd0r mau55g9w c8b282yb rwim8176 o3w64lxj b2s5l15y hnhda86s oo9gr5id hzawbc8m\" dir=\"auto\" style=\"color: #008080\"><span class=\"a8c37x1j ni8dbmo4 stjgntxs l9j0dhe7 r8blr3vg\"><strong>Relieve K\u00e1rsticu<\/strong> (Kars esterior II y endokarst)<\/span><\/span><\/p>\n<hr \/>\n<p style=\"text-align: center\">\n<!-- iframe plugin v.6.0 wordpress.org\/plugins\/iframe\/ -->\n<iframe loading=\"lazy\" width=\"100%\" height=\"523\" src=\"https:\/\/www.youtube.com\/embed\/0r8rZYg5MgU\" 0=\"\/iframe\" scrolling=\"yes\" class=\"iframe-class\" frameborder=\"0\"><\/iframe>\n<\/p>\n<p style=\"text-align: center\"><span class=\"style-scope yt-formatted-string\" dir=\"auto\">3) La nuesa xeogr\u00e1fa Cristina Hern\u00e1ndez Garc\u00eda p\u00e1sase g\u00fcei pol Miradoriu del esp\u00edritu Santu pa cont\u00e1nos que son les rases.<\/span><\/p>\n<hr \/>\n<p style=\"text-align: center\">\n<!-- iframe plugin v.6.0 wordpress.org\/plugins\/iframe\/ -->\n<iframe loading=\"lazy\" width=\"100%\" height=\"523\" src=\"https:\/\/www.youtube.com\/embed\/5Lp5hc-Ur9w\" 0=\"\/iframe\" scrolling=\"yes\" class=\"iframe-class\" frameborder=\"0\"><\/iframe>\n<\/p>\n<p style=\"text-align: center\"><span class=\"style-scope yt-formatted-string\" dir=\"auto\">4) G\u00fcei Cris ll\u00e9vanos a la ensenada de Llodero, n&#8217;Avil\u00e9s, pa esplicanos coses bien prestoses de c\u00f3mo se formen les r\u00edes.<\/span><\/p>\n<hr \/>\n<p>&nbsp;<\/p>\n","protected":false},"excerpt":{"rendered":"<p>Cristina Garc\u00eda Hern\u00e1ndez, el nuevu fichaxe de Playpresta, ens\u00e9\u00f1anos los secretos m\u00e1s interesantes de la xeograf\u00eda d&#8217;Asturies. VIDEU 0) G\u00fcei Cris ll\u00e9vanos a la ensenada de Llodero, n&#8217;Avil\u00e9s, pa esplicanos coses bien prestoses de c\u00f3mo se formen les r\u00edes. Playpresta: Videos \/ Facebook Xeograf\u00eda presta 1) Cristina Garc\u00eda ens\u00e9\u00f1anos g\u00fcei la costa llanisca p\u2019amosavos dalgunos [&hellip;]<\/p>\n","protected":false},"author":117,"featured_media":0,"parent":2314,"menu_order":0,"comment_status":"closed","ping_status":"closed","template":"","meta":{"footnotes":""},"class_list":["post-9491","page","type-page","status-publish","hentry"],"_links":{"self":[{"href":"https:\/\/edublog.educastur.es\/ixuxu\/wp-json\/wp\/v2\/pages\/9491","targetHints":{"allow":["GET"]}}],"collection":[{"href":"https:\/\/edublog.educastur.es\/ixuxu\/wp-json\/wp\/v2\/pages"}],"about":[{"href":"https:\/\/edublog.educastur.es\/ixuxu\/wp-json\/wp\/v2\/types\/page"}],"author":[{"embeddable":true,"href":"https:\/\/edublog.educastur.es\/ixuxu\/wp-json\/wp\/v2\/users\/117"}],"replies":[{"embeddable":true,"href":"https:\/\/edublog.educastur.es\/ixuxu\/wp-json\/wp\/v2\/comments?post=9491"}],"version-history":[{"count":7,"href":"https:\/\/edublog.educastur.es\/ixuxu\/wp-json\/wp\/v2\/pages\/9491\/revisions"}],"predecessor-version":[{"id":9503,"href":"https:\/\/edublog.educastur.es\/ixuxu\/wp-json\/wp\/v2\/pages\/9491\/revisions\/9503"}],"up":[{"embeddable":true,"href":"https:\/\/edublog.educastur.es\/ixuxu\/wp-json\/wp\/v2\/pages\/2314"}],"wp:attachment":[{"href":"https:\/\/edublog.educastur.es\/ixuxu\/wp-json\/wp\/v2\/media?parent=9491"}],"curies":[{"name":"wp","href":"https:\/\/api.w.org\/{rel}","templated":true}]}}