{"id":1193,"date":"2020-11-09T20:36:57","date_gmt":"2020-11-09T18:36:57","guid":{"rendered":"https:\/\/edublog.educastur.es\/ixuxullingua\/?page_id=1193"},"modified":"2022-10-25T20:14:01","modified_gmt":"2022-10-25T18:14:01","slug":"sesion-03","status":"publish","type":"page","link":"https:\/\/edublog.educastur.es\/ixuxullingua\/primeru\/primeru-20-21\/02-primer-trimestre\/sesion-03\/","title":{"rendered":"Sesi\u00f3n 03"},"content":{"rendered":"<p>Texto:<a href=\"https:\/\/educastur-my.sharepoint.com\/:w:\/g\/personal\/sheilagb_educastur_org\/EZeAiobecJZFsekdmRmrByQBunjugqsqLiiRH-gHT_ykyA?e=1FCwpy\"><em><strong> LAS ESTACIONES DEL A\u00d1O EN ASTURIAS<\/strong><\/em><\/a><\/p>\n<p>Video: <a href=\"https:\/\/educastur-my.sharepoint.com\/:v:\/g\/personal\/sheilagb_educastur_org\/EcCUEkxCqbxEtg0EkpFL1MEBLOhWSq0mJ6nku4Bc4Z0JxA?e=OKpmgK\"><strong>Estaciones del a\u00f1o en Asturias<\/strong><\/a><\/p>\n<p><img loading=\"lazy\" decoding=\"async\" class=\"aligncenter size-full wp-image-1898\" src=\"http:\/\/edublog.educastur.es\/corredoria3\/files\/2020\/10\/istock-1058872972_47fe993a_1245x842.jpg\" alt=\"\" width=\"1245\" height=\"842\" \/><\/p>\n<p><em><strong><a href=\"https:\/\/educastur-my.sharepoint.com\/:p:\/g\/personal\/sheilagb_educastur_org\/Ee7Hdw5Wm0ZBni6Lb_ujrpYBPRt-5MoqUI25XUFKwrXYWA?e=eddAYu\">Ver Presentaci\u00f3n PPT<\/a><br \/>\n<\/strong><\/em><\/p>\n<p>&nbsp;<\/p>\n<p>&nbsp;<\/p>\n<p><img loading=\"lazy\" decoding=\"async\" class=\"aligncenter size-full wp-image-1897\" src=\"http:\/\/edublog.educastur.es\/corredoria3\/files\/2020\/10\/estaciones1.jpg\" alt=\"\" width=\"960\" height=\"757\" \/><\/p>\n<p>&nbsp;<\/p>\n","protected":false},"excerpt":{"rendered":"<p>Texto: LAS ESTACIONES DEL A\u00d1O EN ASTURIAS Video: Estaciones del a\u00f1o en Asturias Ver Presentaci\u00f3n PPT &nbsp; &nbsp; &nbsp;<\/p>\n","protected":false},"author":117,"featured_media":0,"parent":210,"menu_order":0,"comment_status":"closed","ping_status":"closed","template":"","meta":{"footnotes":""},"class_list":["post-1193","page","type-page","status-publish","hentry","post-preview"],"_links":{"self":[{"href":"https:\/\/edublog.educastur.es\/ixuxullingua\/wp-json\/wp\/v2\/pages\/1193","targetHints":{"allow":["GET"]}}],"collection":[{"href":"https:\/\/edublog.educastur.es\/ixuxullingua\/wp-json\/wp\/v2\/pages"}],"about":[{"href":"https:\/\/edublog.educastur.es\/ixuxullingua\/wp-json\/wp\/v2\/types\/page"}],"author":[{"embeddable":true,"href":"https:\/\/edublog.educastur.es\/ixuxullingua\/wp-json\/wp\/v2\/users\/117"}],"replies":[{"embeddable":true,"href":"https:\/\/edublog.educastur.es\/ixuxullingua\/wp-json\/wp\/v2\/comments?post=1193"}],"version-history":[{"count":2,"href":"https:\/\/edublog.educastur.es\/ixuxullingua\/wp-json\/wp\/v2\/pages\/1193\/revisions"}],"predecessor-version":[{"id":3337,"href":"https:\/\/edublog.educastur.es\/ixuxullingua\/wp-json\/wp\/v2\/pages\/1193\/revisions\/3337"}],"up":[{"embeddable":true,"href":"https:\/\/edublog.educastur.es\/ixuxullingua\/wp-json\/wp\/v2\/pages\/210"}],"wp:attachment":[{"href":"https:\/\/edublog.educastur.es\/ixuxullingua\/wp-json\/wp\/v2\/media?parent=1193"}],"curies":[{"name":"wp","href":"https:\/\/api.w.org\/{rel}","templated":true}]}}