{"id":1207,"date":"2020-11-09T20:43:04","date_gmt":"2020-11-09T18:43:04","guid":{"rendered":"https:\/\/edublog.educastur.es\/ixuxullingua\/?page_id=1207"},"modified":"2020-11-09T20:43:04","modified_gmt":"2020-11-09T18:43:04","slug":"sesion-05","status":"publish","type":"page","link":"https:\/\/edublog.educastur.es\/ixuxullingua\/2-segundu\/segundu-20-21\/02-primer-trimestre\/sesion-05\/","title":{"rendered":"Sesi\u00f3n 05"},"content":{"rendered":"<p><strong><em>\u00bfReconoces alguna construcci\u00f3n t\u00edpica asturiana en esta im\u00e1gen?\u00a0 Ampliar im\u00e1gen!!!<br \/>\n\u00bfCu\u00e1l? \u00bfC\u00f3mo se llama?<\/em><\/strong><\/p>\n<p><a href=\"https:\/\/www.territoriomuseo.com\/UserFiles\/1\/Image\/Pozu%20Espinos\/Camisetas_Skyline_ok1.jpg\"><img loading=\"lazy\" decoding=\"async\" class=\"alignnone \" src=\"https:\/\/www.territoriomuseo.com\/UserFiles\/1\/Image\/Pozu%20Espinos\/Camisetas_Skyline_ok1.jpg\" width=\"678\" height=\"265\" \/><\/a><\/p>\n<p><a href=\"https:\/\/espanafascinante.com\/wp-content\/uploads\/La-Regalina-1-1.jpg\"><strong><em>Efect\u00edvamente&#8230; hoy vamos a hablar y ver qu\u00e9 es un &#8230; (clic aqu\u00ed)<\/em><\/strong><\/a><\/p>\n<ul>\n<li><a href=\"https:\/\/educastur-my.sharepoint.com\/:b:\/g\/personal\/isabellh_educastur_org\/EbqEkX8dQRVFnUWC3h6hs3kBFw6eoQOoKc6XkhE4HsaChA?e=eRZuHn\"><em>Actividad en castellano<\/em><\/a><\/li>\n<li><a href=\"https:\/\/educastur-my.sharepoint.com\/:b:\/g\/personal\/isabellh_educastur_org\/ESWjfNZmiUNGmDiP3g1BRagBsbe58LjJMfDV6fGmAaDK4w?e=7MCgVM\"><em>Activid\u00e1 n\u00b4asturianu<\/em><\/a><\/li>\n<li><a href=\"https:\/\/educastur-my.sharepoint.com\/:w:\/g\/personal\/isabellh_educastur_org\/Edbv0B2Fj9ZMo47mff_bFQQBozEK_3ub_cggza6hI5jOWg?e=ijxrgp\"><em>Anexo Actividades<\/em><\/a><\/li>\n<\/ul>\n<hr \/>\n<p><strong><em>H\u00f3rreos y paneras en Asturias<\/em><\/strong><\/p>\n<p><strong><em>En Asturias tenemos tres construcciones t\u00edpcas como granero y para guardar la cosecha y algunos alimentos: H\u00f3rreos, paneras y cabazos.<\/em><\/strong><br \/>\n<em>Este curso aprenderemos las dos primeras y, en tercero, veremos los cabazos.<\/em><\/p>\n<p><a href=\"https:\/\/imgbox.es\/images\/2020\/10\/25\/horreo_panera_cabazofdfbd093758e917b.jpg\"><img loading=\"lazy\" decoding=\"async\" class=\"alignnone size-full\" src=\"https:\/\/imgbox.es\/images\/2020\/10\/25\/horreo_panera_cabazofdfbd093758e917b.jpg\" width=\"1329\" height=\"524\" \/><\/a><\/p>\n<hr \/>\n<p><a href=\"https:\/\/imgbox.es\/images\/2020\/10\/26\/horru_color934f70dbfd41efa1.jpg\"><img loading=\"lazy\" decoding=\"async\" class=\"alignnone size-full\" src=\"https:\/\/imgbox.es\/images\/2020\/10\/26\/horru_color934f70dbfd41efa1.jpg\" width=\"800\" height=\"593\" \/><\/a><\/p>\n<p><a href=\"https:\/\/imgbox.es\/images\/2020\/10\/26\/horeeobd079577988e8eb7.jpg\"><img loading=\"lazy\" decoding=\"async\" class=\"alignnone size-full\" src=\"https:\/\/imgbox.es\/images\/2020\/10\/26\/horeeobd079577988e8eb7.jpg\" width=\"921\" height=\"651\" \/><\/a><\/p>\n<p><strong><em>Partes de un h\u00f3rreo<\/em><\/strong><\/p>\n<p><a href=\"https:\/\/imgbox.es\/images\/2020\/10\/26\/horrua7154917b9dd2c5e.jpg\"><img loading=\"lazy\" decoding=\"async\" class=\"alignnone size-full\" src=\"https:\/\/imgbox.es\/images\/2020\/10\/26\/horrua7154917b9dd2c5e.jpg\" width=\"1772\" height=\"1334\" \/><\/a><\/p>\n<p><strong><em>Vista superior, desde arriba<\/em><\/strong><\/p>\n<p><a href=\"https:\/\/imgbox.es\/images\/2020\/10\/26\/horru_partesdb74eabdc23586c6.jpg\"><img loading=\"lazy\" decoding=\"async\" class=\"alignnone size-full\" src=\"https:\/\/imgbox.es\/images\/2020\/10\/26\/horru_partesdb74eabdc23586c6.jpg\" width=\"687\" height=\"579\" \/><\/a><\/p>\n<p><strong><em>Observamos m\u00e1s partes<\/em><\/strong><\/p>\n<p><a href=\"https:\/\/imgbox.es\/images\/2020\/10\/26\/horru_partesss608327d18f15043e.jpg\"><img loading=\"lazy\" decoding=\"async\" class=\"alignnone size-full\" src=\"https:\/\/imgbox.es\/images\/2020\/10\/26\/horru_partesss608327d18f15043e.jpg\" width=\"1473\" height=\"1114\" \/><\/a><\/p>\n<p><strong><em>Si separamos las piezas del h\u00f3rreo en partes, encontramos todas estas&#8230;<\/em><\/strong><\/p>\n<ul>\n<li><a href=\"https:\/\/www.youtube.com\/watch?v=CamIQUuQMDo\"><em>Video: Partes de un h\u00f3rreo asturiano<\/em><\/a><\/li>\n<\/ul>\n<p><a href=\"https:\/\/imgbox.es\/images\/2020\/10\/26\/large_thumbnail6ae7f6f9b433f7cb.jpg\"><img loading=\"lazy\" decoding=\"async\" class=\"alignnone size-full\" src=\"https:\/\/imgbox.es\/images\/2020\/10\/26\/large_thumbnail6ae7f6f9b433f7cb.jpg\" width=\"910\" height=\"512\" \/><\/a><\/p>\n<p><strong><em>Colondres: tres estilos = Villaviciosa, carre\u00f1o y Allande<\/em><\/strong><\/p>\n<p><a href=\"https:\/\/imgbox.es\/images\/2020\/11\/01\/colondres_colorear59fd265a668fed3d.jpg\"><img loading=\"lazy\" decoding=\"async\" class=\"alignnone size-full\" src=\"https:\/\/imgbox.es\/images\/2020\/11\/01\/colondres_colorear59fd265a668fed3d.jpg\" width=\"1355\" height=\"315\" \/><\/a><br \/>\n<a href=\"https:\/\/imgbox.es\/images\/2020\/11\/01\/colondres52aa3cc046866139.jpg\"><img loading=\"lazy\" decoding=\"async\" class=\"alignnone size-full\" src=\"https:\/\/imgbox.es\/images\/2020\/11\/01\/colondres52aa3cc046866139.jpg\" width=\"1481\" height=\"1917\" \/><\/a><\/p>\n<p><strong><em>En Asturias es t\u00edpico aprovechar los h\u00f3rreos para almacenar, entre otros alimentos, el ma\u00edz recogido y enriestrado (esfoyaza) ahora en los meses de octubre y noviembre.<\/em><\/strong><\/p>\n<p><a href=\"https:\/\/imgbox.es\/images\/2020\/10\/26\/horru_maiz832de496d431bab4.jpg\"><img loading=\"lazy\" decoding=\"async\" class=\"alignnone size-full\" src=\"https:\/\/imgbox.es\/images\/2020\/10\/26\/horru_maiz832de496d431bab4.jpg\" width=\"900\" height=\"694\" \/><\/a><\/p>\n<hr \/>\n<p><strong><em>En Bue\u00f1o, cerca de oviedo, existe un museo dedicado al H\u00f3rreo.<\/em><\/strong><\/p>\n<h1><img loading=\"lazy\" decoding=\"async\" class=\"alignnone \" src=\"https:\/\/www.territoriomuseo.com\/UserFiles\/1\/Image\/Pozu%20Espinos\/LOGO%2056.jpg\" width=\"211\" height=\"210\" \/><\/h1>\n<h1><strong><span class=\"titulo\"><em>Centro de Interpretaci\u00f3n del H\u00f3rreo de G\u00fce\u00f1u \/ Bue\u00f1o<\/em> <\/span><\/strong><\/h1>\n<p><a href=\"https:\/\/www.territoriomuseo.com\/UserFiles\/1\/Image\/Horreo\/IMG_4651.jpg\"><img loading=\"lazy\" decoding=\"async\" class=\"alignnone size-full\" src=\"https:\/\/www.territoriomuseo.com\/UserFiles\/1\/Image\/Horreo\/IMG_4651.jpg\" width=\"1000\" height=\"636\" \/><\/a><\/p>\n<h4><em><strong>\u00a0 \u00a0 \u00a0<\/strong><strong>ENTRADA GRATUITA<\/strong><\/em><\/h4>\n<ul>\n<li><em><a href=\"https:\/\/www.territoriomuseo.com\/UserFiles\/1\/File\/DossierCIHorreo.pdf\">Dossier de actividades<\/a><\/em><\/li>\n<li><em><a href=\"https:\/\/www.territoriomuseo.com\/UserFiles\/1\/File\/Folleto%20CIH%202013%20WEB.pdf\">Folleto informativo<\/a><\/em><\/li>\n<li><a href=\"http:\/\/youtu.be\/Vz2EnydJex0\"><em>Video del centro de Interpretaci\u00f3n<\/em><\/a><\/li>\n<\/ul>\n<p>&nbsp;<\/p>\n<ul>\n<li><a href=\"https:\/\/www.youtube.com\/watch?v=_5rCom3VMxU\"><em>Paseo de los h\u00f3rreos de Bue\u00f1o<\/em><\/a><\/li>\n<\/ul>\n\n<!-- iframe plugin v.6.0 wordpress.org\/plugins\/iframe\/ -->\n<iframe loading=\"lazy\" width=\"588\" height=\"331\" src=\"https:\/\/www.youtube.com\/embed\/_5rCom3VMxU\" scrolling=\"yes\" class=\"iframe-class\" frameborder=\"0\"><\/iframe>\n\n<ul>\n<li><a href=\"https:\/\/www.youtube.com\/watch?v=0k3Cc1EBGYM\">Video: El h\u00f3rreos asturiano: Historia y estructura<\/a><\/li>\n<\/ul>\n\n<!-- iframe plugin v.6.0 wordpress.org\/plugins\/iframe\/ -->\n<iframe loading=\"lazy\" width=\"588\" height=\"331\" src=\"https:\/\/www.youtube.com\/embed\/0k3Cc1EBGYM\" scrolling=\"yes\" class=\"iframe-class\" frameborder=\"0\"><\/iframe>\n\n<ul>\n<li><em><a href=\"https:\/\/www.youtube.com\/watch?v=CQAXk9lKu50\">Video: Paneras en Asturias (ver alguna&#8230;)<\/a><\/em><\/li>\n<\/ul>\n<h2 class=\"titulo-home-h2\">PANERAS<\/h2>\n<p><a href=\"https:\/\/lapaneradesancristobal.es\/turismo-rural-asturias\/sabes-lo-que-es-una-panera-asturiana\/\">\u00bfSabes lo que es una panera asturiana?<\/a><\/p>\n<p><a href=\"https:\/\/photos.wikimapia.org\/p\/00\/05\/46\/76\/85_full.jpg\"><img loading=\"lazy\" decoding=\"async\" class=\"alignnone size-full\" src=\"https:\/\/photos.wikimapia.org\/p\/00\/05\/46\/76\/85_full.jpg\" width=\"2288\" height=\"1712\" \/><\/a><\/p>\n<p>&nbsp;<\/p>\n<p><a href=\"https:\/\/www.compostela24horas.com\/multimedia\/images\/IMGP7286.JPG\"><img loading=\"lazy\" decoding=\"async\" class=\"alignnone size-full\" src=\"https:\/\/www.compostela24horas.com\/multimedia\/images\/IMGP7286.JPG\" width=\"1600\" height=\"1055\" \/><\/a><\/p>\n<p>&nbsp;<\/p>\n<p>&nbsp;<\/p>\n<p>&nbsp;<\/p>\n<p>&nbsp;<\/p>\n<p>&nbsp;<\/p>\n<p>&nbsp;<\/p>\n<p>&nbsp;<\/p>\n","protected":false},"excerpt":{"rendered":"<p>\u00bfReconoces alguna construcci\u00f3n t\u00edpica asturiana en esta im\u00e1gen?\u00a0 Ampliar im\u00e1gen!!! \u00bfCu\u00e1l? \u00bfC\u00f3mo se llama? Efect\u00edvamente&#8230; hoy vamos a hablar y ver qu\u00e9 es un &#8230; (clic aqu\u00ed) Actividad en castellano Activid\u00e1 n\u00b4asturianu Anexo Actividades H\u00f3rreos y paneras en Asturias En Asturias tenemos tres construcciones t\u00edpcas como granero y para guardar la cosecha y algunos alimentos: [&hellip;]<\/p>\n","protected":false},"author":117,"featured_media":0,"parent":212,"menu_order":0,"comment_status":"closed","ping_status":"closed","template":"","meta":{"footnotes":""},"class_list":["post-1207","page","type-page","status-publish","hentry","post-preview"],"_links":{"self":[{"href":"https:\/\/edublog.educastur.es\/ixuxullingua\/wp-json\/wp\/v2\/pages\/1207","targetHints":{"allow":["GET"]}}],"collection":[{"href":"https:\/\/edublog.educastur.es\/ixuxullingua\/wp-json\/wp\/v2\/pages"}],"about":[{"href":"https:\/\/edublog.educastur.es\/ixuxullingua\/wp-json\/wp\/v2\/types\/page"}],"author":[{"embeddable":true,"href":"https:\/\/edublog.educastur.es\/ixuxullingua\/wp-json\/wp\/v2\/users\/117"}],"replies":[{"embeddable":true,"href":"https:\/\/edublog.educastur.es\/ixuxullingua\/wp-json\/wp\/v2\/comments?post=1207"}],"version-history":[{"count":1,"href":"https:\/\/edublog.educastur.es\/ixuxullingua\/wp-json\/wp\/v2\/pages\/1207\/revisions"}],"predecessor-version":[{"id":1208,"href":"https:\/\/edublog.educastur.es\/ixuxullingua\/wp-json\/wp\/v2\/pages\/1207\/revisions\/1208"}],"up":[{"embeddable":true,"href":"https:\/\/edublog.educastur.es\/ixuxullingua\/wp-json\/wp\/v2\/pages\/212"}],"wp:attachment":[{"href":"https:\/\/edublog.educastur.es\/ixuxullingua\/wp-json\/wp\/v2\/media?parent=1207"}],"curies":[{"name":"wp","href":"https:\/\/api.w.org\/{rel}","templated":true}]}}