{"id":1228,"date":"2020-11-09T21:03:23","date_gmt":"2020-11-09T19:03:23","guid":{"rendered":"https:\/\/edublog.educastur.es\/ixuxullingua\/?page_id=1228"},"modified":"2020-11-09T21:03:23","modified_gmt":"2020-11-09T19:03:23","slug":"sesion-04","status":"publish","type":"page","link":"https:\/\/edublog.educastur.es\/ixuxullingua\/4-cuartu\/cuartu-20-21\/02-primer-trimestre\/sesion-04\/","title":{"rendered":"Sesi\u00f3n 04"},"content":{"rendered":"<p><em><strong>\u00a0Molinos de r\u00edo y batanes.<\/strong><\/em><\/p>\n<ul>\n<li><a href=\"https:\/\/educastur-my.sharepoint.com\/:b:\/g\/personal\/isabellh_educastur_org\/EaRVg0-5_N1Gm0yH0HGDqHIBuaQxZ-9WFLR2g5IqtTFMRQ?e=vzpiOe\"><strong><em>Actividad en castellano<\/em><\/strong><\/a><\/li>\n<li><a href=\"https:\/\/educastur-my.sharepoint.com\/:b:\/g\/personal\/isabellh_educastur_org\/EdBvUNrWrwBAtgQJJE4imyIB2R7UD4Dy67YgpUAIBcNBXw?e=JpagSE\"><strong><em>Activid\u00e1 n\u00b4asturiano<\/em><\/strong><\/a><\/li>\n<\/ul>\n<p><a href=\"https:\/\/www.turismovillaviciosa.es\/v_portal\/inc\/imagen.asp?f=RUTA_DE_LOS_MOLINOS_DEL_PROFUNDU_V41.JPG&amp;c=1\"><img loading=\"lazy\" decoding=\"async\" class=\"alignnone \" src=\"https:\/\/www.turismovillaviciosa.es\/v_portal\/inc\/imagen.asp?f=RUTA_DE_LOS_MOLINOS_DEL_PROFUNDU_V41.JPG&amp;c=1\" width=\"658\" height=\"323\" \/><\/a><\/p>\n<p><em>Asturias es una regi\u00f3n con abundantes precipitaciones (lluvias) y geograf\u00eda abrupta. Estas caracter\u00edsticas dan lugar a r\u00edos de curso peque\u00f1o, r\u00e1pido y con un caudal continuo. <\/em><\/p>\n<p><a href=\"https:\/\/3.bp.blogspot.com\/-uPSUA81ck0g\/T_HQk-mLt7I\/AAAAAAAAAAA\/THBti5iJrqA\/s1600\/Ruta%2Bde%2BLos%2BMolinos%2Bdel%2BRio%2BProfundo%2B(18).JPG\"><img loading=\"lazy\" decoding=\"async\" class=\"alignnone \" src=\"https:\/\/3.bp.blogspot.com\/-uPSUA81ck0g\/T_HQk-mLt7I\/AAAAAAAAAAA\/THBti5iJrqA\/s1600\/Ruta%2Bde%2BLos%2BMolinos%2Bdel%2BRio%2BProfundo%2B(18).JPG\" width=\"648\" height=\"432\" \/><\/a><\/p>\n<p><em><strong>Con estas condiciones se desarrollan m\u00e1quinas hidr\u00e1ulicas para aprovechar la fuerza del agua y conseguir energ\u00eda. Las m\u00e1s importantes son:\u00a0 (a)\u00a0 los molinos, para moler el grano, las piedras de afilar y (b) los batanes, que serv\u00edan para preparar los tejidos.<\/strong><\/em><\/p>\n<p><img loading=\"lazy\" decoding=\"async\" class=\"wp-image-1785 alignleft\" src=\"http:\/\/edublog.educastur.es\/corredoria3\/files\/2020\/10\/0999653c-c6e3-4854-8f94-f7995b7bba90.jpg\" alt=\"\" width=\"339\" height=\"421\" \/><img loading=\"lazy\" decoding=\"async\" class=\"wp-image-1786 alignleft\" src=\"http:\/\/edublog.educastur.es\/corredoria3\/files\/2020\/10\/f7c612df-fdb5-487f-9be1-3b9d146ec230.jpg\" alt=\"\" width=\"316\" height=\"420\" \/><\/p>\n<p>&nbsp;<\/p>\n<p>&nbsp;<\/p>\n<p>&nbsp;<\/p>\n<p>&nbsp;<\/p>\n<p>&nbsp;<\/p>\n<p>&nbsp;<\/p>\n<p>&nbsp;<\/p>\n<p>&nbsp;<\/p>\n<p>&nbsp;<\/p>\n<p>&nbsp;<\/p>\n<p>&nbsp;<\/p>\n<p><a href=\"https:\/\/live.staticflickr.com\/8527\/8457491587_145ee32902_b.jpg\"><img loading=\"lazy\" decoding=\"async\" class=\"alignnone size-full\" src=\"https:\/\/live.staticflickr.com\/8527\/8457491587_145ee32902_b.jpg\" width=\"1024\" height=\"768\" \/><\/a><\/p>\n<p><a href=\"https:\/\/i.pinimg.com\/originals\/32\/b5\/5f\/32b55f0fa7eb9d35ab1aadadb8c7db2c.png\"><img loading=\"lazy\" decoding=\"async\" class=\"alignnone size-full\" src=\"https:\/\/i.pinimg.com\/originals\/32\/b5\/5f\/32b55f0fa7eb9d35ab1aadadb8c7db2c.png\" width=\"1100\" height=\"735\" \/><\/a><\/p>\n<p><em>El <strong>fray\u00f3n<\/strong> es una pieza cil\u00edndrica sobre la que cae el grano de cereal. La<strong> muela<\/strong> es tambi\u00e9n cil\u00edndrica, aunque de menor tama\u00f1o y se sit\u00faa sobre el fray\u00f3n dejando el grano de cereal entre ambas piezas. <strong>Al girar la muela sobre el fray\u00f3n gracias al eje, tritura (fraya) el grano convirti\u00e9ndolo en harina (farina).<\/strong> <\/em><\/p>\n<p><em>Las muelas gastadas de los molinos se utilizaban en la construcci\u00f3n de los h\u00f3rreos. Se coloca sobre el pegoyu para evitar que suban los roedores y otros animales.<br \/>\n<\/em><\/p>\n<p><a href=\"https:\/\/encrypted-tbn0.gstatic.com\/images?q=tbn%3AANd9GcS7jxGhC0khSfsxBn9Rp-T9Smt0zp9JZdueRQ&amp;usqp=CAU\"><img loading=\"lazy\" decoding=\"async\" class=\"alignnone size-full\" src=\"https:\/\/encrypted-tbn0.gstatic.com\/images?q=tbn%3AANd9GcS7jxGhC0khSfsxBn9Rp-T9Smt0zp9JZdueRQ&amp;usqp=CAU\" width=\"182\" height=\"276\" \/><\/a>\/<a href=\"https:\/\/i.pinimg.com\/736x\/01\/16\/d0\/0116d08a49b55cedcce0520f72d17006--paraiso-natural-asturian.jpg\"><img loading=\"lazy\" decoding=\"async\" class=\"alignnone \" src=\"https:\/\/i.pinimg.com\/736x\/01\/16\/d0\/0116d08a49b55cedcce0520f72d17006--paraiso-natural-asturian.jpg\" width=\"358\" height=\"265\" \/><\/a><\/p>\n<p><a href=\"https:\/\/i.pinimg.com\/originals\/14\/a2\/e4\/14a2e4365a9e5cb1120ca7e4353cf2df.jpg\"><img loading=\"lazy\" decoding=\"async\" class=\"alignnone size-full\" src=\"https:\/\/i.pinimg.com\/originals\/14\/a2\/e4\/14a2e4365a9e5cb1120ca7e4353cf2df.jpg\" width=\"921\" height=\"651\" \/><\/a><\/p>\n<p>&nbsp;<\/p>\n<hr \/>\n<ul>\n<li><a href=\"https:\/\/www.turismoasturias.es\/descubre\/naturaleza\/rutas\/senderismo\/ruta-los-molinos\"><em>Senda de los molinos (Comarca de la Sidra)<\/em><\/a><\/li>\n<li><a href=\"https:\/\/guiadeasturias.com\/lugar\/ruta-los-molinos-illas-nos-encontrar-una-imagen-tradicional-la-asturias-rural\/\"><em>Ruta de los molinos Illas<\/em><\/a><\/li>\n<li><a href=\"https:\/\/www.mazonovo.es\/\"><strong><em>Museo de los Molinos de Espa\u00f1a: MAZONOVO<\/em><\/strong><\/a><\/li>\n<li><a href=\"https:\/\/mazonovo.es\/DESCARGAS\/Guia-visita-Museo-Molinos-Mazonovo.pdf\"><em>Gu\u00eda visita Mazonovo (pdf)<\/em><\/a><\/li>\n<li><a href=\"https:\/\/www.mazonovo.es\/fotos-museo-molinos-mazonovo-taramundi.php\"><em>Fotos Mazonovo<\/em><\/a><\/li>\n<\/ul>\n<p><a href=\"https:\/\/www.mazonovo.es\/galeria_imagenes\/images\/galeria\/taramundi_mazonovo_11.jpg\"><img loading=\"lazy\" decoding=\"async\" class=\"alignnone \" src=\"https:\/\/www.mazonovo.es\/galeria_imagenes\/images\/galeria\/taramundi_mazonovo_11.jpg\" width=\"550\" height=\"413\" \/><\/a><\/p>\n<p><em>El <strong>Museo de los Molinos de Mazonovo<\/strong> se encuentra en un enclave de gran belleza a orillas de los r\u00edos Tur\u00eda y Cabreira, en el municipio asturiano de Taramundi. Totalmente mezclado con el espectacular entorno que le rodea. Al igual que otras muchas construcciones de nuestro patrimonio, los molinos, por su desuso, acaban en ruinas en las lindes de los r\u00edos. Hoy es un <strong>privilegio<\/strong> ver algunos en funcionamiento y gracias, al granito de arena puesto por \u00e9ste museo, podemos ver <strong>molinos en Taramundi<\/strong> como cuando estaban en su m\u00e1ximo esplendor.<\/em><\/p>\n<ul>\n<li><a href=\"https:\/\/www.youtube.com\/watch?v=GaYoTH-3JL4\">Ver video<\/a><\/li>\n<\/ul>\n\n<!-- iframe plugin v.6.0 wordpress.org\/plugins\/iframe\/ -->\n<iframe loading=\"lazy\" width=\"588\" height=\"331\" src=\"https:\/\/www.youtube.com\/embed\/GaYoTH-3JL4\" scrolling=\"yes\" class=\"iframe-class\" frameborder=\"0\"><\/iframe>\n\n<ul>\n<li><a href=\"https:\/\/www.youtube.com\/watch?v=FoHN1NJx1_A\">Video Mazonovo (Taramundi)<\/a><\/li>\n<\/ul>\n\n<!-- iframe plugin v.6.0 wordpress.org\/plugins\/iframe\/ -->\n<iframe loading=\"lazy\" width=\"588\" height=\"331\" src=\"https:\/\/www.youtube.com\/embed\/FoHN1NJx1_A\" scrolling=\"yes\" class=\"iframe-class\" frameborder=\"0\"><\/iframe>\n\n<p><em>Los <strong>antiguos molinos<\/strong> (los m\u00e1s importantes de Taramundi) se han restaurado con el objetivo de conocer c\u00f3mo se trabajaban y qu\u00e9 actividades se realizaban en ellos. El visitante se convierte en protagonista de la visita ya que algunos de los molinos necesitan de su manipulaci\u00f3n para su funcionamiento, siendo el visitante quien interact\u00faa.<\/em><\/p>\n<p><em>Los <strong>restauradores<\/strong> de estos <strong>magn\u00edficos molinos<\/strong> han instalado tambi\u00e9n una serie de reproducciones de molinos para que pueda verse <strong>la evoluci\u00f3n de los mismos<\/strong> a lo largo del tiempo. El <strong>visitante<\/strong> incluso puede moler y comprobar, por s\u00ed mismo, el <strong>esfuerzo<\/strong> que supon\u00eda antiguamente el trabajo en \u00e9stos molinos.<\/em><\/p>\n<p><em><img decoding=\"async\" class=\"imgFlotanteDcha\" src=\"https:\/\/www.mazonovo.es\/images\/01inicio\/taramundi_mazonovo_0203.png\" alt=\"Museo de Molinos en Taramundi, cerca de Vegadeo y Ribadeo, Asturias\" width=\"500\" align=\"left\" hspace=\"12\" \/><\/em><\/p>\n<p><em><strong>EN ESTE MUSEO DE TARAMUNDI EXISTEN 18 MOLINOS, 7 DE MANUALES, 6 HIDR\u00c1ULICOS, 3 ESPEC\u00cdFICOS PARA\u00a0 NI\u00d1OS Y\u00a0 2\u00a0ESPECIALES<\/strong> (Estos dos \u00faltimos a tama\u00f1o natural, expuestos en perfectas condiciones, para que se pueda entender de forma clara todos los elementos que compon\u00edan \u00e9stas magn\u00edficas construcciones). La visita al museo se completa con un paseo por los exteriores, con paneles informativos y vitrinas de elementos relacionados con los molinos. Si te preguntas que hacer en Taramundi, aqu\u00ed tienes la respuesta.<\/em><\/p>\n<p><em>Se trata de un Museo de titularidad privada, cuyos propietarios constituyen la <strong>cuarta generaci\u00f3n<\/strong> de una saga de molineros. La <strong>financiaci\u00f3n<\/strong> (Inversiones, gastos de explotaci\u00f3n, gastos de mantenimiento, etc),\u00a0 dependen exclusivamente de la <strong>venta de entradas<\/strong>, y en una peque\u00f1a medida, de la venta de los excedentes de energ\u00eda de la mini-central hidroel\u00e9ctrica que suministra la energ\u00eda al museo.<\/em><\/p>\n<p><a href=\"https:\/\/www.mazonovo.es\/images\/02visita\/taramundi_museo_molinos_mazonovo_molino_piedra_central%20electrica.jpg\"><img loading=\"lazy\" decoding=\"async\" class=\"alignnone \" src=\"https:\/\/www.mazonovo.es\/images\/02visita\/taramundi_museo_molinos_mazonovo_molino_piedra_central%20electrica.jpg\" width=\"1170\" height=\"331\" \/><\/a><\/p>\n<hr \/>\n<ul>\n<li><a href=\"http:\/\/asturias.grao.net\/oficios\/molineiros\/molinos.htm\"><strong><em>Molineros y molinos<\/em><\/strong><\/a><\/li>\n<li><a href=\"https:\/\/elblogdeacebedo.blogspot.com\/2013\/06\/los-molinos-de-agua-asturianos.html\"><em><strong>Los molinos de agua asturianos<\/strong><\/em><\/a><\/li>\n<\/ul>\n<p><a href=\"https:\/\/1.bp.blogspot.com\/-RZUcVrIzL0o\/Ub4l4gmB3jI\/AAAAAAAAJNQ\/3tF6c_Op52o\/s1600\/molino+de+agua.jpg\"><img loading=\"lazy\" decoding=\"async\" class=\"alignnone \" src=\"https:\/\/1.bp.blogspot.com\/-RZUcVrIzL0o\/Ub4l4gmB3jI\/AAAAAAAAJNQ\/3tF6c_Op52o\/s1600\/molino+de+agua.jpg\" width=\"564\" height=\"543\" \/><\/a><\/p>\n<p><em>Asturias una regi\u00f3n en la que los ingenios hidr\u00e1ulicos proliferen desde tiempos muy remotos. Se trata de maquinas movidas por la fuerza del agua que desempe\u00f1an muy variadas funciones: mazos o pilones que en las ferrer\u00edas golpean el hierro candente para darle la forma deseada, trillones o batanes que mazan el tejido de lana, piedras de afilar, y ya en tiempos mucho m\u00e1s recientes centrales hidroel\u00e9ctricas. Pero entre todos los ingenios que precisan el agua como fuerza motriz, es el molino el que m\u00e1s abunda. <\/em><\/p>\n<p><a href=\"https:\/\/1.bp.blogspot.com\/-dkHH_6xtB5w\/XT67q3vQgCI\/AAAAAAAA-v0\/suMRyLrFtv84E7wgcqLSKKWydrtueyiawCLcBGAs\/s1600\/Gr%25C3%25A1fico%2Bde%2Bun%2Bmolino%2Bextra%25C3%25ADdo%2Bde%2Bla%2Bpublicaci%25C3%25B3n.%2B%2528FullSizeRender%2529.%2BMonta%25C3%25B1a%2BCentral.jpg\"><img loading=\"lazy\" decoding=\"async\" class=\"alignnone \" src=\"https:\/\/1.bp.blogspot.com\/-dkHH_6xtB5w\/XT67q3vQgCI\/AAAAAAAA-v0\/suMRyLrFtv84E7wgcqLSKKWydrtueyiawCLcBGAs\/s1600\/Gr%25C3%25A1fico%2Bde%2Bun%2Bmolino%2Bextra%25C3%25ADdo%2Bde%2Bla%2Bpublicaci%25C3%25B3n.%2B%2528FullSizeRender%2529.%2BMonta%25C3%25B1a%2BCentral.jpg\" width=\"874\" height=\"833\" \/><\/a><\/p>\n<p><a href=\"https:\/\/iesmunoztorrero.educarex.es\/web\/aguaserena\/activid\/molino\/molino.htm\"><img loading=\"lazy\" decoding=\"async\" class=\"alignnone \" src=\"https:\/\/iesmunoztorrero.educarex.es\/web\/aguaserena\/activid\/molino\/esquemamolino.jpg\" width=\"774\" height=\"750\" \/><\/a><\/p>\n<p><a href=\"https:\/\/imgbox.es\/images\/2020\/10\/25\/Molino2a436dbb41f77f26.jpg\"><img loading=\"lazy\" decoding=\"async\" class=\"alignnone size-full\" src=\"https:\/\/imgbox.es\/images\/2020\/10\/25\/Molino2a436dbb41f77f26.jpg\" width=\"1418\" height=\"1936\" \/><\/a><\/p>\n<p><em><strong>Los molinos que hoy en d\u00eda se conservan en Asturias tienen un origen dif\u00edcil de precisar, pues de muy pocos se conoce su fecha de construcci\u00f3n. Es de suponer que una buena parte de ellos hayan sido construidos en el siglo XVII debido a la aparici\u00f3n en Asturias del cultivo del ma\u00edz<\/strong>, que r\u00e1pidamente se generaliza y ocupa un lugar importante dentro del sistema productivo del campo asturiano.<\/em><\/p>\n<p><a href=\"https:\/\/4.bp.blogspot.com\/-y2dL69NxjFw\/Ub41ICI7YmI\/AAAAAAAAJPU\/QbUtGI2wwKA\/s1600\/Molinos+de+Corroriu+de+Fresnedo+(Quir%C3%B3s).jpg\"><img loading=\"lazy\" decoding=\"async\" class=\"alignnone \" src=\"https:\/\/4.bp.blogspot.com\/-y2dL69NxjFw\/Ub41ICI7YmI\/AAAAAAAAJPU\/QbUtGI2wwKA\/s1600\/Molinos+de+Corroriu+de+Fresnedo+(Quir%C3%B3s).jpg\" width=\"859\" height=\"587\" \/><\/a><\/p>\n<p>&nbsp;<\/p>\n<p>Siguiendo el cauce de cualquiera de nuestros r\u00edos o riegas, all\u00ed donde encontramos el agua remansada por una presa y siguiendo la estrecha canal que se deriva, en parajes frondosos, poblados de manzanos, alisos, fresnos, cerezos y avellanos, all\u00ed donde el rumor del agua invita a ayalgas, xanas y espumeros, se encuentran los molinos.<\/p>\n<ul>\n<li><a href=\"http:\/\/leyendesasturianes.blogspot.com\/2010\/09\/historia-de-los-molinos-de-asturias.html\"><strong><em>Historia de los molinos en Asturias<\/em><\/strong><\/a><\/li>\n<\/ul>\n<p><strong><em>La tarea del molinero. <\/em><\/strong><em>El molinero realiza constantes tareas alrededor de su molino. <strong>Arranca el molino tirando de la paradoria. Cargar\u00e1 de ma\u00edz, trigo, escanda o cebada la tremoria. Regular\u00e1 la inclinaci\u00f3n de la canalexa,<\/strong> para controlar la cantidad de grano que caer\u00e1 en el g\u00fceyu de la muela. <strong>Con el aliviu elevar\u00e1 m\u00e1s o menos la volandera, regulando la aproximaci\u00f3n entre las muelas, y consiguiendo darle a la harina mayor o menor finura.<\/strong> <strong>Recoger\u00e1 la harina ca\u00edda en el banzal<\/strong> para echarla en el saco y <strong>maquilar\u00e1 la parte que le corresponda por su trabajo<\/strong>. <\/em><em>En ocasiones, cuando la molienda es para consumo humano, <strong>pe\u00f1erar\u00e1 la harina con el cedazo, separ\u00e1ndola del salv\u00e1u.<\/strong><\/em><\/p>\n<p><a href=\"https:\/\/live.staticflickr.com\/8336\/8105243115_98a7ccbe88_b.jpg\"><img loading=\"lazy\" decoding=\"async\" class=\"alignnone size-full\" src=\"https:\/\/live.staticflickr.com\/8336\/8105243115_98a7ccbe88_b.jpg\" width=\"1023\" height=\"814\" \/><\/a><\/p>\n<p><a href=\"https:\/\/www.localfooddirect.co.uk\/wp-content\/uploads\/2018\/10\/Burcott-mill.jpg\"><img loading=\"lazy\" decoding=\"async\" class=\"alignnone size-full\" src=\"https:\/\/www.localfooddirect.co.uk\/wp-content\/uploads\/2018\/10\/Burcott-mill.jpg\" width=\"825\" height=\"465\" \/><\/a><\/p>\n<ul>\n<li>\n<h1 class=\"font-size-xxl margin-b-5 font-weight-b color-b-050 letter-spacing--1\"><a href=\"https:\/\/www.rtpa.es\/noticias-sociedad:-El-ultimo-molino-de-maiz-de-Pe%C3%83%C2%B1amellera-Alta-esta-en-Mier-_111535640107.html\">El \u00faltimo molino de ma\u00edz de Pe\u00f1amellera Alta<\/a><\/h1>\n<\/li>\n<\/ul>\n<p><a href=\"https:\/\/www.rtpa.es\/fotos\/\/18\/08\/20180830163502_meirvtr30.jpg\"><img loading=\"lazy\" decoding=\"async\" class=\"alignnone size-full\" src=\"https:\/\/www.rtpa.es\/fotos\/\/18\/08\/20180830163502_meirvtr30.jpg\" width=\"853\" height=\"480\" \/><\/a><\/p>\n<p>&nbsp;<\/p>\n<p>&nbsp;<\/p>\n<p>&nbsp;<\/p>\n<p>&nbsp;<\/p>\n","protected":false},"excerpt":{"rendered":"<p>\u00a0Molinos de r\u00edo y batanes. Actividad en castellano Activid\u00e1 n\u00b4asturiano Asturias es una regi\u00f3n con abundantes precipitaciones (lluvias) y geograf\u00eda abrupta. Estas caracter\u00edsticas dan lugar a r\u00edos de curso peque\u00f1o, r\u00e1pido y con un caudal continuo. Con estas condiciones se desarrollan m\u00e1quinas hidr\u00e1ulicas para aprovechar la fuerza del agua y conseguir energ\u00eda. Las m\u00e1s importantes [&hellip;]<\/p>\n","protected":false},"author":117,"featured_media":0,"parent":216,"menu_order":0,"comment_status":"closed","ping_status":"closed","template":"","meta":{"footnotes":""},"class_list":["post-1228","page","type-page","status-publish","hentry","post-preview"],"_links":{"self":[{"href":"https:\/\/edublog.educastur.es\/ixuxullingua\/wp-json\/wp\/v2\/pages\/1228","targetHints":{"allow":["GET"]}}],"collection":[{"href":"https:\/\/edublog.educastur.es\/ixuxullingua\/wp-json\/wp\/v2\/pages"}],"about":[{"href":"https:\/\/edublog.educastur.es\/ixuxullingua\/wp-json\/wp\/v2\/types\/page"}],"author":[{"embeddable":true,"href":"https:\/\/edublog.educastur.es\/ixuxullingua\/wp-json\/wp\/v2\/users\/117"}],"replies":[{"embeddable":true,"href":"https:\/\/edublog.educastur.es\/ixuxullingua\/wp-json\/wp\/v2\/comments?post=1228"}],"version-history":[{"count":1,"href":"https:\/\/edublog.educastur.es\/ixuxullingua\/wp-json\/wp\/v2\/pages\/1228\/revisions"}],"predecessor-version":[{"id":1229,"href":"https:\/\/edublog.educastur.es\/ixuxullingua\/wp-json\/wp\/v2\/pages\/1228\/revisions\/1229"}],"up":[{"embeddable":true,"href":"https:\/\/edublog.educastur.es\/ixuxullingua\/wp-json\/wp\/v2\/pages\/216"}],"wp:attachment":[{"href":"https:\/\/edublog.educastur.es\/ixuxullingua\/wp-json\/wp\/v2\/media?parent=1228"}],"curies":[{"name":"wp","href":"https:\/\/api.w.org\/{rel}","templated":true}]}}