{"id":1342,"date":"2020-12-07T18:58:27","date_gmt":"2020-12-07T16:58:27","guid":{"rendered":"https:\/\/edublog.educastur.es\/ixuxullingua\/?page_id=1342"},"modified":"2020-12-08T21:00:21","modified_gmt":"2020-12-08T19:00:21","slug":"sesion-08b","status":"publish","type":"page","link":"https:\/\/edublog.educastur.es\/ixuxullingua\/6-sestu\/sestu-20-21\/02-primer-trimestre\/sesion-08b\/","title":{"rendered":"Sesi\u00f3n 08b"},"content":{"rendered":"<p><span style=\"font-size: 18pt\">Comprensi\u00f3n escrita: <span style=\"color: #008080\"><em><strong>Lectura \u00abEl relevo\u00bb<\/strong><\/em><\/span><\/span><\/p>\n<p><a href=\"https:\/\/imgbox.es\/images\/2020\/12\/07\/Relevo_0122f171f62ba8abe1.jpg\"><img loading=\"lazy\" decoding=\"async\" class=\"alignnone size-full\" src=\"https:\/\/imgbox.es\/images\/2020\/12\/07\/Relevo_0122f171f62ba8abe1.jpg\" width=\"1245\" height=\"1688\" \/><\/a><\/p>\n<p><a href=\"https:\/\/imgbox.es\/images\/2020\/12\/07\/Relevo_02f6aed8828666f1a4.jpg\"><img loading=\"lazy\" decoding=\"async\" class=\"alignnone size-full\" src=\"https:\/\/imgbox.es\/images\/2020\/12\/07\/Relevo_02f6aed8828666f1a4.jpg\" width=\"1247\" height=\"1692\" \/><\/a><\/p>\n<p><span style=\"color: #008080\"><strong><span style=\"text-decoration: underline\">Responder nuna fueya \/ folio\u00a0 a estes preguntes:<\/span><\/strong><\/span><\/p>\n<ol>\n<li><span style=\"color: #008080\">\u00bfA qu\u00e9 hora es el relevo?<\/span><\/li>\n<li><span style=\"color: #008080\">\u00bfC\u00f3mo se siente el protagonista?<\/span><br \/>\n<span style=\"color: #008080\">\u00bfHas sentido algo semejante al madrugar?<\/span><\/li>\n<li><span style=\"color: #008080\">\u00bfCu\u00e1ntos compa\u00f1eros, adem\u00e1s del protagonista, bajan al pozo?<\/span><\/li>\n<li><span style=\"color: #008080\">\u00bfQu\u00e9 es la jaula? Podr\u00edas describirla&#8230;<\/span><\/li>\n<li><span style=\"color: #008080\">Busca en un diccionario\/internet los significados de: lampister\u00eda, artillero, respingo.<\/span><\/li>\n<\/ol>\n<hr \/>\n<p><span style=\"color: #333399\"><strong><span style=\"text-decoration: underline\">Responder nuna fueya \/ foliu a estes entrugues:<\/span><\/strong><\/span><\/p>\n<p><span style=\"color: #333399\">1. \u00bfA qu\u00e9 hora ye&#8217;l relevu?<\/span><br \/>\n<span style=\"color: #333399\">2. \u00bfC\u00f3mo se siente&#8217;l protagonista?<\/span><br \/>\n<span style=\"color: #333399\">\u00a0\u00a0\u00a0 \u00bfSentisti daqu\u00e9 asemey\u00e1u al madrugar?<\/span><\/p>\n<p><span style=\"color: #333399\">3. \u00bfCu\u00e1ntos compa\u00f1eros, am\u00e1s del protagonista, baxen al pozu?<\/span><br \/>\n<span style=\"color: #333399\">4. \u00bfQu\u00e9 ye la xaula? Podr\u00edes describila&#8230;<\/span><br \/>\n<span style=\"color: #333399\">5. Busca nun diccionariu\/internet los significaos de: llampister\u00eda, artilleru, respingo.<\/span><\/p>\n<hr \/>\n<p><a href=\"https:\/\/imgbox.es\/images\/2020\/12\/07\/Santa_Barbarab0673b5ff483daa8.jpg\"><img loading=\"lazy\" decoding=\"async\" class=\"alignnone size-full\" src=\"https:\/\/imgbox.es\/images\/2020\/12\/07\/Santa_Barbarab0673b5ff483daa8.jpg\" width=\"1163\" height=\"693\" \/><\/a><\/p>\n<ul>\n<li><a href=\"https:\/\/www.youtube.com\/watch?v=667yFgpUIfs\"><strong>\u00abSANTA B\u00c1RBARA BENDITA\u00bb \u2013 NUBERU<\/strong><\/a><\/li>\n<\/ul>\n\n<!-- iframe plugin v.6.0 wordpress.org\/plugins\/iframe\/ -->\n<iframe loading=\"lazy\" width=\"588\" height=\"331\" src=\"https:\/\/www.youtube.com\/embed\/667yFgpUIfs\" scrolling=\"yes\" class=\"iframe-class\" frameborder=\"0\"><\/iframe>\n\n<hr \/>\n<p><a href=\"https:\/\/imgbox.es\/images\/2020\/12\/07\/castilletefdeab6af65753a8d.jpg\"><img loading=\"lazy\" decoding=\"async\" class=\"alignnone size-full\" src=\"https:\/\/imgbox.es\/images\/2020\/12\/07\/castilletefdeab6af65753a8d.jpg\" width=\"1163\" height=\"586\" \/><\/a><\/p>\n\n<!-- iframe plugin v.6.0 wordpress.org\/plugins\/iframe\/ -->\n<iframe loading=\"lazy\" src=\"https:\/\/drive.google.com\/file\/d\/1yHkTiba6Sq9k27eWRj2nYl_S9Y_36zJ3\/preview\" width=\"705\" height=\"980\" 0=\"\/iframe\" scrolling=\"yes\" class=\"iframe-class\" frameborder=\"0\"><\/iframe>\n\n\n<!-- iframe plugin v.6.0 wordpress.org\/plugins\/iframe\/ -->\n<iframe loading=\"lazy\" width=\"588\" height=\"331\" src=\"https:\/\/www.youtube.com\/embed\/9VbPt5z9ErM\" scrolling=\"yes\" class=\"iframe-class\" frameborder=\"0\"><\/iframe>\n\n\n<!-- iframe plugin v.6.0 wordpress.org\/plugins\/iframe\/ -->\n<iframe loading=\"lazy\" width=\"588\" height=\"331\" src=\"https:\/\/www.youtube.com\/embed\/ol9s0qONX2s\" scrolling=\"yes\" class=\"iframe-class\" frameborder=\"0\"><\/iframe>\n\n<p><a href=\"https:\/\/image.slidesharecdn.com\/maraflrezcancionero-111125074903-phpapp02\/95\/mara-flrez-cancionero-7-728.jpg?cb=1322209186\"><img loading=\"lazy\" decoding=\"async\" class=\"alignnone size-full\" src=\"https:\/\/image.slidesharecdn.com\/maraflrezcancionero-111125074903-phpapp02\/95\/mara-flrez-cancionero-7-728.jpg?cb=1322209186\" width=\"728\" height=\"546\" \/><\/a><\/p>\n<p><span style=\"font-size: 14pt;color: #008080\"><em><span class=\"style-scope yt-formatted-string\" dir=\"auto\">Cuando tea apechugando<br \/>\n<\/span> <span class=\"style-scope yt-formatted-string\" dir=\"auto\">per fuera de la mina <\/span> <\/em><\/span><br \/>\n<span style=\"font-size: 14pt;color: #008080\"><em><span class=\"style-scope yt-formatted-string\" dir=\"auto\">lo mesmo que per dientro<br \/>\n<\/span> <span class=\"style-scope yt-formatted-string\" dir=\"auto\">\u00a1Compa\u00f1eru, dame tira! <\/span><\/em><\/span><\/p>\n<p><span style=\"font-size: 14pt;color: #008080\"><em><span class=\"style-scope yt-formatted-string\" dir=\"auto\">Cuando sepias que toi presu <\/span> <\/em><\/span><br \/>\n<span style=\"font-size: 14pt;color: #008080\"><em><span class=\"style-scope yt-formatted-string\" dir=\"auto\">per da-y llibert\u00e1 a la vida<br \/>\n<\/span> <span class=\"style-scope yt-formatted-string\" dir=\"auto\">como si non lo tuviere<br \/>\n<\/span> <span class=\"style-scope yt-formatted-string\" dir=\"auto\">\u00a1Compa\u00f1eru, dame tira! <\/span><\/em><\/span><\/p>\n<p><span style=\"font-size: 14pt;color: #008080\"><em><span class=\"style-scope yt-formatted-string\" dir=\"auto\">Cuando al aire los polmones<br \/>\n<\/span> <span class=\"style-scope yt-formatted-string\" dir=\"auto\">tar\u00e1celu la caliza<br \/>\n<\/span> <span class=\"style-scope yt-formatted-string\" dir=\"auto\">semeyando bon aliendu,<br \/>\n<\/span> <span class=\"style-scope yt-formatted-string\" dir=\"auto\">\u00a1Compa\u00f1eru dame tira! <\/span><\/em><\/span><\/p>\n<p><span style=\"font-size: 14pt;color: #008080\"><em><span class=\"style-scope yt-formatted-string\" dir=\"auto\">Cuando me retiren ya <\/span> <\/em><\/span><br \/>\n<span style=\"font-size: 14pt;color: #008080\"><em><span class=\"style-scope yt-formatted-string\" dir=\"auto\">y s\u00f3lo seya un pensionista,<br \/>\n<\/span> <span class=\"style-scope yt-formatted-string\" dir=\"auto\">igual que si trabayare<br \/>\n<\/span> <span class=\"style-scope yt-formatted-string\" dir=\"auto\">\u00a1Compa\u00f1eru dame tira!<\/span><\/em><\/span><\/p>\n<p><span style=\"font-size: 14pt;color: #008080\"><em><span class=\"style-scope yt-formatted-string\" dir=\"auto\">\u00a1Compa\u00f1eru damos tira! <\/span> <span class=\"style-scope yt-formatted-string\" dir=\"auto\">&#8230;.<\/span><\/em><\/span><\/p>\n","protected":false},"excerpt":{"rendered":"<p>Comprensi\u00f3n escrita: Lectura \u00abEl relevo\u00bb Responder nuna fueya \/ folio\u00a0 a estes preguntes: \u00bfA qu\u00e9 hora es el relevo? \u00bfC\u00f3mo se siente el protagonista? \u00bfHas sentido algo semejante al madrugar? \u00bfCu\u00e1ntos compa\u00f1eros, adem\u00e1s del protagonista, bajan al pozo? \u00bfQu\u00e9 es la jaula? Podr\u00edas describirla&#8230; Busca en un diccionario\/internet los significados de: lampister\u00eda, artillero, respingo. Responder [&hellip;]<\/p>\n","protected":false},"author":117,"featured_media":0,"parent":220,"menu_order":0,"comment_status":"closed","ping_status":"closed","template":"","meta":{"footnotes":""},"class_list":["post-1342","page","type-page","status-publish","hentry","post-preview"],"_links":{"self":[{"href":"https:\/\/edublog.educastur.es\/ixuxullingua\/wp-json\/wp\/v2\/pages\/1342","targetHints":{"allow":["GET"]}}],"collection":[{"href":"https:\/\/edublog.educastur.es\/ixuxullingua\/wp-json\/wp\/v2\/pages"}],"about":[{"href":"https:\/\/edublog.educastur.es\/ixuxullingua\/wp-json\/wp\/v2\/types\/page"}],"author":[{"embeddable":true,"href":"https:\/\/edublog.educastur.es\/ixuxullingua\/wp-json\/wp\/v2\/users\/117"}],"replies":[{"embeddable":true,"href":"https:\/\/edublog.educastur.es\/ixuxullingua\/wp-json\/wp\/v2\/comments?post=1342"}],"version-history":[{"count":9,"href":"https:\/\/edublog.educastur.es\/ixuxullingua\/wp-json\/wp\/v2\/pages\/1342\/revisions"}],"predecessor-version":[{"id":1382,"href":"https:\/\/edublog.educastur.es\/ixuxullingua\/wp-json\/wp\/v2\/pages\/1342\/revisions\/1382"}],"up":[{"embeddable":true,"href":"https:\/\/edublog.educastur.es\/ixuxullingua\/wp-json\/wp\/v2\/pages\/220"}],"wp:attachment":[{"href":"https:\/\/edublog.educastur.es\/ixuxullingua\/wp-json\/wp\/v2\/media?parent=1342"}],"curies":[{"name":"wp","href":"https:\/\/api.w.org\/{rel}","templated":true}]}}