{"id":1398,"date":"2020-12-13T13:56:33","date_gmt":"2020-12-13T11:56:33","guid":{"rendered":"https:\/\/edublog.educastur.es\/ixuxullingua\/?page_id=1398"},"modified":"2022-12-16T13:58:14","modified_gmt":"2022-12-16T11:58:14","slug":"anguleru","status":"publish","type":"page","link":"https:\/\/edublog.educastur.es\/ixuxullingua\/nadal\/anguleru\/","title":{"rendered":"L\u00b4Anguleru"},"content":{"rendered":"<p style=\"text-align: center\"><img loading=\"lazy\" decoding=\"async\" class=\"alignnone \" src=\"https:\/\/languleru.com\/wp-content\/uploads\/2022\/11\/CABECERA-PORTADA-WEB.png\" width=\"721\" height=\"325\" \/><\/p>\n<ul>\n<li><span style=\"font-size: 14pt\"><a href=\"http:\/\/languleru.com\/\"><span style=\"color: #008080\"><em><strong>Web oficial<\/strong><\/em><\/span><\/a><\/span><\/li>\n<li><span style=\"font-size: 14pt\"><a href=\"https:\/\/www.facebook.com\/LAnguleru\/\">Facebook<\/a><\/span><\/li>\n<li><a href=\"http:\/\/languleru.com\/category\/materiales\/\"><span style=\"color: #008080\"><span style=\"font-size: 14pt\"><em><strong>Material did\u00e1cticu<\/strong><\/em><\/span><\/span><\/a><\/li>\n<li><a class=\"elementor-button-link elementor-button elementor-size-xs\" role=\"button\" href=\"https:\/\/drive.google.com\/file\/d\/16-g8FIs_p6SlEB-COrNhre9q0MD2W-Gq\/view?usp=sharing\"><span class=\"elementor-button-content-wrapper\"><span class=\"elementor-button-text\">Pincha equ\u00ed pa descargar el v\u00eddeo<\/span><\/span><\/a><\/li>\n<\/ul>\n<section class=\"elementor-section elementor-top-section elementor-element elementor-element-4e47fd8 elementor-section-boxed elementor-section-height-default elementor-section-height-default\" data-id=\"4e47fd8\" data-element_type=\"section\" data-settings=\"{&quot;background_background&quot;:&quot;classic&quot;}\">\n<div class=\"elementor-container elementor-column-gap-default\">\n<div class=\"elementor-column elementor-col-100 elementor-top-column elementor-element elementor-element-165b181\" data-id=\"165b181\" data-element_type=\"column\">\n<div class=\"elementor-widget-wrap elementor-element-populated\">\n<div class=\"elementor-element elementor-element-233f86f elementor-widget elementor-widget-heading\" data-id=\"233f86f\" data-element_type=\"widget\" data-widget_type=\"heading.default\">\n<div class=\"elementor-widget-container\">\n<h1 class=\"elementor-heading-title elementor-size-large\" style=\"text-align: center\"><span style=\"font-size: 18pt;color: #008080\">EL XURAMENTU L&#8217;ANGULERU<\/span><\/h1>\n<\/div>\n<\/div>\n<\/div>\n<\/div>\n<\/div>\n<\/section>\n<section class=\"elementor-section elementor-top-section elementor-element elementor-element-7d533bd elementor-section-boxed elementor-section-height-default elementor-section-height-default\" data-id=\"7d533bd\" data-element_type=\"section\" data-settings=\"{&quot;background_background&quot;:&quot;classic&quot;}\">\n<div class=\"elementor-container elementor-column-gap-default\">\n<div class=\"elementor-column elementor-col-100 elementor-top-column elementor-element elementor-element-32ffd44\" data-id=\"32ffd44\" data-element_type=\"column\">\n<div class=\"elementor-widget-wrap elementor-element-populated\">\n<div class=\"elementor-element elementor-element-0bb582d elementor-widget elementor-widget-text-editor\" data-id=\"0bb582d\" data-element_type=\"widget\" data-widget_type=\"text-editor.default\">\n<div class=\"elementor-widget-container\">\n<p dir=\"ltr\">Con este XURAMENTU DE LA NATURA L\u2019Anguleru nombra a los nuevos Llendadores y Llendadoras, aquellos ni\u00f1os y ni\u00f1as que se preocupar\u00e1n por cuidar la naturaleza que les rodea. Cada a\u00f1u tendr\u00e1n que renovar el so compromisu col mediu ambiente pa siguir siendo ayudantes de L\u2019Anguleru.<\/p>\n<ul>\n<li><a href=\"https:\/\/youtu.be\/5I5wbZ8d9zo\">Videu: El xuramentu l&#8217;Anguleru<\/a><\/li>\n<\/ul>\n<p style=\"text-align: center\">\n<!-- iframe plugin v.6.0 wordpress.org\/plugins\/iframe\/ -->\n<iframe loading=\"lazy\" width=\"588\" height=\"331\" src=\"https:\/\/www.youtube.com\/embed\/5I5wbZ8d9zo\" 0=\"\/iframe\" scrolling=\"yes\" class=\"iframe-class\" frameborder=\"0\"><\/iframe>\n<\/p>\n<\/div>\n<\/div>\n<\/div>\n<\/div>\n<\/div>\n<\/section>\n<p>&nbsp;<\/p>\n<p>&nbsp;<\/p>\n<section class=\"elementor-section elementor-top-section elementor-element elementor-element-96d480a elementor-section-boxed elementor-section-height-default elementor-section-height-default\" data-id=\"96d480a\" data-element_type=\"section\" data-settings=\"{&quot;background_background&quot;:&quot;classic&quot;}\">\n<div class=\"elementor-container elementor-column-gap-default\">\n<div class=\"elementor-column elementor-col-100 elementor-top-column elementor-element elementor-element-bb95468\" data-id=\"bb95468\" data-element_type=\"column\">\n<div class=\"elementor-widget-wrap elementor-element-populated\">\n<div class=\"elementor-element elementor-element-e2026d9 elementor-widget elementor-widget-heading\" data-id=\"e2026d9\" data-element_type=\"widget\" data-widget_type=\"heading.default\">\n<div class=\"elementor-widget-container\">\n<h1 class=\"elementor-heading-title elementor-size-large\" style=\"text-align: center\"><span style=\"color: #008080\">L&#8217;ANGULINA DE PAPEL<\/span><\/h1>\n<\/div>\n<\/div>\n<\/div>\n<\/div>\n<\/div>\n<\/section>\n<section class=\"elementor-section elementor-top-section elementor-element elementor-element-76d45fd elementor-section-boxed elementor-section-height-default elementor-section-height-default\" data-id=\"76d45fd\" data-element_type=\"section\" data-settings=\"{&quot;background_background&quot;:&quot;classic&quot;}\">\n<div class=\"elementor-container elementor-column-gap-default\">\n<div class=\"elementor-column elementor-col-100 elementor-top-column elementor-element elementor-element-e638623\" data-id=\"e638623\" data-element_type=\"column\">\n<div class=\"elementor-widget-wrap elementor-element-populated\">\n<div class=\"elementor-element elementor-element-7f7887d elementor-widget elementor-widget-text-editor\" data-id=\"7f7887d\" data-element_type=\"widget\" data-widget_type=\"text-editor.default\">\n<div class=\"elementor-widget-container\">\n<p dir=\"ltr\">Fai L\u2019Angulina en papel y ponla na picalina del \u00e1rbol de Navid\u00e1. <a href=\"https:\/\/youtu.be\/5I5wbZ8d9zo\">VIDEU<\/a><\/p>\n<h1 class=\"elementor-heading-title elementor-size-large\" style=\"text-align: center\"><span style=\"color: #008080\">EL CRUCIGRAMA L&#8217;ANGULERU<span style=\"font-size: 18pt\"><a href=\"https:\/\/drive.google.com\/file\/d\/110H0VEGNscOXEkxuSfnlkrHD75vdbv4E\/view\">.pdf<\/a><\/span><\/span><\/h1>\n<p style=\"text-align: center\"><a href=\"https:\/\/languleru.com\/wp-content\/uploads\/2022\/09\/CRUCIGRAMA-DE-LANGULERU-768x543-1.jpg\"><img loading=\"lazy\" decoding=\"async\" class=\"alignnone\" src=\"https:\/\/languleru.com\/wp-content\/uploads\/2022\/09\/CRUCIGRAMA-DE-LANGULERU-768x543-1.jpg\" alt=\"\" width=\"768\" height=\"543\" \/><\/a><\/p>\n<p style=\"text-align: center\"><a href=\"https:\/\/drive.google.com\/drive\/folders\/1oM5VO7DnSZbviopEjWM1f1WDLAxScBy5\"><img loading=\"lazy\" decoding=\"async\" class=\"alignnone\" src=\"https:\/\/languleru.com\/wp-content\/uploads\/elementor\/thumbs\/CALENDARIU-pv663brk8j2w5bkwj2aejo7p37ymvg6kohgpmfls5u.jpg\" alt=\"\" width=\"400\" height=\"533\" \/><\/a><\/p>\n<section class=\"elementor-section elementor-top-section elementor-element elementor-element-7a834f2 elementor-section-boxed elementor-section-height-default elementor-section-height-default\" data-id=\"7a834f2\" data-element_type=\"section\" data-settings=\"{&quot;background_background&quot;:&quot;classic&quot;}\">\n<div class=\"elementor-container elementor-column-gap-default\">\n<div class=\"elementor-column elementor-col-100 elementor-top-column elementor-element elementor-element-ca034db\" data-id=\"ca034db\" data-element_type=\"column\">\n<div class=\"elementor-widget-wrap elementor-element-populated\">\n<div class=\"elementor-element elementor-element-ebc884b elementor-widget elementor-widget-heading\" data-id=\"ebc884b\" data-element_type=\"widget\" data-widget_type=\"heading.default\">\n<div class=\"elementor-widget-container\">\n<h1 class=\"elementor-heading-title elementor-size-large\" style=\"text-align: center\"><span style=\"color: #008080\">CALENDARIU L&#8217;ANGULERU<br \/>\n<\/span><a href=\"https:\/\/drive.google.com\/drive\/folders\/1oM5VO7DnSZbviopEjWM1f1WDLAxScBy5\"><span style=\"font-size: 14pt\">Equ\u00ed t\u00e1n tolos materiles pa facer el calendariu L\u2019Anguleru.\u00a0<\/span><\/a><\/h1>\n<ul>\n<li><a href=\"https:\/\/drive.google.com\/file\/d\/1b2-Zj1la1Sz744Ev4vBdkPUr4X_k4Ruk\/view?usp=sharing\"><img loading=\"lazy\" decoding=\"async\" class=\"alignnone\" src=\"https:\/\/languleru.com\/wp-content\/uploads\/2022\/09\/AST-LANGULERU-NATALIEGU-1-1024x724.jpg\" alt=\"\" width=\"333\" height=\"235\" \/><\/a><\/li>\n<li><\/li>\n<\/ul>\n<\/div>\n<\/div>\n<\/div>\n<\/div>\n<\/div>\n<\/section>\n<p style=\"text-align: center\">\n<!-- iframe plugin v.6.0 wordpress.org\/plugins\/iframe\/ -->\n<iframe loading=\"lazy\" width=\"588\" height=\"331\" src=\"https:\/\/www.youtube.com\/embed\/5I5wbZ8d9zo\" 0=\"\/iframe\" scrolling=\"yes\" class=\"iframe-class\" frameborder=\"0\"><\/iframe>\n<\/p>\n<\/div>\n<\/div>\n<\/div>\n<\/div>\n<\/div>\n<\/section>\n<p>&nbsp;<\/p>\n<hr \/>\n<ul>\n<li><a href=\"http:\/\/languleru.blogspot.com\/2015\/12\/\"><span style=\"color: #008080;font-size: 14pt\"><strong><em>Blogue de Vitu Pintau Rei (V\u00edctor)<\/em> <\/strong><\/span><\/a><\/li>\n<\/ul>\n<p><a href=\"https:\/\/asturies.com\/sites\/default\/files\/anguleru_llendadores.jpg\"><img loading=\"lazy\" decoding=\"async\" class=\"alignnone size-full\" src=\"https:\/\/asturies.com\/sites\/default\/files\/anguleru_llendadores.jpg\" width=\"884\" height=\"400\" \/><\/a><\/p>\n<p><i>\u00abSiendo un home de mar, paso munches, munches, hores na soled\u00e1 del mio chalanu. Son los llibros los que m\u2019acompa\u00f1en siempres. Amiguinos y amiguines, pa conoceme meyor nun dex\u00e9is de lleer la mio vida al travi\u00e9s de\u00a0<\/i><i>\u00abLa hestoria de l\u2019Anguleru\u00bb. Pa presentavos a los mios amiguinos, \u00abFina la Parrochina\u00bb , \u00abNadar\u00edn\u00bb y \u00abDon caballito de mar\u00bb.\u00a0<\/i><\/p>\n<p><i>Y al travi\u00e9s del mio turullu de mar, tami\u00e9n sent\u00ed d\u2019otres tradiciones asturianes, qu\u2019anque nun seyan de mar, son de fai cuantay\u00e1. Un cuentu de reci\u00e9n :\u00bbUn nataliegu perbullindiegu\u00bb, que rescata una pervieya tradici\u00f3n asturiana, que ye quemar un Nataliegu, un tueru de carbayu na nueche de Nadal.<\/i><\/p>\n<p>&nbsp;<\/p>\n<ul>\n<li><span style=\"font-size: 14pt\"><a href=\"http:\/\/languleru.com\/481\/\"><span style=\"color: #008080\">Cuentu n\u00b4ingl\u00e9s<\/span><\/a><\/span><\/li>\n<li><span style=\"font-size: 14pt\"><a href=\"http:\/\/languleru.com\/histories-de-languleru\/\">Histories del Anguleru<\/a><\/span><\/li>\n<li><span style=\"font-size: 14pt\"><a href=\"http:\/\/languleru.com\/wp-content\/uploads\/2020\/11\/L%E2%80%99Anguleru-y-el-fueu-m%C3%A1xicu-de-la-Navid%C3%A1.pdf\">Histories n\u00b4asturianu.pdf<\/a><\/span><\/li>\n<li><a href=\"http:\/\/languleru.com\/wp-content\/uploads\/2020\/11\/L%E2%80%99Anguleru-y-el-fuego-m%C3%A1gico-de-la-Navidad.pdf\"><span style=\"font-size: 14pt\">Histories en castell\u00e1n.pdf<\/span><\/a><\/li>\n<\/ul>\n<p>\/<\/p>\n<div id=\"single_left\">\n<ul>\n<li><span style=\"font-size: 18pt;color: #008080\">Relatu:<a href=\"http:\/\/languleru.com\/wp-content\/uploads\/2020\/12\/%C2%BFQui%C3%A9n-ye-LAnguleru_.pdf\"><em> \u00bfQui\u00e9n ye L\u2019Anguleru?<\/em><\/a><\/span><\/li>\n<li><span style=\"font-size: 18pt;color: #008080\">Relato: <a href=\"http:\/\/languleru.com\/wp-content\/uploads\/2020\/12\/%C2%BFQui%C3%A9n-es-LAnguleru_.pdf\"><em>\u00bfQui\u00e9n es El Angulero?<\/em><\/a><\/span><\/li>\n<\/ul>\n<div id=\"single_left\">\n<ul>\n<li><span style=\"font-size: 18pt\">Relatu:<a href=\"http:\/\/languleru.com\/wp-content\/uploads\/2020\/12\/L%E2%80%99Anguleru-a-la-gueta%E2%80%99l-Nataliegu.pdf\"><span style=\"color: #008080\"><em> L\u2019Anguleru a la gueta\u2019l Nataliegu<\/em><\/span><\/a><\/span><\/li>\n<li><a href=\"http:\/\/languleru.com\/wp-content\/uploads\/2020\/12\/L\u2019Anguleru-en-busca-del-Nataliegu.pdf\"><span style=\"font-size: 18pt\">L\u2019Anguleru en busca del Nataliegu<\/span><\/a><\/li>\n<li><span style=\"color: #008080;font-size: 14pt\"><a style=\"color: #008080\" href=\"http:\/\/languleru.com\/las-fichas-de-languleru-2014\/\">Fiches<\/a> <\/span><\/li>\n<li><a href=\"http:\/\/languleru.com\/haz-tu-anguleru-de-fieltro\/\"><em><span style=\"font-size: 14pt\">Patrones<\/span> <\/em><\/a><\/li>\n<\/ul>\n<p>&nbsp;<\/p>\n<p>La figura del Anguleru naz d&#8217;un cuentu popular de navid\u00e1 nel a\u00f1u 2008 y ye una propuesta de l&#8217;asociaci\u00f3n cultural Garabuxada para asina tener una perspectiva Asturiana nestes feches. Am\u00e1s de la figura del Anguleru tami\u00e9n surdi\u00f3&#8217;l personaxe de <span style=\"color: #008080\"><strong>Lolina la Rulera qu&#8217;ayuda al anguleru por que tou esti entam\u00e1u al so desembarco<\/strong><\/span>. Los dos percuerren Asturies el v\u00edspora de nuechebona empuestos pola llume que ye&#8217;l fueu m\u00e1xico de quemar el tuero.<\/p>\n<p><a href=\"https:\/\/verasturies.com\/wp-content\/uploads\/2020\/12\/lolina.jpg\"><img loading=\"lazy\" decoding=\"async\" class=\"alignnone\" src=\"https:\/\/verasturies.com\/wp-content\/uploads\/2020\/12\/lolina.jpg\" alt=\"\" width=\"527\" height=\"395\" \/><\/a><\/p>\n<p>Lolina la llendadora<\/p>\n<p><img loading=\"lazy\" decoding=\"async\" class=\"alignnone size-full\" src=\"https:\/\/asturies.com\/sites\/default\/files\/lolina_la_rulera_y_languleru_con_un_ramu_de_nadal_reducida.jpg\" width=\"1000\" height=\"750\" \/><\/p>\n<p><em>Na semeya, Lolina la Rulera y L&#8217;Anguleru nel llar asturianu del pescaderu xunto col so ramu de Nadal.<\/em><\/p>\n<\/div>\n<hr \/>\n<\/div>\n<p><a href=\"http:\/\/3.bp.blogspot.com\/-GvTwy6gCAcE\/VoUT_qoNWRI\/AAAAAAAACvg\/Bjaezr4S454\/s1600\/2-Cartelu-La%2BMaxa%25C2%25B4l%2BNadal-AST.jpg\"><img loading=\"lazy\" decoding=\"async\" class=\"alignnone \" src=\"http:\/\/3.bp.blogspot.com\/-GvTwy6gCAcE\/VoUT_qoNWRI\/AAAAAAAACvg\/Bjaezr4S454\/s1600\/2-Cartelu-La%2BMaxa%25C2%25B4l%2BNadal-AST.jpg\" width=\"192\" height=\"271\" \/><\/a>\/<a href=\"http:\/\/2.bp.blogspot.com\/-1_ZLh2JZURE\/VoUT3jHIGII\/AAAAAAAACvU\/3xJjlt1LUbQ\/s1600\/3-L%25C3%25A1mina-La%2BMagia%2Bde%2Bla%2BNavidad-CAST.jpg\"><img loading=\"lazy\" decoding=\"async\" class=\"alignnone \" src=\"http:\/\/2.bp.blogspot.com\/-1_ZLh2JZURE\/VoUT3jHIGII\/AAAAAAAACvU\/3xJjlt1LUbQ\/s1600\/3-L%25C3%25A1mina-La%2BMagia%2Bde%2Bla%2BNavidad-CAST.jpg\" width=\"191\" height=\"270\" \/><\/a><\/p>\n<ul>\n<li><a href=\"http:\/\/2.bp.blogspot.com\/-1_ZLh2JZURE\/VoUT3jHIGII\/AAAAAAAACvU\/3xJjlt1LUbQ\/s1600\/3-L%25C3%25A1mina-La%2BMagia%2Bde%2Bla%2BNavidad-CAST.jpg\">En castell\u00e1n<\/a><\/li>\n<\/ul>\n<p><span style=\"font-size: 14pt\"><em><span style=\"color: #008080\"><span style=\"font-size: 18pt\"><b>EL FAROL\u00cdN DE L&#8217;ANGULERU. <\/b>La lluz del farol\u00edn ye el llume sagr\u00e1u que sal de la Foguera\u00b4l Nataliegu.<\/span> <\/span><\/em>El farol\u00edn estra de maxa tolo qu\u2019alluma, enllenando d\u2019angula\u2019l serazu L\u2019Anguleru, fayendo esnalar el so chalanu o tresformando les ca\u00f1es de los y les\u00a0 Llendadores en ferramientes fant\u00e1stiques que puen xubir l\u2019agasayu a los edificios m\u00e1s altos qu\u2019enxam\u00e1s pudieres imaxinar.<\/span><\/p>\n<p><a href=\"http:\/\/1.bp.blogspot.com\/-kNviI3KMiMQ\/VoUGPGHprZI\/AAAAAAAACuI\/y_JfS-2u1q0\/s1600\/15-Foguera%2527l%2BNataliegu%2By%2Bfarol-color-Vitu%2B2015.jpg\"><img loading=\"lazy\" decoding=\"async\" class=\"alignnone size-full\" src=\"http:\/\/1.bp.blogspot.com\/-kNviI3KMiMQ\/VoUGPGHprZI\/AAAAAAAACuI\/y_JfS-2u1q0\/s1600\/15-Foguera%2527l%2BNataliegu%2By%2Bfarol-color-Vitu%2B2015.jpg\" width=\"1600\" height=\"1131\" \/><\/a><\/p>\n<p>&nbsp;<\/p>\n<p><a href=\"http:\/\/2.bp.blogspot.com\/-HyPV20p76c8\/VoUSA3ozVkI\/AAAAAAAACuw\/tCPP1tcLoKk\/s1600\/16-El%2Bfarol%25C3%25ADn-color-Vitu%2B2015.jpg\"><img loading=\"lazy\" decoding=\"async\" class=\"alignnone \" src=\"http:\/\/2.bp.blogspot.com\/-HyPV20p76c8\/VoUSA3ozVkI\/AAAAAAAACuw\/tCPP1tcLoKk\/s1600\/16-El%2Bfarol%25C3%25ADn-color-Vitu%2B2015.jpg\" width=\"231\" height=\"326\" \/><\/a>\/<a href=\"http:\/\/3.bp.blogspot.com\/-5AmaZ2nlmBU\/VoURiK0LAmI\/AAAAAAAACuk\/4fkCGXNG-RM\/s1600\/16-El%2Bfarol%25C3%25ADn-pintar-Vitu%2B2015.jpg\"><img loading=\"lazy\" decoding=\"async\" class=\"alignnone \" src=\"http:\/\/3.bp.blogspot.com\/-5AmaZ2nlmBU\/VoURiK0LAmI\/AAAAAAAACuk\/4fkCGXNG-RM\/s1600\/16-El%2Bfarol%25C3%25ADn-pintar-Vitu%2B2015.jpg\" width=\"233\" height=\"330\" \/><\/a><\/p>\n<p>&nbsp;<\/p>\n\n<!-- iframe plugin v.6.0 wordpress.org\/plugins\/iframe\/ -->\n<iframe loading=\"lazy\" width=\"588\" height=\"331\" src=\"https:\/\/www.youtube.com\/embed\/nV60sjieWXM\" scrolling=\"yes\" class=\"iframe-class\" frameborder=\"0\"><\/iframe>\n\n<p><span class=\"tag\">\n<!-- iframe plugin v.6.0 wordpress.org\/plugins\/iframe\/ -->\n<iframe loading=\"lazy\" src=\"https:\/\/www.facebook.com\/plugins\/video.php?height=314&#038;href=https%3A%2F%2Fwww.facebook.com%2FLAnguleru%2Fvideos%2F2516100771997537%2F&#038;show_text=false&#038;width=560\" width=\"560\" height=\"314\" 0=\"\/iframe\" scrolling=\"yes\" class=\"iframe-class\" frameborder=\"0\"><\/iframe>\n <\/span><\/p>\n\n<!-- iframe plugin v.6.0 wordpress.org\/plugins\/iframe\/ -->\n<iframe loading=\"lazy\" src=\"https:\/\/www.facebook.com\/plugins\/video.php?height=314&#038;href=https%3A%2F%2Fwww.facebook.com%2FPlayPresta%2Fvideos%2F400429444602266%2F&#038;show_text=false&#038;width=560\" width=\"560\" height=\"314\" style=\"border:none;overflow:hidden\" scrolling=\"no\" frameborder=\"0\" allowfullscreen=\"true\" allow=\"autoplay; clipboard-write; encrypted-media; picture-in-picture; web-share\" 0=\"\/iframe\" class=\"iframe-class\"><\/iframe>\n\n\n<!-- iframe plugin v.6.0 wordpress.org\/plugins\/iframe\/ -->\n<iframe loading=\"lazy\" src=\"https:\/\/www.facebook.com\/plugins\/video.php?height=314&#038;href=https%3A%2F%2Fwww.facebook.com%2FLAnguleru%2Fvideos%2F4693006477438614%2F&#038;show_text=false&#038;width=560\" width=\"560\" height=\"314\" 0=\"\/iframe\" scrolling=\"yes\" class=\"iframe-class\" frameborder=\"0\"><\/iframe>\n\n<hr \/>\n\n<!-- iframe plugin v.6.0 wordpress.org\/plugins\/iframe\/ -->\n<iframe loading=\"lazy\" src=\"https:\/\/www.facebook.com\/plugins\/video.php?height=316&#038;href=https%3A%2F%2Fwww.facebook.com%2FLAnguleru%2Fvideos%2F2531147367153680%2F&#038;show_text=false&#038;width=560\" width=\"560\" height=\"316\" 0=\"\/iframe\" scrolling=\"yes\" class=\"iframe-class\" frameborder=\"0\"><\/iframe>\n\n<p>&nbsp;<\/p>\n\n<!-- iframe plugin v.6.0 wordpress.org\/plugins\/iframe\/ -->\n<iframe loading=\"lazy\" width=\"588\" height=\"331\" src=\"https:\/\/www.youtube.com\/embed\/xD456IcAXZw\" 0=\"\/iframe\" scrolling=\"yes\" class=\"iframe-class\" frameborder=\"0\"><\/iframe>\n\n<hr \/>\n\n<!-- iframe plugin v.6.0 wordpress.org\/plugins\/iframe\/ -->\n<iframe loading=\"lazy\" src=\"https:\/\/www.facebook.com\/plugins\/video.php?height=314&#038;href=https%3A%2F%2Fwww.facebook.com%2FLAnguleru%2Fvideos%2F486238832307796%2F&#038;show_text=false&#038;width=560\" width=\"560\" height=\"314\" 0=\"\/iframe\" scrolling=\"yes\" class=\"iframe-class\" frameborder=\"0\"><\/iframe>\n\n<p><a href=\"http:\/\/languleru.com\/el-villancico\/\"><span style=\"color: #008080\"><em><span style=\"font-size: 18pt\">Villancicu<\/span><\/em><\/span><\/a><\/p>\n<p>&nbsp;<\/p>\n<hr \/>\n<ul>\n<li class=\"prettyprint _3t10 prettyprinted\"><a href=\"https:\/\/view.genial.ly\/5fd54832e7f0ee0d6b68ef86\/game-breakout-xuegu-languleru\"><em><span class=\"tag\" style=\"font-size: 14pt\"> Xuegu en Genial.ly<\/span><\/em><\/a><\/li>\n<li><a href=\"https:\/\/view.genial.ly\/5fd54832e7f0ee0d6b68ef86\/game-breakout-xuegu-languleru\">https:\/\/view.genial.ly\/5fd54832e7f0ee0d6b68ef86\/game-breakout-xuegu-languleru<\/a><\/li>\n<\/ul>\n<hr \/>\n<p>&nbsp;<\/p>\n<p>&nbsp;<\/p>\n<p>&nbsp;<\/p>\n<p>&nbsp;<\/p>\n<p>&nbsp;<\/p>\n<p>&nbsp;<\/p>\n","protected":false},"excerpt":{"rendered":"<p>Web oficial Facebook Material did\u00e1cticu Pincha equ\u00ed pa descargar el v\u00eddeo EL XURAMENTU L&#8217;ANGULERU Con este XURAMENTU DE LA NATURA L\u2019Anguleru nombra a los nuevos Llendadores y Llendadoras, aquellos ni\u00f1os y ni\u00f1as que se preocupar\u00e1n por cuidar la naturaleza que les rodea. Cada a\u00f1u tendr\u00e1n que renovar el so compromisu col mediu ambiente pa siguir [&hellip;]<\/p>\n","protected":false},"author":117,"featured_media":0,"parent":1385,"menu_order":0,"comment_status":"closed","ping_status":"closed","template":"","meta":{"footnotes":""},"class_list":["post-1398","page","type-page","status-publish","hentry","post-preview"],"_links":{"self":[{"href":"https:\/\/edublog.educastur.es\/ixuxullingua\/wp-json\/wp\/v2\/pages\/1398","targetHints":{"allow":["GET"]}}],"collection":[{"href":"https:\/\/edublog.educastur.es\/ixuxullingua\/wp-json\/wp\/v2\/pages"}],"about":[{"href":"https:\/\/edublog.educastur.es\/ixuxullingua\/wp-json\/wp\/v2\/types\/page"}],"author":[{"embeddable":true,"href":"https:\/\/edublog.educastur.es\/ixuxullingua\/wp-json\/wp\/v2\/users\/117"}],"replies":[{"embeddable":true,"href":"https:\/\/edublog.educastur.es\/ixuxullingua\/wp-json\/wp\/v2\/comments?post=1398"}],"version-history":[{"count":27,"href":"https:\/\/edublog.educastur.es\/ixuxullingua\/wp-json\/wp\/v2\/pages\/1398\/revisions"}],"predecessor-version":[{"id":1544,"href":"https:\/\/edublog.educastur.es\/ixuxullingua\/wp-json\/wp\/v2\/pages\/1398\/revisions\/1544"}],"up":[{"embeddable":true,"href":"https:\/\/edublog.educastur.es\/ixuxullingua\/wp-json\/wp\/v2\/pages\/1385"}],"wp:attachment":[{"href":"https:\/\/edublog.educastur.es\/ixuxullingua\/wp-json\/wp\/v2\/media?parent=1398"}],"curies":[{"name":"wp","href":"https:\/\/api.w.org\/{rel}","templated":true}]}}