{"id":145,"date":"2020-07-18T14:46:35","date_gmt":"2020-07-18T14:46:35","guid":{"rendered":"https:\/\/edublog.educastur.es\/ixuxullingua\/?page_id=145"},"modified":"2020-11-06T00:56:18","modified_gmt":"2020-11-05T22:56:18","slug":"xuegos","status":"publish","type":"page","link":"https:\/\/edublog.educastur.es\/ixuxullingua\/xuegos\/","title":{"rendered":"Xuegos"},"content":{"rendered":"<div class=\"sidebar-second clearfix main-equal\">\n<div class=\"sidebar-first-inner\">\n<div class=\"region region-sidebar-second\">\n<div id=\"block-block-7\" class=\"block block-block\">\n<div class=\"block-inner\">\n<h3><a href=\"https:\/\/www.gijon.es\/es\/directorio\/oficina-de-normalizacion-llinguistica\"><img loading=\"lazy\" decoding=\"async\" class=\"alignnone \" src=\"https:\/\/edublog.educastur.es\/ixuxu\/files\/2020\/08\/xixon_of_normalizacion-768x186.jpg\" width=\"343\" height=\"83\" \/><\/a><\/h3>\n<h3 class=\"title block-title\"><span class=\"first-word\"><a href=\"https:\/\/www.gijon.es\/ast\/publicaciones?t=Xuegos&amp;b=2&amp;etiquetas=LLingua,Juegos&amp;m=f\"><span style=\"color: #008080\">Xuegos Oficina Lling\u00fc\u00edstica de Xix\u00f3n: calca equ\u00ed&#8230;<\/span><\/a><br \/>\n<\/span><\/h3>\n<div class=\"content\">\n<div class=\"floatleft\"><a href=\"http:\/\/www.araz.net\/enigma_xovellanos\"><img loading=\"lazy\" decoding=\"async\" class=\"\" title=\"Enigma Xovellanos\" src=\"https:\/\/asturies.com\/sites\/default\/files\/boton_enigma_xovellanos.jpg\" alt=\"Enigma Xovellanos\" width=\"164\" height=\"103\" border=\"0\" \/>\u00a0<\/a> \u00a0\u00a0\u00a0 <img loading=\"lazy\" decoding=\"async\" class=\"\" src=\"https:\/\/imgbox.es\/images\/2020\/04\/15\/separador_V96691f632ccd8310.jpg\" width=\"12\" height=\"151\" \/> \u00a0 <a href=\"https:\/\/asturies.com\/conocesasturies\"><img loading=\"lazy\" decoding=\"async\" class=\"\" title=\"Conoces Asturies\" src=\"https:\/\/asturies.com\/sites\/default\/files\/conoces_asturies.jpg\" alt=\"Conoces Asturies\" width=\"186\" height=\"97\" border=\"0\" \/>\u00a0\u00a0 <img loading=\"lazy\" decoding=\"async\" class=\"\" src=\"https:\/\/imgbox.es\/images\/2020\/04\/15\/separador_V96691f632ccd8310.jpg\" width=\"12\" height=\"151\" \/><\/a><a href=\"https:\/\/asturies.com\/sopadelletres\"><img loading=\"lazy\" decoding=\"async\" class=\"\" title=\"Sopa de lletres\" src=\"https:\/\/asturies.com\/sites\/default\/files\/logu_sopalletres.jpg\" alt=\"Sopa de lletres\" width=\"75\" height=\"117\" border=\"0\" \/><\/a><a href=\"https:\/\/asturies.com\/sopadelletres\">Sopa de lletres<\/a> \u00a0\u00a0 \u00a0<a href=\"http:\/\/www.asturies.com\/xuegumapa\/index.html\" target=\"_blank\" rel=\"noopener noreferrer\"><img loading=\"lazy\" decoding=\"async\" class=\"\" src=\"https:\/\/imgbox.es\/images\/2020\/04\/15\/separador_V96691f632ccd8310.jpg\" width=\"11\" height=\"138\" \/><\/a><a href=\"http:\/\/www.asturies.com\/xuegumapa\/index.html\" target=\"_blank\" rel=\"noopener noreferrer\"><img loading=\"lazy\" decoding=\"async\" class=\"\" title=\"Conceyos d'Asturies\" src=\"https:\/\/asturies.com\/sites\/default\/files\/mapa_xuegu2.gif\" alt=\"Conceyos d'Asturies\" width=\"198\" height=\"78\" border=\"0\" \/>\u00a0 Conceyos d&#8217;Asturies<\/a><\/div>\n<div class=\"clearfloat\">\n<hr \/>\n<\/div>\n<\/div>\n<\/div>\n<\/div>\n<\/div>\n<\/div>\n<\/div>\n<p>Nesta p\u00e1xina atopar\u00e1s enllaces a <strong><em>Xuegos <\/em><\/strong>prestosos pa divertite y pasar el tiempu. <strong><em>Esfruta con ellos!!\u00a0 <\/em><\/strong><u><span style=\"color: #999999\"><em>Fonte:<\/em><\/span><\/u> P\u00e1xina web <a href=\"http:\/\/asturies.com\/alagueta\/\" target=\"_blank\" rel=\"noopener noreferrer\"><strong><em>A la gueta los sue\u00f1os.<\/em><\/strong><\/a><\/p>\n<p><img loading=\"lazy\" decoding=\"async\" src=\"http:\/\/asturies.com\/sites\/default\/files\/alagueta_0_0.jpg\" width=\"300\" height=\"150\" \/><\/p>\n<ul>\n<li><a href=\"http:\/\/asturies.com\/alagueta\/xuegos\" target=\"_blank\" rel=\"noopener noreferrer\">Ver: P\u00c1XINA DE XUEGOS (<em>calca equ\u00ed<\/em>)<br \/>\n<\/a><\/li>\n<li><a href=\"http:\/\/asturies.com\/alagueta\/conceyos-dasturies\" target=\"_blank\" rel=\"noopener noreferrer\">Conceyos d\u00b4Asturies<\/a><\/li>\n<li><a href=\"http:\/\/asturies.com\/alagueta\/lasturcon-0\" target=\"_blank\" rel=\"noopener noreferrer\">L\u00b4asturc\u00f3n<\/a><\/li>\n<li><a href=\"http:\/\/asturies.com\/alagueta\/la-llave\" target=\"_blank\" rel=\"noopener noreferrer\">La llave<\/a><\/li>\n<li><a href=\"http:\/\/asturies.com\/alagueta\/a-la-gueta-la-cadarma\" target=\"_blank\" rel=\"noopener noreferrer\">A la gueta la cadarma<\/a><\/li>\n<li><a href=\"http:\/\/asturies.com\/alagueta\/xuegos\/a-la-gueta-la-pallabra-2\" target=\"_blank\" rel=\"noopener noreferrer\">A la gueta la pallabra 2<\/a><\/li>\n<li><a href=\"http:\/\/asturies.com\/alagueta\/ordenal-abecedariu\" target=\"_blank\" rel=\"noopener noreferrer\">Ordena l\u00b4abecedariu<\/a><\/li>\n<li><a href=\"http:\/\/blog.educastur.es\/ixuxullingua\/wp-admin\/A%20la%20gueta%20los%20planetes\" target=\"_blank\" rel=\"noopener noreferrer\">A la gueta los planetes<\/a><\/li>\n<li><a href=\"http:\/\/asturies.com\/alagueta\/a-la-guetal-animal\" target=\"_blank\" rel=\"noopener noreferrer\">A la gueta\u00b4l animal<\/a><\/li>\n<li><a href=\"http:\/\/asturies.com\/alagueta\/%C2%BFconoces-asturies\" target=\"_blank\" rel=\"noopener noreferrer\">\u00bfConoces Asturies?<\/a><\/li>\n<li><a href=\"http:\/\/asturies.com\/alagueta\/xuegu-de-sopa-de-lletres\" target=\"_blank\" rel=\"noopener noreferrer\">Sopa de lletres<\/a><\/li>\n<li><a href=\"http:\/\/asturies.com\/alagueta\/xuegu-de-colorear\" target=\"_blank\" rel=\"noopener noreferrer\">Xuegu de colorear<\/a><\/li>\n<li><a href=\"http:\/\/asturies.com\/alagueta\/alaguetalapallabra\" target=\"_blank\" rel=\"noopener noreferrer\">A la gueta la pallabra<\/a><\/li>\n<li><a href=\"http:\/\/asturies.com\/alagueta\/elxuegudelesmazanes\" target=\"_blank\" rel=\"noopener noreferrer\">El xuegu de les mazanes<\/a><\/li>\n<li><a href=\"http:\/\/asturies.com\/alagueta\/elxuegudelespareyes\" target=\"_blank\" rel=\"noopener noreferrer\">El xuegu de les pareyes<\/a><\/li>\n<\/ul>\n<p><img loading=\"lazy\" decoding=\"async\" src=\"https:\/\/imgbox.es\/images\/2020\/03\/23\/separadora4a37c028d732afc.jpg\" width=\"484\" height=\"37\" \/><\/p>\n<p><strong><em>\u00a0XUEGU<\/em><\/strong>: <a href=\"https:\/\/es.educaplay.com\/recursos-educativos\/5196293-partes_del_cuerpu.html\" target=\"_blank\" rel=\"noopener noreferrer\"><strong><em>Partes del cuerpu n\u00b4asturianu<\/em><\/strong><\/a><\/p>\n<p><img loading=\"lazy\" decoding=\"async\" src=\"https:\/\/imgbox.es\/images\/2020\/03\/23\/separadora4a37c028d732afc.jpg\" width=\"484\" height=\"37\" \/><\/p>\n<p><strong><em>\u00a0XUEGU<\/em><\/strong>:<a href=\"https:\/\/es.educaplay.com\/recursos-educativos\/5125290-concejos_de_asturias.html\" target=\"_blank\" rel=\"noopener noreferrer\"><strong><em> Conceyos d\u00b4Asturies<\/em><\/strong><\/a><\/p>\n<p><strong><em>\u00a0XUEGU<\/em><\/strong>: <a href=\"https:\/\/es.educaplay.com\/recursos-educativos\/5125208-concejo_asturiano.html\" target=\"_blank\" rel=\"noopener noreferrer\"><strong><em>Conceyu asturianu <\/em><\/strong><\/a><\/p>\n<p><img loading=\"lazy\" decoding=\"async\" src=\"https:\/\/imgbox.es\/images\/2020\/03\/23\/separadora4a37c028d732afc.jpg\" width=\"484\" height=\"37\" \/><\/p>\n<p><strong><em>XUEGU<\/em><\/strong>:<strong><em><a href=\"https:\/\/es.educaplay.com\/recursos-educativos\/5093301-crucigrama_asturiano_6_b.html\" target=\"_blank\" rel=\"noopener noreferrer\"> Crucigrama asturiano<\/a><\/em><\/strong><\/p>\n<p><img loading=\"lazy\" decoding=\"async\" src=\"https:\/\/imgbox.es\/images\/2020\/03\/23\/separadora4a37c028d732afc.jpg\" width=\"484\" height=\"37\" \/><\/p>\n<p><a href=\"https:\/\/es.educaplay.com\/recursos-educativos\/5235009-animalinos.html\" target=\"_blank\" rel=\"noopener noreferrer\">\u00a1Equ\u00ed ten\u00e9is un xuegu pa repasar el nome de los animales! <\/a><br \/>\n\u00bfVais ser quien a aldovinalos? Hai pallabres qu\u2019ENTAMEN pela lletra y otres nam\u00e1s que la CONTIENEN.<\/p>\n<p><a href=\"https:\/\/es.educaplay.com\/recursos-educativos\/5235009-animalinos.html\" target=\"_blank\" rel=\"noopener noreferrer\"><strong><em>XUEGU: Roscu d\u00b4animalinos <\/em><\/strong><\/a><\/p>\n<p><img loading=\"lazy\" decoding=\"async\" src=\"https:\/\/imgbox.es\/images\/2020\/03\/23\/separadora4a37c028d732afc.jpg\" width=\"484\" height=\"37\" \/><\/p>\n<p><strong><em>\u00a0<\/em><\/strong><a href=\"https:\/\/es.educaplay.com\/recursos-educativos\/5435461-animales_de_asturias.html\" target=\"_blank\" rel=\"noopener noreferrer\"><strong><em>XUEGU:<\/em><\/strong> <em><strong>Animales d\u00b4Asturias<\/strong><\/em><\/a><\/p>\n<p><img loading=\"lazy\" decoding=\"async\" src=\"https:\/\/imgbox.es\/images\/2020\/03\/23\/separadora4a37c028d732afc.jpg\" width=\"484\" height=\"37\" \/><\/p>\n<p><a href=\"https:\/\/es.educaplay.com\/recursos-educativos\/5249536-nun_ser_quien_a.html\" target=\"_blank\" rel=\"noopener noreferrer\">\u00a0<strong><em>XUEGU:<\/em><\/strong> Relacionar columnas <strong><em>\u201cNun ser quien a\u2026\u201d\u00a0<\/em><\/strong><\/a>Tienes de rellacionar les pallabres pa facer les oraciones.<\/p>\n<p><img loading=\"lazy\" decoding=\"async\" src=\"https:\/\/imgbox.es\/images\/2020\/03\/23\/separadora4a37c028d732afc.jpg\" width=\"484\" height=\"37\" \/><\/p>\n<p><strong><em>\u00a0Sopa lletres<\/em><\/strong>: <a href=\"https:\/\/es.educaplay.com\/recursos-educativos\/5694502-razas_autoctonas_asturianas.html\" target=\"_blank\" rel=\"noopener noreferrer\"><strong><em>Razas aut\u00f3ctonas asturianas<\/em><\/strong><\/a><\/p>\n<p><img loading=\"lazy\" decoding=\"async\" src=\"https:\/\/imgbox.es\/images\/2020\/03\/23\/separadora4a37c028d732afc.jpg\" width=\"484\" height=\"37\" \/><\/p>\n<p><a href=\"https:\/\/es.educaplay.com\/recursos-educativos\/5654773-crucigrama_pingarates_lexiques.html\" target=\"_blank\" rel=\"noopener noreferrer\">Crucigrama: <em><strong>Pingarates l\u00e9xiques <\/strong><\/em>6\u00ba Primaria y 1\u00ba ESO <\/a><\/p>\n<p><img loading=\"lazy\" decoding=\"async\" src=\"https:\/\/imgbox.es\/images\/2020\/03\/23\/separadora4a37c028d732afc.jpg\" width=\"484\" height=\"37\" \/><\/p>\n<p><em><strong>\u00a0XUEGU<\/strong><\/em>: <a href=\"https:\/\/es.educaplay.com\/recursos-educativos\/5324439-flora_de_asturias.html\" target=\"_blank\" rel=\"noopener noreferrer\"><strong><em>Flora de Asturias<\/em><\/strong><\/a><\/p>\n<p><img loading=\"lazy\" decoding=\"async\" src=\"https:\/\/imgbox.es\/images\/2020\/03\/23\/separadora4a37c028d732afc.jpg\" width=\"484\" height=\"37\" \/><\/p>\n<p><strong><em>\u00a0XUEGU<\/em><\/strong>: <a href=\"https:\/\/es.educaplay.com\/recursos-educativos\/5248984-dies_de_la_selmana_y_meses.html\" target=\"_blank\" rel=\"noopener noreferrer\"><strong><em>D\u00edes de la selmana y meses del a\u00f1u<\/em><\/strong><\/a><\/p>\n<p><img loading=\"lazy\" decoding=\"async\" src=\"https:\/\/imgbox.es\/images\/2020\/03\/23\/separadora4a37c028d732afc.jpg\" width=\"484\" height=\"37\" \/><\/p>\n<p>XUEGU:<a href=\"https:\/\/es.educaplay.com\/recursos-educativos\/5247968-animales_de_la_granxa.html\" target=\"_blank\" rel=\"noopener noreferrer\"><strong><em> Animales de la granxa. <\/em><\/strong><\/a>Sopa lletres<\/p>\n<p><img loading=\"lazy\" decoding=\"async\" src=\"https:\/\/imgbox.es\/images\/2020\/03\/23\/separadora4a37c028d732afc.jpg\" width=\"484\" height=\"37\" \/><\/p>\n","protected":false},"excerpt":{"rendered":"<p>Xuegos Oficina Lling\u00fc\u00edstica de Xix\u00f3n: calca equ\u00ed&#8230; \u00a0 \u00a0\u00a0\u00a0 \u00a0 \u00a0\u00a0 Sopa de lletres \u00a0\u00a0 \u00a0\u00a0 Conceyos d&#8217;Asturies Nesta p\u00e1xina atopar\u00e1s enllaces a Xuegos prestosos pa divertite y pasar el tiempu. Esfruta con ellos!!\u00a0 Fonte: P\u00e1xina web A la gueta los sue\u00f1os. Ver: P\u00c1XINA DE XUEGOS (calca equ\u00ed) Conceyos d\u00b4Asturies L\u00b4asturc\u00f3n La llave A la [&hellip;]<\/p>\n","protected":false},"author":117,"featured_media":0,"parent":0,"menu_order":0,"comment_status":"closed","ping_status":"closed","template":"","meta":{"footnotes":""},"class_list":["post-145","page","type-page","status-publish","hentry","post-preview"],"_links":{"self":[{"href":"https:\/\/edublog.educastur.es\/ixuxullingua\/wp-json\/wp\/v2\/pages\/145","targetHints":{"allow":["GET"]}}],"collection":[{"href":"https:\/\/edublog.educastur.es\/ixuxullingua\/wp-json\/wp\/v2\/pages"}],"about":[{"href":"https:\/\/edublog.educastur.es\/ixuxullingua\/wp-json\/wp\/v2\/types\/page"}],"author":[{"embeddable":true,"href":"https:\/\/edublog.educastur.es\/ixuxullingua\/wp-json\/wp\/v2\/users\/117"}],"replies":[{"embeddable":true,"href":"https:\/\/edublog.educastur.es\/ixuxullingua\/wp-json\/wp\/v2\/comments?post=145"}],"version-history":[{"count":4,"href":"https:\/\/edublog.educastur.es\/ixuxullingua\/wp-json\/wp\/v2\/pages\/145\/revisions"}],"predecessor-version":[{"id":717,"href":"https:\/\/edublog.educastur.es\/ixuxullingua\/wp-json\/wp\/v2\/pages\/145\/revisions\/717"}],"wp:attachment":[{"href":"https:\/\/edublog.educastur.es\/ixuxullingua\/wp-json\/wp\/v2\/media?parent=145"}],"curies":[{"name":"wp","href":"https:\/\/api.w.org\/{rel}","templated":true}]}}