{"id":1523,"date":"2020-12-27T13:38:26","date_gmt":"2020-12-27T11:38:26","guid":{"rendered":"https:\/\/edublog.educastur.es\/ixuxullingua\/?page_id=1523"},"modified":"2020-12-27T13:44:19","modified_gmt":"2020-12-27T11:44:19","slug":"flora-arboles","status":"publish","type":"page","link":"https:\/\/edublog.educastur.es\/ixuxullingua\/natura\/flora-arboles\/","title":{"rendered":"Flora: \u00e1rboles viesca"},"content":{"rendered":"<h1 class=\"stposttitle\"><span style=\"color: #008080\">LOS \u00c1RBOLES D&#8217;ASTURIES<br \/>\n<span style=\"font-size: 18pt\">Blogue: <a href=\"http:\/\/llinguanelaula.blogspot.com\/2013\/11\/los-arboles-dasturies.html#more\">La llingua nel Aula<\/a><\/span><br \/>\n<\/span><\/h1>\n<div class=\"separator\"><\/div>\n<div>\n<div class=\"separator\"><a href=\"http:\/\/2.bp.blogspot.com\/-M9hsx7UIPaA\/Uo45ezLT_OI\/AAAAAAAAAqc\/TIqkEhvzBR8\/s1600\/collage.jpg\"><img loading=\"lazy\" decoding=\"async\" title=\"collage\" src=\"http:\/\/2.bp.blogspot.com\/-M9hsx7UIPaA\/Uo45ezLT_OI\/AAAAAAAAAqc\/TIqkEhvzBR8\/s320\/collage.jpg\" alt=\"collage\" width=\"320\" height=\"320\" border=\"0\" \/><\/a><\/div>\n<div class=\"separator\"><\/div>\n<div>Vamos recordar primero les partes del \u00e1rbol nesti enllas: <a href=\"http:\/\/llinguanelaula.blogspot.com.es\/2013\/09\/les-partes-del-arbol-nasturianu.html#more\" target=\"_blank\" rel=\"noopener\">PARTES DEL \u00c1RBOL<\/a><\/div>\n<div class=\"separator\"><\/div>\n<div class=\"separator\"><a href=\"http:\/\/3.bp.blogspot.com\/-kPOTMnxL-IU\/Uo4jiP7s1yI\/AAAAAAAAAos\/kKY2xKaIC2o\/s1600\/collagecasta%C3%B1al.jpg\"><img loading=\"lazy\" decoding=\"async\" title=\"collagecasta%C3%B1al\" src=\"http:\/\/3.bp.blogspot.com\/-kPOTMnxL-IU\/Uo4jiP7s1yI\/AAAAAAAAAos\/kKY2xKaIC2o\/s400\/collagecasta%C3%B1al.jpg\" alt=\"collagecasta%C3%B1al\" width=\"400\" height=\"167\" border=\"0\" \/><\/a><\/div>\n<p><b>LA CASTA\u00d1AL\u00a0 <\/b><i><b>Casta\u00f1o <\/b><\/i><i>(fueya caduca)<\/i><\/p>\n<div class=\"separator\"><a href=\"http:\/\/2.bp.blogspot.com\/-rmA67RMQ7F8\/Uo4xO2NEbWI\/AAAAAAAAAqM\/kd5lUiht8Zk\/s1600\/collageocalitu.jpg\"><img loading=\"lazy\" decoding=\"async\" title=\"collageocalitu\" src=\"http:\/\/2.bp.blogspot.com\/-rmA67RMQ7F8\/Uo4xO2NEbWI\/AAAAAAAAAqM\/kd5lUiht8Zk\/s400\/collageocalitu.jpg\" alt=\"collageocalitu\" width=\"400\" height=\"200\" border=\"0\" \/><\/a><\/div>\n<p><b>L&#8217;OCALITU \u00a0<\/b><i><b>Eucaipto\u00a0 <\/b><\/i><i>(fueya perenne)<\/i><\/p>\n<\/div>\n<div class=\"separator\"><\/div>\n<div>\n<div class=\"separator\"><a href=\"http:\/\/1.bp.blogspot.com\/-osjhZIhVKUg\/UoyxtWIPa2I\/AAAAAAAAAoc\/87IdhBQm-TM\/s1600\/collage+peral.jpg\"><img loading=\"lazy\" decoding=\"async\" title=\"collage+peral\" src=\"http:\/\/1.bp.blogspot.com\/-osjhZIhVKUg\/UoyxtWIPa2I\/AAAAAAAAAoc\/87IdhBQm-TM\/s400\/collage+peral.jpg\" alt=\"collage+peral\" width=\"400\" height=\"115\" border=\"0\" \/><\/a><\/div>\n<p><b>LA PERAL <i>Peral\u00a0 <\/i><\/b><i>(fueya caduca)<\/i><\/p>\n<div class=\"separator\"><a href=\"http:\/\/3.bp.blogspot.com\/-sEMtkKnIiBE\/Uo4kfQFLWuI\/AAAAAAAAAo0\/2c9KLrH4hMA\/s1600\/collagepumar.jpg\"><img loading=\"lazy\" decoding=\"async\" title=\"collagepumar\" src=\"http:\/\/3.bp.blogspot.com\/-sEMtkKnIiBE\/Uo4kfQFLWuI\/AAAAAAAAAo0\/2c9KLrH4hMA\/s400\/collagepumar.jpg\" alt=\"collagepumar\" width=\"400\" height=\"107\" border=\"0\" \/><\/a><\/div>\n<p><b>LA PUMAR \u00a0<i>Manzano\u00a0 <\/i><\/b><i>(fueya caduca)<\/i><\/p>\n<div class=\"separator\"><a href=\"http:\/\/1.bp.blogspot.com\/-MfVCvXRnlVs\/Uo4mD-AubkI\/AAAAAAAAApA\/-C1O5R-wwb8\/s1600\/collagelazrezal.jpg\"><img loading=\"lazy\" decoding=\"async\" title=\"collagelazrezal\" src=\"http:\/\/1.bp.blogspot.com\/-MfVCvXRnlVs\/Uo4mD-AubkI\/AAAAAAAAApA\/-C1O5R-wwb8\/s400\/collagelazrezal.jpg\" alt=\"collagelazrezal\" width=\"400\" height=\"220\" border=\"0\" \/><\/a><\/div>\n<p><b>LA ZREZAL <i>Cerezo\u00a0 <\/i><\/b><i>(fueya caduca)<\/i><\/p>\n<div class=\"separator\"><a href=\"http:\/\/1.bp.blogspot.com\/-ZOk15-K_zUk\/Uo4oBltlRaI\/AAAAAAAAApM\/kKD9eHtqXiI\/s1600\/collagefigal.jpg\"><img loading=\"lazy\" decoding=\"async\" title=\"collagefigal\" src=\"http:\/\/1.bp.blogspot.com\/-ZOk15-K_zUk\/Uo4oBltlRaI\/AAAAAAAAApM\/kKD9eHtqXiI\/s400\/collagefigal.jpg\" alt=\"collagefigal\" width=\"400\" height=\"171\" border=\"0\" \/><\/a><\/div>\n<p><b>LA FIGAL <i>Higuera\u00a0 <\/i><\/b><i>(fueya caduca)<\/i><\/p>\n<div class=\"separator\"><a href=\"http:\/\/2.bp.blogspot.com\/-BM-XjFvt-Ac\/Uo4qVAqbI6I\/AAAAAAAAApY\/n3ZrDsjQj90\/s1600\/collageablanu.jpg\"><img loading=\"lazy\" decoding=\"async\" title=\"collageablanu\" src=\"http:\/\/2.bp.blogspot.com\/-BM-XjFvt-Ac\/Uo4qVAqbI6I\/AAAAAAAAApY\/n3ZrDsjQj90\/s400\/collageablanu.jpg\" alt=\"collageablanu\" width=\"400\" height=\"120\" border=\"0\" \/><\/a><\/div>\n<div class=\"separator\"><\/div>\n<p><b>L&#8217;ABLANU<\/b> <i><b>Avellano\u00a0\u00a0 <\/b><\/i><b><\/b><i>(fuyea caduca)<\/i><\/p>\n<div class=\"separator\"><a href=\"http:\/\/4.bp.blogspot.com\/-4bITW_dITwc\/Uo4uTL-TUUI\/AAAAAAAAAp0\/NWaKbamunWk\/s1600\/collageacarrascu.jpg\"><img loading=\"lazy\" decoding=\"async\" title=\"collageacarrascu\" src=\"http:\/\/4.bp.blogspot.com\/-4bITW_dITwc\/Uo4uTL-TUUI\/AAAAAAAAAp0\/NWaKbamunWk\/s400\/collageacarrascu.jpg\" alt=\"collageacarrascu\" width=\"400\" height=\"171\" border=\"0\" \/><\/a><\/div>\n<\/div>\n<div class=\"separator\"><\/div>\n<div><b>EL CARRASCU\u00a0<\/b><i><b>Acebo\u00a0\u00a0 <\/b><\/i><b><\/b><i>(fueya perenne)<\/i><\/p>\n<div class=\"separator\"><a href=\"http:\/\/4.bp.blogspot.com\/-Oux3Y1BONJY\/Uo4rg4LIwvI\/AAAAAAAAApg\/90yB-HBhHWg\/s1600\/collagelanozal.jpg\"><img loading=\"lazy\" decoding=\"async\" title=\"collagelanozal\" src=\"http:\/\/4.bp.blogspot.com\/-Oux3Y1BONJY\/Uo4rg4LIwvI\/AAAAAAAAApg\/90yB-HBhHWg\/s400\/collagelanozal.jpg\" alt=\"collagelanozal\" width=\"400\" height=\"115\" border=\"0\" \/><\/a><\/div>\n<p><b>LA NOZAL\u00a0<\/b><i><b>Nogal\u00a0\u00a0 <\/b><\/i><b><\/b><i>(fueya caduca)<\/i><\/p>\n<div class=\"separator\"><a href=\"http:\/\/3.bp.blogspot.com\/-jDjJ3UKqouQ\/Uo4tkDW1hxI\/AAAAAAAAAps\/oRI9HCHB_vk\/s1600\/collagecarbayu.jpg\"><img loading=\"lazy\" decoding=\"async\" title=\"collagecarbayu\" src=\"http:\/\/3.bp.blogspot.com\/-jDjJ3UKqouQ\/Uo4tkDW1hxI\/AAAAAAAAAps\/oRI9HCHB_vk\/s400\/collagecarbayu.jpg\" alt=\"collagecarbayu\" width=\"400\" height=\"135\" border=\"0\" \/><\/a><\/div>\n<\/div>\n<div class=\"separator\"><\/div>\n<div><b>CARBAYU\u00a0 <\/b><i><b>Roble\u00a0 <\/b><\/i><i>(fueya caduca)<\/i><\/p>\n<div class=\"separator\"><a href=\"http:\/\/2.bp.blogspot.com\/-a5FL2O2HUno\/UmbTyJA5RRI\/AAAAAAAAAb8\/vmmeuwk0HAM\/s1600\/texu.jpg\"><img loading=\"lazy\" decoding=\"async\" title=\"texu\" src=\"http:\/\/2.bp.blogspot.com\/-a5FL2O2HUno\/UmbTyJA5RRI\/AAAAAAAAAb8\/vmmeuwk0HAM\/s400\/texu.jpg\" alt=\"texu\" width=\"400\" height=\"200\" border=\"0\" \/><\/a><\/div>\n<p><i>\u00a0<\/i><b>EL TEXU<\/b><i> <b>Tejo\u00a0 <\/b><\/i><i>(fueya perenne)<\/i><\/p>\n<div class=\"separator\"><a href=\"http:\/\/1.bp.blogspot.com\/-Qvk_3tM1u8Y\/Uo4vqt1Ah6I\/AAAAAAAAAqA\/wx09eMRttUw\/s1600\/collagepinu.jpg\"><img loading=\"lazy\" decoding=\"async\" title=\"collagepinu\" src=\"http:\/\/1.bp.blogspot.com\/-Qvk_3tM1u8Y\/Uo4vqt1Ah6I\/AAAAAAAAAqA\/wx09eMRttUw\/s400\/collagepinu.jpg\" alt=\"collagepinu\" width=\"400\" height=\"167\" border=\"0\" \/><\/a><\/div>\n<p><b>EL PINU<\/b><i>\u00a0<b>Pino\u00a0 <\/b><\/i><i>(fueya perenne)<\/i><\/p>\n<\/div>\n<div class=\"separator\"><i><a href=\"http:\/\/4.bp.blogspot.com\/-rmlUzvIEjG0\/Um-K7TE-w9I\/AAAAAAAAAfY\/x0p9y1PfWDY\/s1600\/pl%C3%A1ganu.jpg\"><img loading=\"lazy\" decoding=\"async\" title=\"pl%C3%A1ganu\" src=\"http:\/\/4.bp.blogspot.com\/-rmlUzvIEjG0\/Um-K7TE-w9I\/AAAAAAAAAfY\/x0p9y1PfWDY\/s400\/pl%C3%A1ganu.jpg\" alt=\"pl%C3%A1ganu\" width=\"400\" height=\"200\" border=\"0\" \/><\/a><\/i><\/div>\n<div>\u00a0<b>EL PL\u00c1GANU<\/b><i> <b>Arce\u00a0 <\/b><\/i><i>(fueya caduca)<\/i><\/div>\n<div class=\"separator\"><a href=\"http:\/\/4.bp.blogspot.com\/-s20Hc9N0IGw\/Um-NpDYYsJI\/AAAAAAAAAfk\/nbW-Z6P9BHs\/s1600\/faya.jpg\"><img loading=\"lazy\" decoding=\"async\" title=\"faya\" src=\"http:\/\/4.bp.blogspot.com\/-s20Hc9N0IGw\/Um-NpDYYsJI\/AAAAAAAAAfk\/nbW-Z6P9BHs\/s400\/faya.jpg\" alt=\"faya\" width=\"400\" height=\"200\" border=\"0\" \/><\/a><\/div>\n<div><b>LA FAYA<\/b><i> <b>Haya\u00a0 <\/b><\/i><i>(fueya caduca)<\/i><\/div>\n<p><i>M\u00e1s info:\u00a0 <\/i><b><a href=\"http:\/\/nea.educastur.princast.es\/repositorio\/VIDEOS\/1_nea_colab01_arboles.swf\" target=\"_blank\" rel=\"noopener\"><i>\u00c1rboles d&#8217;Asturies<\/i><\/a><\/b><\/p>\n","protected":false},"excerpt":{"rendered":"<p>LOS \u00c1RBOLES D&#8217;ASTURIES Blogue: La llingua nel Aula Vamos recordar primero les partes del \u00e1rbol nesti enllas: PARTES DEL \u00c1RBOL LA CASTA\u00d1AL\u00a0 Casta\u00f1o (fueya caduca) L&#8217;OCALITU \u00a0Eucaipto\u00a0 (fueya perenne) LA PERAL Peral\u00a0 (fueya caduca) LA PUMAR \u00a0Manzano\u00a0 (fueya caduca) LA ZREZAL Cerezo\u00a0 (fueya caduca) LA FIGAL Higuera\u00a0 (fueya caduca) L&#8217;ABLANU Avellano\u00a0\u00a0 (fuyea caduca) EL CARRASCU\u00a0Acebo\u00a0\u00a0 [&hellip;]<\/p>\n","protected":false},"author":117,"featured_media":0,"parent":1512,"menu_order":0,"comment_status":"closed","ping_status":"closed","template":"","meta":{"footnotes":""},"class_list":["post-1523","page","type-page","status-publish","hentry","post-preview"],"_links":{"self":[{"href":"https:\/\/edublog.educastur.es\/ixuxullingua\/wp-json\/wp\/v2\/pages\/1523","targetHints":{"allow":["GET"]}}],"collection":[{"href":"https:\/\/edublog.educastur.es\/ixuxullingua\/wp-json\/wp\/v2\/pages"}],"about":[{"href":"https:\/\/edublog.educastur.es\/ixuxullingua\/wp-json\/wp\/v2\/types\/page"}],"author":[{"embeddable":true,"href":"https:\/\/edublog.educastur.es\/ixuxullingua\/wp-json\/wp\/v2\/users\/117"}],"replies":[{"embeddable":true,"href":"https:\/\/edublog.educastur.es\/ixuxullingua\/wp-json\/wp\/v2\/comments?post=1523"}],"version-history":[{"count":5,"href":"https:\/\/edublog.educastur.es\/ixuxullingua\/wp-json\/wp\/v2\/pages\/1523\/revisions"}],"predecessor-version":[{"id":1531,"href":"https:\/\/edublog.educastur.es\/ixuxullingua\/wp-json\/wp\/v2\/pages\/1523\/revisions\/1531"}],"up":[{"embeddable":true,"href":"https:\/\/edublog.educastur.es\/ixuxullingua\/wp-json\/wp\/v2\/pages\/1512"}],"wp:attachment":[{"href":"https:\/\/edublog.educastur.es\/ixuxullingua\/wp-json\/wp\/v2\/media?parent=1523"}],"curies":[{"name":"wp","href":"https:\/\/api.w.org\/{rel}","templated":true}]}}